{"id":10022033,"date":"2024-09-04T17:29:41","date_gmt":"2024-09-04T17:29:41","guid":{"rendered":"https:\/\/uniformesludo.cl\/?post_type=product&#038;p=10022033"},"modified":"2024-09-05T16:15:30","modified_gmt":"2024-09-05T16:15:30","slug":"disco-grabable-metalico-para-medallas","status":"publish","type":"product","link":"https:\/\/uniformesludo.cl\/index.php\/producto\/disco-grabable-metalico-para-medallas\/","title":{"rendered":"Disco Grabable Met\u00e1lico para Medallas"},"content":{"rendered":"","protected":false},"excerpt":{"rendered":"<p>Modelo\u00a0 \u00a0 \u00a0 Dimensiones\u00a0 \u00a0 \u00a0 \u00a0 \u00a0 \u00a0 \u00a0Pack.\u00a0 \u00a0 \u00a0 \u00a0 \u00a0 C\u00f3digo<br \/>\n47 mm.\u00a0 \u00a0 \u00a0\u00f8 47 x 0.45 mm.\u00a0 \u00a0 \u00a0 100\u00a0 \u00a0 \u00a0 \u00a0 \u00a0591070007<br \/>\n67 mm.\u00a0 \u00a0 \u00a0\u00f8 67 x 0.45 mm.\u00a0 \u00a0 \u00a0 100\u00a0 \u00a0 \u00a0 \u00a0 \u00a0591070008<\/p>\n<p>Disco grabable con autoadhesivo tipo doble contacto 3M.<\/p>\n<p>Bolsas de 100 Unidades<\/p>\n","protected":false},"featured_media":10022071,"comment_status":"closed","ping_status":"closed","template":"","meta":[],"product_brand":[],"product_cat":[681,682,604,603,690],"product_tag":[],"class_list":{"0":"post-10022033","1":"product","2":"type-product","3":"status-publish","4":"has-post-thumbnail","6":"product_cat-accesorios-para-medallas","7":"product_cat-insumos","8":"product_cat-medallas","9":"product_cat-medallas-cintas-sellos-accesorios","10":"product_cat-novedades-trofeos-y-premios","12":"first","13":"outofstock","14":"shipping-taxable","15":"purchasable","16":"product-type-variable"},"aioseo_notices":[],"yoast_head":"<!-- This site is optimized with the Yoast SEO plugin v26.5 - https:\/\/yoast.com\/wordpress\/plugins\/seo\/ -->\n<title>Disco Grabable Met\u00e1lico para Medallas - Uniformes Ludo<\/title>\n<meta name=\"robots\" content=\"index, follow, max-snippet:-1, max-image-preview:large, max-video-preview:-1\" \/>\n<link rel=\"canonical\" href=\"https:\/\/uniformesludo.cl\/index.php\/producto\/disco-grabable-metalico-para-medallas\/\" \/>\n<meta property=\"og:locale\" content=\"es_ES\" \/>\n<meta property=\"og:type\" content=\"article\" \/>\n<meta property=\"og:title\" content=\"Disco Grabable Met\u00e1lico para Medallas - Uniformes Ludo\" \/>\n<meta property=\"og:description\" content=\"Modelo\u00a0 \u00a0 \u00a0 Dimensiones\u00a0 \u00a0 \u00a0 \u00a0 \u00a0 \u00a0 \u00a0Pack.\u00a0 \u00a0 \u00a0 \u00a0 \u00a0 C\u00f3digo 47 mm.\u00a0 \u00a0 \u00a0\u00f8 47 x 0.45 mm.\u00a0 \u00a0 \u00a0 100\u00a0 \u00a0 \u00a0 \u00a0 \u00a0591070007 67 mm.\u00a0 \u00a0 \u00a0\u00f8 67 x 0.45 mm.\u00a0 \u00a0 \u00a0 100\u00a0 \u00a0 \u00a0 \u00a0 \u00a0591070008  Disco grabable con autoadhesivo tipo doble contacto 3M.  Bolsas de 100 Unidades\" \/>\n<meta property=\"og:url\" content=\"https:\/\/uniformesludo.cl\/index.php\/producto\/disco-grabable-metalico-para-medallas\/\" \/>\n<meta property=\"og:site_name\" content=\"Uniformes Ludo\" \/>\n<meta property=\"article:modified_time\" content=\"2024-09-05T16:15:30+00:00\" \/>\n<meta property=\"og:image\" content=\"https:\/\/uniformesludo.cl\/wp-content\/uploads\/2024\/09\/placa_circular_metalica.jpg\" \/>\n\t<meta property=\"og:image:width\" content=\"550\" \/>\n\t<meta property=\"og:image:height\" content=\"550\" \/>\n\t<meta property=\"og:image:type\" content=\"image\/jpeg\" \/>\n<meta name=\"twitter:card\" content=\"summary_large_image\" \/>\n<script type=\"application\/ld+json\" class=\"yoast-schema-graph\">{\"@context\":\"https:\/\/schema.org\",\"@graph\":[{\"@type\":\"WebPage\",\"@id\":\"https:\/\/uniformesludo.cl\/index.php\/producto\/disco-grabable-metalico-para-medallas\/\",\"url\":\"https:\/\/uniformesludo.cl\/index.php\/producto\/disco-grabable-metalico-para-medallas\/\",\"name\":\"Disco Grabable Met\u00e1lico para Medallas - Uniformes Ludo\",\"isPartOf\":{\"@id\":\"https:\/\/uniformesludo.cl\/#website\"},\"primaryImageOfPage\":{\"@id\":\"https:\/\/uniformesludo.cl\/index.php\/producto\/disco-grabable-metalico-para-medallas\/#primaryimage\"},\"image\":{\"@id\":\"https:\/\/uniformesludo.cl\/index.php\/producto\/disco-grabable-metalico-para-medallas\/#primaryimage\"},\"thumbnailUrl\":\"https:\/\/uniformesludo.cl\/wp-content\/uploads\/2024\/09\/placa_circular_metalica.jpg\",\"datePublished\":\"2024-09-04T17:29:41+00:00\",\"dateModified\":\"2024-09-05T16:15:30+00:00\",\"breadcrumb\":{\"@id\":\"https:\/\/uniformesludo.cl\/index.php\/producto\/disco-grabable-metalico-para-medallas\/#breadcrumb\"},\"inLanguage\":\"es\",\"potentialAction\":[{\"@type\":\"ReadAction\",\"target\":[\"https:\/\/uniformesludo.cl\/index.php\/producto\/disco-grabable-metalico-para-medallas\/\"]}]},{\"@type\":\"ImageObject\",\"inLanguage\":\"es\",\"@id\":\"https:\/\/uniformesludo.cl\/index.php\/producto\/disco-grabable-metalico-para-medallas\/#primaryimage\",\"url\":\"https:\/\/uniformesludo.cl\/wp-content\/uploads\/2024\/09\/placa_circular_metalica.jpg\",\"contentUrl\":\"https:\/\/uniformesludo.cl\/wp-content\/uploads\/2024\/09\/placa_circular_metalica.jpg\",\"width\":550,\"height\":550},{\"@type\":\"BreadcrumbList\",\"@id\":\"https:\/\/uniformesludo.cl\/index.php\/producto\/disco-grabable-metalico-para-medallas\/#breadcrumb\",\"itemListElement\":[{\"@type\":\"ListItem\",\"position\":1,\"name\":\"Portada\",\"item\":\"https:\/\/uniformesludo.cl\/\"},{\"@type\":\"ListItem\",\"position\":2,\"name\":\"Tienda\",\"item\":\"https:\/\/uniformesludo.cl\/index.php\/tienda\/\"},{\"@type\":\"ListItem\",\"position\":3,\"name\":\"Disco Grabable Met\u00e1lico para Medallas\"}]},{\"@type\":\"WebSite\",\"@id\":\"https:\/\/uniformesludo.cl\/#website\",\"url\":\"https:\/\/uniformesludo.cl\/\",\"name\":\"Uniformes Ludo\",\"description\":\"Es una de las empresas comercializadoras de Ropa de trabajo, confecci\u00f3n, productos de protecci\u00f3n, prevenci\u00f3n y seguridad una de las m\u00e1s importantes de nuestro pa\u00eds, reconocida a nivel Nacional, con numerosos clientes a lo largo de Chile que avalan su compromiso de calidad. De igual forma, existe una permanente preocupaci\u00f3n por mantener un servicio integral de excelencia que permita identificarnos como \u201cel mejor equipo, la mejor empresa e inversi\u00f3n\u201d.\",\"potentialAction\":[{\"@type\":\"SearchAction\",\"target\":{\"@type\":\"EntryPoint\",\"urlTemplate\":\"https:\/\/uniformesludo.cl\/?s={search_term_string}\"},\"query-input\":{\"@type\":\"PropertyValueSpecification\",\"valueRequired\":true,\"valueName\":\"search_term_string\"}}],\"inLanguage\":\"es\"}]}<\/script>\n<!-- \/ Yoast SEO plugin. -->","yoast_head_json":{"title":"Disco Grabable Met\u00e1lico para Medallas - Uniformes Ludo","robots":{"index":"index","follow":"follow","max-snippet":"max-snippet:-1","max-image-preview":"max-image-preview:large","max-video-preview":"max-video-preview:-1"},"canonical":"https:\/\/uniformesludo.cl\/index.php\/producto\/disco-grabable-metalico-para-medallas\/","og_locale":"es_ES","og_type":"article","og_title":"Disco Grabable Met\u00e1lico para Medallas - Uniformes Ludo","og_description":"Modelo\u00a0 \u00a0 \u00a0 Dimensiones\u00a0 \u00a0 \u00a0 \u00a0 \u00a0 \u00a0 \u00a0Pack.\u00a0 \u00a0 \u00a0 \u00a0 \u00a0 C\u00f3digo 47 mm.\u00a0 \u00a0 \u00a0\u00f8 47 x 0.45 mm.\u00a0 \u00a0 \u00a0 100\u00a0 \u00a0 \u00a0 \u00a0 \u00a0591070007 67 mm.\u00a0 \u00a0 \u00a0\u00f8 67 x 0.45 mm.\u00a0 \u00a0 \u00a0 100\u00a0 \u00a0 \u00a0 \u00a0 \u00a0591070008  Disco grabable con autoadhesivo tipo doble contacto 3M.  Bolsas de 100 Unidades","og_url":"https:\/\/uniformesludo.cl\/index.php\/producto\/disco-grabable-metalico-para-medallas\/","og_site_name":"Uniformes Ludo","article_modified_time":"2024-09-05T16:15:30+00:00","og_image":[{"width":550,"height":550,"url":"https:\/\/uniformesludo.cl\/wp-content\/uploads\/2024\/09\/placa_circular_metalica.jpg","type":"image\/jpeg"}],"twitter_card":"summary_large_image","schema":{"@context":"https:\/\/schema.org","@graph":[{"@type":"WebPage","@id":"https:\/\/uniformesludo.cl\/index.php\/producto\/disco-grabable-metalico-para-medallas\/","url":"https:\/\/uniformesludo.cl\/index.php\/producto\/disco-grabable-metalico-para-medallas\/","name":"Disco Grabable Met\u00e1lico para Medallas - Uniformes Ludo","isPartOf":{"@id":"https:\/\/uniformesludo.cl\/#website"},"primaryImageOfPage":{"@id":"https:\/\/uniformesludo.cl\/index.php\/producto\/disco-grabable-metalico-para-medallas\/#primaryimage"},"image":{"@id":"https:\/\/uniformesludo.cl\/index.php\/producto\/disco-grabable-metalico-para-medallas\/#primaryimage"},"thumbnailUrl":"https:\/\/uniformesludo.cl\/wp-content\/uploads\/2024\/09\/placa_circular_metalica.jpg","datePublished":"2024-09-04T17:29:41+00:00","dateModified":"2024-09-05T16:15:30+00:00","breadcrumb":{"@id":"https:\/\/uniformesludo.cl\/index.php\/producto\/disco-grabable-metalico-para-medallas\/#breadcrumb"},"inLanguage":"es","potentialAction":[{"@type":"ReadAction","target":["https:\/\/uniformesludo.cl\/index.php\/producto\/disco-grabable-metalico-para-medallas\/"]}]},{"@type":"ImageObject","inLanguage":"es","@id":"https:\/\/uniformesludo.cl\/index.php\/producto\/disco-grabable-metalico-para-medallas\/#primaryimage","url":"https:\/\/uniformesludo.cl\/wp-content\/uploads\/2024\/09\/placa_circular_metalica.jpg","contentUrl":"https:\/\/uniformesludo.cl\/wp-content\/uploads\/2024\/09\/placa_circular_metalica.jpg","width":550,"height":550},{"@type":"BreadcrumbList","@id":"https:\/\/uniformesludo.cl\/index.php\/producto\/disco-grabable-metalico-para-medallas\/#breadcrumb","itemListElement":[{"@type":"ListItem","position":1,"name":"Portada","item":"https:\/\/uniformesludo.cl\/"},{"@type":"ListItem","position":2,"name":"Tienda","item":"https:\/\/uniformesludo.cl\/index.php\/tienda\/"},{"@type":"ListItem","position":3,"name":"Disco Grabable Met\u00e1lico para Medallas"}]},{"@type":"WebSite","@id":"https:\/\/uniformesludo.cl\/#website","url":"https:\/\/uniformesludo.cl\/","name":"Uniformes Ludo","description":"Es una de las empresas comercializadoras de Ropa de trabajo, confecci\u00f3n, productos de protecci\u00f3n, prevenci\u00f3n y seguridad una de las m\u00e1s importantes de nuestro pa\u00eds, reconocida a nivel Nacional, con numerosos clientes a lo largo de Chile que avalan su compromiso de calidad. De igual forma, existe una permanente preocupaci\u00f3n por mantener un servicio integral de excelencia que permita identificarnos como \u201cel mejor equipo, la mejor empresa e inversi\u00f3n\u201d.","potentialAction":[{"@type":"SearchAction","target":{"@type":"EntryPoint","urlTemplate":"https:\/\/uniformesludo.cl\/?s={search_term_string}"},"query-input":{"@type":"PropertyValueSpecification","valueRequired":true,"valueName":"search_term_string"}}],"inLanguage":"es"}]}},"_links":{"self":[{"href":"https:\/\/uniformesludo.cl\/index.php\/wp-json\/wp\/v2\/product\/10022033","targetHints":{"allow":["GET"]}}],"collection":[{"href":"https:\/\/uniformesludo.cl\/index.php\/wp-json\/wp\/v2\/product"}],"about":[{"href":"https:\/\/uniformesludo.cl\/index.php\/wp-json\/wp\/v2\/types\/product"}],"replies":[{"embeddable":true,"href":"https:\/\/uniformesludo.cl\/index.php\/wp-json\/wp\/v2\/comments?post=10022033"}],"wp:featuredmedia":[{"embeddable":true,"href":"https:\/\/uniformesludo.cl\/index.php\/wp-json\/wp\/v2\/media\/10022071"}],"wp:attachment":[{"href":"https:\/\/uniformesludo.cl\/index.php\/wp-json\/wp\/v2\/media?parent=10022033"}],"wp:term":[{"taxonomy":"product_brand","embeddable":true,"href":"https:\/\/uniformesludo.cl\/index.php\/wp-json\/wp\/v2\/product_brand?post=10022033"},{"taxonomy":"product_cat","embeddable":true,"href":"https:\/\/uniformesludo.cl\/index.php\/wp-json\/wp\/v2\/product_cat?post=10022033"},{"taxonomy":"product_tag","embeddable":true,"href":"https:\/\/uniformesludo.cl\/index.php\/wp-json\/wp\/v2\/product_tag?post=10022033"}],"curies":[{"name":"wp","href":"https:\/\/api.w.org\/{rel}","templated":true}]}}