{"id":10021422,"date":"2024-09-04T17:22:08","date_gmt":"2024-09-04T17:22:08","guid":{"rendered":"https:\/\/uniformesludo.cl\/?post_type=product&#038;p=10021422"},"modified":"2024-09-05T17:17:40","modified_gmt":"2024-09-05T17:17:40","slug":"chapitas-llavero-destapador-ch-ll","status":"publish","type":"product","link":"https:\/\/uniformesludo.cl\/index.php\/producto\/chapitas-llavero-destapador-ch-ll\/","title":{"rendered":"Chapitas Llavero Destapador  CH LL"},"content":{"rendered":"","protected":false},"excerpt":{"rendered":"<p><span style=\"color: #000080;\"><strong>CH LL<\/strong><\/span><\/p>\n<p>Chapita llavero con detapador.<\/p>\n<table width=\"328\">\n<tbody>\n<tr>\n<td style=\"text-align: center;\" width=\"113\">Modelo<\/td>\n<td style=\"text-align: center;\" width=\"65\">Di\u00e1metro<\/td>\n<td style=\"text-align: center;\" width=\"70\">Pack<\/td>\n<td style=\"text-align: center;\" width=\"80\">C\u00f3digo<\/td>\n<\/tr>\n<tr>\n<td style=\"text-align: center;\">CH LL 56<\/td>\n<td style=\"text-align: center;\">56mm.<\/td>\n<td style=\"text-align: center;\">100<\/td>\n<td style=\"text-align: center;\">591096760<\/td>\n<\/tr>\n<tr>\n<td style=\"text-align: center;\">CH LL 58<\/td>\n<td style=\"text-align: center;\">58mm.<\/td>\n<td style=\"text-align: center;\">100<\/td>\n<td style=\"text-align: center;\">591096761<\/td>\n<\/tr>\n<\/tbody>\n<\/table>\n","protected":false},"featured_media":10021483,"comment_status":"closed","ping_status":"closed","template":"","meta":[],"product_brand":[],"product_cat":[901,596,591,577,590],"product_tag":[],"class_list":{"0":"post-10021422","1":"product","2":"type-product","3":"status-publish","4":"has-post-thumbnail","6":"product_cat-chapitas-publicitarias","7":"product_cat-lanyards-e-identificacion","8":"product_cat-llaveros","9":"product_cat-novedades-articulos-publicitarios","10":"product_cat-set-parrillero-destapadores-posavasos","12":"first","13":"outofstock","14":"shipping-taxable","15":"purchasable","16":"product-type-variable"},"aioseo_notices":[],"yoast_head":"<!-- This site is optimized with the Yoast SEO plugin v26.5 - https:\/\/yoast.com\/wordpress\/plugins\/seo\/ -->\n<title>Chapitas Llavero Destapador CH LL - Uniformes Ludo<\/title>\n<meta name=\"robots\" content=\"index, follow, max-snippet:-1, max-image-preview:large, max-video-preview:-1\" \/>\n<link rel=\"canonical\" href=\"https:\/\/uniformesludo.cl\/index.php\/producto\/chapitas-llavero-destapador-ch-ll\/\" \/>\n<meta property=\"og:locale\" content=\"es_ES\" \/>\n<meta property=\"og:type\" content=\"article\" \/>\n<meta property=\"og:title\" content=\"Chapitas Llavero Destapador CH LL - Uniformes Ludo\" \/>\n<meta property=\"og:description\" content=\"CH LL  Chapita llavero con detapador.    Modelo Di\u00e1metro Pack C\u00f3digo   CH LL 56 56mm. 100 591096760   CH LL 58 58mm. 100 591096761\" \/>\n<meta property=\"og:url\" content=\"https:\/\/uniformesludo.cl\/index.php\/producto\/chapitas-llavero-destapador-ch-ll\/\" \/>\n<meta property=\"og:site_name\" content=\"Uniformes Ludo\" \/>\n<meta property=\"article:modified_time\" content=\"2024-09-05T17:17:40+00:00\" \/>\n<meta property=\"og:image\" content=\"https:\/\/uniformesludo.cl\/wp-content\/uploads\/2024\/09\/CH_LL_56_IMPRESOS.jpg\" \/>\n\t<meta property=\"og:image:width\" content=\"600\" \/>\n\t<meta property=\"og:image:height\" content=\"600\" \/>\n\t<meta property=\"og:image:type\" content=\"image\/jpeg\" \/>\n<meta name=\"twitter:card\" content=\"summary_large_image\" \/>\n<script type=\"application\/ld+json\" class=\"yoast-schema-graph\">{\"@context\":\"https:\/\/schema.org\",\"@graph\":[{\"@type\":\"WebPage\",\"@id\":\"https:\/\/uniformesludo.cl\/index.php\/producto\/chapitas-llavero-destapador-ch-ll\/\",\"url\":\"https:\/\/uniformesludo.cl\/index.php\/producto\/chapitas-llavero-destapador-ch-ll\/\",\"name\":\"Chapitas Llavero Destapador CH LL - Uniformes Ludo\",\"isPartOf\":{\"@id\":\"https:\/\/uniformesludo.cl\/#website\"},\"primaryImageOfPage\":{\"@id\":\"https:\/\/uniformesludo.cl\/index.php\/producto\/chapitas-llavero-destapador-ch-ll\/#primaryimage\"},\"image\":{\"@id\":\"https:\/\/uniformesludo.cl\/index.php\/producto\/chapitas-llavero-destapador-ch-ll\/#primaryimage\"},\"thumbnailUrl\":\"https:\/\/uniformesludo.cl\/wp-content\/uploads\/2024\/09\/CH_LL_56_IMPRESOS.jpg\",\"datePublished\":\"2024-09-04T17:22:08+00:00\",\"dateModified\":\"2024-09-05T17:17:40+00:00\",\"breadcrumb\":{\"@id\":\"https:\/\/uniformesludo.cl\/index.php\/producto\/chapitas-llavero-destapador-ch-ll\/#breadcrumb\"},\"inLanguage\":\"es\",\"potentialAction\":[{\"@type\":\"ReadAction\",\"target\":[\"https:\/\/uniformesludo.cl\/index.php\/producto\/chapitas-llavero-destapador-ch-ll\/\"]}]},{\"@type\":\"ImageObject\",\"inLanguage\":\"es\",\"@id\":\"https:\/\/uniformesludo.cl\/index.php\/producto\/chapitas-llavero-destapador-ch-ll\/#primaryimage\",\"url\":\"https:\/\/uniformesludo.cl\/wp-content\/uploads\/2024\/09\/CH_LL_56_IMPRESOS.jpg\",\"contentUrl\":\"https:\/\/uniformesludo.cl\/wp-content\/uploads\/2024\/09\/CH_LL_56_IMPRESOS.jpg\",\"width\":600,\"height\":600},{\"@type\":\"BreadcrumbList\",\"@id\":\"https:\/\/uniformesludo.cl\/index.php\/producto\/chapitas-llavero-destapador-ch-ll\/#breadcrumb\",\"itemListElement\":[{\"@type\":\"ListItem\",\"position\":1,\"name\":\"Portada\",\"item\":\"https:\/\/uniformesludo.cl\/\"},{\"@type\":\"ListItem\",\"position\":2,\"name\":\"Tienda\",\"item\":\"https:\/\/uniformesludo.cl\/index.php\/tienda\/\"},{\"@type\":\"ListItem\",\"position\":3,\"name\":\"Chapitas Llavero Destapador CH LL\"}]},{\"@type\":\"WebSite\",\"@id\":\"https:\/\/uniformesludo.cl\/#website\",\"url\":\"https:\/\/uniformesludo.cl\/\",\"name\":\"Uniformes Ludo\",\"description\":\"Es una de las empresas comercializadoras de Ropa de trabajo, confecci\u00f3n, productos de protecci\u00f3n, prevenci\u00f3n y seguridad una de las m\u00e1s importantes de nuestro pa\u00eds, reconocida a nivel Nacional, con numerosos clientes a lo largo de Chile que avalan su compromiso de calidad. De igual forma, existe una permanente preocupaci\u00f3n por mantener un servicio integral de excelencia que permita identificarnos como \u201cel mejor equipo, la mejor empresa e inversi\u00f3n\u201d.\",\"potentialAction\":[{\"@type\":\"SearchAction\",\"target\":{\"@type\":\"EntryPoint\",\"urlTemplate\":\"https:\/\/uniformesludo.cl\/?s={search_term_string}\"},\"query-input\":{\"@type\":\"PropertyValueSpecification\",\"valueRequired\":true,\"valueName\":\"search_term_string\"}}],\"inLanguage\":\"es\"}]}<\/script>\n<!-- \/ Yoast SEO plugin. -->","yoast_head_json":{"title":"Chapitas Llavero Destapador CH LL - Uniformes Ludo","robots":{"index":"index","follow":"follow","max-snippet":"max-snippet:-1","max-image-preview":"max-image-preview:large","max-video-preview":"max-video-preview:-1"},"canonical":"https:\/\/uniformesludo.cl\/index.php\/producto\/chapitas-llavero-destapador-ch-ll\/","og_locale":"es_ES","og_type":"article","og_title":"Chapitas Llavero Destapador CH LL - Uniformes Ludo","og_description":"CH LL  Chapita llavero con detapador.    Modelo Di\u00e1metro Pack C\u00f3digo   CH LL 56 56mm. 100 591096760   CH LL 58 58mm. 100 591096761","og_url":"https:\/\/uniformesludo.cl\/index.php\/producto\/chapitas-llavero-destapador-ch-ll\/","og_site_name":"Uniformes Ludo","article_modified_time":"2024-09-05T17:17:40+00:00","og_image":[{"width":600,"height":600,"url":"https:\/\/uniformesludo.cl\/wp-content\/uploads\/2024\/09\/CH_LL_56_IMPRESOS.jpg","type":"image\/jpeg"}],"twitter_card":"summary_large_image","schema":{"@context":"https:\/\/schema.org","@graph":[{"@type":"WebPage","@id":"https:\/\/uniformesludo.cl\/index.php\/producto\/chapitas-llavero-destapador-ch-ll\/","url":"https:\/\/uniformesludo.cl\/index.php\/producto\/chapitas-llavero-destapador-ch-ll\/","name":"Chapitas Llavero Destapador CH LL - Uniformes Ludo","isPartOf":{"@id":"https:\/\/uniformesludo.cl\/#website"},"primaryImageOfPage":{"@id":"https:\/\/uniformesludo.cl\/index.php\/producto\/chapitas-llavero-destapador-ch-ll\/#primaryimage"},"image":{"@id":"https:\/\/uniformesludo.cl\/index.php\/producto\/chapitas-llavero-destapador-ch-ll\/#primaryimage"},"thumbnailUrl":"https:\/\/uniformesludo.cl\/wp-content\/uploads\/2024\/09\/CH_LL_56_IMPRESOS.jpg","datePublished":"2024-09-04T17:22:08+00:00","dateModified":"2024-09-05T17:17:40+00:00","breadcrumb":{"@id":"https:\/\/uniformesludo.cl\/index.php\/producto\/chapitas-llavero-destapador-ch-ll\/#breadcrumb"},"inLanguage":"es","potentialAction":[{"@type":"ReadAction","target":["https:\/\/uniformesludo.cl\/index.php\/producto\/chapitas-llavero-destapador-ch-ll\/"]}]},{"@type":"ImageObject","inLanguage":"es","@id":"https:\/\/uniformesludo.cl\/index.php\/producto\/chapitas-llavero-destapador-ch-ll\/#primaryimage","url":"https:\/\/uniformesludo.cl\/wp-content\/uploads\/2024\/09\/CH_LL_56_IMPRESOS.jpg","contentUrl":"https:\/\/uniformesludo.cl\/wp-content\/uploads\/2024\/09\/CH_LL_56_IMPRESOS.jpg","width":600,"height":600},{"@type":"BreadcrumbList","@id":"https:\/\/uniformesludo.cl\/index.php\/producto\/chapitas-llavero-destapador-ch-ll\/#breadcrumb","itemListElement":[{"@type":"ListItem","position":1,"name":"Portada","item":"https:\/\/uniformesludo.cl\/"},{"@type":"ListItem","position":2,"name":"Tienda","item":"https:\/\/uniformesludo.cl\/index.php\/tienda\/"},{"@type":"ListItem","position":3,"name":"Chapitas Llavero Destapador CH LL"}]},{"@type":"WebSite","@id":"https:\/\/uniformesludo.cl\/#website","url":"https:\/\/uniformesludo.cl\/","name":"Uniformes Ludo","description":"Es una de las empresas comercializadoras de Ropa de trabajo, confecci\u00f3n, productos de protecci\u00f3n, prevenci\u00f3n y seguridad una de las m\u00e1s importantes de nuestro pa\u00eds, reconocida a nivel Nacional, con numerosos clientes a lo largo de Chile que avalan su compromiso de calidad. De igual forma, existe una permanente preocupaci\u00f3n por mantener un servicio integral de excelencia que permita identificarnos como \u201cel mejor equipo, la mejor empresa e inversi\u00f3n\u201d.","potentialAction":[{"@type":"SearchAction","target":{"@type":"EntryPoint","urlTemplate":"https:\/\/uniformesludo.cl\/?s={search_term_string}"},"query-input":{"@type":"PropertyValueSpecification","valueRequired":true,"valueName":"search_term_string"}}],"inLanguage":"es"}]}},"_links":{"self":[{"href":"https:\/\/uniformesludo.cl\/index.php\/wp-json\/wp\/v2\/product\/10021422","targetHints":{"allow":["GET"]}}],"collection":[{"href":"https:\/\/uniformesludo.cl\/index.php\/wp-json\/wp\/v2\/product"}],"about":[{"href":"https:\/\/uniformesludo.cl\/index.php\/wp-json\/wp\/v2\/types\/product"}],"replies":[{"embeddable":true,"href":"https:\/\/uniformesludo.cl\/index.php\/wp-json\/wp\/v2\/comments?post=10021422"}],"wp:featuredmedia":[{"embeddable":true,"href":"https:\/\/uniformesludo.cl\/index.php\/wp-json\/wp\/v2\/media\/10021483"}],"wp:attachment":[{"href":"https:\/\/uniformesludo.cl\/index.php\/wp-json\/wp\/v2\/media?parent=10021422"}],"wp:term":[{"taxonomy":"product_brand","embeddable":true,"href":"https:\/\/uniformesludo.cl\/index.php\/wp-json\/wp\/v2\/product_brand?post=10021422"},{"taxonomy":"product_cat","embeddable":true,"href":"https:\/\/uniformesludo.cl\/index.php\/wp-json\/wp\/v2\/product_cat?post=10021422"},{"taxonomy":"product_tag","embeddable":true,"href":"https:\/\/uniformesludo.cl\/index.php\/wp-json\/wp\/v2\/product_tag?post=10021422"}],"curies":[{"name":"wp","href":"https:\/\/api.w.org\/{rel}","templated":true}]}}