{"id":10021420,"date":"2024-09-04T17:22:08","date_gmt":"2024-09-04T17:22:08","guid":{"rendered":"https:\/\/uniformesludo.cl\/?post_type=product&#038;p=10021420"},"modified":"2024-09-05T17:17:40","modified_gmt":"2024-09-05T17:17:40","slug":"chapitas-con-alfiler-de-gancho-ch-ga","status":"publish","type":"product","link":"https:\/\/uniformesludo.cl\/index.php\/producto\/chapitas-con-alfiler-de-gancho-ch-ga\/","title":{"rendered":"Chapitas con Alfiler de gancho CH GA"},"content":{"rendered":"","protected":false},"excerpt":{"rendered":"<p><span style=\"color: #000080;\"><strong>CH GA<\/strong><\/span><\/p>\n<p><em>Chapita con alfiler de gancho.<\/em><\/p>\n<table width=\"328\">\n<tbody>\n<tr>\n<td width=\"113\">Modelo<\/td>\n<td width=\"65\">Di\u00e1metro<\/td>\n<td width=\"70\">Pack<\/td>\n<td width=\"80\">C\u00f3digo<\/td>\n<\/tr>\n<tr>\n<td>CH GA 25<\/td>\n<td>25mm.<\/td>\n<td>100<\/td>\n<td>591096730<\/td>\n<\/tr>\n<tr>\n<td>CH GA 37<\/td>\n<td>37mm.<\/td>\n<td>100<\/td>\n<td>591096731<\/td>\n<\/tr>\n<tr>\n<td>CH GA 44<\/td>\n<td>44mm.<\/td>\n<td>100<\/td>\n<td>591096732<\/td>\n<\/tr>\n<tr>\n<td>CH GA 56<\/td>\n<td>56mm.<\/td>\n<td>100<\/td>\n<td>591096733<\/td>\n<\/tr>\n<tr>\n<td>CH GA 58<\/td>\n<td>58mm.<\/td>\n<td>100<\/td>\n<td>591096734<\/td>\n<\/tr>\n<tr>\n<td>CH GA 75<\/td>\n<td>75mm.<\/td>\n<td>100<\/td>\n<td>591096736<\/td>\n<\/tr>\n<\/tbody>\n<\/table>\n","protected":false},"featured_media":10021479,"comment_status":"closed","ping_status":"closed","template":"","meta":[],"product_brand":[],"product_cat":[901,596,577],"product_tag":[],"class_list":{"0":"post-10021420","1":"product","2":"type-product","3":"status-publish","4":"has-post-thumbnail","6":"product_cat-chapitas-publicitarias","7":"product_cat-lanyards-e-identificacion","8":"product_cat-novedades-articulos-publicitarios","10":"first","11":"outofstock","12":"shipping-taxable","13":"purchasable","14":"product-type-variable"},"aioseo_notices":[],"yoast_head":"<!-- This site is optimized with the Yoast SEO plugin v26.5 - https:\/\/yoast.com\/wordpress\/plugins\/seo\/ -->\n<title>Chapitas con Alfiler de gancho CH GA - Uniformes Ludo<\/title>\n<meta name=\"robots\" content=\"index, follow, max-snippet:-1, max-image-preview:large, max-video-preview:-1\" \/>\n<link rel=\"canonical\" href=\"https:\/\/uniformesludo.cl\/index.php\/producto\/chapitas-con-alfiler-de-gancho-ch-ga\/\" \/>\n<meta property=\"og:locale\" content=\"es_ES\" \/>\n<meta property=\"og:type\" content=\"article\" \/>\n<meta property=\"og:title\" content=\"Chapitas con Alfiler de gancho CH GA - Uniformes Ludo\" \/>\n<meta property=\"og:description\" content=\"CH GA  Chapita con alfiler de gancho.    Modelo Di\u00e1metro Pack C\u00f3digo   CH GA 25 25mm. 100 591096730   CH GA 37 37mm. 100 591096731   CH GA 44 44mm. 100 591096732   CH GA 56 56mm. 100 591096733   CH GA 58 58mm. 100 591096734   CH GA 75 75mm. 100 591096736\" \/>\n<meta property=\"og:url\" content=\"https:\/\/uniformesludo.cl\/index.php\/producto\/chapitas-con-alfiler-de-gancho-ch-ga\/\" \/>\n<meta property=\"og:site_name\" content=\"Uniformes Ludo\" \/>\n<meta property=\"article:modified_time\" content=\"2024-09-05T17:17:40+00:00\" \/>\n<meta property=\"og:image\" content=\"https:\/\/uniformesludo.cl\/wp-content\/uploads\/2024\/09\/Chapitas-Portada-scaled-1.jpg\" \/>\n\t<meta property=\"og:image:width\" content=\"2560\" \/>\n\t<meta property=\"og:image:height\" content=\"2560\" \/>\n\t<meta property=\"og:image:type\" content=\"image\/jpeg\" \/>\n<meta name=\"twitter:card\" content=\"summary_large_image\" \/>\n<script type=\"application\/ld+json\" class=\"yoast-schema-graph\">{\"@context\":\"https:\/\/schema.org\",\"@graph\":[{\"@type\":\"WebPage\",\"@id\":\"https:\/\/uniformesludo.cl\/index.php\/producto\/chapitas-con-alfiler-de-gancho-ch-ga\/\",\"url\":\"https:\/\/uniformesludo.cl\/index.php\/producto\/chapitas-con-alfiler-de-gancho-ch-ga\/\",\"name\":\"Chapitas con Alfiler de gancho CH GA - Uniformes Ludo\",\"isPartOf\":{\"@id\":\"https:\/\/uniformesludo.cl\/#website\"},\"primaryImageOfPage\":{\"@id\":\"https:\/\/uniformesludo.cl\/index.php\/producto\/chapitas-con-alfiler-de-gancho-ch-ga\/#primaryimage\"},\"image\":{\"@id\":\"https:\/\/uniformesludo.cl\/index.php\/producto\/chapitas-con-alfiler-de-gancho-ch-ga\/#primaryimage\"},\"thumbnailUrl\":\"https:\/\/uniformesludo.cl\/wp-content\/uploads\/2024\/09\/Chapitas-Portada-scaled-1.jpg\",\"datePublished\":\"2024-09-04T17:22:08+00:00\",\"dateModified\":\"2024-09-05T17:17:40+00:00\",\"breadcrumb\":{\"@id\":\"https:\/\/uniformesludo.cl\/index.php\/producto\/chapitas-con-alfiler-de-gancho-ch-ga\/#breadcrumb\"},\"inLanguage\":\"es\",\"potentialAction\":[{\"@type\":\"ReadAction\",\"target\":[\"https:\/\/uniformesludo.cl\/index.php\/producto\/chapitas-con-alfiler-de-gancho-ch-ga\/\"]}]},{\"@type\":\"ImageObject\",\"inLanguage\":\"es\",\"@id\":\"https:\/\/uniformesludo.cl\/index.php\/producto\/chapitas-con-alfiler-de-gancho-ch-ga\/#primaryimage\",\"url\":\"https:\/\/uniformesludo.cl\/wp-content\/uploads\/2024\/09\/Chapitas-Portada-scaled-1.jpg\",\"contentUrl\":\"https:\/\/uniformesludo.cl\/wp-content\/uploads\/2024\/09\/Chapitas-Portada-scaled-1.jpg\",\"width\":2560,\"height\":2560},{\"@type\":\"BreadcrumbList\",\"@id\":\"https:\/\/uniformesludo.cl\/index.php\/producto\/chapitas-con-alfiler-de-gancho-ch-ga\/#breadcrumb\",\"itemListElement\":[{\"@type\":\"ListItem\",\"position\":1,\"name\":\"Portada\",\"item\":\"https:\/\/uniformesludo.cl\/\"},{\"@type\":\"ListItem\",\"position\":2,\"name\":\"Tienda\",\"item\":\"https:\/\/uniformesludo.cl\/index.php\/tienda\/\"},{\"@type\":\"ListItem\",\"position\":3,\"name\":\"Chapitas con Alfiler de gancho CH GA\"}]},{\"@type\":\"WebSite\",\"@id\":\"https:\/\/uniformesludo.cl\/#website\",\"url\":\"https:\/\/uniformesludo.cl\/\",\"name\":\"Uniformes Ludo\",\"description\":\"Es una de las empresas comercializadoras de Ropa de trabajo, confecci\u00f3n, productos de protecci\u00f3n, prevenci\u00f3n y seguridad una de las m\u00e1s importantes de nuestro pa\u00eds, reconocida a nivel Nacional, con numerosos clientes a lo largo de Chile que avalan su compromiso de calidad. De igual forma, existe una permanente preocupaci\u00f3n por mantener un servicio integral de excelencia que permita identificarnos como \u201cel mejor equipo, la mejor empresa e inversi\u00f3n\u201d.\",\"potentialAction\":[{\"@type\":\"SearchAction\",\"target\":{\"@type\":\"EntryPoint\",\"urlTemplate\":\"https:\/\/uniformesludo.cl\/?s={search_term_string}\"},\"query-input\":{\"@type\":\"PropertyValueSpecification\",\"valueRequired\":true,\"valueName\":\"search_term_string\"}}],\"inLanguage\":\"es\"}]}<\/script>\n<!-- \/ Yoast SEO plugin. -->","yoast_head_json":{"title":"Chapitas con Alfiler de gancho CH GA - Uniformes Ludo","robots":{"index":"index","follow":"follow","max-snippet":"max-snippet:-1","max-image-preview":"max-image-preview:large","max-video-preview":"max-video-preview:-1"},"canonical":"https:\/\/uniformesludo.cl\/index.php\/producto\/chapitas-con-alfiler-de-gancho-ch-ga\/","og_locale":"es_ES","og_type":"article","og_title":"Chapitas con Alfiler de gancho CH GA - Uniformes Ludo","og_description":"CH GA  Chapita con alfiler de gancho.    Modelo Di\u00e1metro Pack C\u00f3digo   CH GA 25 25mm. 100 591096730   CH GA 37 37mm. 100 591096731   CH GA 44 44mm. 100 591096732   CH GA 56 56mm. 100 591096733   CH GA 58 58mm. 100 591096734   CH GA 75 75mm. 100 591096736","og_url":"https:\/\/uniformesludo.cl\/index.php\/producto\/chapitas-con-alfiler-de-gancho-ch-ga\/","og_site_name":"Uniformes Ludo","article_modified_time":"2024-09-05T17:17:40+00:00","og_image":[{"width":2560,"height":2560,"url":"https:\/\/uniformesludo.cl\/wp-content\/uploads\/2024\/09\/Chapitas-Portada-scaled-1.jpg","type":"image\/jpeg"}],"twitter_card":"summary_large_image","schema":{"@context":"https:\/\/schema.org","@graph":[{"@type":"WebPage","@id":"https:\/\/uniformesludo.cl\/index.php\/producto\/chapitas-con-alfiler-de-gancho-ch-ga\/","url":"https:\/\/uniformesludo.cl\/index.php\/producto\/chapitas-con-alfiler-de-gancho-ch-ga\/","name":"Chapitas con Alfiler de gancho CH GA - Uniformes Ludo","isPartOf":{"@id":"https:\/\/uniformesludo.cl\/#website"},"primaryImageOfPage":{"@id":"https:\/\/uniformesludo.cl\/index.php\/producto\/chapitas-con-alfiler-de-gancho-ch-ga\/#primaryimage"},"image":{"@id":"https:\/\/uniformesludo.cl\/index.php\/producto\/chapitas-con-alfiler-de-gancho-ch-ga\/#primaryimage"},"thumbnailUrl":"https:\/\/uniformesludo.cl\/wp-content\/uploads\/2024\/09\/Chapitas-Portada-scaled-1.jpg","datePublished":"2024-09-04T17:22:08+00:00","dateModified":"2024-09-05T17:17:40+00:00","breadcrumb":{"@id":"https:\/\/uniformesludo.cl\/index.php\/producto\/chapitas-con-alfiler-de-gancho-ch-ga\/#breadcrumb"},"inLanguage":"es","potentialAction":[{"@type":"ReadAction","target":["https:\/\/uniformesludo.cl\/index.php\/producto\/chapitas-con-alfiler-de-gancho-ch-ga\/"]}]},{"@type":"ImageObject","inLanguage":"es","@id":"https:\/\/uniformesludo.cl\/index.php\/producto\/chapitas-con-alfiler-de-gancho-ch-ga\/#primaryimage","url":"https:\/\/uniformesludo.cl\/wp-content\/uploads\/2024\/09\/Chapitas-Portada-scaled-1.jpg","contentUrl":"https:\/\/uniformesludo.cl\/wp-content\/uploads\/2024\/09\/Chapitas-Portada-scaled-1.jpg","width":2560,"height":2560},{"@type":"BreadcrumbList","@id":"https:\/\/uniformesludo.cl\/index.php\/producto\/chapitas-con-alfiler-de-gancho-ch-ga\/#breadcrumb","itemListElement":[{"@type":"ListItem","position":1,"name":"Portada","item":"https:\/\/uniformesludo.cl\/"},{"@type":"ListItem","position":2,"name":"Tienda","item":"https:\/\/uniformesludo.cl\/index.php\/tienda\/"},{"@type":"ListItem","position":3,"name":"Chapitas con Alfiler de gancho CH GA"}]},{"@type":"WebSite","@id":"https:\/\/uniformesludo.cl\/#website","url":"https:\/\/uniformesludo.cl\/","name":"Uniformes Ludo","description":"Es una de las empresas comercializadoras de Ropa de trabajo, confecci\u00f3n, productos de protecci\u00f3n, prevenci\u00f3n y seguridad una de las m\u00e1s importantes de nuestro pa\u00eds, reconocida a nivel Nacional, con numerosos clientes a lo largo de Chile que avalan su compromiso de calidad. De igual forma, existe una permanente preocupaci\u00f3n por mantener un servicio integral de excelencia que permita identificarnos como \u201cel mejor equipo, la mejor empresa e inversi\u00f3n\u201d.","potentialAction":[{"@type":"SearchAction","target":{"@type":"EntryPoint","urlTemplate":"https:\/\/uniformesludo.cl\/?s={search_term_string}"},"query-input":{"@type":"PropertyValueSpecification","valueRequired":true,"valueName":"search_term_string"}}],"inLanguage":"es"}]}},"_links":{"self":[{"href":"https:\/\/uniformesludo.cl\/index.php\/wp-json\/wp\/v2\/product\/10021420","targetHints":{"allow":["GET"]}}],"collection":[{"href":"https:\/\/uniformesludo.cl\/index.php\/wp-json\/wp\/v2\/product"}],"about":[{"href":"https:\/\/uniformesludo.cl\/index.php\/wp-json\/wp\/v2\/types\/product"}],"replies":[{"embeddable":true,"href":"https:\/\/uniformesludo.cl\/index.php\/wp-json\/wp\/v2\/comments?post=10021420"}],"wp:featuredmedia":[{"embeddable":true,"href":"https:\/\/uniformesludo.cl\/index.php\/wp-json\/wp\/v2\/media\/10021479"}],"wp:attachment":[{"href":"https:\/\/uniformesludo.cl\/index.php\/wp-json\/wp\/v2\/media?parent=10021420"}],"wp:term":[{"taxonomy":"product_brand","embeddable":true,"href":"https:\/\/uniformesludo.cl\/index.php\/wp-json\/wp\/v2\/product_brand?post=10021420"},{"taxonomy":"product_cat","embeddable":true,"href":"https:\/\/uniformesludo.cl\/index.php\/wp-json\/wp\/v2\/product_cat?post=10021420"},{"taxonomy":"product_tag","embeddable":true,"href":"https:\/\/uniformesludo.cl\/index.php\/wp-json\/wp\/v2\/product_tag?post=10021420"}],"curies":[{"name":"wp","href":"https:\/\/api.w.org\/{rel}","templated":true}]}}