{"id":10021352,"date":"2024-09-04T17:21:07","date_gmt":"2024-09-04T17:21:07","guid":{"rendered":"https:\/\/uniformesludo.cl\/?post_type=product&#038;p=10021352"},"modified":"2024-09-05T17:17:26","modified_gmt":"2024-09-05T17:17:26","slug":"copa-gran-campeon","status":"publish","type":"product","link":"https:\/\/uniformesludo.cl\/index.php\/producto\/copa-gran-campeon\/","title":{"rendered":"Copa Gran Campe\u00f3n"},"content":{"rendered":"","protected":false},"excerpt":{"rendered":"<p><span style=\"color: #000080;\"><strong>GRAN CAMPE\u00d3N<\/strong><\/span><\/p>\n<ul>\n<li><em>Cop\u00f3n Met\u00e1lico<\/em><\/li>\n<li><em>Cuerpo Met\u00e1lico<\/em><\/li>\n<li><em>Base de Madera<\/em><\/li>\n<\/ul>\n<table width=\"402\">\n<tbody>\n<tr>\n<td style=\"text-align: center;\" width=\"80\"><\/td>\n<td style=\"text-align: center;\" width=\"104\">ALTURA CM.<\/td>\n<td style=\"text-align: center;\" width=\"120\">C\u00d3DIGO<\/td>\n<td style=\"text-align: center;\" width=\"98\">PLACA MM.<\/td>\n<\/tr>\n<tr>\n<td style=\"text-align: center;\" width=\"80\">A<\/td>\n<td style=\"text-align: center;\" width=\"104\">94<\/td>\n<td style=\"text-align: center;\" width=\"120\">591080200<\/td>\n<td style=\"text-align: center;\" width=\"98\">100\u00d770<\/td>\n<\/tr>\n<tr>\n<td style=\"text-align: center;\" width=\"80\">B<\/td>\n<td style=\"text-align: center;\" width=\"104\">67<\/td>\n<td style=\"text-align: center;\" width=\"120\">591080201<\/td>\n<td style=\"text-align: center;\" width=\"98\">100\u00d770<\/td>\n<\/tr>\n<tr>\n<td style=\"text-align: center;\" width=\"80\">C<\/td>\n<td style=\"text-align: center;\" width=\"104\">52<\/td>\n<td style=\"text-align: center;\" width=\"120\">591080202<\/td>\n<td style=\"text-align: center;\" width=\"98\">100\u00d770<\/td>\n<\/tr>\n<tr>\n<td style=\"text-align: center;\" width=\"80\">D<\/td>\n<td style=\"text-align: center;\" width=\"104\">41<\/td>\n<td style=\"text-align: center;\" width=\"120\">591080203<\/td>\n<td style=\"text-align: center;\" width=\"98\">100\u00d770<\/td>\n<\/tr>\n<\/tbody>\n<\/table>\n<p>&nbsp;<\/p>\n","protected":false},"featured_media":10021390,"comment_status":"closed","ping_status":"closed","template":"","meta":[],"product_brand":[],"product_cat":[872,660,600,576,690,661],"product_tag":[],"class_list":{"0":"post-10021352","1":"product","2":"type-product","3":"status-publish","4":"has-post-thumbnail","6":"product_cat-copas-2023-2024","7":"product_cat-copas-linea-clasica","8":"product_cat-copas-y-torres","9":"product_cat-novedades","10":"product_cat-novedades-trofeos-y-premios","11":"product_cat-torres","13":"first","14":"instock","15":"shipping-taxable","16":"purchasable","17":"product-type-variable"},"aioseo_notices":[],"yoast_head":"<!-- This site is optimized with the Yoast SEO plugin v26.5 - https:\/\/yoast.com\/wordpress\/plugins\/seo\/ -->\n<title>Copa Gran Campe\u00f3n - Uniformes Ludo<\/title>\n<meta name=\"robots\" content=\"index, follow, max-snippet:-1, max-image-preview:large, max-video-preview:-1\" \/>\n<link rel=\"canonical\" href=\"https:\/\/uniformesludo.cl\/index.php\/producto\/copa-gran-campeon\/\" \/>\n<meta property=\"og:locale\" content=\"es_ES\" \/>\n<meta property=\"og:type\" content=\"article\" \/>\n<meta property=\"og:title\" content=\"Copa Gran Campe\u00f3n - Uniformes Ludo\" \/>\n<meta property=\"og:description\" content=\"GRAN CAMPE\u00d3N   Cop\u00f3n Met\u00e1lico  Cuerpo Met\u00e1lico  Base de Madera      ALTURA CM. C\u00d3DIGO PLACA MM.   A 94 591080200 100\u00d770   B 67 591080201 100\u00d770   C 52 591080202 100\u00d770   D 41 591080203 100\u00d770    &nbsp;\" \/>\n<meta property=\"og:url\" content=\"https:\/\/uniformesludo.cl\/index.php\/producto\/copa-gran-campeon\/\" \/>\n<meta property=\"og:site_name\" content=\"Uniformes Ludo\" \/>\n<meta property=\"article:modified_time\" content=\"2024-09-05T17:17:26+00:00\" \/>\n<meta property=\"og:image\" content=\"https:\/\/uniformesludo.cl\/wp-content\/uploads\/2024\/09\/gran-campeon-2.jpg\" \/>\n\t<meta property=\"og:image:width\" content=\"600\" \/>\n\t<meta property=\"og:image:height\" content=\"600\" \/>\n\t<meta property=\"og:image:type\" content=\"image\/jpeg\" \/>\n<meta name=\"twitter:card\" content=\"summary_large_image\" \/>\n<script type=\"application\/ld+json\" class=\"yoast-schema-graph\">{\"@context\":\"https:\/\/schema.org\",\"@graph\":[{\"@type\":\"WebPage\",\"@id\":\"https:\/\/uniformesludo.cl\/index.php\/producto\/copa-gran-campeon\/\",\"url\":\"https:\/\/uniformesludo.cl\/index.php\/producto\/copa-gran-campeon\/\",\"name\":\"Copa Gran Campe\u00f3n - Uniformes Ludo\",\"isPartOf\":{\"@id\":\"https:\/\/uniformesludo.cl\/#website\"},\"primaryImageOfPage\":{\"@id\":\"https:\/\/uniformesludo.cl\/index.php\/producto\/copa-gran-campeon\/#primaryimage\"},\"image\":{\"@id\":\"https:\/\/uniformesludo.cl\/index.php\/producto\/copa-gran-campeon\/#primaryimage\"},\"thumbnailUrl\":\"https:\/\/uniformesludo.cl\/wp-content\/uploads\/2024\/09\/gran-campeon-2.jpg\",\"datePublished\":\"2024-09-04T17:21:07+00:00\",\"dateModified\":\"2024-09-05T17:17:26+00:00\",\"breadcrumb\":{\"@id\":\"https:\/\/uniformesludo.cl\/index.php\/producto\/copa-gran-campeon\/#breadcrumb\"},\"inLanguage\":\"es\",\"potentialAction\":[{\"@type\":\"ReadAction\",\"target\":[\"https:\/\/uniformesludo.cl\/index.php\/producto\/copa-gran-campeon\/\"]}]},{\"@type\":\"ImageObject\",\"inLanguage\":\"es\",\"@id\":\"https:\/\/uniformesludo.cl\/index.php\/producto\/copa-gran-campeon\/#primaryimage\",\"url\":\"https:\/\/uniformesludo.cl\/wp-content\/uploads\/2024\/09\/gran-campeon-2.jpg\",\"contentUrl\":\"https:\/\/uniformesludo.cl\/wp-content\/uploads\/2024\/09\/gran-campeon-2.jpg\",\"width\":600,\"height\":600},{\"@type\":\"BreadcrumbList\",\"@id\":\"https:\/\/uniformesludo.cl\/index.php\/producto\/copa-gran-campeon\/#breadcrumb\",\"itemListElement\":[{\"@type\":\"ListItem\",\"position\":1,\"name\":\"Portada\",\"item\":\"https:\/\/uniformesludo.cl\/\"},{\"@type\":\"ListItem\",\"position\":2,\"name\":\"Tienda\",\"item\":\"https:\/\/uniformesludo.cl\/index.php\/tienda\/\"},{\"@type\":\"ListItem\",\"position\":3,\"name\":\"Copa Gran Campe\u00f3n\"}]},{\"@type\":\"WebSite\",\"@id\":\"https:\/\/uniformesludo.cl\/#website\",\"url\":\"https:\/\/uniformesludo.cl\/\",\"name\":\"Uniformes Ludo\",\"description\":\"Es una de las empresas comercializadoras de Ropa de trabajo, confecci\u00f3n, productos de protecci\u00f3n, prevenci\u00f3n y seguridad una de las m\u00e1s importantes de nuestro pa\u00eds, reconocida a nivel Nacional, con numerosos clientes a lo largo de Chile que avalan su compromiso de calidad. De igual forma, existe una permanente preocupaci\u00f3n por mantener un servicio integral de excelencia que permita identificarnos como \u201cel mejor equipo, la mejor empresa e inversi\u00f3n\u201d.\",\"potentialAction\":[{\"@type\":\"SearchAction\",\"target\":{\"@type\":\"EntryPoint\",\"urlTemplate\":\"https:\/\/uniformesludo.cl\/?s={search_term_string}\"},\"query-input\":{\"@type\":\"PropertyValueSpecification\",\"valueRequired\":true,\"valueName\":\"search_term_string\"}}],\"inLanguage\":\"es\"}]}<\/script>\n<!-- \/ Yoast SEO plugin. -->","yoast_head_json":{"title":"Copa Gran Campe\u00f3n - Uniformes Ludo","robots":{"index":"index","follow":"follow","max-snippet":"max-snippet:-1","max-image-preview":"max-image-preview:large","max-video-preview":"max-video-preview:-1"},"canonical":"https:\/\/uniformesludo.cl\/index.php\/producto\/copa-gran-campeon\/","og_locale":"es_ES","og_type":"article","og_title":"Copa Gran Campe\u00f3n - Uniformes Ludo","og_description":"GRAN CAMPE\u00d3N   Cop\u00f3n Met\u00e1lico  Cuerpo Met\u00e1lico  Base de Madera      ALTURA CM. C\u00d3DIGO PLACA MM.   A 94 591080200 100\u00d770   B 67 591080201 100\u00d770   C 52 591080202 100\u00d770   D 41 591080203 100\u00d770    &nbsp;","og_url":"https:\/\/uniformesludo.cl\/index.php\/producto\/copa-gran-campeon\/","og_site_name":"Uniformes Ludo","article_modified_time":"2024-09-05T17:17:26+00:00","og_image":[{"width":600,"height":600,"url":"https:\/\/uniformesludo.cl\/wp-content\/uploads\/2024\/09\/gran-campeon-2.jpg","type":"image\/jpeg"}],"twitter_card":"summary_large_image","schema":{"@context":"https:\/\/schema.org","@graph":[{"@type":"WebPage","@id":"https:\/\/uniformesludo.cl\/index.php\/producto\/copa-gran-campeon\/","url":"https:\/\/uniformesludo.cl\/index.php\/producto\/copa-gran-campeon\/","name":"Copa Gran Campe\u00f3n - Uniformes Ludo","isPartOf":{"@id":"https:\/\/uniformesludo.cl\/#website"},"primaryImageOfPage":{"@id":"https:\/\/uniformesludo.cl\/index.php\/producto\/copa-gran-campeon\/#primaryimage"},"image":{"@id":"https:\/\/uniformesludo.cl\/index.php\/producto\/copa-gran-campeon\/#primaryimage"},"thumbnailUrl":"https:\/\/uniformesludo.cl\/wp-content\/uploads\/2024\/09\/gran-campeon-2.jpg","datePublished":"2024-09-04T17:21:07+00:00","dateModified":"2024-09-05T17:17:26+00:00","breadcrumb":{"@id":"https:\/\/uniformesludo.cl\/index.php\/producto\/copa-gran-campeon\/#breadcrumb"},"inLanguage":"es","potentialAction":[{"@type":"ReadAction","target":["https:\/\/uniformesludo.cl\/index.php\/producto\/copa-gran-campeon\/"]}]},{"@type":"ImageObject","inLanguage":"es","@id":"https:\/\/uniformesludo.cl\/index.php\/producto\/copa-gran-campeon\/#primaryimage","url":"https:\/\/uniformesludo.cl\/wp-content\/uploads\/2024\/09\/gran-campeon-2.jpg","contentUrl":"https:\/\/uniformesludo.cl\/wp-content\/uploads\/2024\/09\/gran-campeon-2.jpg","width":600,"height":600},{"@type":"BreadcrumbList","@id":"https:\/\/uniformesludo.cl\/index.php\/producto\/copa-gran-campeon\/#breadcrumb","itemListElement":[{"@type":"ListItem","position":1,"name":"Portada","item":"https:\/\/uniformesludo.cl\/"},{"@type":"ListItem","position":2,"name":"Tienda","item":"https:\/\/uniformesludo.cl\/index.php\/tienda\/"},{"@type":"ListItem","position":3,"name":"Copa Gran Campe\u00f3n"}]},{"@type":"WebSite","@id":"https:\/\/uniformesludo.cl\/#website","url":"https:\/\/uniformesludo.cl\/","name":"Uniformes Ludo","description":"Es una de las empresas comercializadoras de Ropa de trabajo, confecci\u00f3n, productos de protecci\u00f3n, prevenci\u00f3n y seguridad una de las m\u00e1s importantes de nuestro pa\u00eds, reconocida a nivel Nacional, con numerosos clientes a lo largo de Chile que avalan su compromiso de calidad. De igual forma, existe una permanente preocupaci\u00f3n por mantener un servicio integral de excelencia que permita identificarnos como \u201cel mejor equipo, la mejor empresa e inversi\u00f3n\u201d.","potentialAction":[{"@type":"SearchAction","target":{"@type":"EntryPoint","urlTemplate":"https:\/\/uniformesludo.cl\/?s={search_term_string}"},"query-input":{"@type":"PropertyValueSpecification","valueRequired":true,"valueName":"search_term_string"}}],"inLanguage":"es"}]}},"_links":{"self":[{"href":"https:\/\/uniformesludo.cl\/index.php\/wp-json\/wp\/v2\/product\/10021352","targetHints":{"allow":["GET"]}}],"collection":[{"href":"https:\/\/uniformesludo.cl\/index.php\/wp-json\/wp\/v2\/product"}],"about":[{"href":"https:\/\/uniformesludo.cl\/index.php\/wp-json\/wp\/v2\/types\/product"}],"replies":[{"embeddable":true,"href":"https:\/\/uniformesludo.cl\/index.php\/wp-json\/wp\/v2\/comments?post=10021352"}],"wp:featuredmedia":[{"embeddable":true,"href":"https:\/\/uniformesludo.cl\/index.php\/wp-json\/wp\/v2\/media\/10021390"}],"wp:attachment":[{"href":"https:\/\/uniformesludo.cl\/index.php\/wp-json\/wp\/v2\/media?parent=10021352"}],"wp:term":[{"taxonomy":"product_brand","embeddable":true,"href":"https:\/\/uniformesludo.cl\/index.php\/wp-json\/wp\/v2\/product_brand?post=10021352"},{"taxonomy":"product_cat","embeddable":true,"href":"https:\/\/uniformesludo.cl\/index.php\/wp-json\/wp\/v2\/product_cat?post=10021352"},{"taxonomy":"product_tag","embeddable":true,"href":"https:\/\/uniformesludo.cl\/index.php\/wp-json\/wp\/v2\/product_tag?post=10021352"}],"curies":[{"name":"wp","href":"https:\/\/api.w.org\/{rel}","templated":true}]}}