{"id":10021333,"date":"2024-09-04T17:20:43","date_gmt":"2024-09-04T17:20:43","guid":{"rendered":"https:\/\/uniformesludo.cl\/?post_type=product&#038;p=10021333"},"modified":"2024-09-04T17:21:26","modified_gmt":"2024-09-04T17:21:26","slug":"trofeo-plastico-fr-zapato-futbol-action-pequeno","status":"publish","type":"product","link":"https:\/\/uniformesludo.cl\/index.php\/producto\/trofeo-plastico-fr-zapato-futbol-action-pequeno\/","title":{"rendered":"Trofeo pl\u00e1stico FR Zapato F\u00fatbol Action Peque\u00f1o"},"content":{"rendered":"","protected":false},"excerpt":{"rendered":"<p><em>Trofeo pl\u00e1stico de color oro figura Z\u00e1pato F\u00fatbol Action peque\u00f1o . Incluye base de m\u00e1rmol blanca.<\/em><\/p>\n<p>Insert domo 25mm.<\/p>\n<p>Altura: 14 cms.<\/p>\n<p>591094159 (319)<\/p>\n","protected":false},"featured_media":10021373,"comment_status":"closed","ping_status":"closed","template":"","meta":[],"product_brand":[],"product_cat":[690,669],"product_tag":[],"class_list":{"0":"post-10021333","1":"product","2":"type-product","3":"status-publish","4":"has-post-thumbnail","6":"product_cat-novedades-trofeos-y-premios","7":"product_cat-trofeos-plasticos","9":"first","10":"instock","11":"shipping-taxable","12":"product-type-simple"},"aioseo_notices":[],"yoast_head":"<!-- This site is optimized with the Yoast SEO plugin v26.5 - https:\/\/yoast.com\/wordpress\/plugins\/seo\/ -->\n<title>Trofeo pl\u00e1stico FR Zapato F\u00fatbol Action Peque\u00f1o - Uniformes Ludo<\/title>\n<meta name=\"robots\" content=\"index, follow, max-snippet:-1, max-image-preview:large, max-video-preview:-1\" \/>\n<link rel=\"canonical\" href=\"https:\/\/uniformesludo.cl\/index.php\/producto\/trofeo-plastico-fr-zapato-futbol-action-pequeno\/\" \/>\n<meta property=\"og:locale\" content=\"es_ES\" \/>\n<meta property=\"og:type\" content=\"article\" \/>\n<meta property=\"og:title\" content=\"Trofeo pl\u00e1stico FR Zapato F\u00fatbol Action Peque\u00f1o - Uniformes Ludo\" \/>\n<meta property=\"og:description\" content=\"Trofeo pl\u00e1stico de color oro figura Z\u00e1pato F\u00fatbol Action peque\u00f1o . Incluye base de m\u00e1rmol blanca.  Insert domo 25mm.  Altura: 14 cms.  591094159 (319)\" \/>\n<meta property=\"og:url\" content=\"https:\/\/uniformesludo.cl\/index.php\/producto\/trofeo-plastico-fr-zapato-futbol-action-pequeno\/\" \/>\n<meta property=\"og:site_name\" content=\"Uniformes Ludo\" \/>\n<meta property=\"article:modified_time\" content=\"2024-09-04T17:21:26+00:00\" \/>\n<meta property=\"og:image\" content=\"https:\/\/uniformesludo.cl\/wp-content\/uploads\/2024\/09\/321_b226-3.jpg\" \/>\n\t<meta property=\"og:image:width\" content=\"600\" \/>\n\t<meta property=\"og:image:height\" content=\"600\" \/>\n\t<meta property=\"og:image:type\" content=\"image\/jpeg\" \/>\n<meta name=\"twitter:card\" content=\"summary_large_image\" \/>\n<script type=\"application\/ld+json\" class=\"yoast-schema-graph\">{\"@context\":\"https:\/\/schema.org\",\"@graph\":[{\"@type\":\"WebPage\",\"@id\":\"https:\/\/uniformesludo.cl\/index.php\/producto\/trofeo-plastico-fr-zapato-futbol-action-pequeno\/\",\"url\":\"https:\/\/uniformesludo.cl\/index.php\/producto\/trofeo-plastico-fr-zapato-futbol-action-pequeno\/\",\"name\":\"Trofeo pl\u00e1stico FR Zapato F\u00fatbol Action Peque\u00f1o - Uniformes Ludo\",\"isPartOf\":{\"@id\":\"https:\/\/uniformesludo.cl\/#website\"},\"primaryImageOfPage\":{\"@id\":\"https:\/\/uniformesludo.cl\/index.php\/producto\/trofeo-plastico-fr-zapato-futbol-action-pequeno\/#primaryimage\"},\"image\":{\"@id\":\"https:\/\/uniformesludo.cl\/index.php\/producto\/trofeo-plastico-fr-zapato-futbol-action-pequeno\/#primaryimage\"},\"thumbnailUrl\":\"https:\/\/uniformesludo.cl\/wp-content\/uploads\/2024\/09\/321_b226-3.jpg\",\"datePublished\":\"2024-09-04T17:20:43+00:00\",\"dateModified\":\"2024-09-04T17:21:26+00:00\",\"breadcrumb\":{\"@id\":\"https:\/\/uniformesludo.cl\/index.php\/producto\/trofeo-plastico-fr-zapato-futbol-action-pequeno\/#breadcrumb\"},\"inLanguage\":\"es\",\"potentialAction\":[{\"@type\":\"ReadAction\",\"target\":[\"https:\/\/uniformesludo.cl\/index.php\/producto\/trofeo-plastico-fr-zapato-futbol-action-pequeno\/\"]}]},{\"@type\":\"ImageObject\",\"inLanguage\":\"es\",\"@id\":\"https:\/\/uniformesludo.cl\/index.php\/producto\/trofeo-plastico-fr-zapato-futbol-action-pequeno\/#primaryimage\",\"url\":\"https:\/\/uniformesludo.cl\/wp-content\/uploads\/2024\/09\/321_b226-3.jpg\",\"contentUrl\":\"https:\/\/uniformesludo.cl\/wp-content\/uploads\/2024\/09\/321_b226-3.jpg\",\"width\":600,\"height\":600},{\"@type\":\"BreadcrumbList\",\"@id\":\"https:\/\/uniformesludo.cl\/index.php\/producto\/trofeo-plastico-fr-zapato-futbol-action-pequeno\/#breadcrumb\",\"itemListElement\":[{\"@type\":\"ListItem\",\"position\":1,\"name\":\"Portada\",\"item\":\"https:\/\/uniformesludo.cl\/\"},{\"@type\":\"ListItem\",\"position\":2,\"name\":\"Tienda\",\"item\":\"https:\/\/uniformesludo.cl\/index.php\/tienda\/\"},{\"@type\":\"ListItem\",\"position\":3,\"name\":\"Trofeo pl\u00e1stico FR Zapato F\u00fatbol Action Peque\u00f1o\"}]},{\"@type\":\"WebSite\",\"@id\":\"https:\/\/uniformesludo.cl\/#website\",\"url\":\"https:\/\/uniformesludo.cl\/\",\"name\":\"Uniformes Ludo\",\"description\":\"Es una de las empresas comercializadoras de Ropa de trabajo, confecci\u00f3n, productos de protecci\u00f3n, prevenci\u00f3n y seguridad una de las m\u00e1s importantes de nuestro pa\u00eds, reconocida a nivel Nacional, con numerosos clientes a lo largo de Chile que avalan su compromiso de calidad. De igual forma, existe una permanente preocupaci\u00f3n por mantener un servicio integral de excelencia que permita identificarnos como \u201cel mejor equipo, la mejor empresa e inversi\u00f3n\u201d.\",\"potentialAction\":[{\"@type\":\"SearchAction\",\"target\":{\"@type\":\"EntryPoint\",\"urlTemplate\":\"https:\/\/uniformesludo.cl\/?s={search_term_string}\"},\"query-input\":{\"@type\":\"PropertyValueSpecification\",\"valueRequired\":true,\"valueName\":\"search_term_string\"}}],\"inLanguage\":\"es\"}]}<\/script>\n<!-- \/ Yoast SEO plugin. -->","yoast_head_json":{"title":"Trofeo pl\u00e1stico FR Zapato F\u00fatbol Action Peque\u00f1o - Uniformes Ludo","robots":{"index":"index","follow":"follow","max-snippet":"max-snippet:-1","max-image-preview":"max-image-preview:large","max-video-preview":"max-video-preview:-1"},"canonical":"https:\/\/uniformesludo.cl\/index.php\/producto\/trofeo-plastico-fr-zapato-futbol-action-pequeno\/","og_locale":"es_ES","og_type":"article","og_title":"Trofeo pl\u00e1stico FR Zapato F\u00fatbol Action Peque\u00f1o - Uniformes Ludo","og_description":"Trofeo pl\u00e1stico de color oro figura Z\u00e1pato F\u00fatbol Action peque\u00f1o . Incluye base de m\u00e1rmol blanca.  Insert domo 25mm.  Altura: 14 cms.  591094159 (319)","og_url":"https:\/\/uniformesludo.cl\/index.php\/producto\/trofeo-plastico-fr-zapato-futbol-action-pequeno\/","og_site_name":"Uniformes Ludo","article_modified_time":"2024-09-04T17:21:26+00:00","og_image":[{"width":600,"height":600,"url":"https:\/\/uniformesludo.cl\/wp-content\/uploads\/2024\/09\/321_b226-3.jpg","type":"image\/jpeg"}],"twitter_card":"summary_large_image","schema":{"@context":"https:\/\/schema.org","@graph":[{"@type":"WebPage","@id":"https:\/\/uniformesludo.cl\/index.php\/producto\/trofeo-plastico-fr-zapato-futbol-action-pequeno\/","url":"https:\/\/uniformesludo.cl\/index.php\/producto\/trofeo-plastico-fr-zapato-futbol-action-pequeno\/","name":"Trofeo pl\u00e1stico FR Zapato F\u00fatbol Action Peque\u00f1o - Uniformes Ludo","isPartOf":{"@id":"https:\/\/uniformesludo.cl\/#website"},"primaryImageOfPage":{"@id":"https:\/\/uniformesludo.cl\/index.php\/producto\/trofeo-plastico-fr-zapato-futbol-action-pequeno\/#primaryimage"},"image":{"@id":"https:\/\/uniformesludo.cl\/index.php\/producto\/trofeo-plastico-fr-zapato-futbol-action-pequeno\/#primaryimage"},"thumbnailUrl":"https:\/\/uniformesludo.cl\/wp-content\/uploads\/2024\/09\/321_b226-3.jpg","datePublished":"2024-09-04T17:20:43+00:00","dateModified":"2024-09-04T17:21:26+00:00","breadcrumb":{"@id":"https:\/\/uniformesludo.cl\/index.php\/producto\/trofeo-plastico-fr-zapato-futbol-action-pequeno\/#breadcrumb"},"inLanguage":"es","potentialAction":[{"@type":"ReadAction","target":["https:\/\/uniformesludo.cl\/index.php\/producto\/trofeo-plastico-fr-zapato-futbol-action-pequeno\/"]}]},{"@type":"ImageObject","inLanguage":"es","@id":"https:\/\/uniformesludo.cl\/index.php\/producto\/trofeo-plastico-fr-zapato-futbol-action-pequeno\/#primaryimage","url":"https:\/\/uniformesludo.cl\/wp-content\/uploads\/2024\/09\/321_b226-3.jpg","contentUrl":"https:\/\/uniformesludo.cl\/wp-content\/uploads\/2024\/09\/321_b226-3.jpg","width":600,"height":600},{"@type":"BreadcrumbList","@id":"https:\/\/uniformesludo.cl\/index.php\/producto\/trofeo-plastico-fr-zapato-futbol-action-pequeno\/#breadcrumb","itemListElement":[{"@type":"ListItem","position":1,"name":"Portada","item":"https:\/\/uniformesludo.cl\/"},{"@type":"ListItem","position":2,"name":"Tienda","item":"https:\/\/uniformesludo.cl\/index.php\/tienda\/"},{"@type":"ListItem","position":3,"name":"Trofeo pl\u00e1stico FR Zapato F\u00fatbol Action Peque\u00f1o"}]},{"@type":"WebSite","@id":"https:\/\/uniformesludo.cl\/#website","url":"https:\/\/uniformesludo.cl\/","name":"Uniformes Ludo","description":"Es una de las empresas comercializadoras de Ropa de trabajo, confecci\u00f3n, productos de protecci\u00f3n, prevenci\u00f3n y seguridad una de las m\u00e1s importantes de nuestro pa\u00eds, reconocida a nivel Nacional, con numerosos clientes a lo largo de Chile que avalan su compromiso de calidad. De igual forma, existe una permanente preocupaci\u00f3n por mantener un servicio integral de excelencia que permita identificarnos como \u201cel mejor equipo, la mejor empresa e inversi\u00f3n\u201d.","potentialAction":[{"@type":"SearchAction","target":{"@type":"EntryPoint","urlTemplate":"https:\/\/uniformesludo.cl\/?s={search_term_string}"},"query-input":{"@type":"PropertyValueSpecification","valueRequired":true,"valueName":"search_term_string"}}],"inLanguage":"es"}]}},"_links":{"self":[{"href":"https:\/\/uniformesludo.cl\/index.php\/wp-json\/wp\/v2\/product\/10021333","targetHints":{"allow":["GET"]}}],"collection":[{"href":"https:\/\/uniformesludo.cl\/index.php\/wp-json\/wp\/v2\/product"}],"about":[{"href":"https:\/\/uniformesludo.cl\/index.php\/wp-json\/wp\/v2\/types\/product"}],"replies":[{"embeddable":true,"href":"https:\/\/uniformesludo.cl\/index.php\/wp-json\/wp\/v2\/comments?post=10021333"}],"wp:featuredmedia":[{"embeddable":true,"href":"https:\/\/uniformesludo.cl\/index.php\/wp-json\/wp\/v2\/media\/10021373"}],"wp:attachment":[{"href":"https:\/\/uniformesludo.cl\/index.php\/wp-json\/wp\/v2\/media?parent=10021333"}],"wp:term":[{"taxonomy":"product_brand","embeddable":true,"href":"https:\/\/uniformesludo.cl\/index.php\/wp-json\/wp\/v2\/product_brand?post=10021333"},{"taxonomy":"product_cat","embeddable":true,"href":"https:\/\/uniformesludo.cl\/index.php\/wp-json\/wp\/v2\/product_cat?post=10021333"},{"taxonomy":"product_tag","embeddable":true,"href":"https:\/\/uniformesludo.cl\/index.php\/wp-json\/wp\/v2\/product_tag?post=10021333"}],"curies":[{"name":"wp","href":"https:\/\/api.w.org\/{rel}","templated":true}]}}