{"id":10021266,"date":"2024-09-04T17:19:40","date_gmt":"2024-09-04T17:19:40","guid":{"rendered":"https:\/\/uniformesludo.cl\/?post_type=product&#038;p=10021266"},"modified":"2024-09-05T17:17:21","modified_gmt":"2024-09-05T17:17:21","slug":"vaso-plastico-reutilizable-empavonado-m150","status":"publish","type":"product","link":"https:\/\/uniformesludo.cl\/index.php\/producto\/vaso-plastico-reutilizable-empavonado-m150\/","title":{"rendered":"Vaso Pl\u00e1stico Reutilizable Empavonado M150"},"content":{"rendered":"","protected":false},"excerpt":{"rendered":"<p><span style=\"color: #000080;\"><strong>M150<\/strong><\/span><\/p>\n<p><em>El vaso de Propileno Termoformado EMPAVONADO, tambi\u00e9n conocido como PP, presenta una alta resistencia a las ca\u00eddas y debido a su proceso de fabricaci\u00f3n, puedes calentar tus bebidas al microondas sin ning\u00fan inconveniente. Es ideal para locales que ofrecen comidas y bebidas para llevar. Capacidad de 500 ml.<\/em><\/p>\n<ul>\n<li>Material: Pl\u00e1stico PP.<\/li>\n<li>Certificado como reutilizable.<\/li>\n<li>Capacidad: 16 oz. 500 ml.<\/li>\n<li>Libre de BPA.<\/li>\n<\/ul>\n<p>Compatible con tapa\/bombilla <a href=\"https:\/\/imblasco.cl\/regalos\/producto\/m160\/\"><strong>M160<\/strong>.<\/a><\/p>\n<p>Presentado a granel. Cajas negras de presentaci\u00f3n se venden por separado.<\/p>\n<p><img loading=\"lazy\" decoding=\"async\" class=\"alignnone size-full wp-image-511\" src=\"http:\/\/imblasco.cl\/regalos\/wp-content\/uploads\/2019\/06\/serigrafia.png\" alt=\"\" width=\"71\" height=\"71\" \/><img loading=\"lazy\" decoding=\"async\" class=\"alignnone size-full wp-image-513\" src=\"http:\/\/imblasco.cl\/regalos\/wp-content\/uploads\/2019\/06\/tampografia.png\" alt=\"\" width=\"71\" height=\"71\" \/><\/p>\n","protected":false},"featured_media":10021313,"comment_status":"closed","ping_status":"closed","template":"","meta":[],"product_brand":[],"product_cat":[570,571,576,577],"product_tag":[],"class_list":{"0":"post-10021266","1":"product","2":"type-product","3":"status-publish","4":"has-post-thumbnail","6":"product_cat-botellas-mugs-tazones-termos-vasos","7":"product_cat-mugs-y-tazones","8":"product_cat-novedades","9":"product_cat-novedades-articulos-publicitarios","11":"first","12":"instock","13":"shipping-taxable","14":"purchasable","15":"product-type-variable"},"aioseo_notices":[],"yoast_head":"<!-- This site is optimized with the Yoast SEO plugin v26.5 - https:\/\/yoast.com\/wordpress\/plugins\/seo\/ -->\n<title>Vaso Pl\u00e1stico Reutilizable Empavonado M150 - Uniformes Ludo<\/title>\n<meta name=\"robots\" content=\"index, follow, max-snippet:-1, max-image-preview:large, max-video-preview:-1\" \/>\n<link rel=\"canonical\" href=\"https:\/\/uniformesludo.cl\/index.php\/producto\/vaso-plastico-reutilizable-empavonado-m150\/\" \/>\n<meta property=\"og:locale\" content=\"es_ES\" \/>\n<meta property=\"og:type\" content=\"article\" \/>\n<meta property=\"og:title\" content=\"Vaso Pl\u00e1stico Reutilizable Empavonado M150 - Uniformes Ludo\" \/>\n<meta property=\"og:description\" content=\"M150  El vaso de Propileno Termoformado EMPAVONADO, tambi\u00e9n conocido como PP, presenta una alta resistencia a las ca\u00eddas y debido a su proceso de fabricaci\u00f3n, puedes calentar tus bebidas al microondas sin ning\u00fan inconveniente. Es ideal para locales que ofrecen comidas y bebidas para llevar. Capacidad de 500 ml.   Material: Pl\u00e1stico PP.  Certificado como reutilizable.  Capacidad: 16 oz. 500 ml.  Libre de BPA.  Compatible con tapa\/bombilla M160.  Presentado a granel. Cajas negras de presentaci\u00f3n se venden por separado.\" \/>\n<meta property=\"og:url\" content=\"https:\/\/uniformesludo.cl\/index.php\/producto\/vaso-plastico-reutilizable-empavonado-m150\/\" \/>\n<meta property=\"og:site_name\" content=\"Uniformes Ludo\" \/>\n<meta property=\"article:modified_time\" content=\"2024-09-05T17:17:21+00:00\" \/>\n<meta property=\"og:image\" content=\"https:\/\/uniformesludo.cl\/wp-content\/uploads\/2024\/09\/m150_azul_medidas__PORTADA-1.jpg\" \/>\n\t<meta property=\"og:image:width\" content=\"1600\" \/>\n\t<meta property=\"og:image:height\" content=\"1600\" \/>\n\t<meta property=\"og:image:type\" content=\"image\/jpeg\" \/>\n<meta name=\"twitter:card\" content=\"summary_large_image\" \/>\n<script type=\"application\/ld+json\" class=\"yoast-schema-graph\">{\"@context\":\"https:\/\/schema.org\",\"@graph\":[{\"@type\":\"WebPage\",\"@id\":\"https:\/\/uniformesludo.cl\/index.php\/producto\/vaso-plastico-reutilizable-empavonado-m150\/\",\"url\":\"https:\/\/uniformesludo.cl\/index.php\/producto\/vaso-plastico-reutilizable-empavonado-m150\/\",\"name\":\"Vaso Pl\u00e1stico Reutilizable Empavonado M150 - Uniformes Ludo\",\"isPartOf\":{\"@id\":\"https:\/\/uniformesludo.cl\/#website\"},\"primaryImageOfPage\":{\"@id\":\"https:\/\/uniformesludo.cl\/index.php\/producto\/vaso-plastico-reutilizable-empavonado-m150\/#primaryimage\"},\"image\":{\"@id\":\"https:\/\/uniformesludo.cl\/index.php\/producto\/vaso-plastico-reutilizable-empavonado-m150\/#primaryimage\"},\"thumbnailUrl\":\"https:\/\/uniformesludo.cl\/wp-content\/uploads\/2024\/09\/m150_azul_medidas__PORTADA-1.jpg\",\"datePublished\":\"2024-09-04T17:19:40+00:00\",\"dateModified\":\"2024-09-05T17:17:21+00:00\",\"breadcrumb\":{\"@id\":\"https:\/\/uniformesludo.cl\/index.php\/producto\/vaso-plastico-reutilizable-empavonado-m150\/#breadcrumb\"},\"inLanguage\":\"es\",\"potentialAction\":[{\"@type\":\"ReadAction\",\"target\":[\"https:\/\/uniformesludo.cl\/index.php\/producto\/vaso-plastico-reutilizable-empavonado-m150\/\"]}]},{\"@type\":\"ImageObject\",\"inLanguage\":\"es\",\"@id\":\"https:\/\/uniformesludo.cl\/index.php\/producto\/vaso-plastico-reutilizable-empavonado-m150\/#primaryimage\",\"url\":\"https:\/\/uniformesludo.cl\/wp-content\/uploads\/2024\/09\/m150_azul_medidas__PORTADA-1.jpg\",\"contentUrl\":\"https:\/\/uniformesludo.cl\/wp-content\/uploads\/2024\/09\/m150_azul_medidas__PORTADA-1.jpg\",\"width\":1600,\"height\":1600},{\"@type\":\"BreadcrumbList\",\"@id\":\"https:\/\/uniformesludo.cl\/index.php\/producto\/vaso-plastico-reutilizable-empavonado-m150\/#breadcrumb\",\"itemListElement\":[{\"@type\":\"ListItem\",\"position\":1,\"name\":\"Portada\",\"item\":\"https:\/\/uniformesludo.cl\/\"},{\"@type\":\"ListItem\",\"position\":2,\"name\":\"Tienda\",\"item\":\"https:\/\/uniformesludo.cl\/index.php\/tienda\/\"},{\"@type\":\"ListItem\",\"position\":3,\"name\":\"Vaso Pl\u00e1stico Reutilizable Empavonado M150\"}]},{\"@type\":\"WebSite\",\"@id\":\"https:\/\/uniformesludo.cl\/#website\",\"url\":\"https:\/\/uniformesludo.cl\/\",\"name\":\"Uniformes Ludo\",\"description\":\"Es una de las empresas comercializadoras de Ropa de trabajo, confecci\u00f3n, productos de protecci\u00f3n, prevenci\u00f3n y seguridad una de las m\u00e1s importantes de nuestro pa\u00eds, reconocida a nivel Nacional, con numerosos clientes a lo largo de Chile que avalan su compromiso de calidad. De igual forma, existe una permanente preocupaci\u00f3n por mantener un servicio integral de excelencia que permita identificarnos como \u201cel mejor equipo, la mejor empresa e inversi\u00f3n\u201d.\",\"potentialAction\":[{\"@type\":\"SearchAction\",\"target\":{\"@type\":\"EntryPoint\",\"urlTemplate\":\"https:\/\/uniformesludo.cl\/?s={search_term_string}\"},\"query-input\":{\"@type\":\"PropertyValueSpecification\",\"valueRequired\":true,\"valueName\":\"search_term_string\"}}],\"inLanguage\":\"es\"}]}<\/script>\n<!-- \/ Yoast SEO plugin. -->","yoast_head_json":{"title":"Vaso Pl\u00e1stico Reutilizable Empavonado M150 - Uniformes Ludo","robots":{"index":"index","follow":"follow","max-snippet":"max-snippet:-1","max-image-preview":"max-image-preview:large","max-video-preview":"max-video-preview:-1"},"canonical":"https:\/\/uniformesludo.cl\/index.php\/producto\/vaso-plastico-reutilizable-empavonado-m150\/","og_locale":"es_ES","og_type":"article","og_title":"Vaso Pl\u00e1stico Reutilizable Empavonado M150 - Uniformes Ludo","og_description":"M150  El vaso de Propileno Termoformado EMPAVONADO, tambi\u00e9n conocido como PP, presenta una alta resistencia a las ca\u00eddas y debido a su proceso de fabricaci\u00f3n, puedes calentar tus bebidas al microondas sin ning\u00fan inconveniente. Es ideal para locales que ofrecen comidas y bebidas para llevar. Capacidad de 500 ml.   Material: Pl\u00e1stico PP.  Certificado como reutilizable.  Capacidad: 16 oz. 500 ml.  Libre de BPA.  Compatible con tapa\/bombilla M160.  Presentado a granel. Cajas negras de presentaci\u00f3n se venden por separado.","og_url":"https:\/\/uniformesludo.cl\/index.php\/producto\/vaso-plastico-reutilizable-empavonado-m150\/","og_site_name":"Uniformes Ludo","article_modified_time":"2024-09-05T17:17:21+00:00","og_image":[{"width":1600,"height":1600,"url":"https:\/\/uniformesludo.cl\/wp-content\/uploads\/2024\/09\/m150_azul_medidas__PORTADA-1.jpg","type":"image\/jpeg"}],"twitter_card":"summary_large_image","schema":{"@context":"https:\/\/schema.org","@graph":[{"@type":"WebPage","@id":"https:\/\/uniformesludo.cl\/index.php\/producto\/vaso-plastico-reutilizable-empavonado-m150\/","url":"https:\/\/uniformesludo.cl\/index.php\/producto\/vaso-plastico-reutilizable-empavonado-m150\/","name":"Vaso Pl\u00e1stico Reutilizable Empavonado M150 - Uniformes Ludo","isPartOf":{"@id":"https:\/\/uniformesludo.cl\/#website"},"primaryImageOfPage":{"@id":"https:\/\/uniformesludo.cl\/index.php\/producto\/vaso-plastico-reutilizable-empavonado-m150\/#primaryimage"},"image":{"@id":"https:\/\/uniformesludo.cl\/index.php\/producto\/vaso-plastico-reutilizable-empavonado-m150\/#primaryimage"},"thumbnailUrl":"https:\/\/uniformesludo.cl\/wp-content\/uploads\/2024\/09\/m150_azul_medidas__PORTADA-1.jpg","datePublished":"2024-09-04T17:19:40+00:00","dateModified":"2024-09-05T17:17:21+00:00","breadcrumb":{"@id":"https:\/\/uniformesludo.cl\/index.php\/producto\/vaso-plastico-reutilizable-empavonado-m150\/#breadcrumb"},"inLanguage":"es","potentialAction":[{"@type":"ReadAction","target":["https:\/\/uniformesludo.cl\/index.php\/producto\/vaso-plastico-reutilizable-empavonado-m150\/"]}]},{"@type":"ImageObject","inLanguage":"es","@id":"https:\/\/uniformesludo.cl\/index.php\/producto\/vaso-plastico-reutilizable-empavonado-m150\/#primaryimage","url":"https:\/\/uniformesludo.cl\/wp-content\/uploads\/2024\/09\/m150_azul_medidas__PORTADA-1.jpg","contentUrl":"https:\/\/uniformesludo.cl\/wp-content\/uploads\/2024\/09\/m150_azul_medidas__PORTADA-1.jpg","width":1600,"height":1600},{"@type":"BreadcrumbList","@id":"https:\/\/uniformesludo.cl\/index.php\/producto\/vaso-plastico-reutilizable-empavonado-m150\/#breadcrumb","itemListElement":[{"@type":"ListItem","position":1,"name":"Portada","item":"https:\/\/uniformesludo.cl\/"},{"@type":"ListItem","position":2,"name":"Tienda","item":"https:\/\/uniformesludo.cl\/index.php\/tienda\/"},{"@type":"ListItem","position":3,"name":"Vaso Pl\u00e1stico Reutilizable Empavonado M150"}]},{"@type":"WebSite","@id":"https:\/\/uniformesludo.cl\/#website","url":"https:\/\/uniformesludo.cl\/","name":"Uniformes Ludo","description":"Es una de las empresas comercializadoras de Ropa de trabajo, confecci\u00f3n, productos de protecci\u00f3n, prevenci\u00f3n y seguridad una de las m\u00e1s importantes de nuestro pa\u00eds, reconocida a nivel Nacional, con numerosos clientes a lo largo de Chile que avalan su compromiso de calidad. De igual forma, existe una permanente preocupaci\u00f3n por mantener un servicio integral de excelencia que permita identificarnos como \u201cel mejor equipo, la mejor empresa e inversi\u00f3n\u201d.","potentialAction":[{"@type":"SearchAction","target":{"@type":"EntryPoint","urlTemplate":"https:\/\/uniformesludo.cl\/?s={search_term_string}"},"query-input":{"@type":"PropertyValueSpecification","valueRequired":true,"valueName":"search_term_string"}}],"inLanguage":"es"}]}},"_links":{"self":[{"href":"https:\/\/uniformesludo.cl\/index.php\/wp-json\/wp\/v2\/product\/10021266","targetHints":{"allow":["GET"]}}],"collection":[{"href":"https:\/\/uniformesludo.cl\/index.php\/wp-json\/wp\/v2\/product"}],"about":[{"href":"https:\/\/uniformesludo.cl\/index.php\/wp-json\/wp\/v2\/types\/product"}],"replies":[{"embeddable":true,"href":"https:\/\/uniformesludo.cl\/index.php\/wp-json\/wp\/v2\/comments?post=10021266"}],"wp:featuredmedia":[{"embeddable":true,"href":"https:\/\/uniformesludo.cl\/index.php\/wp-json\/wp\/v2\/media\/10021313"}],"wp:attachment":[{"href":"https:\/\/uniformesludo.cl\/index.php\/wp-json\/wp\/v2\/media?parent=10021266"}],"wp:term":[{"taxonomy":"product_brand","embeddable":true,"href":"https:\/\/uniformesludo.cl\/index.php\/wp-json\/wp\/v2\/product_brand?post=10021266"},{"taxonomy":"product_cat","embeddable":true,"href":"https:\/\/uniformesludo.cl\/index.php\/wp-json\/wp\/v2\/product_cat?post=10021266"},{"taxonomy":"product_tag","embeddable":true,"href":"https:\/\/uniformesludo.cl\/index.php\/wp-json\/wp\/v2\/product_tag?post=10021266"}],"curies":[{"name":"wp","href":"https:\/\/api.w.org\/{rel}","templated":true}]}}