{"id":10021089,"date":"2024-09-04T17:15:14","date_gmt":"2024-09-04T17:15:14","guid":{"rendered":"https:\/\/uniformesludo.cl\/?post_type=product&#038;p=10021089"},"modified":"2024-09-04T17:15:29","modified_gmt":"2024-09-04T17:15:29","slug":"cable-conector-apple-lightning-encobrizado-t64","status":"publish","type":"product","link":"https:\/\/uniformesludo.cl\/index.php\/producto\/cable-conector-apple-lightning-encobrizado-t64\/","title":{"rendered":"Cable Conector Apple Lightning Encobrizado T64"},"content":{"rendered":"","protected":false},"excerpt":{"rendered":"<p><span style=\"color: #000080;\"><strong>T64<\/strong><\/span><\/p>\n<p><em>Cable USB para con conector tipo Apple Lightning de color rosa encobrizado. Cable habilitado para tanto carga de bater\u00eda como para sincronizaci\u00f3n con computador y transferencia de archivos. Cable trenzado met\u00e1lico. Presentaci\u00f3n en caja de cart\u00f3n blanca.<\/em><\/p>\n<p>Cable de datos de 4 n\u00facleos, con funci\u00f3n de transferencia de datos.<br \/>\nEntrada: 5 V<br \/>\nSalida: 5V 2,1 A<br \/>\nLargo: 100 cms<br \/>\nPuerto: USB<br \/>\nTubo de resorte de acero al carbono galvanizado con cobre.<br \/>\nPeso: 44 grs<\/p>\n<p>Caja de 300 unidades.<\/p>\n<p>601054381<\/p>\n","protected":false},"featured_media":10021109,"comment_status":"closed","ping_status":"closed","template":"","meta":[],"product_brand":[],"product_cat":[586],"product_tag":[],"class_list":{"0":"post-10021089","1":"product","2":"type-product","3":"status-publish","4":"has-post-thumbnail","6":"product_cat-art-tecnologicos","8":"first","9":"instock","10":"shipping-taxable","11":"product-type-simple"},"aioseo_notices":[],"yoast_head":"<!-- This site is optimized with the Yoast SEO plugin v26.5 - https:\/\/yoast.com\/wordpress\/plugins\/seo\/ -->\n<title>Cable Conector Apple Lightning Encobrizado T64 - Uniformes Ludo<\/title>\n<meta name=\"robots\" content=\"index, follow, max-snippet:-1, max-image-preview:large, max-video-preview:-1\" \/>\n<link rel=\"canonical\" href=\"https:\/\/uniformesludo.cl\/index.php\/producto\/cable-conector-apple-lightning-encobrizado-t64\/\" \/>\n<meta property=\"og:locale\" content=\"es_ES\" \/>\n<meta property=\"og:type\" content=\"article\" \/>\n<meta property=\"og:title\" content=\"Cable Conector Apple Lightning Encobrizado T64 - Uniformes Ludo\" \/>\n<meta property=\"og:description\" content=\"T64  Cable USB para con conector tipo Apple Lightning de color rosa encobrizado. Cable habilitado para tanto carga de bater\u00eda como para sincronizaci\u00f3n con computador y transferencia de archivos. Cable trenzado met\u00e1lico. Presentaci\u00f3n en caja de cart\u00f3n blanca.  Cable de datos de 4 n\u00facleos, con funci\u00f3n de transferencia de datos. Entrada: 5 V Salida: 5V 2,1 A Largo: 100 cms Puerto: USB Tubo de resorte de acero al carbono galvanizado con cobre. Peso: 44 grs  Caja de 300 unidades.  601054381\" \/>\n<meta property=\"og:url\" content=\"https:\/\/uniformesludo.cl\/index.php\/producto\/cable-conector-apple-lightning-encobrizado-t64\/\" \/>\n<meta property=\"og:site_name\" content=\"Uniformes Ludo\" \/>\n<meta property=\"article:modified_time\" content=\"2024-09-04T17:15:29+00:00\" \/>\n<meta property=\"og:image\" content=\"https:\/\/uniformesludo.cl\/wp-content\/uploads\/2024\/09\/cable_t63_portada.jpg\" \/>\n\t<meta property=\"og:image:width\" content=\"600\" \/>\n\t<meta property=\"og:image:height\" content=\"600\" \/>\n\t<meta property=\"og:image:type\" content=\"image\/jpeg\" \/>\n<meta name=\"twitter:card\" content=\"summary_large_image\" \/>\n<script type=\"application\/ld+json\" class=\"yoast-schema-graph\">{\"@context\":\"https:\/\/schema.org\",\"@graph\":[{\"@type\":\"WebPage\",\"@id\":\"https:\/\/uniformesludo.cl\/index.php\/producto\/cable-conector-apple-lightning-encobrizado-t64\/\",\"url\":\"https:\/\/uniformesludo.cl\/index.php\/producto\/cable-conector-apple-lightning-encobrizado-t64\/\",\"name\":\"Cable Conector Apple Lightning Encobrizado T64 - Uniformes Ludo\",\"isPartOf\":{\"@id\":\"https:\/\/uniformesludo.cl\/#website\"},\"primaryImageOfPage\":{\"@id\":\"https:\/\/uniformesludo.cl\/index.php\/producto\/cable-conector-apple-lightning-encobrizado-t64\/#primaryimage\"},\"image\":{\"@id\":\"https:\/\/uniformesludo.cl\/index.php\/producto\/cable-conector-apple-lightning-encobrizado-t64\/#primaryimage\"},\"thumbnailUrl\":\"https:\/\/uniformesludo.cl\/wp-content\/uploads\/2024\/09\/cable_t63_portada.jpg\",\"datePublished\":\"2024-09-04T17:15:14+00:00\",\"dateModified\":\"2024-09-04T17:15:29+00:00\",\"breadcrumb\":{\"@id\":\"https:\/\/uniformesludo.cl\/index.php\/producto\/cable-conector-apple-lightning-encobrizado-t64\/#breadcrumb\"},\"inLanguage\":\"es\",\"potentialAction\":[{\"@type\":\"ReadAction\",\"target\":[\"https:\/\/uniformesludo.cl\/index.php\/producto\/cable-conector-apple-lightning-encobrizado-t64\/\"]}]},{\"@type\":\"ImageObject\",\"inLanguage\":\"es\",\"@id\":\"https:\/\/uniformesludo.cl\/index.php\/producto\/cable-conector-apple-lightning-encobrizado-t64\/#primaryimage\",\"url\":\"https:\/\/uniformesludo.cl\/wp-content\/uploads\/2024\/09\/cable_t63_portada.jpg\",\"contentUrl\":\"https:\/\/uniformesludo.cl\/wp-content\/uploads\/2024\/09\/cable_t63_portada.jpg\",\"width\":600,\"height\":600},{\"@type\":\"BreadcrumbList\",\"@id\":\"https:\/\/uniformesludo.cl\/index.php\/producto\/cable-conector-apple-lightning-encobrizado-t64\/#breadcrumb\",\"itemListElement\":[{\"@type\":\"ListItem\",\"position\":1,\"name\":\"Portada\",\"item\":\"https:\/\/uniformesludo.cl\/\"},{\"@type\":\"ListItem\",\"position\":2,\"name\":\"Tienda\",\"item\":\"https:\/\/uniformesludo.cl\/index.php\/tienda\/\"},{\"@type\":\"ListItem\",\"position\":3,\"name\":\"Cable Conector Apple Lightning Encobrizado T64\"}]},{\"@type\":\"WebSite\",\"@id\":\"https:\/\/uniformesludo.cl\/#website\",\"url\":\"https:\/\/uniformesludo.cl\/\",\"name\":\"Uniformes Ludo\",\"description\":\"Es una de las empresas comercializadoras de Ropa de trabajo, confecci\u00f3n, productos de protecci\u00f3n, prevenci\u00f3n y seguridad una de las m\u00e1s importantes de nuestro pa\u00eds, reconocida a nivel Nacional, con numerosos clientes a lo largo de Chile que avalan su compromiso de calidad. De igual forma, existe una permanente preocupaci\u00f3n por mantener un servicio integral de excelencia que permita identificarnos como \u201cel mejor equipo, la mejor empresa e inversi\u00f3n\u201d.\",\"potentialAction\":[{\"@type\":\"SearchAction\",\"target\":{\"@type\":\"EntryPoint\",\"urlTemplate\":\"https:\/\/uniformesludo.cl\/?s={search_term_string}\"},\"query-input\":{\"@type\":\"PropertyValueSpecification\",\"valueRequired\":true,\"valueName\":\"search_term_string\"}}],\"inLanguage\":\"es\"}]}<\/script>\n<!-- \/ Yoast SEO plugin. -->","yoast_head_json":{"title":"Cable Conector Apple Lightning Encobrizado T64 - Uniformes Ludo","robots":{"index":"index","follow":"follow","max-snippet":"max-snippet:-1","max-image-preview":"max-image-preview:large","max-video-preview":"max-video-preview:-1"},"canonical":"https:\/\/uniformesludo.cl\/index.php\/producto\/cable-conector-apple-lightning-encobrizado-t64\/","og_locale":"es_ES","og_type":"article","og_title":"Cable Conector Apple Lightning Encobrizado T64 - Uniformes Ludo","og_description":"T64  Cable USB para con conector tipo Apple Lightning de color rosa encobrizado. Cable habilitado para tanto carga de bater\u00eda como para sincronizaci\u00f3n con computador y transferencia de archivos. Cable trenzado met\u00e1lico. Presentaci\u00f3n en caja de cart\u00f3n blanca.  Cable de datos de 4 n\u00facleos, con funci\u00f3n de transferencia de datos. Entrada: 5 V Salida: 5V 2,1 A Largo: 100 cms Puerto: USB Tubo de resorte de acero al carbono galvanizado con cobre. Peso: 44 grs  Caja de 300 unidades.  601054381","og_url":"https:\/\/uniformesludo.cl\/index.php\/producto\/cable-conector-apple-lightning-encobrizado-t64\/","og_site_name":"Uniformes Ludo","article_modified_time":"2024-09-04T17:15:29+00:00","og_image":[{"width":600,"height":600,"url":"https:\/\/uniformesludo.cl\/wp-content\/uploads\/2024\/09\/cable_t63_portada.jpg","type":"image\/jpeg"}],"twitter_card":"summary_large_image","schema":{"@context":"https:\/\/schema.org","@graph":[{"@type":"WebPage","@id":"https:\/\/uniformesludo.cl\/index.php\/producto\/cable-conector-apple-lightning-encobrizado-t64\/","url":"https:\/\/uniformesludo.cl\/index.php\/producto\/cable-conector-apple-lightning-encobrizado-t64\/","name":"Cable Conector Apple Lightning Encobrizado T64 - Uniformes Ludo","isPartOf":{"@id":"https:\/\/uniformesludo.cl\/#website"},"primaryImageOfPage":{"@id":"https:\/\/uniformesludo.cl\/index.php\/producto\/cable-conector-apple-lightning-encobrizado-t64\/#primaryimage"},"image":{"@id":"https:\/\/uniformesludo.cl\/index.php\/producto\/cable-conector-apple-lightning-encobrizado-t64\/#primaryimage"},"thumbnailUrl":"https:\/\/uniformesludo.cl\/wp-content\/uploads\/2024\/09\/cable_t63_portada.jpg","datePublished":"2024-09-04T17:15:14+00:00","dateModified":"2024-09-04T17:15:29+00:00","breadcrumb":{"@id":"https:\/\/uniformesludo.cl\/index.php\/producto\/cable-conector-apple-lightning-encobrizado-t64\/#breadcrumb"},"inLanguage":"es","potentialAction":[{"@type":"ReadAction","target":["https:\/\/uniformesludo.cl\/index.php\/producto\/cable-conector-apple-lightning-encobrizado-t64\/"]}]},{"@type":"ImageObject","inLanguage":"es","@id":"https:\/\/uniformesludo.cl\/index.php\/producto\/cable-conector-apple-lightning-encobrizado-t64\/#primaryimage","url":"https:\/\/uniformesludo.cl\/wp-content\/uploads\/2024\/09\/cable_t63_portada.jpg","contentUrl":"https:\/\/uniformesludo.cl\/wp-content\/uploads\/2024\/09\/cable_t63_portada.jpg","width":600,"height":600},{"@type":"BreadcrumbList","@id":"https:\/\/uniformesludo.cl\/index.php\/producto\/cable-conector-apple-lightning-encobrizado-t64\/#breadcrumb","itemListElement":[{"@type":"ListItem","position":1,"name":"Portada","item":"https:\/\/uniformesludo.cl\/"},{"@type":"ListItem","position":2,"name":"Tienda","item":"https:\/\/uniformesludo.cl\/index.php\/tienda\/"},{"@type":"ListItem","position":3,"name":"Cable Conector Apple Lightning Encobrizado T64"}]},{"@type":"WebSite","@id":"https:\/\/uniformesludo.cl\/#website","url":"https:\/\/uniformesludo.cl\/","name":"Uniformes Ludo","description":"Es una de las empresas comercializadoras de Ropa de trabajo, confecci\u00f3n, productos de protecci\u00f3n, prevenci\u00f3n y seguridad una de las m\u00e1s importantes de nuestro pa\u00eds, reconocida a nivel Nacional, con numerosos clientes a lo largo de Chile que avalan su compromiso de calidad. De igual forma, existe una permanente preocupaci\u00f3n por mantener un servicio integral de excelencia que permita identificarnos como \u201cel mejor equipo, la mejor empresa e inversi\u00f3n\u201d.","potentialAction":[{"@type":"SearchAction","target":{"@type":"EntryPoint","urlTemplate":"https:\/\/uniformesludo.cl\/?s={search_term_string}"},"query-input":{"@type":"PropertyValueSpecification","valueRequired":true,"valueName":"search_term_string"}}],"inLanguage":"es"}]}},"_links":{"self":[{"href":"https:\/\/uniformesludo.cl\/index.php\/wp-json\/wp\/v2\/product\/10021089","targetHints":{"allow":["GET"]}}],"collection":[{"href":"https:\/\/uniformesludo.cl\/index.php\/wp-json\/wp\/v2\/product"}],"about":[{"href":"https:\/\/uniformesludo.cl\/index.php\/wp-json\/wp\/v2\/types\/product"}],"replies":[{"embeddable":true,"href":"https:\/\/uniformesludo.cl\/index.php\/wp-json\/wp\/v2\/comments?post=10021089"}],"wp:featuredmedia":[{"embeddable":true,"href":"https:\/\/uniformesludo.cl\/index.php\/wp-json\/wp\/v2\/media\/10021109"}],"wp:attachment":[{"href":"https:\/\/uniformesludo.cl\/index.php\/wp-json\/wp\/v2\/media?parent=10021089"}],"wp:term":[{"taxonomy":"product_brand","embeddable":true,"href":"https:\/\/uniformesludo.cl\/index.php\/wp-json\/wp\/v2\/product_brand?post=10021089"},{"taxonomy":"product_cat","embeddable":true,"href":"https:\/\/uniformesludo.cl\/index.php\/wp-json\/wp\/v2\/product_cat?post=10021089"},{"taxonomy":"product_tag","embeddable":true,"href":"https:\/\/uniformesludo.cl\/index.php\/wp-json\/wp\/v2\/product_tag?post=10021089"}],"curies":[{"name":"wp","href":"https:\/\/api.w.org\/{rel}","templated":true}]}}