{"id":10020846,"date":"2024-09-04T17:12:42","date_gmt":"2024-09-04T17:12:42","guid":{"rendered":"https:\/\/uniformesludo.cl\/?post_type=product&#038;p=10020846"},"modified":"2024-09-04T17:13:42","modified_gmt":"2024-09-04T17:13:42","slug":"cajas-de-carton-5-capas-mediana-cc50","status":"publish","type":"product","link":"https:\/\/uniformesludo.cl\/index.php\/producto\/cajas-de-carton-5-capas-mediana-cc50\/","title":{"rendered":"Cajas de Cart\u00f3n 5 capas Mediana CC50"},"content":{"rendered":"","protected":false},"excerpt":{"rendered":"<p><span style=\"color: #000080;\"><strong>CC50<\/strong><\/span><\/p>\n<p><em>Cajas de cart\u00f3n color kraft de 5 capas. Tama\u00f1o mediano. Gramaje 610 grs.<\/em><\/p>\n<p>Tama\u00f1o: 50 x 35 x H25 cms<\/p>\n<p>Caja de 10 unidades.<\/p>\n<p>601040180<\/p>\n","protected":false},"featured_media":10020929,"comment_status":"closed","ping_status":"closed","template":"","meta":[],"product_brand":[],"product_cat":[880,876],"product_tag":[],"class_list":{"0":"post-10020846","1":"product","2":"type-product","3":"status-publish","4":"has-post-thumbnail","6":"product_cat-cajas-de-carton-autoarmables","7":"product_cat-packaging","9":"first","10":"instock","11":"shipping-taxable","12":"product-type-simple"},"aioseo_notices":[],"yoast_head":"<!-- This site is optimized with the Yoast SEO plugin v26.5 - https:\/\/yoast.com\/wordpress\/plugins\/seo\/ -->\n<title>Cajas de Cart\u00f3n 5 capas Mediana CC50 - Uniformes Ludo<\/title>\n<meta name=\"robots\" content=\"index, follow, max-snippet:-1, max-image-preview:large, max-video-preview:-1\" \/>\n<link rel=\"canonical\" href=\"https:\/\/uniformesludo.cl\/index.php\/producto\/cajas-de-carton-5-capas-mediana-cc50\/\" \/>\n<meta property=\"og:locale\" content=\"es_ES\" \/>\n<meta property=\"og:type\" content=\"article\" \/>\n<meta property=\"og:title\" content=\"Cajas de Cart\u00f3n 5 capas Mediana CC50 - Uniformes Ludo\" \/>\n<meta property=\"og:description\" content=\"CC50  Cajas de cart\u00f3n color kraft de 5 capas. Tama\u00f1o mediano. Gramaje 610 grs.  Tama\u00f1o: 50 x 35 x H25 cms  Caja de 10 unidades.  601040180\" \/>\n<meta property=\"og:url\" content=\"https:\/\/uniformesludo.cl\/index.php\/producto\/cajas-de-carton-5-capas-mediana-cc50\/\" \/>\n<meta property=\"og:site_name\" content=\"Uniformes Ludo\" \/>\n<meta property=\"article:modified_time\" content=\"2024-09-04T17:13:42+00:00\" \/>\n<meta property=\"og:image\" content=\"https:\/\/uniformesludo.cl\/wp-content\/uploads\/2024\/09\/KARTOX-K010102-CAJAS_CON_SOLAPAS_1_ONDA_l.jpg\" \/>\n\t<meta property=\"og:image:width\" content=\"1000\" \/>\n\t<meta property=\"og:image:height\" content=\"1000\" \/>\n\t<meta property=\"og:image:type\" content=\"image\/jpeg\" \/>\n<meta name=\"twitter:card\" content=\"summary_large_image\" \/>\n<script type=\"application\/ld+json\" class=\"yoast-schema-graph\">{\"@context\":\"https:\/\/schema.org\",\"@graph\":[{\"@type\":\"WebPage\",\"@id\":\"https:\/\/uniformesludo.cl\/index.php\/producto\/cajas-de-carton-5-capas-mediana-cc50\/\",\"url\":\"https:\/\/uniformesludo.cl\/index.php\/producto\/cajas-de-carton-5-capas-mediana-cc50\/\",\"name\":\"Cajas de Cart\u00f3n 5 capas Mediana CC50 - Uniformes Ludo\",\"isPartOf\":{\"@id\":\"https:\/\/uniformesludo.cl\/#website\"},\"primaryImageOfPage\":{\"@id\":\"https:\/\/uniformesludo.cl\/index.php\/producto\/cajas-de-carton-5-capas-mediana-cc50\/#primaryimage\"},\"image\":{\"@id\":\"https:\/\/uniformesludo.cl\/index.php\/producto\/cajas-de-carton-5-capas-mediana-cc50\/#primaryimage\"},\"thumbnailUrl\":\"https:\/\/uniformesludo.cl\/wp-content\/uploads\/2024\/09\/KARTOX-K010102-CAJAS_CON_SOLAPAS_1_ONDA_l.jpg\",\"datePublished\":\"2024-09-04T17:12:42+00:00\",\"dateModified\":\"2024-09-04T17:13:42+00:00\",\"breadcrumb\":{\"@id\":\"https:\/\/uniformesludo.cl\/index.php\/producto\/cajas-de-carton-5-capas-mediana-cc50\/#breadcrumb\"},\"inLanguage\":\"es\",\"potentialAction\":[{\"@type\":\"ReadAction\",\"target\":[\"https:\/\/uniformesludo.cl\/index.php\/producto\/cajas-de-carton-5-capas-mediana-cc50\/\"]}]},{\"@type\":\"ImageObject\",\"inLanguage\":\"es\",\"@id\":\"https:\/\/uniformesludo.cl\/index.php\/producto\/cajas-de-carton-5-capas-mediana-cc50\/#primaryimage\",\"url\":\"https:\/\/uniformesludo.cl\/wp-content\/uploads\/2024\/09\/KARTOX-K010102-CAJAS_CON_SOLAPAS_1_ONDA_l.jpg\",\"contentUrl\":\"https:\/\/uniformesludo.cl\/wp-content\/uploads\/2024\/09\/KARTOX-K010102-CAJAS_CON_SOLAPAS_1_ONDA_l.jpg\",\"width\":1000,\"height\":1000},{\"@type\":\"BreadcrumbList\",\"@id\":\"https:\/\/uniformesludo.cl\/index.php\/producto\/cajas-de-carton-5-capas-mediana-cc50\/#breadcrumb\",\"itemListElement\":[{\"@type\":\"ListItem\",\"position\":1,\"name\":\"Portada\",\"item\":\"https:\/\/uniformesludo.cl\/\"},{\"@type\":\"ListItem\",\"position\":2,\"name\":\"Tienda\",\"item\":\"https:\/\/uniformesludo.cl\/index.php\/tienda\/\"},{\"@type\":\"ListItem\",\"position\":3,\"name\":\"Cajas de Cart\u00f3n 5 capas Mediana CC50\"}]},{\"@type\":\"WebSite\",\"@id\":\"https:\/\/uniformesludo.cl\/#website\",\"url\":\"https:\/\/uniformesludo.cl\/\",\"name\":\"Uniformes Ludo\",\"description\":\"Es una de las empresas comercializadoras de Ropa de trabajo, confecci\u00f3n, productos de protecci\u00f3n, prevenci\u00f3n y seguridad una de las m\u00e1s importantes de nuestro pa\u00eds, reconocida a nivel Nacional, con numerosos clientes a lo largo de Chile que avalan su compromiso de calidad. De igual forma, existe una permanente preocupaci\u00f3n por mantener un servicio integral de excelencia que permita identificarnos como \u201cel mejor equipo, la mejor empresa e inversi\u00f3n\u201d.\",\"potentialAction\":[{\"@type\":\"SearchAction\",\"target\":{\"@type\":\"EntryPoint\",\"urlTemplate\":\"https:\/\/uniformesludo.cl\/?s={search_term_string}\"},\"query-input\":{\"@type\":\"PropertyValueSpecification\",\"valueRequired\":true,\"valueName\":\"search_term_string\"}}],\"inLanguage\":\"es\"}]}<\/script>\n<!-- \/ Yoast SEO plugin. -->","yoast_head_json":{"title":"Cajas de Cart\u00f3n 5 capas Mediana CC50 - Uniformes Ludo","robots":{"index":"index","follow":"follow","max-snippet":"max-snippet:-1","max-image-preview":"max-image-preview:large","max-video-preview":"max-video-preview:-1"},"canonical":"https:\/\/uniformesludo.cl\/index.php\/producto\/cajas-de-carton-5-capas-mediana-cc50\/","og_locale":"es_ES","og_type":"article","og_title":"Cajas de Cart\u00f3n 5 capas Mediana CC50 - Uniformes Ludo","og_description":"CC50  Cajas de cart\u00f3n color kraft de 5 capas. Tama\u00f1o mediano. Gramaje 610 grs.  Tama\u00f1o: 50 x 35 x H25 cms  Caja de 10 unidades.  601040180","og_url":"https:\/\/uniformesludo.cl\/index.php\/producto\/cajas-de-carton-5-capas-mediana-cc50\/","og_site_name":"Uniformes Ludo","article_modified_time":"2024-09-04T17:13:42+00:00","og_image":[{"width":1000,"height":1000,"url":"https:\/\/uniformesludo.cl\/wp-content\/uploads\/2024\/09\/KARTOX-K010102-CAJAS_CON_SOLAPAS_1_ONDA_l.jpg","type":"image\/jpeg"}],"twitter_card":"summary_large_image","schema":{"@context":"https:\/\/schema.org","@graph":[{"@type":"WebPage","@id":"https:\/\/uniformesludo.cl\/index.php\/producto\/cajas-de-carton-5-capas-mediana-cc50\/","url":"https:\/\/uniformesludo.cl\/index.php\/producto\/cajas-de-carton-5-capas-mediana-cc50\/","name":"Cajas de Cart\u00f3n 5 capas Mediana CC50 - Uniformes Ludo","isPartOf":{"@id":"https:\/\/uniformesludo.cl\/#website"},"primaryImageOfPage":{"@id":"https:\/\/uniformesludo.cl\/index.php\/producto\/cajas-de-carton-5-capas-mediana-cc50\/#primaryimage"},"image":{"@id":"https:\/\/uniformesludo.cl\/index.php\/producto\/cajas-de-carton-5-capas-mediana-cc50\/#primaryimage"},"thumbnailUrl":"https:\/\/uniformesludo.cl\/wp-content\/uploads\/2024\/09\/KARTOX-K010102-CAJAS_CON_SOLAPAS_1_ONDA_l.jpg","datePublished":"2024-09-04T17:12:42+00:00","dateModified":"2024-09-04T17:13:42+00:00","breadcrumb":{"@id":"https:\/\/uniformesludo.cl\/index.php\/producto\/cajas-de-carton-5-capas-mediana-cc50\/#breadcrumb"},"inLanguage":"es","potentialAction":[{"@type":"ReadAction","target":["https:\/\/uniformesludo.cl\/index.php\/producto\/cajas-de-carton-5-capas-mediana-cc50\/"]}]},{"@type":"ImageObject","inLanguage":"es","@id":"https:\/\/uniformesludo.cl\/index.php\/producto\/cajas-de-carton-5-capas-mediana-cc50\/#primaryimage","url":"https:\/\/uniformesludo.cl\/wp-content\/uploads\/2024\/09\/KARTOX-K010102-CAJAS_CON_SOLAPAS_1_ONDA_l.jpg","contentUrl":"https:\/\/uniformesludo.cl\/wp-content\/uploads\/2024\/09\/KARTOX-K010102-CAJAS_CON_SOLAPAS_1_ONDA_l.jpg","width":1000,"height":1000},{"@type":"BreadcrumbList","@id":"https:\/\/uniformesludo.cl\/index.php\/producto\/cajas-de-carton-5-capas-mediana-cc50\/#breadcrumb","itemListElement":[{"@type":"ListItem","position":1,"name":"Portada","item":"https:\/\/uniformesludo.cl\/"},{"@type":"ListItem","position":2,"name":"Tienda","item":"https:\/\/uniformesludo.cl\/index.php\/tienda\/"},{"@type":"ListItem","position":3,"name":"Cajas de Cart\u00f3n 5 capas Mediana CC50"}]},{"@type":"WebSite","@id":"https:\/\/uniformesludo.cl\/#website","url":"https:\/\/uniformesludo.cl\/","name":"Uniformes Ludo","description":"Es una de las empresas comercializadoras de Ropa de trabajo, confecci\u00f3n, productos de protecci\u00f3n, prevenci\u00f3n y seguridad una de las m\u00e1s importantes de nuestro pa\u00eds, reconocida a nivel Nacional, con numerosos clientes a lo largo de Chile que avalan su compromiso de calidad. De igual forma, existe una permanente preocupaci\u00f3n por mantener un servicio integral de excelencia que permita identificarnos como \u201cel mejor equipo, la mejor empresa e inversi\u00f3n\u201d.","potentialAction":[{"@type":"SearchAction","target":{"@type":"EntryPoint","urlTemplate":"https:\/\/uniformesludo.cl\/?s={search_term_string}"},"query-input":{"@type":"PropertyValueSpecification","valueRequired":true,"valueName":"search_term_string"}}],"inLanguage":"es"}]}},"_links":{"self":[{"href":"https:\/\/uniformesludo.cl\/index.php\/wp-json\/wp\/v2\/product\/10020846","targetHints":{"allow":["GET"]}}],"collection":[{"href":"https:\/\/uniformesludo.cl\/index.php\/wp-json\/wp\/v2\/product"}],"about":[{"href":"https:\/\/uniformesludo.cl\/index.php\/wp-json\/wp\/v2\/types\/product"}],"replies":[{"embeddable":true,"href":"https:\/\/uniformesludo.cl\/index.php\/wp-json\/wp\/v2\/comments?post=10020846"}],"wp:featuredmedia":[{"embeddable":true,"href":"https:\/\/uniformesludo.cl\/index.php\/wp-json\/wp\/v2\/media\/10020929"}],"wp:attachment":[{"href":"https:\/\/uniformesludo.cl\/index.php\/wp-json\/wp\/v2\/media?parent=10020846"}],"wp:term":[{"taxonomy":"product_brand","embeddable":true,"href":"https:\/\/uniformesludo.cl\/index.php\/wp-json\/wp\/v2\/product_brand?post=10020846"},{"taxonomy":"product_cat","embeddable":true,"href":"https:\/\/uniformesludo.cl\/index.php\/wp-json\/wp\/v2\/product_cat?post=10020846"},{"taxonomy":"product_tag","embeddable":true,"href":"https:\/\/uniformesludo.cl\/index.php\/wp-json\/wp\/v2\/product_tag?post=10020846"}],"curies":[{"name":"wp","href":"https:\/\/api.w.org\/{rel}","templated":true}]}}