{"id":10020844,"date":"2024-09-04T17:12:42","date_gmt":"2024-09-04T17:12:42","guid":{"rendered":"https:\/\/uniformesludo.cl\/?post_type=product&#038;p=10020844"},"modified":"2024-09-05T17:17:03","modified_gmt":"2024-09-05T17:17:03","slug":"funda-protectora-de-tarjetas-anti-clonacion-tc10","status":"publish","type":"product","link":"https:\/\/uniformesludo.cl\/index.php\/producto\/funda-protectora-de-tarjetas-anti-clonacion-tc10\/","title":{"rendered":"Funda Protectora de Tarjetas Anti-clonaci\u00f3n TC10"},"content":{"rendered":"","protected":false},"excerpt":{"rendered":"<p><span style=\"color: #000080;\"><strong>TC10<\/strong><\/span><\/p>\n<p><em>Funda protectora anti-clonaci\u00f3n para tarjetas escaneo RFID. Protecci\u00f3n magn\u00e9tica interior.<\/em><\/p>\n<p>Tama\u00f1o 91 mm. x 62 mm.<\/p>\n<p>Caja de 10000 unidades.<\/p>\n<p>100 Pcs amarradas con el\u00e1stico.<\/p>\n<p>TC 10 AZUL 601060300<br \/>\nTC10 ROJO 601060301<br \/>\nTC10 NEGRO 601060302<\/p>\n<p><img loading=\"lazy\" decoding=\"async\" class=\"alignnone size-full wp-image-513\" src=\"http:\/\/imblasco.cl\/regalos\/wp-content\/uploads\/2019\/06\/tampografia.png\" alt=\"\" width=\"71\" height=\"71\" \/><\/p>\n","protected":false},"featured_media":10020923,"comment_status":"closed","ping_status":"closed","template":"","meta":[],"product_brand":[],"product_cat":[578,577,849],"product_tag":[],"class_list":{"0":"post-10020844","1":"product","2":"type-product","3":"status-publish","4":"has-post-thumbnail","6":"product_cat-accesorios-herramientas","7":"product_cat-novedades-articulos-publicitarios","8":"product_cat-otros-tecnologicos","10":"first","11":"instock","12":"shipping-taxable","13":"purchasable","14":"product-type-variable"},"aioseo_notices":[],"yoast_head":"<!-- This site is optimized with the Yoast SEO plugin v26.5 - https:\/\/yoast.com\/wordpress\/plugins\/seo\/ -->\n<title>Funda Protectora de Tarjetas Anti-clonaci\u00f3n TC10 - Uniformes Ludo<\/title>\n<meta name=\"robots\" content=\"index, follow, max-snippet:-1, max-image-preview:large, max-video-preview:-1\" \/>\n<link rel=\"canonical\" href=\"https:\/\/uniformesludo.cl\/index.php\/producto\/funda-protectora-de-tarjetas-anti-clonacion-tc10\/\" \/>\n<meta property=\"og:locale\" content=\"es_ES\" \/>\n<meta property=\"og:type\" content=\"article\" \/>\n<meta property=\"og:title\" content=\"Funda Protectora de Tarjetas Anti-clonaci\u00f3n TC10 - Uniformes Ludo\" \/>\n<meta property=\"og:description\" content=\"TC10  Funda protectora anti-clonaci\u00f3n para tarjetas escaneo RFID. Protecci\u00f3n magn\u00e9tica interior.  Tama\u00f1o 91 mm. x 62 mm.  Caja de 10000 unidades.  100 Pcs amarradas con el\u00e1stico.  TC 10 AZUL 601060300 TC10 ROJO 601060301 TC10 NEGRO 601060302\" \/>\n<meta property=\"og:url\" content=\"https:\/\/uniformesludo.cl\/index.php\/producto\/funda-protectora-de-tarjetas-anti-clonacion-tc10\/\" \/>\n<meta property=\"og:site_name\" content=\"Uniformes Ludo\" \/>\n<meta property=\"article:modified_time\" content=\"2024-09-05T17:17:03+00:00\" \/>\n<meta property=\"og:image\" content=\"https:\/\/uniformesludo.cl\/wp-content\/uploads\/2024\/09\/Funda-Protectora-1.jpg\" \/>\n\t<meta property=\"og:image:width\" content=\"600\" \/>\n\t<meta property=\"og:image:height\" content=\"600\" \/>\n\t<meta property=\"og:image:type\" content=\"image\/jpeg\" \/>\n<meta name=\"twitter:card\" content=\"summary_large_image\" \/>\n<script type=\"application\/ld+json\" class=\"yoast-schema-graph\">{\"@context\":\"https:\/\/schema.org\",\"@graph\":[{\"@type\":\"WebPage\",\"@id\":\"https:\/\/uniformesludo.cl\/index.php\/producto\/funda-protectora-de-tarjetas-anti-clonacion-tc10\/\",\"url\":\"https:\/\/uniformesludo.cl\/index.php\/producto\/funda-protectora-de-tarjetas-anti-clonacion-tc10\/\",\"name\":\"Funda Protectora de Tarjetas Anti-clonaci\u00f3n TC10 - Uniformes Ludo\",\"isPartOf\":{\"@id\":\"https:\/\/uniformesludo.cl\/#website\"},\"primaryImageOfPage\":{\"@id\":\"https:\/\/uniformesludo.cl\/index.php\/producto\/funda-protectora-de-tarjetas-anti-clonacion-tc10\/#primaryimage\"},\"image\":{\"@id\":\"https:\/\/uniformesludo.cl\/index.php\/producto\/funda-protectora-de-tarjetas-anti-clonacion-tc10\/#primaryimage\"},\"thumbnailUrl\":\"https:\/\/uniformesludo.cl\/wp-content\/uploads\/2024\/09\/Funda-Protectora-1.jpg\",\"datePublished\":\"2024-09-04T17:12:42+00:00\",\"dateModified\":\"2024-09-05T17:17:03+00:00\",\"breadcrumb\":{\"@id\":\"https:\/\/uniformesludo.cl\/index.php\/producto\/funda-protectora-de-tarjetas-anti-clonacion-tc10\/#breadcrumb\"},\"inLanguage\":\"es\",\"potentialAction\":[{\"@type\":\"ReadAction\",\"target\":[\"https:\/\/uniformesludo.cl\/index.php\/producto\/funda-protectora-de-tarjetas-anti-clonacion-tc10\/\"]}]},{\"@type\":\"ImageObject\",\"inLanguage\":\"es\",\"@id\":\"https:\/\/uniformesludo.cl\/index.php\/producto\/funda-protectora-de-tarjetas-anti-clonacion-tc10\/#primaryimage\",\"url\":\"https:\/\/uniformesludo.cl\/wp-content\/uploads\/2024\/09\/Funda-Protectora-1.jpg\",\"contentUrl\":\"https:\/\/uniformesludo.cl\/wp-content\/uploads\/2024\/09\/Funda-Protectora-1.jpg\",\"width\":600,\"height\":600},{\"@type\":\"BreadcrumbList\",\"@id\":\"https:\/\/uniformesludo.cl\/index.php\/producto\/funda-protectora-de-tarjetas-anti-clonacion-tc10\/#breadcrumb\",\"itemListElement\":[{\"@type\":\"ListItem\",\"position\":1,\"name\":\"Portada\",\"item\":\"https:\/\/uniformesludo.cl\/\"},{\"@type\":\"ListItem\",\"position\":2,\"name\":\"Tienda\",\"item\":\"https:\/\/uniformesludo.cl\/index.php\/tienda\/\"},{\"@type\":\"ListItem\",\"position\":3,\"name\":\"Funda Protectora de Tarjetas Anti-clonaci\u00f3n TC10\"}]},{\"@type\":\"WebSite\",\"@id\":\"https:\/\/uniformesludo.cl\/#website\",\"url\":\"https:\/\/uniformesludo.cl\/\",\"name\":\"Uniformes Ludo\",\"description\":\"Es una de las empresas comercializadoras de Ropa de trabajo, confecci\u00f3n, productos de protecci\u00f3n, prevenci\u00f3n y seguridad una de las m\u00e1s importantes de nuestro pa\u00eds, reconocida a nivel Nacional, con numerosos clientes a lo largo de Chile que avalan su compromiso de calidad. De igual forma, existe una permanente preocupaci\u00f3n por mantener un servicio integral de excelencia que permita identificarnos como \u201cel mejor equipo, la mejor empresa e inversi\u00f3n\u201d.\",\"potentialAction\":[{\"@type\":\"SearchAction\",\"target\":{\"@type\":\"EntryPoint\",\"urlTemplate\":\"https:\/\/uniformesludo.cl\/?s={search_term_string}\"},\"query-input\":{\"@type\":\"PropertyValueSpecification\",\"valueRequired\":true,\"valueName\":\"search_term_string\"}}],\"inLanguage\":\"es\"}]}<\/script>\n<!-- \/ Yoast SEO plugin. -->","yoast_head_json":{"title":"Funda Protectora de Tarjetas Anti-clonaci\u00f3n TC10 - Uniformes Ludo","robots":{"index":"index","follow":"follow","max-snippet":"max-snippet:-1","max-image-preview":"max-image-preview:large","max-video-preview":"max-video-preview:-1"},"canonical":"https:\/\/uniformesludo.cl\/index.php\/producto\/funda-protectora-de-tarjetas-anti-clonacion-tc10\/","og_locale":"es_ES","og_type":"article","og_title":"Funda Protectora de Tarjetas Anti-clonaci\u00f3n TC10 - Uniformes Ludo","og_description":"TC10  Funda protectora anti-clonaci\u00f3n para tarjetas escaneo RFID. Protecci\u00f3n magn\u00e9tica interior.  Tama\u00f1o 91 mm. x 62 mm.  Caja de 10000 unidades.  100 Pcs amarradas con el\u00e1stico.  TC 10 AZUL 601060300 TC10 ROJO 601060301 TC10 NEGRO 601060302","og_url":"https:\/\/uniformesludo.cl\/index.php\/producto\/funda-protectora-de-tarjetas-anti-clonacion-tc10\/","og_site_name":"Uniformes Ludo","article_modified_time":"2024-09-05T17:17:03+00:00","og_image":[{"width":600,"height":600,"url":"https:\/\/uniformesludo.cl\/wp-content\/uploads\/2024\/09\/Funda-Protectora-1.jpg","type":"image\/jpeg"}],"twitter_card":"summary_large_image","schema":{"@context":"https:\/\/schema.org","@graph":[{"@type":"WebPage","@id":"https:\/\/uniformesludo.cl\/index.php\/producto\/funda-protectora-de-tarjetas-anti-clonacion-tc10\/","url":"https:\/\/uniformesludo.cl\/index.php\/producto\/funda-protectora-de-tarjetas-anti-clonacion-tc10\/","name":"Funda Protectora de Tarjetas Anti-clonaci\u00f3n TC10 - Uniformes Ludo","isPartOf":{"@id":"https:\/\/uniformesludo.cl\/#website"},"primaryImageOfPage":{"@id":"https:\/\/uniformesludo.cl\/index.php\/producto\/funda-protectora-de-tarjetas-anti-clonacion-tc10\/#primaryimage"},"image":{"@id":"https:\/\/uniformesludo.cl\/index.php\/producto\/funda-protectora-de-tarjetas-anti-clonacion-tc10\/#primaryimage"},"thumbnailUrl":"https:\/\/uniformesludo.cl\/wp-content\/uploads\/2024\/09\/Funda-Protectora-1.jpg","datePublished":"2024-09-04T17:12:42+00:00","dateModified":"2024-09-05T17:17:03+00:00","breadcrumb":{"@id":"https:\/\/uniformesludo.cl\/index.php\/producto\/funda-protectora-de-tarjetas-anti-clonacion-tc10\/#breadcrumb"},"inLanguage":"es","potentialAction":[{"@type":"ReadAction","target":["https:\/\/uniformesludo.cl\/index.php\/producto\/funda-protectora-de-tarjetas-anti-clonacion-tc10\/"]}]},{"@type":"ImageObject","inLanguage":"es","@id":"https:\/\/uniformesludo.cl\/index.php\/producto\/funda-protectora-de-tarjetas-anti-clonacion-tc10\/#primaryimage","url":"https:\/\/uniformesludo.cl\/wp-content\/uploads\/2024\/09\/Funda-Protectora-1.jpg","contentUrl":"https:\/\/uniformesludo.cl\/wp-content\/uploads\/2024\/09\/Funda-Protectora-1.jpg","width":600,"height":600},{"@type":"BreadcrumbList","@id":"https:\/\/uniformesludo.cl\/index.php\/producto\/funda-protectora-de-tarjetas-anti-clonacion-tc10\/#breadcrumb","itemListElement":[{"@type":"ListItem","position":1,"name":"Portada","item":"https:\/\/uniformesludo.cl\/"},{"@type":"ListItem","position":2,"name":"Tienda","item":"https:\/\/uniformesludo.cl\/index.php\/tienda\/"},{"@type":"ListItem","position":3,"name":"Funda Protectora de Tarjetas Anti-clonaci\u00f3n TC10"}]},{"@type":"WebSite","@id":"https:\/\/uniformesludo.cl\/#website","url":"https:\/\/uniformesludo.cl\/","name":"Uniformes Ludo","description":"Es una de las empresas comercializadoras de Ropa de trabajo, confecci\u00f3n, productos de protecci\u00f3n, prevenci\u00f3n y seguridad una de las m\u00e1s importantes de nuestro pa\u00eds, reconocida a nivel Nacional, con numerosos clientes a lo largo de Chile que avalan su compromiso de calidad. De igual forma, existe una permanente preocupaci\u00f3n por mantener un servicio integral de excelencia que permita identificarnos como \u201cel mejor equipo, la mejor empresa e inversi\u00f3n\u201d.","potentialAction":[{"@type":"SearchAction","target":{"@type":"EntryPoint","urlTemplate":"https:\/\/uniformesludo.cl\/?s={search_term_string}"},"query-input":{"@type":"PropertyValueSpecification","valueRequired":true,"valueName":"search_term_string"}}],"inLanguage":"es"}]}},"_links":{"self":[{"href":"https:\/\/uniformesludo.cl\/index.php\/wp-json\/wp\/v2\/product\/10020844","targetHints":{"allow":["GET"]}}],"collection":[{"href":"https:\/\/uniformesludo.cl\/index.php\/wp-json\/wp\/v2\/product"}],"about":[{"href":"https:\/\/uniformesludo.cl\/index.php\/wp-json\/wp\/v2\/types\/product"}],"replies":[{"embeddable":true,"href":"https:\/\/uniformesludo.cl\/index.php\/wp-json\/wp\/v2\/comments?post=10020844"}],"wp:featuredmedia":[{"embeddable":true,"href":"https:\/\/uniformesludo.cl\/index.php\/wp-json\/wp\/v2\/media\/10020923"}],"wp:attachment":[{"href":"https:\/\/uniformesludo.cl\/index.php\/wp-json\/wp\/v2\/media?parent=10020844"}],"wp:term":[{"taxonomy":"product_brand","embeddable":true,"href":"https:\/\/uniformesludo.cl\/index.php\/wp-json\/wp\/v2\/product_brand?post=10020844"},{"taxonomy":"product_cat","embeddable":true,"href":"https:\/\/uniformesludo.cl\/index.php\/wp-json\/wp\/v2\/product_cat?post=10020844"},{"taxonomy":"product_tag","embeddable":true,"href":"https:\/\/uniformesludo.cl\/index.php\/wp-json\/wp\/v2\/product_tag?post=10020844"}],"curies":[{"name":"wp","href":"https:\/\/api.w.org\/{rel}","templated":true}]}}