{"id":10020775,"date":"2024-09-04T17:11:49","date_gmt":"2024-09-04T17:11:49","guid":{"rendered":"https:\/\/uniformesludo.cl\/?post_type=product&#038;p=10020775"},"modified":"2024-09-05T17:16:51","modified_gmt":"2024-09-05T17:16:51","slug":"galvano-cristal-lsa-085","status":"publish","type":"product","link":"https:\/\/uniformesludo.cl\/index.php\/producto\/galvano-cristal-lsa-085\/","title":{"rendered":"Galvano Cristal LSA 085"},"content":{"rendered":"","protected":false},"excerpt":{"rendered":"<p><span style=\"color: #000080;\"><strong>LSA085<\/strong><\/span><\/p>\n<p><em>Galvano de cristal con un alto \u00edndice de refracci\u00f3n. Perfecto para grabado l\u00e1ser. Presentaci\u00f3n\u00a0 en estuche negro con interior de pa\u00f1o de seda y protecci\u00f3n de aislapol. Incluye pa\u00f1o de seda negro para limpieza.<\/em><\/p>\n<p>Cristal de 30mm de espesor.<\/p>\n<p><strong>LSA 085-17<\/strong>: 105 x 168 x 30 mm.\u00a0 \u00a0 Pak.16\u00a0 \u00a0 591087210<\/p>\n<p><strong>LSA 085-20<\/strong>: 125 x 198 x 35 mm.\u00a0 \u00a0 Pak.10\u00a0 \u00a0 591087211<\/p>\n<p><strong>LSA 085-22<\/strong>: 135 x 218 x 40 mm.\u00a0 \u00a0 Pak.8\u00a0 \u00a0 591087212<\/p>\n","protected":false},"featured_media":10020811,"comment_status":"closed","ping_status":"closed","template":"","meta":[],"product_brand":[],"product_cat":[850,602,690,568],"product_tag":[],"class_list":{"0":"post-10020775","1":"product","2":"type-product","3":"status-publish","4":"has-post-thumbnail","6":"product_cat-cristales-2023","7":"product_cat-galvanos-de-cristal","8":"product_cat-novedades-trofeos-y-premios","9":"product_cat-regalos-y-trofeos-premium","11":"first","12":"instock","13":"shipping-taxable","14":"purchasable","15":"product-type-variable"},"aioseo_notices":[],"yoast_head":"<!-- This site is optimized with the Yoast SEO plugin v26.5 - https:\/\/yoast.com\/wordpress\/plugins\/seo\/ -->\n<title>Galvano Cristal LSA 085 - Uniformes Ludo<\/title>\n<meta name=\"robots\" content=\"index, follow, max-snippet:-1, max-image-preview:large, max-video-preview:-1\" \/>\n<link rel=\"canonical\" href=\"https:\/\/uniformesludo.cl\/index.php\/producto\/galvano-cristal-lsa-085\/\" \/>\n<meta property=\"og:locale\" content=\"es_ES\" \/>\n<meta property=\"og:type\" content=\"article\" \/>\n<meta property=\"og:title\" content=\"Galvano Cristal LSA 085 - Uniformes Ludo\" \/>\n<meta property=\"og:description\" content=\"LSA085  Galvano de cristal con un alto \u00edndice de refracci\u00f3n. Perfecto para grabado l\u00e1ser. Presentaci\u00f3n\u00a0 en estuche negro con interior de pa\u00f1o de seda y protecci\u00f3n de aislapol. Incluye pa\u00f1o de seda negro para limpieza.  Cristal de 30mm de espesor.  LSA 085-17: 105 x 168 x 30 mm.\u00a0 \u00a0 Pak.16\u00a0 \u00a0 591087210  LSA 085-20: 125 x 198 x 35 mm.\u00a0 \u00a0 Pak.10\u00a0 \u00a0 591087211  LSA 085-22: 135 x 218 x 40 mm.\u00a0 \u00a0 Pak.8\u00a0 \u00a0 591087212\" \/>\n<meta property=\"og:url\" content=\"https:\/\/uniformesludo.cl\/index.php\/producto\/galvano-cristal-lsa-085\/\" \/>\n<meta property=\"og:site_name\" content=\"Uniformes Ludo\" \/>\n<meta property=\"article:modified_time\" content=\"2024-09-05T17:16:51+00:00\" \/>\n<meta property=\"og:image\" content=\"https:\/\/uniformesludo.cl\/wp-content\/uploads\/2024\/09\/LSA85_2.jpg\" \/>\n\t<meta property=\"og:image:width\" content=\"1800\" \/>\n\t<meta property=\"og:image:height\" content=\"1740\" \/>\n\t<meta property=\"og:image:type\" content=\"image\/jpeg\" \/>\n<meta name=\"twitter:card\" content=\"summary_large_image\" \/>\n<script type=\"application\/ld+json\" class=\"yoast-schema-graph\">{\"@context\":\"https:\/\/schema.org\",\"@graph\":[{\"@type\":\"WebPage\",\"@id\":\"https:\/\/uniformesludo.cl\/index.php\/producto\/galvano-cristal-lsa-085\/\",\"url\":\"https:\/\/uniformesludo.cl\/index.php\/producto\/galvano-cristal-lsa-085\/\",\"name\":\"Galvano Cristal LSA 085 - Uniformes Ludo\",\"isPartOf\":{\"@id\":\"https:\/\/uniformesludo.cl\/#website\"},\"primaryImageOfPage\":{\"@id\":\"https:\/\/uniformesludo.cl\/index.php\/producto\/galvano-cristal-lsa-085\/#primaryimage\"},\"image\":{\"@id\":\"https:\/\/uniformesludo.cl\/index.php\/producto\/galvano-cristal-lsa-085\/#primaryimage\"},\"thumbnailUrl\":\"https:\/\/uniformesludo.cl\/wp-content\/uploads\/2024\/09\/LSA85_2.jpg\",\"datePublished\":\"2024-09-04T17:11:49+00:00\",\"dateModified\":\"2024-09-05T17:16:51+00:00\",\"breadcrumb\":{\"@id\":\"https:\/\/uniformesludo.cl\/index.php\/producto\/galvano-cristal-lsa-085\/#breadcrumb\"},\"inLanguage\":\"es\",\"potentialAction\":[{\"@type\":\"ReadAction\",\"target\":[\"https:\/\/uniformesludo.cl\/index.php\/producto\/galvano-cristal-lsa-085\/\"]}]},{\"@type\":\"ImageObject\",\"inLanguage\":\"es\",\"@id\":\"https:\/\/uniformesludo.cl\/index.php\/producto\/galvano-cristal-lsa-085\/#primaryimage\",\"url\":\"https:\/\/uniformesludo.cl\/wp-content\/uploads\/2024\/09\/LSA85_2.jpg\",\"contentUrl\":\"https:\/\/uniformesludo.cl\/wp-content\/uploads\/2024\/09\/LSA85_2.jpg\",\"width\":1800,\"height\":1740},{\"@type\":\"BreadcrumbList\",\"@id\":\"https:\/\/uniformesludo.cl\/index.php\/producto\/galvano-cristal-lsa-085\/#breadcrumb\",\"itemListElement\":[{\"@type\":\"ListItem\",\"position\":1,\"name\":\"Portada\",\"item\":\"https:\/\/uniformesludo.cl\/\"},{\"@type\":\"ListItem\",\"position\":2,\"name\":\"Tienda\",\"item\":\"https:\/\/uniformesludo.cl\/index.php\/tienda\/\"},{\"@type\":\"ListItem\",\"position\":3,\"name\":\"Galvano Cristal LSA 085\"}]},{\"@type\":\"WebSite\",\"@id\":\"https:\/\/uniformesludo.cl\/#website\",\"url\":\"https:\/\/uniformesludo.cl\/\",\"name\":\"Uniformes Ludo\",\"description\":\"Es una de las empresas comercializadoras de Ropa de trabajo, confecci\u00f3n, productos de protecci\u00f3n, prevenci\u00f3n y seguridad una de las m\u00e1s importantes de nuestro pa\u00eds, reconocida a nivel Nacional, con numerosos clientes a lo largo de Chile que avalan su compromiso de calidad. De igual forma, existe una permanente preocupaci\u00f3n por mantener un servicio integral de excelencia que permita identificarnos como \u201cel mejor equipo, la mejor empresa e inversi\u00f3n\u201d.\",\"potentialAction\":[{\"@type\":\"SearchAction\",\"target\":{\"@type\":\"EntryPoint\",\"urlTemplate\":\"https:\/\/uniformesludo.cl\/?s={search_term_string}\"},\"query-input\":{\"@type\":\"PropertyValueSpecification\",\"valueRequired\":true,\"valueName\":\"search_term_string\"}}],\"inLanguage\":\"es\"}]}<\/script>\n<!-- \/ Yoast SEO plugin. -->","yoast_head_json":{"title":"Galvano Cristal LSA 085 - Uniformes Ludo","robots":{"index":"index","follow":"follow","max-snippet":"max-snippet:-1","max-image-preview":"max-image-preview:large","max-video-preview":"max-video-preview:-1"},"canonical":"https:\/\/uniformesludo.cl\/index.php\/producto\/galvano-cristal-lsa-085\/","og_locale":"es_ES","og_type":"article","og_title":"Galvano Cristal LSA 085 - Uniformes Ludo","og_description":"LSA085  Galvano de cristal con un alto \u00edndice de refracci\u00f3n. Perfecto para grabado l\u00e1ser. Presentaci\u00f3n\u00a0 en estuche negro con interior de pa\u00f1o de seda y protecci\u00f3n de aislapol. Incluye pa\u00f1o de seda negro para limpieza.  Cristal de 30mm de espesor.  LSA 085-17: 105 x 168 x 30 mm.\u00a0 \u00a0 Pak.16\u00a0 \u00a0 591087210  LSA 085-20: 125 x 198 x 35 mm.\u00a0 \u00a0 Pak.10\u00a0 \u00a0 591087211  LSA 085-22: 135 x 218 x 40 mm.\u00a0 \u00a0 Pak.8\u00a0 \u00a0 591087212","og_url":"https:\/\/uniformesludo.cl\/index.php\/producto\/galvano-cristal-lsa-085\/","og_site_name":"Uniformes Ludo","article_modified_time":"2024-09-05T17:16:51+00:00","og_image":[{"width":1800,"height":1740,"url":"https:\/\/uniformesludo.cl\/wp-content\/uploads\/2024\/09\/LSA85_2.jpg","type":"image\/jpeg"}],"twitter_card":"summary_large_image","schema":{"@context":"https:\/\/schema.org","@graph":[{"@type":"WebPage","@id":"https:\/\/uniformesludo.cl\/index.php\/producto\/galvano-cristal-lsa-085\/","url":"https:\/\/uniformesludo.cl\/index.php\/producto\/galvano-cristal-lsa-085\/","name":"Galvano Cristal LSA 085 - Uniformes Ludo","isPartOf":{"@id":"https:\/\/uniformesludo.cl\/#website"},"primaryImageOfPage":{"@id":"https:\/\/uniformesludo.cl\/index.php\/producto\/galvano-cristal-lsa-085\/#primaryimage"},"image":{"@id":"https:\/\/uniformesludo.cl\/index.php\/producto\/galvano-cristal-lsa-085\/#primaryimage"},"thumbnailUrl":"https:\/\/uniformesludo.cl\/wp-content\/uploads\/2024\/09\/LSA85_2.jpg","datePublished":"2024-09-04T17:11:49+00:00","dateModified":"2024-09-05T17:16:51+00:00","breadcrumb":{"@id":"https:\/\/uniformesludo.cl\/index.php\/producto\/galvano-cristal-lsa-085\/#breadcrumb"},"inLanguage":"es","potentialAction":[{"@type":"ReadAction","target":["https:\/\/uniformesludo.cl\/index.php\/producto\/galvano-cristal-lsa-085\/"]}]},{"@type":"ImageObject","inLanguage":"es","@id":"https:\/\/uniformesludo.cl\/index.php\/producto\/galvano-cristal-lsa-085\/#primaryimage","url":"https:\/\/uniformesludo.cl\/wp-content\/uploads\/2024\/09\/LSA85_2.jpg","contentUrl":"https:\/\/uniformesludo.cl\/wp-content\/uploads\/2024\/09\/LSA85_2.jpg","width":1800,"height":1740},{"@type":"BreadcrumbList","@id":"https:\/\/uniformesludo.cl\/index.php\/producto\/galvano-cristal-lsa-085\/#breadcrumb","itemListElement":[{"@type":"ListItem","position":1,"name":"Portada","item":"https:\/\/uniformesludo.cl\/"},{"@type":"ListItem","position":2,"name":"Tienda","item":"https:\/\/uniformesludo.cl\/index.php\/tienda\/"},{"@type":"ListItem","position":3,"name":"Galvano Cristal LSA 085"}]},{"@type":"WebSite","@id":"https:\/\/uniformesludo.cl\/#website","url":"https:\/\/uniformesludo.cl\/","name":"Uniformes Ludo","description":"Es una de las empresas comercializadoras de Ropa de trabajo, confecci\u00f3n, productos de protecci\u00f3n, prevenci\u00f3n y seguridad una de las m\u00e1s importantes de nuestro pa\u00eds, reconocida a nivel Nacional, con numerosos clientes a lo largo de Chile que avalan su compromiso de calidad. De igual forma, existe una permanente preocupaci\u00f3n por mantener un servicio integral de excelencia que permita identificarnos como \u201cel mejor equipo, la mejor empresa e inversi\u00f3n\u201d.","potentialAction":[{"@type":"SearchAction","target":{"@type":"EntryPoint","urlTemplate":"https:\/\/uniformesludo.cl\/?s={search_term_string}"},"query-input":{"@type":"PropertyValueSpecification","valueRequired":true,"valueName":"search_term_string"}}],"inLanguage":"es"}]}},"_links":{"self":[{"href":"https:\/\/uniformesludo.cl\/index.php\/wp-json\/wp\/v2\/product\/10020775","targetHints":{"allow":["GET"]}}],"collection":[{"href":"https:\/\/uniformesludo.cl\/index.php\/wp-json\/wp\/v2\/product"}],"about":[{"href":"https:\/\/uniformesludo.cl\/index.php\/wp-json\/wp\/v2\/types\/product"}],"replies":[{"embeddable":true,"href":"https:\/\/uniformesludo.cl\/index.php\/wp-json\/wp\/v2\/comments?post=10020775"}],"wp:featuredmedia":[{"embeddable":true,"href":"https:\/\/uniformesludo.cl\/index.php\/wp-json\/wp\/v2\/media\/10020811"}],"wp:attachment":[{"href":"https:\/\/uniformesludo.cl\/index.php\/wp-json\/wp\/v2\/media?parent=10020775"}],"wp:term":[{"taxonomy":"product_brand","embeddable":true,"href":"https:\/\/uniformesludo.cl\/index.php\/wp-json\/wp\/v2\/product_brand?post=10020775"},{"taxonomy":"product_cat","embeddable":true,"href":"https:\/\/uniformesludo.cl\/index.php\/wp-json\/wp\/v2\/product_cat?post=10020775"},{"taxonomy":"product_tag","embeddable":true,"href":"https:\/\/uniformesludo.cl\/index.php\/wp-json\/wp\/v2\/product_tag?post=10020775"}],"curies":[{"name":"wp","href":"https:\/\/api.w.org\/{rel}","templated":true}]}}