{"id":10020732,"date":"2024-09-04T17:11:19","date_gmt":"2024-09-04T17:11:19","guid":{"rendered":"https:\/\/uniformesludo.cl\/?post_type=product&#038;p=10020732"},"modified":"2024-09-04T17:12:20","modified_gmt":"2024-09-04T17:12:20","slug":"rack-liviano-mod-rk10","status":"publish","type":"product","link":"https:\/\/uniformesludo.cl\/index.php\/producto\/rack-liviano-mod-rk10\/","title":{"rendered":"Rack Liviano Mod. Rk10"},"content":{"rendered":"","protected":false},"excerpt":{"rendered":"<ul>\n<li>Rack Met\u00e1lico Ranurado.<\/li>\n<li>Dimensiones 240x50x150cm (alto x profundidad x ancho)<\/li>\n<li>Posibilidad de montaje en serie.<\/li>\n<li>Peso m\u00e1ximo por bandeja 150 kg nominales. Peso m\u00e1ximo por nivel 300 kg.<\/li>\n<li>4 Niveles.<\/li>\n<li>Bandeja Met\u00e1lica.<\/li>\n<li>Bastidores color azul.<\/li>\n<li>Vigas color azul y bandejas color blanco.<\/li>\n<li>Perfiles laminados en fr\u00edo.<\/li>\n<li>F\u00e1cil armado.<\/li>\n<li>Se vende desarmado.<\/li>\n<\/ul>\n<table width=\"440\">\n<tbody>\n<tr>\n<td colspan=\"5\" width=\"440\">Rack Liviano Mod. Rk10<\/td>\n<\/tr>\n<tr>\n<td><\/td>\n<td>Tama\u00f1o<\/td>\n<td>Cantidad<\/td>\n<td>C\u00f3digo<\/td>\n<td><\/td>\n<\/tr>\n<tr>\n<td>Alto<\/td>\n<td>2.40 mts.<\/td>\n<td>2 unid.<\/td>\n<td rowspan=\"3\">601050020<\/td>\n<td rowspan=\"3\"><\/td>\n<\/tr>\n<tr>\n<td>Ancho<\/td>\n<td>1,50mts<\/td>\n<td>8 unid.<\/td>\n<\/tr>\n<tr>\n<td>Profundidad<\/td>\n<td>\u00a050 mt<\/td>\n<td>8 unid.<\/td>\n<\/tr>\n<tr>\n<td><\/td>\n<td><\/td>\n<td><\/td>\n<td><\/td>\n<td><\/td>\n<\/tr>\n<tr>\n<td><\/td>\n<td><\/td>\n<td><\/td>\n<td><\/td>\n<td><\/td>\n<\/tr>\n<tr>\n<td colspan=\"4\">Vertical Adicional Mod. Rk11<\/td>\n<td><\/td>\n<\/tr>\n<tr>\n<td><\/td>\n<td>Cantidad<\/td>\n<td>C\u00f3digo<\/td>\n<td><\/td>\n<td><\/td>\n<\/tr>\n<tr>\n<td>Vertical<\/td>\n<td>1<\/td>\n<td>601050025<\/td>\n<td><\/td>\n<td><\/td>\n<\/tr>\n<tr>\n<td><\/td>\n<td><\/td>\n<td><\/td>\n<td><\/td>\n<td><\/td>\n<\/tr>\n<tr>\n<td colspan=\"4\">Horizontal Adicional Mod. Rk12<\/td>\n<td><\/td>\n<\/tr>\n<tr>\n<td><\/td>\n<td>Cantidad<\/td>\n<td>C\u00f3digo<\/td>\n<td><\/td>\n<td><\/td>\n<\/tr>\n<tr>\n<td>Horizontal<\/td>\n<td>1<\/td>\n<td>601050045<\/td>\n<td><\/td>\n<td><\/td>\n<\/tr>\n<tr>\n<td><\/td>\n<td><\/td>\n<td><\/td>\n<td><\/td>\n<td><\/td>\n<\/tr>\n<tr>\n<td colspan=\"4\">Bandeja Adicional Mod. Rk13<\/td>\n<td><\/td>\n<\/tr>\n<tr>\n<td><\/td>\n<td>Cantidad<\/td>\n<td>C\u00f3digo<\/td>\n<td><\/td>\n<td><\/td>\n<\/tr>\n<tr>\n<td>Soporte<\/td>\n<td>1<\/td>\n<td>601050047<\/td>\n<td><\/td>\n<td><\/td>\n<\/tr>\n<tr>\n<td><\/td>\n<td><\/td>\n<td><\/td>\n<td><\/td>\n<td><\/td>\n<\/tr>\n<\/tbody>\n<\/table>\n","protected":false},"featured_media":10020809,"comment_status":"closed","ping_status":"closed","template":"","meta":[],"product_brand":[],"product_cat":[876],"product_tag":[],"class_list":{"0":"post-10020732","1":"product","2":"type-product","3":"status-publish","4":"has-post-thumbnail","6":"product_cat-packaging","8":"first","9":"instock","10":"shipping-taxable","11":"product-type-simple"},"aioseo_notices":[],"yoast_head":"<!-- This site is optimized with the Yoast SEO plugin v26.5 - https:\/\/yoast.com\/wordpress\/plugins\/seo\/ -->\n<title>Rack Liviano Mod. Rk10 - Uniformes Ludo<\/title>\n<meta name=\"robots\" content=\"index, follow, max-snippet:-1, max-image-preview:large, max-video-preview:-1\" \/>\n<link rel=\"canonical\" href=\"https:\/\/uniformesludo.cl\/index.php\/producto\/rack-liviano-mod-rk10\/\" \/>\n<meta property=\"og:locale\" content=\"es_ES\" \/>\n<meta property=\"og:type\" content=\"article\" \/>\n<meta property=\"og:title\" content=\"Rack Liviano Mod. Rk10 - Uniformes Ludo\" \/>\n<meta property=\"og:description\" content=\"Rack Met\u00e1lico Ranurado.  Dimensiones 240x50x150cm (alto x profundidad x ancho)  Posibilidad de montaje en serie.  Peso m\u00e1ximo por bandeja 150 kg nominales. Peso m\u00e1ximo por nivel 300 kg.  4 Niveles.  Bandeja Met\u00e1lica.  Bastidores color azul.  Vigas color azul y bandejas color blanco.  Perfiles laminados en fr\u00edo.  F\u00e1cil armado.  Se vende desarmado.     Rack Liviano Mod. Rk10    Tama\u00f1o Cantidad C\u00f3digo    Alto 2.40 mts. 2 unid. 601050020    Ancho 1,50mts 8 unid.   Profundidad \u00a050 mt 8 unid.                 Vertical Adicional Mod. Rk11     Cantidad C\u00f3digo     Vertical 1 601050025            Horizontal Adicional Mod. Rk12     Cantidad C\u00f3digo     Horizontal 1 601050045            Bandeja Adicional Mod. Rk13     Cantidad C\u00f3digo     Soporte 1 601050047\" \/>\n<meta property=\"og:url\" content=\"https:\/\/uniformesludo.cl\/index.php\/producto\/rack-liviano-mod-rk10\/\" \/>\n<meta property=\"og:site_name\" content=\"Uniformes Ludo\" \/>\n<meta property=\"article:modified_time\" content=\"2024-09-04T17:12:20+00:00\" \/>\n<meta property=\"og:image\" content=\"https:\/\/uniformesludo.cl\/wp-content\/uploads\/2024\/09\/Rack-liviano-4-niveles-01-680x680-1.png\" \/>\n\t<meta property=\"og:image:width\" content=\"680\" \/>\n\t<meta property=\"og:image:height\" content=\"680\" \/>\n\t<meta property=\"og:image:type\" content=\"image\/png\" \/>\n<meta name=\"twitter:card\" content=\"summary_large_image\" \/>\n<script type=\"application\/ld+json\" class=\"yoast-schema-graph\">{\"@context\":\"https:\/\/schema.org\",\"@graph\":[{\"@type\":\"WebPage\",\"@id\":\"https:\/\/uniformesludo.cl\/index.php\/producto\/rack-liviano-mod-rk10\/\",\"url\":\"https:\/\/uniformesludo.cl\/index.php\/producto\/rack-liviano-mod-rk10\/\",\"name\":\"Rack Liviano Mod. Rk10 - Uniformes Ludo\",\"isPartOf\":{\"@id\":\"https:\/\/uniformesludo.cl\/#website\"},\"primaryImageOfPage\":{\"@id\":\"https:\/\/uniformesludo.cl\/index.php\/producto\/rack-liviano-mod-rk10\/#primaryimage\"},\"image\":{\"@id\":\"https:\/\/uniformesludo.cl\/index.php\/producto\/rack-liviano-mod-rk10\/#primaryimage\"},\"thumbnailUrl\":\"https:\/\/uniformesludo.cl\/wp-content\/uploads\/2024\/09\/Rack-liviano-4-niveles-01-680x680-1.png\",\"datePublished\":\"2024-09-04T17:11:19+00:00\",\"dateModified\":\"2024-09-04T17:12:20+00:00\",\"breadcrumb\":{\"@id\":\"https:\/\/uniformesludo.cl\/index.php\/producto\/rack-liviano-mod-rk10\/#breadcrumb\"},\"inLanguage\":\"es\",\"potentialAction\":[{\"@type\":\"ReadAction\",\"target\":[\"https:\/\/uniformesludo.cl\/index.php\/producto\/rack-liviano-mod-rk10\/\"]}]},{\"@type\":\"ImageObject\",\"inLanguage\":\"es\",\"@id\":\"https:\/\/uniformesludo.cl\/index.php\/producto\/rack-liviano-mod-rk10\/#primaryimage\",\"url\":\"https:\/\/uniformesludo.cl\/wp-content\/uploads\/2024\/09\/Rack-liviano-4-niveles-01-680x680-1.png\",\"contentUrl\":\"https:\/\/uniformesludo.cl\/wp-content\/uploads\/2024\/09\/Rack-liviano-4-niveles-01-680x680-1.png\",\"width\":680,\"height\":680},{\"@type\":\"BreadcrumbList\",\"@id\":\"https:\/\/uniformesludo.cl\/index.php\/producto\/rack-liviano-mod-rk10\/#breadcrumb\",\"itemListElement\":[{\"@type\":\"ListItem\",\"position\":1,\"name\":\"Portada\",\"item\":\"https:\/\/uniformesludo.cl\/\"},{\"@type\":\"ListItem\",\"position\":2,\"name\":\"Tienda\",\"item\":\"https:\/\/uniformesludo.cl\/index.php\/tienda\/\"},{\"@type\":\"ListItem\",\"position\":3,\"name\":\"Rack Liviano Mod. Rk10\"}]},{\"@type\":\"WebSite\",\"@id\":\"https:\/\/uniformesludo.cl\/#website\",\"url\":\"https:\/\/uniformesludo.cl\/\",\"name\":\"Uniformes Ludo\",\"description\":\"Es una de las empresas comercializadoras de Ropa de trabajo, confecci\u00f3n, productos de protecci\u00f3n, prevenci\u00f3n y seguridad una de las m\u00e1s importantes de nuestro pa\u00eds, reconocida a nivel Nacional, con numerosos clientes a lo largo de Chile que avalan su compromiso de calidad. De igual forma, existe una permanente preocupaci\u00f3n por mantener un servicio integral de excelencia que permita identificarnos como \u201cel mejor equipo, la mejor empresa e inversi\u00f3n\u201d.\",\"potentialAction\":[{\"@type\":\"SearchAction\",\"target\":{\"@type\":\"EntryPoint\",\"urlTemplate\":\"https:\/\/uniformesludo.cl\/?s={search_term_string}\"},\"query-input\":{\"@type\":\"PropertyValueSpecification\",\"valueRequired\":true,\"valueName\":\"search_term_string\"}}],\"inLanguage\":\"es\"}]}<\/script>\n<!-- \/ Yoast SEO plugin. -->","yoast_head_json":{"title":"Rack Liviano Mod. Rk10 - Uniformes Ludo","robots":{"index":"index","follow":"follow","max-snippet":"max-snippet:-1","max-image-preview":"max-image-preview:large","max-video-preview":"max-video-preview:-1"},"canonical":"https:\/\/uniformesludo.cl\/index.php\/producto\/rack-liviano-mod-rk10\/","og_locale":"es_ES","og_type":"article","og_title":"Rack Liviano Mod. Rk10 - Uniformes Ludo","og_description":"Rack Met\u00e1lico Ranurado.  Dimensiones 240x50x150cm (alto x profundidad x ancho)  Posibilidad de montaje en serie.  Peso m\u00e1ximo por bandeja 150 kg nominales. Peso m\u00e1ximo por nivel 300 kg.  4 Niveles.  Bandeja Met\u00e1lica.  Bastidores color azul.  Vigas color azul y bandejas color blanco.  Perfiles laminados en fr\u00edo.  F\u00e1cil armado.  Se vende desarmado.     Rack Liviano Mod. Rk10    Tama\u00f1o Cantidad C\u00f3digo    Alto 2.40 mts. 2 unid. 601050020    Ancho 1,50mts 8 unid.   Profundidad \u00a050 mt 8 unid.                 Vertical Adicional Mod. Rk11     Cantidad C\u00f3digo     Vertical 1 601050025            Horizontal Adicional Mod. Rk12     Cantidad C\u00f3digo     Horizontal 1 601050045            Bandeja Adicional Mod. Rk13     Cantidad C\u00f3digo     Soporte 1 601050047","og_url":"https:\/\/uniformesludo.cl\/index.php\/producto\/rack-liviano-mod-rk10\/","og_site_name":"Uniformes Ludo","article_modified_time":"2024-09-04T17:12:20+00:00","og_image":[{"width":680,"height":680,"url":"https:\/\/uniformesludo.cl\/wp-content\/uploads\/2024\/09\/Rack-liviano-4-niveles-01-680x680-1.png","type":"image\/png"}],"twitter_card":"summary_large_image","schema":{"@context":"https:\/\/schema.org","@graph":[{"@type":"WebPage","@id":"https:\/\/uniformesludo.cl\/index.php\/producto\/rack-liviano-mod-rk10\/","url":"https:\/\/uniformesludo.cl\/index.php\/producto\/rack-liviano-mod-rk10\/","name":"Rack Liviano Mod. Rk10 - Uniformes Ludo","isPartOf":{"@id":"https:\/\/uniformesludo.cl\/#website"},"primaryImageOfPage":{"@id":"https:\/\/uniformesludo.cl\/index.php\/producto\/rack-liviano-mod-rk10\/#primaryimage"},"image":{"@id":"https:\/\/uniformesludo.cl\/index.php\/producto\/rack-liviano-mod-rk10\/#primaryimage"},"thumbnailUrl":"https:\/\/uniformesludo.cl\/wp-content\/uploads\/2024\/09\/Rack-liviano-4-niveles-01-680x680-1.png","datePublished":"2024-09-04T17:11:19+00:00","dateModified":"2024-09-04T17:12:20+00:00","breadcrumb":{"@id":"https:\/\/uniformesludo.cl\/index.php\/producto\/rack-liviano-mod-rk10\/#breadcrumb"},"inLanguage":"es","potentialAction":[{"@type":"ReadAction","target":["https:\/\/uniformesludo.cl\/index.php\/producto\/rack-liviano-mod-rk10\/"]}]},{"@type":"ImageObject","inLanguage":"es","@id":"https:\/\/uniformesludo.cl\/index.php\/producto\/rack-liviano-mod-rk10\/#primaryimage","url":"https:\/\/uniformesludo.cl\/wp-content\/uploads\/2024\/09\/Rack-liviano-4-niveles-01-680x680-1.png","contentUrl":"https:\/\/uniformesludo.cl\/wp-content\/uploads\/2024\/09\/Rack-liviano-4-niveles-01-680x680-1.png","width":680,"height":680},{"@type":"BreadcrumbList","@id":"https:\/\/uniformesludo.cl\/index.php\/producto\/rack-liviano-mod-rk10\/#breadcrumb","itemListElement":[{"@type":"ListItem","position":1,"name":"Portada","item":"https:\/\/uniformesludo.cl\/"},{"@type":"ListItem","position":2,"name":"Tienda","item":"https:\/\/uniformesludo.cl\/index.php\/tienda\/"},{"@type":"ListItem","position":3,"name":"Rack Liviano Mod. Rk10"}]},{"@type":"WebSite","@id":"https:\/\/uniformesludo.cl\/#website","url":"https:\/\/uniformesludo.cl\/","name":"Uniformes Ludo","description":"Es una de las empresas comercializadoras de Ropa de trabajo, confecci\u00f3n, productos de protecci\u00f3n, prevenci\u00f3n y seguridad una de las m\u00e1s importantes de nuestro pa\u00eds, reconocida a nivel Nacional, con numerosos clientes a lo largo de Chile que avalan su compromiso de calidad. De igual forma, existe una permanente preocupaci\u00f3n por mantener un servicio integral de excelencia que permita identificarnos como \u201cel mejor equipo, la mejor empresa e inversi\u00f3n\u201d.","potentialAction":[{"@type":"SearchAction","target":{"@type":"EntryPoint","urlTemplate":"https:\/\/uniformesludo.cl\/?s={search_term_string}"},"query-input":{"@type":"PropertyValueSpecification","valueRequired":true,"valueName":"search_term_string"}}],"inLanguage":"es"}]}},"_links":{"self":[{"href":"https:\/\/uniformesludo.cl\/index.php\/wp-json\/wp\/v2\/product\/10020732","targetHints":{"allow":["GET"]}}],"collection":[{"href":"https:\/\/uniformesludo.cl\/index.php\/wp-json\/wp\/v2\/product"}],"about":[{"href":"https:\/\/uniformesludo.cl\/index.php\/wp-json\/wp\/v2\/types\/product"}],"replies":[{"embeddable":true,"href":"https:\/\/uniformesludo.cl\/index.php\/wp-json\/wp\/v2\/comments?post=10020732"}],"wp:featuredmedia":[{"embeddable":true,"href":"https:\/\/uniformesludo.cl\/index.php\/wp-json\/wp\/v2\/media\/10020809"}],"wp:attachment":[{"href":"https:\/\/uniformesludo.cl\/index.php\/wp-json\/wp\/v2\/media?parent=10020732"}],"wp:term":[{"taxonomy":"product_brand","embeddable":true,"href":"https:\/\/uniformesludo.cl\/index.php\/wp-json\/wp\/v2\/product_brand?post=10020732"},{"taxonomy":"product_cat","embeddable":true,"href":"https:\/\/uniformesludo.cl\/index.php\/wp-json\/wp\/v2\/product_cat?post=10020732"},{"taxonomy":"product_tag","embeddable":true,"href":"https:\/\/uniformesludo.cl\/index.php\/wp-json\/wp\/v2\/product_tag?post=10020732"}],"curies":[{"name":"wp","href":"https:\/\/api.w.org\/{rel}","templated":true}]}}