{"id":10020731,"date":"2024-09-04T17:11:19","date_gmt":"2024-09-04T17:11:19","guid":{"rendered":"https:\/\/uniformesludo.cl\/?post_type=product&#038;p=10020731"},"modified":"2024-09-04T17:12:18","modified_gmt":"2024-09-04T17:12:18","slug":"adaptador-metalico-para-automovil-encobrizado-cc10","status":"publish","type":"product","link":"https:\/\/uniformesludo.cl\/index.php\/producto\/adaptador-metalico-para-automovil-encobrizado-cc10\/","title":{"rendered":"Adaptador Met\u00e1lico para autom\u00f3vil Encobrizado CC10"},"content":{"rendered":"","protected":false},"excerpt":{"rendered":"<p><span style=\"color: #000080;\"><strong>CC10<\/strong><\/span><\/p>\n<p><em>Adaptador met\u00e1lico para autom\u00f3vil electro plateado en cobre. Entrada USB-A. Presentaci\u00f3n en caja de cart\u00f3n negra.<\/em><\/p>\n<p>Tama\u00f1o : \u00d8 4 cms, alto: 6 cms<br \/>\nMaterial : Zamak<br \/>\nPeso : 34 grs.<\/p>\n<p>Adaptador para 12 y 24 Volts.<\/p>\n<p>Caja de 300 unidades.<\/p>\n<p>601055400<\/p>\n","protected":false},"featured_media":10020806,"comment_status":"closed","ping_status":"closed","template":"","meta":[],"product_brand":[],"product_cat":[578,586,575,577,849,568],"product_tag":[],"class_list":{"0":"post-10020731","1":"product","2":"type-product","3":"status-publish","4":"has-post-thumbnail","6":"product_cat-accesorios-herramientas","7":"product_cat-art-tecnologicos","8":"product_cat-linea-cobre","9":"product_cat-novedades-articulos-publicitarios","10":"product_cat-otros-tecnologicos","11":"product_cat-regalos-y-trofeos-premium","13":"first","14":"instock","15":"shipping-taxable","16":"product-type-simple"},"aioseo_notices":[],"yoast_head":"<!-- This site is optimized with the Yoast SEO plugin v26.5 - https:\/\/yoast.com\/wordpress\/plugins\/seo\/ -->\n<title>Adaptador Met\u00e1lico para autom\u00f3vil Encobrizado CC10 - Uniformes Ludo<\/title>\n<meta name=\"robots\" content=\"index, follow, max-snippet:-1, max-image-preview:large, max-video-preview:-1\" \/>\n<link rel=\"canonical\" href=\"https:\/\/uniformesludo.cl\/index.php\/producto\/adaptador-metalico-para-automovil-encobrizado-cc10\/\" \/>\n<meta property=\"og:locale\" content=\"es_ES\" \/>\n<meta property=\"og:type\" content=\"article\" \/>\n<meta property=\"og:title\" content=\"Adaptador Met\u00e1lico para autom\u00f3vil Encobrizado CC10 - Uniformes Ludo\" \/>\n<meta property=\"og:description\" content=\"CC10  Adaptador met\u00e1lico para autom\u00f3vil electro plateado en cobre. Entrada USB-A. Presentaci\u00f3n en caja de cart\u00f3n negra.  Tama\u00f1o : \u00d8 4 cms, alto: 6 cms Material : Zamak Peso : 34 grs.  Adaptador para 12 y 24 Volts.  Caja de 300 unidades.  601055400\" \/>\n<meta property=\"og:url\" content=\"https:\/\/uniformesludo.cl\/index.php\/producto\/adaptador-metalico-para-automovil-encobrizado-cc10\/\" \/>\n<meta property=\"og:site_name\" content=\"Uniformes Ludo\" \/>\n<meta property=\"article:modified_time\" content=\"2024-09-04T17:12:18+00:00\" \/>\n<meta property=\"og:image\" content=\"https:\/\/uniformesludo.cl\/wp-content\/uploads\/2024\/09\/adaptador-USB_CC10-1.jpg\" \/>\n\t<meta property=\"og:image:width\" content=\"600\" \/>\n\t<meta property=\"og:image:height\" content=\"600\" \/>\n\t<meta property=\"og:image:type\" content=\"image\/jpeg\" \/>\n<meta name=\"twitter:card\" content=\"summary_large_image\" \/>\n<script type=\"application\/ld+json\" class=\"yoast-schema-graph\">{\"@context\":\"https:\/\/schema.org\",\"@graph\":[{\"@type\":\"WebPage\",\"@id\":\"https:\/\/uniformesludo.cl\/index.php\/producto\/adaptador-metalico-para-automovil-encobrizado-cc10\/\",\"url\":\"https:\/\/uniformesludo.cl\/index.php\/producto\/adaptador-metalico-para-automovil-encobrizado-cc10\/\",\"name\":\"Adaptador Met\u00e1lico para autom\u00f3vil Encobrizado CC10 - Uniformes Ludo\",\"isPartOf\":{\"@id\":\"https:\/\/uniformesludo.cl\/#website\"},\"primaryImageOfPage\":{\"@id\":\"https:\/\/uniformesludo.cl\/index.php\/producto\/adaptador-metalico-para-automovil-encobrizado-cc10\/#primaryimage\"},\"image\":{\"@id\":\"https:\/\/uniformesludo.cl\/index.php\/producto\/adaptador-metalico-para-automovil-encobrizado-cc10\/#primaryimage\"},\"thumbnailUrl\":\"https:\/\/uniformesludo.cl\/wp-content\/uploads\/2024\/09\/adaptador-USB_CC10-1.jpg\",\"datePublished\":\"2024-09-04T17:11:19+00:00\",\"dateModified\":\"2024-09-04T17:12:18+00:00\",\"breadcrumb\":{\"@id\":\"https:\/\/uniformesludo.cl\/index.php\/producto\/adaptador-metalico-para-automovil-encobrizado-cc10\/#breadcrumb\"},\"inLanguage\":\"es\",\"potentialAction\":[{\"@type\":\"ReadAction\",\"target\":[\"https:\/\/uniformesludo.cl\/index.php\/producto\/adaptador-metalico-para-automovil-encobrizado-cc10\/\"]}]},{\"@type\":\"ImageObject\",\"inLanguage\":\"es\",\"@id\":\"https:\/\/uniformesludo.cl\/index.php\/producto\/adaptador-metalico-para-automovil-encobrizado-cc10\/#primaryimage\",\"url\":\"https:\/\/uniformesludo.cl\/wp-content\/uploads\/2024\/09\/adaptador-USB_CC10-1.jpg\",\"contentUrl\":\"https:\/\/uniformesludo.cl\/wp-content\/uploads\/2024\/09\/adaptador-USB_CC10-1.jpg\",\"width\":600,\"height\":600},{\"@type\":\"BreadcrumbList\",\"@id\":\"https:\/\/uniformesludo.cl\/index.php\/producto\/adaptador-metalico-para-automovil-encobrizado-cc10\/#breadcrumb\",\"itemListElement\":[{\"@type\":\"ListItem\",\"position\":1,\"name\":\"Portada\",\"item\":\"https:\/\/uniformesludo.cl\/\"},{\"@type\":\"ListItem\",\"position\":2,\"name\":\"Tienda\",\"item\":\"https:\/\/uniformesludo.cl\/index.php\/tienda\/\"},{\"@type\":\"ListItem\",\"position\":3,\"name\":\"Adaptador Met\u00e1lico para autom\u00f3vil Encobrizado CC10\"}]},{\"@type\":\"WebSite\",\"@id\":\"https:\/\/uniformesludo.cl\/#website\",\"url\":\"https:\/\/uniformesludo.cl\/\",\"name\":\"Uniformes Ludo\",\"description\":\"Es una de las empresas comercializadoras de Ropa de trabajo, confecci\u00f3n, productos de protecci\u00f3n, prevenci\u00f3n y seguridad una de las m\u00e1s importantes de nuestro pa\u00eds, reconocida a nivel Nacional, con numerosos clientes a lo largo de Chile que avalan su compromiso de calidad. De igual forma, existe una permanente preocupaci\u00f3n por mantener un servicio integral de excelencia que permita identificarnos como \u201cel mejor equipo, la mejor empresa e inversi\u00f3n\u201d.\",\"potentialAction\":[{\"@type\":\"SearchAction\",\"target\":{\"@type\":\"EntryPoint\",\"urlTemplate\":\"https:\/\/uniformesludo.cl\/?s={search_term_string}\"},\"query-input\":{\"@type\":\"PropertyValueSpecification\",\"valueRequired\":true,\"valueName\":\"search_term_string\"}}],\"inLanguage\":\"es\"}]}<\/script>\n<!-- \/ Yoast SEO plugin. -->","yoast_head_json":{"title":"Adaptador Met\u00e1lico para autom\u00f3vil Encobrizado CC10 - Uniformes Ludo","robots":{"index":"index","follow":"follow","max-snippet":"max-snippet:-1","max-image-preview":"max-image-preview:large","max-video-preview":"max-video-preview:-1"},"canonical":"https:\/\/uniformesludo.cl\/index.php\/producto\/adaptador-metalico-para-automovil-encobrizado-cc10\/","og_locale":"es_ES","og_type":"article","og_title":"Adaptador Met\u00e1lico para autom\u00f3vil Encobrizado CC10 - Uniformes Ludo","og_description":"CC10  Adaptador met\u00e1lico para autom\u00f3vil electro plateado en cobre. Entrada USB-A. Presentaci\u00f3n en caja de cart\u00f3n negra.  Tama\u00f1o : \u00d8 4 cms, alto: 6 cms Material : Zamak Peso : 34 grs.  Adaptador para 12 y 24 Volts.  Caja de 300 unidades.  601055400","og_url":"https:\/\/uniformesludo.cl\/index.php\/producto\/adaptador-metalico-para-automovil-encobrizado-cc10\/","og_site_name":"Uniformes Ludo","article_modified_time":"2024-09-04T17:12:18+00:00","og_image":[{"width":600,"height":600,"url":"https:\/\/uniformesludo.cl\/wp-content\/uploads\/2024\/09\/adaptador-USB_CC10-1.jpg","type":"image\/jpeg"}],"twitter_card":"summary_large_image","schema":{"@context":"https:\/\/schema.org","@graph":[{"@type":"WebPage","@id":"https:\/\/uniformesludo.cl\/index.php\/producto\/adaptador-metalico-para-automovil-encobrizado-cc10\/","url":"https:\/\/uniformesludo.cl\/index.php\/producto\/adaptador-metalico-para-automovil-encobrizado-cc10\/","name":"Adaptador Met\u00e1lico para autom\u00f3vil Encobrizado CC10 - Uniformes Ludo","isPartOf":{"@id":"https:\/\/uniformesludo.cl\/#website"},"primaryImageOfPage":{"@id":"https:\/\/uniformesludo.cl\/index.php\/producto\/adaptador-metalico-para-automovil-encobrizado-cc10\/#primaryimage"},"image":{"@id":"https:\/\/uniformesludo.cl\/index.php\/producto\/adaptador-metalico-para-automovil-encobrizado-cc10\/#primaryimage"},"thumbnailUrl":"https:\/\/uniformesludo.cl\/wp-content\/uploads\/2024\/09\/adaptador-USB_CC10-1.jpg","datePublished":"2024-09-04T17:11:19+00:00","dateModified":"2024-09-04T17:12:18+00:00","breadcrumb":{"@id":"https:\/\/uniformesludo.cl\/index.php\/producto\/adaptador-metalico-para-automovil-encobrizado-cc10\/#breadcrumb"},"inLanguage":"es","potentialAction":[{"@type":"ReadAction","target":["https:\/\/uniformesludo.cl\/index.php\/producto\/adaptador-metalico-para-automovil-encobrizado-cc10\/"]}]},{"@type":"ImageObject","inLanguage":"es","@id":"https:\/\/uniformesludo.cl\/index.php\/producto\/adaptador-metalico-para-automovil-encobrizado-cc10\/#primaryimage","url":"https:\/\/uniformesludo.cl\/wp-content\/uploads\/2024\/09\/adaptador-USB_CC10-1.jpg","contentUrl":"https:\/\/uniformesludo.cl\/wp-content\/uploads\/2024\/09\/adaptador-USB_CC10-1.jpg","width":600,"height":600},{"@type":"BreadcrumbList","@id":"https:\/\/uniformesludo.cl\/index.php\/producto\/adaptador-metalico-para-automovil-encobrizado-cc10\/#breadcrumb","itemListElement":[{"@type":"ListItem","position":1,"name":"Portada","item":"https:\/\/uniformesludo.cl\/"},{"@type":"ListItem","position":2,"name":"Tienda","item":"https:\/\/uniformesludo.cl\/index.php\/tienda\/"},{"@type":"ListItem","position":3,"name":"Adaptador Met\u00e1lico para autom\u00f3vil Encobrizado CC10"}]},{"@type":"WebSite","@id":"https:\/\/uniformesludo.cl\/#website","url":"https:\/\/uniformesludo.cl\/","name":"Uniformes Ludo","description":"Es una de las empresas comercializadoras de Ropa de trabajo, confecci\u00f3n, productos de protecci\u00f3n, prevenci\u00f3n y seguridad una de las m\u00e1s importantes de nuestro pa\u00eds, reconocida a nivel Nacional, con numerosos clientes a lo largo de Chile que avalan su compromiso de calidad. De igual forma, existe una permanente preocupaci\u00f3n por mantener un servicio integral de excelencia que permita identificarnos como \u201cel mejor equipo, la mejor empresa e inversi\u00f3n\u201d.","potentialAction":[{"@type":"SearchAction","target":{"@type":"EntryPoint","urlTemplate":"https:\/\/uniformesludo.cl\/?s={search_term_string}"},"query-input":{"@type":"PropertyValueSpecification","valueRequired":true,"valueName":"search_term_string"}}],"inLanguage":"es"}]}},"_links":{"self":[{"href":"https:\/\/uniformesludo.cl\/index.php\/wp-json\/wp\/v2\/product\/10020731","targetHints":{"allow":["GET"]}}],"collection":[{"href":"https:\/\/uniformesludo.cl\/index.php\/wp-json\/wp\/v2\/product"}],"about":[{"href":"https:\/\/uniformesludo.cl\/index.php\/wp-json\/wp\/v2\/types\/product"}],"replies":[{"embeddable":true,"href":"https:\/\/uniformesludo.cl\/index.php\/wp-json\/wp\/v2\/comments?post=10020731"}],"wp:featuredmedia":[{"embeddable":true,"href":"https:\/\/uniformesludo.cl\/index.php\/wp-json\/wp\/v2\/media\/10020806"}],"wp:attachment":[{"href":"https:\/\/uniformesludo.cl\/index.php\/wp-json\/wp\/v2\/media?parent=10020731"}],"wp:term":[{"taxonomy":"product_brand","embeddable":true,"href":"https:\/\/uniformesludo.cl\/index.php\/wp-json\/wp\/v2\/product_brand?post=10020731"},{"taxonomy":"product_cat","embeddable":true,"href":"https:\/\/uniformesludo.cl\/index.php\/wp-json\/wp\/v2\/product_cat?post=10020731"},{"taxonomy":"product_tag","embeddable":true,"href":"https:\/\/uniformesludo.cl\/index.php\/wp-json\/wp\/v2\/product_tag?post=10020731"}],"curies":[{"name":"wp","href":"https:\/\/api.w.org\/{rel}","templated":true}]}}