{"id":10020691,"date":"2024-09-04T17:10:29","date_gmt":"2024-09-04T17:10:29","guid":{"rendered":"https:\/\/uniformesludo.cl\/?post_type=product&#038;p=10020691"},"modified":"2024-09-04T17:11:15","modified_gmt":"2024-09-04T17:11:15","slug":"set-libreta-y-boligrafo-marden-sk22","status":"publish","type":"product","link":"https:\/\/uniformesludo.cl\/index.php\/producto\/set-libreta-y-boligrafo-marden-sk22\/","title":{"rendered":"Set Libreta y Bol\u00edgrafo Marden SK22"},"content":{"rendered":"","protected":false},"excerpt":{"rendered":"<p><span style=\"color: #000080;\"><b>SK22<\/b><\/span><\/p>\n<p><em>Set de libreta s\u00edmil cuero negra y bol\u00edgrafo B40 negro en estuche blanco de presentaci\u00f3n.<\/em><\/p>\n<p>Tama\u00f1o Caja : 24 cms x 21 cms. x 2 cms.<br \/>\nTama\u00f1o Libreta : 21,4 cms x 14.2 cms. x 1,3 cms.<br \/>\nTama\u00f1o L\u00e1piz : 14 cms.<\/p>\n<p>Caja de 40 unidades.<\/p>\n<p>Set de bloc de notas con tapas de suave tacto acabadas<br \/>\nen polipiel y bol\u00edgrafo de suave cuerpo a juego.<br \/>\nDe 80 hojas lisas con el\u00e1stico de sujeci\u00f3n y marcap\u00e1ginas<br \/>\nde tela. Presentado en elegante estuche de cart\u00f3n<br \/>\nblanco troquelado. Bol\u00edgrafo con tinta azul.<\/p>\n<p>602050410<\/p>\n","protected":false},"featured_media":10020728,"comment_status":"closed","ping_status":"closed","template":"","meta":[],"product_brand":[],"product_cat":[581,576,577,568],"product_tag":[],"class_list":{"0":"post-10020691","1":"product","2":"type-product","3":"status-publish","4":"has-post-thumbnail","6":"product_cat-libretas-cuadernos-memo-set","7":"product_cat-novedades","8":"product_cat-novedades-articulos-publicitarios","9":"product_cat-regalos-y-trofeos-premium","11":"first","12":"instock","13":"shipping-taxable","14":"product-type-simple"},"aioseo_notices":[],"yoast_head":"<!-- This site is optimized with the Yoast SEO plugin v26.5 - https:\/\/yoast.com\/wordpress\/plugins\/seo\/ -->\n<title>Set Libreta y Bol\u00edgrafo Marden SK22 - Uniformes Ludo<\/title>\n<meta name=\"robots\" content=\"index, follow, max-snippet:-1, max-image-preview:large, max-video-preview:-1\" \/>\n<link rel=\"canonical\" href=\"https:\/\/uniformesludo.cl\/index.php\/producto\/set-libreta-y-boligrafo-marden-sk22\/\" \/>\n<meta property=\"og:locale\" content=\"es_ES\" \/>\n<meta property=\"og:type\" content=\"article\" \/>\n<meta property=\"og:title\" content=\"Set Libreta y Bol\u00edgrafo Marden SK22 - Uniformes Ludo\" \/>\n<meta property=\"og:description\" content=\"SK22  Set de libreta s\u00edmil cuero negra y bol\u00edgrafo B40 negro en estuche blanco de presentaci\u00f3n.  Tama\u00f1o Caja : 24 cms x 21 cms. x 2 cms. Tama\u00f1o Libreta : 21,4 cms x 14.2 cms. x 1,3 cms. Tama\u00f1o L\u00e1piz : 14 cms.  Caja de 40 unidades.  Set de bloc de notas con tapas de suave tacto acabadas en polipiel y bol\u00edgrafo de suave cuerpo a juego. De 80 hojas lisas con el\u00e1stico de sujeci\u00f3n y marcap\u00e1ginas de tela. Presentado en elegante estuche de cart\u00f3n blanco troquelado. Bol\u00edgrafo con tinta azul.  602050410\" \/>\n<meta property=\"og:url\" content=\"https:\/\/uniformesludo.cl\/index.php\/producto\/set-libreta-y-boligrafo-marden-sk22\/\" \/>\n<meta property=\"og:site_name\" content=\"Uniformes Ludo\" \/>\n<meta property=\"article:modified_time\" content=\"2024-09-04T17:11:15+00:00\" \/>\n<meta property=\"og:image\" content=\"https:\/\/uniformesludo.cl\/wp-content\/uploads\/2024\/09\/set_escritura_colores_sk22_caja.jpg\" \/>\n\t<meta property=\"og:image:width\" content=\"500\" \/>\n\t<meta property=\"og:image:height\" content=\"500\" \/>\n\t<meta property=\"og:image:type\" content=\"image\/jpeg\" \/>\n<meta name=\"twitter:card\" content=\"summary_large_image\" \/>\n<script type=\"application\/ld+json\" class=\"yoast-schema-graph\">{\"@context\":\"https:\/\/schema.org\",\"@graph\":[{\"@type\":\"WebPage\",\"@id\":\"https:\/\/uniformesludo.cl\/index.php\/producto\/set-libreta-y-boligrafo-marden-sk22\/\",\"url\":\"https:\/\/uniformesludo.cl\/index.php\/producto\/set-libreta-y-boligrafo-marden-sk22\/\",\"name\":\"Set Libreta y Bol\u00edgrafo Marden SK22 - Uniformes Ludo\",\"isPartOf\":{\"@id\":\"https:\/\/uniformesludo.cl\/#website\"},\"primaryImageOfPage\":{\"@id\":\"https:\/\/uniformesludo.cl\/index.php\/producto\/set-libreta-y-boligrafo-marden-sk22\/#primaryimage\"},\"image\":{\"@id\":\"https:\/\/uniformesludo.cl\/index.php\/producto\/set-libreta-y-boligrafo-marden-sk22\/#primaryimage\"},\"thumbnailUrl\":\"https:\/\/uniformesludo.cl\/wp-content\/uploads\/2024\/09\/set_escritura_colores_sk22_caja.jpg\",\"datePublished\":\"2024-09-04T17:10:29+00:00\",\"dateModified\":\"2024-09-04T17:11:15+00:00\",\"breadcrumb\":{\"@id\":\"https:\/\/uniformesludo.cl\/index.php\/producto\/set-libreta-y-boligrafo-marden-sk22\/#breadcrumb\"},\"inLanguage\":\"es\",\"potentialAction\":[{\"@type\":\"ReadAction\",\"target\":[\"https:\/\/uniformesludo.cl\/index.php\/producto\/set-libreta-y-boligrafo-marden-sk22\/\"]}]},{\"@type\":\"ImageObject\",\"inLanguage\":\"es\",\"@id\":\"https:\/\/uniformesludo.cl\/index.php\/producto\/set-libreta-y-boligrafo-marden-sk22\/#primaryimage\",\"url\":\"https:\/\/uniformesludo.cl\/wp-content\/uploads\/2024\/09\/set_escritura_colores_sk22_caja.jpg\",\"contentUrl\":\"https:\/\/uniformesludo.cl\/wp-content\/uploads\/2024\/09\/set_escritura_colores_sk22_caja.jpg\",\"width\":500,\"height\":500},{\"@type\":\"BreadcrumbList\",\"@id\":\"https:\/\/uniformesludo.cl\/index.php\/producto\/set-libreta-y-boligrafo-marden-sk22\/#breadcrumb\",\"itemListElement\":[{\"@type\":\"ListItem\",\"position\":1,\"name\":\"Portada\",\"item\":\"https:\/\/uniformesludo.cl\/\"},{\"@type\":\"ListItem\",\"position\":2,\"name\":\"Tienda\",\"item\":\"https:\/\/uniformesludo.cl\/index.php\/tienda\/\"},{\"@type\":\"ListItem\",\"position\":3,\"name\":\"Set Libreta y Bol\u00edgrafo Marden SK22\"}]},{\"@type\":\"WebSite\",\"@id\":\"https:\/\/uniformesludo.cl\/#website\",\"url\":\"https:\/\/uniformesludo.cl\/\",\"name\":\"Uniformes Ludo\",\"description\":\"Es una de las empresas comercializadoras de Ropa de trabajo, confecci\u00f3n, productos de protecci\u00f3n, prevenci\u00f3n y seguridad una de las m\u00e1s importantes de nuestro pa\u00eds, reconocida a nivel Nacional, con numerosos clientes a lo largo de Chile que avalan su compromiso de calidad. De igual forma, existe una permanente preocupaci\u00f3n por mantener un servicio integral de excelencia que permita identificarnos como \u201cel mejor equipo, la mejor empresa e inversi\u00f3n\u201d.\",\"potentialAction\":[{\"@type\":\"SearchAction\",\"target\":{\"@type\":\"EntryPoint\",\"urlTemplate\":\"https:\/\/uniformesludo.cl\/?s={search_term_string}\"},\"query-input\":{\"@type\":\"PropertyValueSpecification\",\"valueRequired\":true,\"valueName\":\"search_term_string\"}}],\"inLanguage\":\"es\"}]}<\/script>\n<!-- \/ Yoast SEO plugin. -->","yoast_head_json":{"title":"Set Libreta y Bol\u00edgrafo Marden SK22 - Uniformes Ludo","robots":{"index":"index","follow":"follow","max-snippet":"max-snippet:-1","max-image-preview":"max-image-preview:large","max-video-preview":"max-video-preview:-1"},"canonical":"https:\/\/uniformesludo.cl\/index.php\/producto\/set-libreta-y-boligrafo-marden-sk22\/","og_locale":"es_ES","og_type":"article","og_title":"Set Libreta y Bol\u00edgrafo Marden SK22 - Uniformes Ludo","og_description":"SK22  Set de libreta s\u00edmil cuero negra y bol\u00edgrafo B40 negro en estuche blanco de presentaci\u00f3n.  Tama\u00f1o Caja : 24 cms x 21 cms. x 2 cms. Tama\u00f1o Libreta : 21,4 cms x 14.2 cms. x 1,3 cms. Tama\u00f1o L\u00e1piz : 14 cms.  Caja de 40 unidades.  Set de bloc de notas con tapas de suave tacto acabadas en polipiel y bol\u00edgrafo de suave cuerpo a juego. De 80 hojas lisas con el\u00e1stico de sujeci\u00f3n y marcap\u00e1ginas de tela. Presentado en elegante estuche de cart\u00f3n blanco troquelado. Bol\u00edgrafo con tinta azul.  602050410","og_url":"https:\/\/uniformesludo.cl\/index.php\/producto\/set-libreta-y-boligrafo-marden-sk22\/","og_site_name":"Uniformes Ludo","article_modified_time":"2024-09-04T17:11:15+00:00","og_image":[{"width":500,"height":500,"url":"https:\/\/uniformesludo.cl\/wp-content\/uploads\/2024\/09\/set_escritura_colores_sk22_caja.jpg","type":"image\/jpeg"}],"twitter_card":"summary_large_image","schema":{"@context":"https:\/\/schema.org","@graph":[{"@type":"WebPage","@id":"https:\/\/uniformesludo.cl\/index.php\/producto\/set-libreta-y-boligrafo-marden-sk22\/","url":"https:\/\/uniformesludo.cl\/index.php\/producto\/set-libreta-y-boligrafo-marden-sk22\/","name":"Set Libreta y Bol\u00edgrafo Marden SK22 - Uniformes Ludo","isPartOf":{"@id":"https:\/\/uniformesludo.cl\/#website"},"primaryImageOfPage":{"@id":"https:\/\/uniformesludo.cl\/index.php\/producto\/set-libreta-y-boligrafo-marden-sk22\/#primaryimage"},"image":{"@id":"https:\/\/uniformesludo.cl\/index.php\/producto\/set-libreta-y-boligrafo-marden-sk22\/#primaryimage"},"thumbnailUrl":"https:\/\/uniformesludo.cl\/wp-content\/uploads\/2024\/09\/set_escritura_colores_sk22_caja.jpg","datePublished":"2024-09-04T17:10:29+00:00","dateModified":"2024-09-04T17:11:15+00:00","breadcrumb":{"@id":"https:\/\/uniformesludo.cl\/index.php\/producto\/set-libreta-y-boligrafo-marden-sk22\/#breadcrumb"},"inLanguage":"es","potentialAction":[{"@type":"ReadAction","target":["https:\/\/uniformesludo.cl\/index.php\/producto\/set-libreta-y-boligrafo-marden-sk22\/"]}]},{"@type":"ImageObject","inLanguage":"es","@id":"https:\/\/uniformesludo.cl\/index.php\/producto\/set-libreta-y-boligrafo-marden-sk22\/#primaryimage","url":"https:\/\/uniformesludo.cl\/wp-content\/uploads\/2024\/09\/set_escritura_colores_sk22_caja.jpg","contentUrl":"https:\/\/uniformesludo.cl\/wp-content\/uploads\/2024\/09\/set_escritura_colores_sk22_caja.jpg","width":500,"height":500},{"@type":"BreadcrumbList","@id":"https:\/\/uniformesludo.cl\/index.php\/producto\/set-libreta-y-boligrafo-marden-sk22\/#breadcrumb","itemListElement":[{"@type":"ListItem","position":1,"name":"Portada","item":"https:\/\/uniformesludo.cl\/"},{"@type":"ListItem","position":2,"name":"Tienda","item":"https:\/\/uniformesludo.cl\/index.php\/tienda\/"},{"@type":"ListItem","position":3,"name":"Set Libreta y Bol\u00edgrafo Marden SK22"}]},{"@type":"WebSite","@id":"https:\/\/uniformesludo.cl\/#website","url":"https:\/\/uniformesludo.cl\/","name":"Uniformes Ludo","description":"Es una de las empresas comercializadoras de Ropa de trabajo, confecci\u00f3n, productos de protecci\u00f3n, prevenci\u00f3n y seguridad una de las m\u00e1s importantes de nuestro pa\u00eds, reconocida a nivel Nacional, con numerosos clientes a lo largo de Chile que avalan su compromiso de calidad. De igual forma, existe una permanente preocupaci\u00f3n por mantener un servicio integral de excelencia que permita identificarnos como \u201cel mejor equipo, la mejor empresa e inversi\u00f3n\u201d.","potentialAction":[{"@type":"SearchAction","target":{"@type":"EntryPoint","urlTemplate":"https:\/\/uniformesludo.cl\/?s={search_term_string}"},"query-input":{"@type":"PropertyValueSpecification","valueRequired":true,"valueName":"search_term_string"}}],"inLanguage":"es"}]}},"_links":{"self":[{"href":"https:\/\/uniformesludo.cl\/index.php\/wp-json\/wp\/v2\/product\/10020691","targetHints":{"allow":["GET"]}}],"collection":[{"href":"https:\/\/uniformesludo.cl\/index.php\/wp-json\/wp\/v2\/product"}],"about":[{"href":"https:\/\/uniformesludo.cl\/index.php\/wp-json\/wp\/v2\/types\/product"}],"replies":[{"embeddable":true,"href":"https:\/\/uniformesludo.cl\/index.php\/wp-json\/wp\/v2\/comments?post=10020691"}],"wp:featuredmedia":[{"embeddable":true,"href":"https:\/\/uniformesludo.cl\/index.php\/wp-json\/wp\/v2\/media\/10020728"}],"wp:attachment":[{"href":"https:\/\/uniformesludo.cl\/index.php\/wp-json\/wp\/v2\/media?parent=10020691"}],"wp:term":[{"taxonomy":"product_brand","embeddable":true,"href":"https:\/\/uniformesludo.cl\/index.php\/wp-json\/wp\/v2\/product_brand?post=10020691"},{"taxonomy":"product_cat","embeddable":true,"href":"https:\/\/uniformesludo.cl\/index.php\/wp-json\/wp\/v2\/product_cat?post=10020691"},{"taxonomy":"product_tag","embeddable":true,"href":"https:\/\/uniformesludo.cl\/index.php\/wp-json\/wp\/v2\/product_tag?post=10020691"}],"curies":[{"name":"wp","href":"https:\/\/api.w.org\/{rel}","templated":true}]}}