{"id":10020690,"date":"2024-09-04T17:10:28","date_gmt":"2024-09-04T17:10:28","guid":{"rendered":"https:\/\/uniformesludo.cl\/?post_type=product&#038;p=10020690"},"modified":"2024-09-04T17:11:13","modified_gmt":"2024-09-04T17:11:13","slug":"set-termico-encobrizado-m74","status":"publish","type":"product","link":"https:\/\/uniformesludo.cl\/index.php\/producto\/set-termico-encobrizado-m74\/","title":{"rendered":"Set t\u00e9rmico encobrizado M74"},"content":{"rendered":"","protected":false},"excerpt":{"rendered":"<p><span style=\"color: #000080;\"><b>M74<\/b><\/span><\/p>\n<p><em>Set de termo y 2 mugs electroplateados en color cobre dentro de bolso-estuche negro de tela raquelada. Presentaci\u00f3n en caja de cart\u00f3n negra.<\/em><\/p>\n<p>Tama\u00f1o Termo : \u00d8 6.8 cms. x 24.4 cms.<br \/>\nCapacidad : 500 ml.<br \/>\nMaterial Exterior : A. Inox. SS 304.<br \/>\nMaterial Interior : A. Inox. SS 304.<br \/>\nTama\u00f1o Mug : \u00d8 6.4 cms. x 11.8 cms.<br \/>\nCapacidad : 250 ml.<br \/>\nMaterial Exterior : A. Inox. SS 201.<br \/>\nMaterial Interior : A. Inox. SS 304.<br \/>\nTama\u00f1o Bolso : 18 x 10 x 24 cms.<\/p>\n<p>Caja de 20 unidades.<\/p>\n<p>601063359<\/p>\n","protected":false},"featured_media":10020727,"comment_status":"closed","ping_status":"closed","template":"","meta":[],"product_brand":[],"product_cat":[570,575,571,576,577,568,572],"product_tag":[],"class_list":{"0":"post-10020690","1":"product","2":"type-product","3":"status-publish","4":"has-post-thumbnail","6":"product_cat-botellas-mugs-tazones-termos-vasos","7":"product_cat-linea-cobre","8":"product_cat-mugs-y-tazones","9":"product_cat-novedades","10":"product_cat-novedades-articulos-publicitarios","11":"product_cat-regalos-y-trofeos-premium","12":"product_cat-termos","14":"first","15":"instock","16":"shipping-taxable","17":"product-type-simple"},"aioseo_notices":[],"yoast_head":"<!-- This site is optimized with the Yoast SEO plugin v26.5 - https:\/\/yoast.com\/wordpress\/plugins\/seo\/ -->\n<title>Set t\u00e9rmico encobrizado M74 - Uniformes Ludo<\/title>\n<meta name=\"robots\" content=\"index, follow, max-snippet:-1, max-image-preview:large, max-video-preview:-1\" \/>\n<link rel=\"canonical\" href=\"https:\/\/uniformesludo.cl\/index.php\/producto\/set-termico-encobrizado-m74\/\" \/>\n<meta property=\"og:locale\" content=\"es_ES\" \/>\n<meta property=\"og:type\" content=\"article\" \/>\n<meta property=\"og:title\" content=\"Set t\u00e9rmico encobrizado M74 - Uniformes Ludo\" \/>\n<meta property=\"og:description\" content=\"M74  Set de termo y 2 mugs electroplateados en color cobre dentro de bolso-estuche negro de tela raquelada. Presentaci\u00f3n en caja de cart\u00f3n negra.  Tama\u00f1o Termo : \u00d8 6.8 cms. x 24.4 cms. Capacidad : 500 ml. Material Exterior : A. Inox. SS 304. Material Interior : A. Inox. SS 304. Tama\u00f1o Mug : \u00d8 6.4 cms. x 11.8 cms. Capacidad : 250 ml. Material Exterior : A. Inox. SS 201. Material Interior : A. Inox. SS 304. Tama\u00f1o Bolso : 18 x 10 x 24 cms.  Caja de 20 unidades.  601063359\" \/>\n<meta property=\"og:url\" content=\"https:\/\/uniformesludo.cl\/index.php\/producto\/set-termico-encobrizado-m74\/\" \/>\n<meta property=\"og:site_name\" content=\"Uniformes Ludo\" \/>\n<meta property=\"article:modified_time\" content=\"2024-09-04T17:11:13+00:00\" \/>\n<meta property=\"og:image\" content=\"https:\/\/uniformesludo.cl\/wp-content\/uploads\/2024\/09\/M-74.jpg\" \/>\n\t<meta property=\"og:image:width\" content=\"600\" \/>\n\t<meta property=\"og:image:height\" content=\"600\" \/>\n\t<meta property=\"og:image:type\" content=\"image\/jpeg\" \/>\n<meta name=\"twitter:card\" content=\"summary_large_image\" \/>\n<script type=\"application\/ld+json\" class=\"yoast-schema-graph\">{\"@context\":\"https:\/\/schema.org\",\"@graph\":[{\"@type\":\"WebPage\",\"@id\":\"https:\/\/uniformesludo.cl\/index.php\/producto\/set-termico-encobrizado-m74\/\",\"url\":\"https:\/\/uniformesludo.cl\/index.php\/producto\/set-termico-encobrizado-m74\/\",\"name\":\"Set t\u00e9rmico encobrizado M74 - Uniformes Ludo\",\"isPartOf\":{\"@id\":\"https:\/\/uniformesludo.cl\/#website\"},\"primaryImageOfPage\":{\"@id\":\"https:\/\/uniformesludo.cl\/index.php\/producto\/set-termico-encobrizado-m74\/#primaryimage\"},\"image\":{\"@id\":\"https:\/\/uniformesludo.cl\/index.php\/producto\/set-termico-encobrizado-m74\/#primaryimage\"},\"thumbnailUrl\":\"https:\/\/uniformesludo.cl\/wp-content\/uploads\/2024\/09\/M-74.jpg\",\"datePublished\":\"2024-09-04T17:10:28+00:00\",\"dateModified\":\"2024-09-04T17:11:13+00:00\",\"breadcrumb\":{\"@id\":\"https:\/\/uniformesludo.cl\/index.php\/producto\/set-termico-encobrizado-m74\/#breadcrumb\"},\"inLanguage\":\"es\",\"potentialAction\":[{\"@type\":\"ReadAction\",\"target\":[\"https:\/\/uniformesludo.cl\/index.php\/producto\/set-termico-encobrizado-m74\/\"]}]},{\"@type\":\"ImageObject\",\"inLanguage\":\"es\",\"@id\":\"https:\/\/uniformesludo.cl\/index.php\/producto\/set-termico-encobrizado-m74\/#primaryimage\",\"url\":\"https:\/\/uniformesludo.cl\/wp-content\/uploads\/2024\/09\/M-74.jpg\",\"contentUrl\":\"https:\/\/uniformesludo.cl\/wp-content\/uploads\/2024\/09\/M-74.jpg\",\"width\":600,\"height\":600},{\"@type\":\"BreadcrumbList\",\"@id\":\"https:\/\/uniformesludo.cl\/index.php\/producto\/set-termico-encobrizado-m74\/#breadcrumb\",\"itemListElement\":[{\"@type\":\"ListItem\",\"position\":1,\"name\":\"Portada\",\"item\":\"https:\/\/uniformesludo.cl\/\"},{\"@type\":\"ListItem\",\"position\":2,\"name\":\"Tienda\",\"item\":\"https:\/\/uniformesludo.cl\/index.php\/tienda\/\"},{\"@type\":\"ListItem\",\"position\":3,\"name\":\"Set t\u00e9rmico encobrizado M74\"}]},{\"@type\":\"WebSite\",\"@id\":\"https:\/\/uniformesludo.cl\/#website\",\"url\":\"https:\/\/uniformesludo.cl\/\",\"name\":\"Uniformes Ludo\",\"description\":\"Es una de las empresas comercializadoras de Ropa de trabajo, confecci\u00f3n, productos de protecci\u00f3n, prevenci\u00f3n y seguridad una de las m\u00e1s importantes de nuestro pa\u00eds, reconocida a nivel Nacional, con numerosos clientes a lo largo de Chile que avalan su compromiso de calidad. De igual forma, existe una permanente preocupaci\u00f3n por mantener un servicio integral de excelencia que permita identificarnos como \u201cel mejor equipo, la mejor empresa e inversi\u00f3n\u201d.\",\"potentialAction\":[{\"@type\":\"SearchAction\",\"target\":{\"@type\":\"EntryPoint\",\"urlTemplate\":\"https:\/\/uniformesludo.cl\/?s={search_term_string}\"},\"query-input\":{\"@type\":\"PropertyValueSpecification\",\"valueRequired\":true,\"valueName\":\"search_term_string\"}}],\"inLanguage\":\"es\"}]}<\/script>\n<!-- \/ Yoast SEO plugin. -->","yoast_head_json":{"title":"Set t\u00e9rmico encobrizado M74 - Uniformes Ludo","robots":{"index":"index","follow":"follow","max-snippet":"max-snippet:-1","max-image-preview":"max-image-preview:large","max-video-preview":"max-video-preview:-1"},"canonical":"https:\/\/uniformesludo.cl\/index.php\/producto\/set-termico-encobrizado-m74\/","og_locale":"es_ES","og_type":"article","og_title":"Set t\u00e9rmico encobrizado M74 - Uniformes Ludo","og_description":"M74  Set de termo y 2 mugs electroplateados en color cobre dentro de bolso-estuche negro de tela raquelada. Presentaci\u00f3n en caja de cart\u00f3n negra.  Tama\u00f1o Termo : \u00d8 6.8 cms. x 24.4 cms. Capacidad : 500 ml. Material Exterior : A. Inox. SS 304. Material Interior : A. Inox. SS 304. Tama\u00f1o Mug : \u00d8 6.4 cms. x 11.8 cms. Capacidad : 250 ml. Material Exterior : A. Inox. SS 201. Material Interior : A. Inox. SS 304. Tama\u00f1o Bolso : 18 x 10 x 24 cms.  Caja de 20 unidades.  601063359","og_url":"https:\/\/uniformesludo.cl\/index.php\/producto\/set-termico-encobrizado-m74\/","og_site_name":"Uniformes Ludo","article_modified_time":"2024-09-04T17:11:13+00:00","og_image":[{"width":600,"height":600,"url":"https:\/\/uniformesludo.cl\/wp-content\/uploads\/2024\/09\/M-74.jpg","type":"image\/jpeg"}],"twitter_card":"summary_large_image","schema":{"@context":"https:\/\/schema.org","@graph":[{"@type":"WebPage","@id":"https:\/\/uniformesludo.cl\/index.php\/producto\/set-termico-encobrizado-m74\/","url":"https:\/\/uniformesludo.cl\/index.php\/producto\/set-termico-encobrizado-m74\/","name":"Set t\u00e9rmico encobrizado M74 - Uniformes Ludo","isPartOf":{"@id":"https:\/\/uniformesludo.cl\/#website"},"primaryImageOfPage":{"@id":"https:\/\/uniformesludo.cl\/index.php\/producto\/set-termico-encobrizado-m74\/#primaryimage"},"image":{"@id":"https:\/\/uniformesludo.cl\/index.php\/producto\/set-termico-encobrizado-m74\/#primaryimage"},"thumbnailUrl":"https:\/\/uniformesludo.cl\/wp-content\/uploads\/2024\/09\/M-74.jpg","datePublished":"2024-09-04T17:10:28+00:00","dateModified":"2024-09-04T17:11:13+00:00","breadcrumb":{"@id":"https:\/\/uniformesludo.cl\/index.php\/producto\/set-termico-encobrizado-m74\/#breadcrumb"},"inLanguage":"es","potentialAction":[{"@type":"ReadAction","target":["https:\/\/uniformesludo.cl\/index.php\/producto\/set-termico-encobrizado-m74\/"]}]},{"@type":"ImageObject","inLanguage":"es","@id":"https:\/\/uniformesludo.cl\/index.php\/producto\/set-termico-encobrizado-m74\/#primaryimage","url":"https:\/\/uniformesludo.cl\/wp-content\/uploads\/2024\/09\/M-74.jpg","contentUrl":"https:\/\/uniformesludo.cl\/wp-content\/uploads\/2024\/09\/M-74.jpg","width":600,"height":600},{"@type":"BreadcrumbList","@id":"https:\/\/uniformesludo.cl\/index.php\/producto\/set-termico-encobrizado-m74\/#breadcrumb","itemListElement":[{"@type":"ListItem","position":1,"name":"Portada","item":"https:\/\/uniformesludo.cl\/"},{"@type":"ListItem","position":2,"name":"Tienda","item":"https:\/\/uniformesludo.cl\/index.php\/tienda\/"},{"@type":"ListItem","position":3,"name":"Set t\u00e9rmico encobrizado M74"}]},{"@type":"WebSite","@id":"https:\/\/uniformesludo.cl\/#website","url":"https:\/\/uniformesludo.cl\/","name":"Uniformes Ludo","description":"Es una de las empresas comercializadoras de Ropa de trabajo, confecci\u00f3n, productos de protecci\u00f3n, prevenci\u00f3n y seguridad una de las m\u00e1s importantes de nuestro pa\u00eds, reconocida a nivel Nacional, con numerosos clientes a lo largo de Chile que avalan su compromiso de calidad. De igual forma, existe una permanente preocupaci\u00f3n por mantener un servicio integral de excelencia que permita identificarnos como \u201cel mejor equipo, la mejor empresa e inversi\u00f3n\u201d.","potentialAction":[{"@type":"SearchAction","target":{"@type":"EntryPoint","urlTemplate":"https:\/\/uniformesludo.cl\/?s={search_term_string}"},"query-input":{"@type":"PropertyValueSpecification","valueRequired":true,"valueName":"search_term_string"}}],"inLanguage":"es"}]}},"_links":{"self":[{"href":"https:\/\/uniformesludo.cl\/index.php\/wp-json\/wp\/v2\/product\/10020690","targetHints":{"allow":["GET"]}}],"collection":[{"href":"https:\/\/uniformesludo.cl\/index.php\/wp-json\/wp\/v2\/product"}],"about":[{"href":"https:\/\/uniformesludo.cl\/index.php\/wp-json\/wp\/v2\/types\/product"}],"replies":[{"embeddable":true,"href":"https:\/\/uniformesludo.cl\/index.php\/wp-json\/wp\/v2\/comments?post=10020690"}],"wp:featuredmedia":[{"embeddable":true,"href":"https:\/\/uniformesludo.cl\/index.php\/wp-json\/wp\/v2\/media\/10020727"}],"wp:attachment":[{"href":"https:\/\/uniformesludo.cl\/index.php\/wp-json\/wp\/v2\/media?parent=10020690"}],"wp:term":[{"taxonomy":"product_brand","embeddable":true,"href":"https:\/\/uniformesludo.cl\/index.php\/wp-json\/wp\/v2\/product_brand?post=10020690"},{"taxonomy":"product_cat","embeddable":true,"href":"https:\/\/uniformesludo.cl\/index.php\/wp-json\/wp\/v2\/product_cat?post=10020690"},{"taxonomy":"product_tag","embeddable":true,"href":"https:\/\/uniformesludo.cl\/index.php\/wp-json\/wp\/v2\/product_tag?post=10020690"}],"curies":[{"name":"wp","href":"https:\/\/api.w.org\/{rel}","templated":true}]}}