{"id":10020688,"date":"2024-09-04T17:10:28","date_gmt":"2024-09-04T17:10:28","guid":{"rendered":"https:\/\/uniformesludo.cl\/?post_type=product&#038;p=10020688"},"modified":"2024-09-04T17:11:10","modified_gmt":"2024-09-04T17:11:10","slug":"rack-pesado-mod-rk-20","status":"publish","type":"product","link":"https:\/\/uniformesludo.cl\/index.php\/producto\/rack-pesado-mod-rk-20\/","title":{"rendered":"Rack Pesado Mod. RK 20"},"content":{"rendered":"","protected":false},"excerpt":{"rendered":"<ul>\n<li>Rack Met\u00e1lico Ranurado.<\/li>\n<li>Dimensiones 240x100x270cm (alto x profundidad x ancho)<\/li>\n<li>Posibilidad de montaje en serie.<\/li>\n<li>Peso m\u00e1ximo por nivel ( 3 Pallets 1.200 kg. ) Peso m\u00e1ximo por nivel 1.200 kg.<\/li>\n<li>3 Niveles.<\/li>\n<li>Incluye placa base con perforaci\u00f3n para fijar al piso con perno de anclaje (no incluye perno de anclaje).<\/li>\n<li>Bastidores color azul.<\/li>\n<li>Vigas color Naranjo y apoya Pallets color naranjo.<\/li>\n<li>Perfiles laminados en fr\u00edo.<\/li>\n<li>F\u00e1cil armado.<\/li>\n<li>Se vende desarmado.<\/li>\n<\/ul>\n<p>Rack Pesado Modelo RK20<\/p>\n<table width=\"440\">\n<tbody>\n<tr>\n<td style=\"text-align: center;\" colspan=\"5\" width=\"440\"><strong>Rack Pesado Mod. Rk20<\/strong><\/td>\n<\/tr>\n<tr>\n<td><\/td>\n<td>Tama\u00f1o<\/td>\n<td>Cantidad<\/td>\n<td>C\u00f3digo<\/td>\n<td>\u00a0Valor<\/td>\n<\/tr>\n<tr>\n<td>Alto<\/td>\n<td>2.40 mts.<\/td>\n<td>2 unid.<\/td>\n<td rowspan=\"3\">601050036<\/td>\n<td rowspan=\"3\"><\/td>\n<\/tr>\n<tr>\n<td>Ancho<\/td>\n<td>2.70 mts.<\/td>\n<td>4 unid.<\/td>\n<\/tr>\n<tr>\n<td>Profundidad<\/td>\n<td>\u00a01.00 mt<\/td>\n<td>12 unid.<\/td>\n<\/tr>\n<tr>\n<td><\/td>\n<td><\/td>\n<td><\/td>\n<td><\/td>\n<td><\/td>\n<\/tr>\n<tr>\n<td><\/td>\n<td><\/td>\n<td><\/td>\n<td><\/td>\n<td><\/td>\n<\/tr>\n<tr>\n<td style=\"text-align: center;\" colspan=\"4\"><strong>Vertical Adicional Mod. Rk21<\/strong><\/td>\n<td><\/td>\n<\/tr>\n<tr>\n<td><\/td>\n<td>Cantidad<\/td>\n<td>C\u00f3digo<\/td>\n<td>\u00a0Valor<\/td>\n<td><\/td>\n<\/tr>\n<tr>\n<td>Vertical<\/td>\n<td>1<\/td>\n<td>601050040<\/td>\n<td><\/td>\n<td><\/td>\n<\/tr>\n<tr>\n<td><\/td>\n<td><\/td>\n<td><\/td>\n<td><\/td>\n<td><\/td>\n<\/tr>\n<tr>\n<td style=\"text-align: center;\" colspan=\"4\"><strong>Horizontal Adicional Mod. Rk22<\/strong><\/td>\n<td><\/td>\n<\/tr>\n<tr>\n<td><\/td>\n<td>Cantidad<\/td>\n<td>C\u00f3digo<\/td>\n<td>\u00a0Valor<\/td>\n<td><\/td>\n<\/tr>\n<tr>\n<td>Horizontal<\/td>\n<td>1<\/td>\n<td>601050045<\/td>\n<td><\/td>\n<td><\/td>\n<\/tr>\n<tr>\n<td><\/td>\n<td><\/td>\n<td><\/td>\n<td><\/td>\n<td><\/td>\n<\/tr>\n<tr>\n<td style=\"text-align: center;\" colspan=\"4\"><strong>Soporte 1mt. Adicional Mod. Rk23<\/strong><\/td>\n<td><\/td>\n<\/tr>\n<tr>\n<td><\/td>\n<td>Cantidad<\/td>\n<td>C\u00f3digo<\/td>\n<td>\u00a0Valor<\/td>\n<td><\/td>\n<\/tr>\n<tr>\n<td>Soporte<\/td>\n<td>1<\/td>\n<td>601050047<\/td>\n<td><\/td>\n<td><\/td>\n<\/tr>\n<\/tbody>\n<\/table>\n<p>Opciones Adicionales:<br \/>\nExtensi\u00f3n Vertical Opcional: Si necesitas a\u00fan m\u00e1s espacio vertical, considera la extensi\u00f3n vertical opcional para satisfacer tus requisitos de almacenamiento.<br \/>\nExtensi\u00f3n Horizontal Adicional: Si buscas aumentar tu capacidad en horizontal, la extensi\u00f3n horizontal adicional es una excelente elecci\u00f3n.<br \/>\nSoporte Adicional de 1 metro: Para configuraciones espec\u00edficas, puedes agregar soportes adicionales de 1 metro seg\u00fan tus necesidades.<br \/>\nEl Rack Pesado Modelo RK20 y sus opciones adicionales te proporcionan la flexibilidad para adaptarte a tus necesidades cambiantes.<\/p>\n","protected":false},"featured_media":10020721,"comment_status":"closed","ping_status":"closed","template":"","meta":[],"product_brand":[],"product_cat":[876],"product_tag":[],"class_list":{"0":"post-10020688","1":"product","2":"type-product","3":"status-publish","4":"has-post-thumbnail","6":"product_cat-packaging","8":"first","9":"instock","10":"shipping-taxable","11":"product-type-simple"},"aioseo_notices":[],"yoast_head":"<!-- This site is optimized with the Yoast SEO plugin v26.5 - https:\/\/yoast.com\/wordpress\/plugins\/seo\/ -->\n<title>Rack Pesado Mod. RK 20 - Uniformes Ludo<\/title>\n<meta name=\"robots\" content=\"index, follow, max-snippet:-1, max-image-preview:large, max-video-preview:-1\" \/>\n<link rel=\"canonical\" href=\"https:\/\/uniformesludo.cl\/index.php\/producto\/rack-pesado-mod-rk-20\/\" \/>\n<meta property=\"og:locale\" content=\"es_ES\" \/>\n<meta property=\"og:type\" content=\"article\" \/>\n<meta property=\"og:title\" content=\"Rack Pesado Mod. RK 20 - Uniformes Ludo\" \/>\n<meta property=\"og:description\" content=\"Rack Met\u00e1lico Ranurado.  Dimensiones 240x100x270cm (alto x profundidad x ancho)  Posibilidad de montaje en serie.  Peso m\u00e1ximo por nivel ( 3 Pallets 1.200 kg. ) Peso m\u00e1ximo por nivel 1.200 kg.  3 Niveles.  Incluye placa base con perforaci\u00f3n para fijar al piso con perno de anclaje (no incluye perno de anclaje).  Bastidores color azul.  Vigas color Naranjo y apoya Pallets color naranjo.  Perfiles laminados en fr\u00edo.  F\u00e1cil armado.  Se vende desarmado.  Rack Pesado Modelo RK20    Rack Pesado Mod. Rk20    Tama\u00f1o Cantidad C\u00f3digo \u00a0Valor   Alto 2.40 mts. 2 unid. 601050036    Ancho 2.70 mts. 4 unid.   Profundidad \u00a01.00 mt 12 unid.                 Vertical Adicional Mod. Rk21     Cantidad C\u00f3digo \u00a0Valor    Vertical 1 601050040            Horizontal Adicional Mod. Rk22     Cantidad C\u00f3digo \u00a0Valor    Horizontal 1 601050045            Soporte 1mt. Adicional Mod. Rk23     Cantidad C\u00f3digo \u00a0Valor    Soporte 1 601050047      Opciones Adicionales: Extensi\u00f3n Vertical Opcional: Si necesitas a\u00fan m\u00e1s espacio vertical, considera la extensi\u00f3n vertical opcional para satisfacer tus requisitos de almacenamiento. Extensi\u00f3n Horizontal Adicional: Si buscas aumentar tu capacidad en horizontal, la extensi\u00f3n horizontal adicional es una excelente elecci\u00f3n. Soporte Adicional de 1 metro: Para configuraciones espec\u00edficas, puedes agregar soportes adicionales de 1 metro seg\u00fan tus necesidades. El Rack Pesado Modelo RK20 y sus opciones adicionales te proporcionan la flexibilidad para adaptarte a tus necesidades cambiantes.\" \/>\n<meta property=\"og:url\" content=\"https:\/\/uniformesludo.cl\/index.php\/producto\/rack-pesado-mod-rk-20\/\" \/>\n<meta property=\"og:site_name\" content=\"Uniformes Ludo\" \/>\n<meta property=\"article:modified_time\" content=\"2024-09-04T17:11:10+00:00\" \/>\n<meta property=\"og:image\" content=\"https:\/\/uniformesludo.cl\/wp-content\/uploads\/2024\/09\/RK20-2.jpg\" \/>\n\t<meta property=\"og:image:width\" content=\"1250\" \/>\n\t<meta property=\"og:image:height\" content=\"1250\" \/>\n\t<meta property=\"og:image:type\" content=\"image\/jpeg\" \/>\n<meta name=\"twitter:card\" content=\"summary_large_image\" \/>\n<script type=\"application\/ld+json\" class=\"yoast-schema-graph\">{\"@context\":\"https:\/\/schema.org\",\"@graph\":[{\"@type\":\"WebPage\",\"@id\":\"https:\/\/uniformesludo.cl\/index.php\/producto\/rack-pesado-mod-rk-20\/\",\"url\":\"https:\/\/uniformesludo.cl\/index.php\/producto\/rack-pesado-mod-rk-20\/\",\"name\":\"Rack Pesado Mod. RK 20 - Uniformes Ludo\",\"isPartOf\":{\"@id\":\"https:\/\/uniformesludo.cl\/#website\"},\"primaryImageOfPage\":{\"@id\":\"https:\/\/uniformesludo.cl\/index.php\/producto\/rack-pesado-mod-rk-20\/#primaryimage\"},\"image\":{\"@id\":\"https:\/\/uniformesludo.cl\/index.php\/producto\/rack-pesado-mod-rk-20\/#primaryimage\"},\"thumbnailUrl\":\"https:\/\/uniformesludo.cl\/wp-content\/uploads\/2024\/09\/RK20-2.jpg\",\"datePublished\":\"2024-09-04T17:10:28+00:00\",\"dateModified\":\"2024-09-04T17:11:10+00:00\",\"breadcrumb\":{\"@id\":\"https:\/\/uniformesludo.cl\/index.php\/producto\/rack-pesado-mod-rk-20\/#breadcrumb\"},\"inLanguage\":\"es\",\"potentialAction\":[{\"@type\":\"ReadAction\",\"target\":[\"https:\/\/uniformesludo.cl\/index.php\/producto\/rack-pesado-mod-rk-20\/\"]}]},{\"@type\":\"ImageObject\",\"inLanguage\":\"es\",\"@id\":\"https:\/\/uniformesludo.cl\/index.php\/producto\/rack-pesado-mod-rk-20\/#primaryimage\",\"url\":\"https:\/\/uniformesludo.cl\/wp-content\/uploads\/2024\/09\/RK20-2.jpg\",\"contentUrl\":\"https:\/\/uniformesludo.cl\/wp-content\/uploads\/2024\/09\/RK20-2.jpg\",\"width\":1250,\"height\":1250},{\"@type\":\"BreadcrumbList\",\"@id\":\"https:\/\/uniformesludo.cl\/index.php\/producto\/rack-pesado-mod-rk-20\/#breadcrumb\",\"itemListElement\":[{\"@type\":\"ListItem\",\"position\":1,\"name\":\"Portada\",\"item\":\"https:\/\/uniformesludo.cl\/\"},{\"@type\":\"ListItem\",\"position\":2,\"name\":\"Tienda\",\"item\":\"https:\/\/uniformesludo.cl\/index.php\/tienda\/\"},{\"@type\":\"ListItem\",\"position\":3,\"name\":\"Rack Pesado Mod. RK 20\"}]},{\"@type\":\"WebSite\",\"@id\":\"https:\/\/uniformesludo.cl\/#website\",\"url\":\"https:\/\/uniformesludo.cl\/\",\"name\":\"Uniformes Ludo\",\"description\":\"Es una de las empresas comercializadoras de Ropa de trabajo, confecci\u00f3n, productos de protecci\u00f3n, prevenci\u00f3n y seguridad una de las m\u00e1s importantes de nuestro pa\u00eds, reconocida a nivel Nacional, con numerosos clientes a lo largo de Chile que avalan su compromiso de calidad. De igual forma, existe una permanente preocupaci\u00f3n por mantener un servicio integral de excelencia que permita identificarnos como \u201cel mejor equipo, la mejor empresa e inversi\u00f3n\u201d.\",\"potentialAction\":[{\"@type\":\"SearchAction\",\"target\":{\"@type\":\"EntryPoint\",\"urlTemplate\":\"https:\/\/uniformesludo.cl\/?s={search_term_string}\"},\"query-input\":{\"@type\":\"PropertyValueSpecification\",\"valueRequired\":true,\"valueName\":\"search_term_string\"}}],\"inLanguage\":\"es\"}]}<\/script>\n<!-- \/ Yoast SEO plugin. -->","yoast_head_json":{"title":"Rack Pesado Mod. RK 20 - Uniformes Ludo","robots":{"index":"index","follow":"follow","max-snippet":"max-snippet:-1","max-image-preview":"max-image-preview:large","max-video-preview":"max-video-preview:-1"},"canonical":"https:\/\/uniformesludo.cl\/index.php\/producto\/rack-pesado-mod-rk-20\/","og_locale":"es_ES","og_type":"article","og_title":"Rack Pesado Mod. RK 20 - Uniformes Ludo","og_description":"Rack Met\u00e1lico Ranurado.  Dimensiones 240x100x270cm (alto x profundidad x ancho)  Posibilidad de montaje en serie.  Peso m\u00e1ximo por nivel ( 3 Pallets 1.200 kg. ) Peso m\u00e1ximo por nivel 1.200 kg.  3 Niveles.  Incluye placa base con perforaci\u00f3n para fijar al piso con perno de anclaje (no incluye perno de anclaje).  Bastidores color azul.  Vigas color Naranjo y apoya Pallets color naranjo.  Perfiles laminados en fr\u00edo.  F\u00e1cil armado.  Se vende desarmado.  Rack Pesado Modelo RK20    Rack Pesado Mod. Rk20    Tama\u00f1o Cantidad C\u00f3digo \u00a0Valor   Alto 2.40 mts. 2 unid. 601050036    Ancho 2.70 mts. 4 unid.   Profundidad \u00a01.00 mt 12 unid.                 Vertical Adicional Mod. Rk21     Cantidad C\u00f3digo \u00a0Valor    Vertical 1 601050040            Horizontal Adicional Mod. Rk22     Cantidad C\u00f3digo \u00a0Valor    Horizontal 1 601050045            Soporte 1mt. Adicional Mod. Rk23     Cantidad C\u00f3digo \u00a0Valor    Soporte 1 601050047      Opciones Adicionales: Extensi\u00f3n Vertical Opcional: Si necesitas a\u00fan m\u00e1s espacio vertical, considera la extensi\u00f3n vertical opcional para satisfacer tus requisitos de almacenamiento. Extensi\u00f3n Horizontal Adicional: Si buscas aumentar tu capacidad en horizontal, la extensi\u00f3n horizontal adicional es una excelente elecci\u00f3n. Soporte Adicional de 1 metro: Para configuraciones espec\u00edficas, puedes agregar soportes adicionales de 1 metro seg\u00fan tus necesidades. El Rack Pesado Modelo RK20 y sus opciones adicionales te proporcionan la flexibilidad para adaptarte a tus necesidades cambiantes.","og_url":"https:\/\/uniformesludo.cl\/index.php\/producto\/rack-pesado-mod-rk-20\/","og_site_name":"Uniformes Ludo","article_modified_time":"2024-09-04T17:11:10+00:00","og_image":[{"width":1250,"height":1250,"url":"https:\/\/uniformesludo.cl\/wp-content\/uploads\/2024\/09\/RK20-2.jpg","type":"image\/jpeg"}],"twitter_card":"summary_large_image","schema":{"@context":"https:\/\/schema.org","@graph":[{"@type":"WebPage","@id":"https:\/\/uniformesludo.cl\/index.php\/producto\/rack-pesado-mod-rk-20\/","url":"https:\/\/uniformesludo.cl\/index.php\/producto\/rack-pesado-mod-rk-20\/","name":"Rack Pesado Mod. RK 20 - Uniformes Ludo","isPartOf":{"@id":"https:\/\/uniformesludo.cl\/#website"},"primaryImageOfPage":{"@id":"https:\/\/uniformesludo.cl\/index.php\/producto\/rack-pesado-mod-rk-20\/#primaryimage"},"image":{"@id":"https:\/\/uniformesludo.cl\/index.php\/producto\/rack-pesado-mod-rk-20\/#primaryimage"},"thumbnailUrl":"https:\/\/uniformesludo.cl\/wp-content\/uploads\/2024\/09\/RK20-2.jpg","datePublished":"2024-09-04T17:10:28+00:00","dateModified":"2024-09-04T17:11:10+00:00","breadcrumb":{"@id":"https:\/\/uniformesludo.cl\/index.php\/producto\/rack-pesado-mod-rk-20\/#breadcrumb"},"inLanguage":"es","potentialAction":[{"@type":"ReadAction","target":["https:\/\/uniformesludo.cl\/index.php\/producto\/rack-pesado-mod-rk-20\/"]}]},{"@type":"ImageObject","inLanguage":"es","@id":"https:\/\/uniformesludo.cl\/index.php\/producto\/rack-pesado-mod-rk-20\/#primaryimage","url":"https:\/\/uniformesludo.cl\/wp-content\/uploads\/2024\/09\/RK20-2.jpg","contentUrl":"https:\/\/uniformesludo.cl\/wp-content\/uploads\/2024\/09\/RK20-2.jpg","width":1250,"height":1250},{"@type":"BreadcrumbList","@id":"https:\/\/uniformesludo.cl\/index.php\/producto\/rack-pesado-mod-rk-20\/#breadcrumb","itemListElement":[{"@type":"ListItem","position":1,"name":"Portada","item":"https:\/\/uniformesludo.cl\/"},{"@type":"ListItem","position":2,"name":"Tienda","item":"https:\/\/uniformesludo.cl\/index.php\/tienda\/"},{"@type":"ListItem","position":3,"name":"Rack Pesado Mod. RK 20"}]},{"@type":"WebSite","@id":"https:\/\/uniformesludo.cl\/#website","url":"https:\/\/uniformesludo.cl\/","name":"Uniformes Ludo","description":"Es una de las empresas comercializadoras de Ropa de trabajo, confecci\u00f3n, productos de protecci\u00f3n, prevenci\u00f3n y seguridad una de las m\u00e1s importantes de nuestro pa\u00eds, reconocida a nivel Nacional, con numerosos clientes a lo largo de Chile que avalan su compromiso de calidad. De igual forma, existe una permanente preocupaci\u00f3n por mantener un servicio integral de excelencia que permita identificarnos como \u201cel mejor equipo, la mejor empresa e inversi\u00f3n\u201d.","potentialAction":[{"@type":"SearchAction","target":{"@type":"EntryPoint","urlTemplate":"https:\/\/uniformesludo.cl\/?s={search_term_string}"},"query-input":{"@type":"PropertyValueSpecification","valueRequired":true,"valueName":"search_term_string"}}],"inLanguage":"es"}]}},"_links":{"self":[{"href":"https:\/\/uniformesludo.cl\/index.php\/wp-json\/wp\/v2\/product\/10020688","targetHints":{"allow":["GET"]}}],"collection":[{"href":"https:\/\/uniformesludo.cl\/index.php\/wp-json\/wp\/v2\/product"}],"about":[{"href":"https:\/\/uniformesludo.cl\/index.php\/wp-json\/wp\/v2\/types\/product"}],"replies":[{"embeddable":true,"href":"https:\/\/uniformesludo.cl\/index.php\/wp-json\/wp\/v2\/comments?post=10020688"}],"wp:featuredmedia":[{"embeddable":true,"href":"https:\/\/uniformesludo.cl\/index.php\/wp-json\/wp\/v2\/media\/10020721"}],"wp:attachment":[{"href":"https:\/\/uniformesludo.cl\/index.php\/wp-json\/wp\/v2\/media?parent=10020688"}],"wp:term":[{"taxonomy":"product_brand","embeddable":true,"href":"https:\/\/uniformesludo.cl\/index.php\/wp-json\/wp\/v2\/product_brand?post=10020688"},{"taxonomy":"product_cat","embeddable":true,"href":"https:\/\/uniformesludo.cl\/index.php\/wp-json\/wp\/v2\/product_cat?post=10020688"},{"taxonomy":"product_tag","embeddable":true,"href":"https:\/\/uniformesludo.cl\/index.php\/wp-json\/wp\/v2\/product_tag?post=10020688"}],"curies":[{"name":"wp","href":"https:\/\/api.w.org\/{rel}","templated":true}]}}