{"id":10020522,"date":"2024-09-04T17:04:50","date_gmt":"2024-09-04T17:04:50","guid":{"rendered":"https:\/\/uniformesludo.cl\/?post_type=product&#038;p=10020522"},"modified":"2024-09-04T17:08:25","modified_gmt":"2024-09-04T17:08:25","slug":"altavoz-bamboo-sk53","status":"publish","type":"product","link":"https:\/\/uniformesludo.cl\/index.php\/producto\/altavoz-bamboo-sk53\/","title":{"rendered":"Altavoz Bamboo SK53"},"content":{"rendered":"","protected":false},"excerpt":{"rendered":"<p><span style=\"color: #000080;\"><strong>SK53<\/strong><\/span><\/p>\n<p><em>Compacto parlante con cuerpo en bamb\u00fa\/bamboo y conexi\u00f3n Bluetooth\u00ae con 3W de potencia, funci\u00f3n manos libres y base antideslizante.<\/em><br \/>\n<em>Tiempo de carga una hora, tiempo de uso tres horas, distancia de uso 10 metros. Presentaci\u00f3n en caja de cart\u00f3n kraft.<\/em><\/p>\n<p>Incluye Cable USB<\/p>\n<p>Tama\u00f1o: \u00d85 cms, alto: 6 cm<br \/>\nMaterial: Madera Bamboo.<br \/>\nCaja de 50 unidades.<\/p>\n<p>602037088<\/p>\n","protected":false},"featured_media":10020587,"comment_status":"closed","ping_status":"closed","template":"","meta":[],"product_brand":[],"product_cat":[587,597,567,576,577],"product_tag":[],"class_list":{"0":"post-10020522","1":"product","2":"type-product","3":"status-publish","4":"has-post-thumbnail","6":"product_cat-audifonos-parlantes","7":"product_cat-entretencion-y-outdoor","8":"product_cat-linea-bamboo","9":"product_cat-novedades","10":"product_cat-novedades-articulos-publicitarios","12":"first","13":"instock","14":"shipping-taxable","15":"product-type-simple"},"aioseo_notices":[],"yoast_head":"<!-- This site is optimized with the Yoast SEO plugin v26.5 - https:\/\/yoast.com\/wordpress\/plugins\/seo\/ -->\n<title>Altavoz Bamboo SK53 - Uniformes Ludo<\/title>\n<meta name=\"robots\" content=\"index, follow, max-snippet:-1, max-image-preview:large, max-video-preview:-1\" \/>\n<link rel=\"canonical\" href=\"https:\/\/uniformesludo.cl\/index.php\/producto\/altavoz-bamboo-sk53\/\" \/>\n<meta property=\"og:locale\" content=\"es_ES\" \/>\n<meta property=\"og:type\" content=\"article\" \/>\n<meta property=\"og:title\" content=\"Altavoz Bamboo SK53 - Uniformes Ludo\" \/>\n<meta property=\"og:description\" content=\"SK53  Compacto parlante con cuerpo en bamb\u00fa\/bamboo y conexi\u00f3n Bluetooth\u00ae con 3W de potencia, funci\u00f3n manos libres y base antideslizante. Tiempo de carga una hora, tiempo de uso tres horas, distancia de uso 10 metros. Presentaci\u00f3n en caja de cart\u00f3n kraft.  Incluye Cable USB  Tama\u00f1o: \u00d85 cms, alto: 6 cm Material: Madera Bamboo. Caja de 50 unidades.  602037088\" \/>\n<meta property=\"og:url\" content=\"https:\/\/uniformesludo.cl\/index.php\/producto\/altavoz-bamboo-sk53\/\" \/>\n<meta property=\"og:site_name\" content=\"Uniformes Ludo\" \/>\n<meta property=\"article:modified_time\" content=\"2024-09-04T17:08:25+00:00\" \/>\n<meta property=\"og:image\" content=\"https:\/\/uniformesludo.cl\/wp-content\/uploads\/2024\/09\/SK53-portada-scaled-1.jpg\" \/>\n\t<meta property=\"og:image:width\" content=\"2560\" \/>\n\t<meta property=\"og:image:height\" content=\"2560\" \/>\n\t<meta property=\"og:image:type\" content=\"image\/jpeg\" \/>\n<meta name=\"twitter:card\" content=\"summary_large_image\" \/>\n<script type=\"application\/ld+json\" class=\"yoast-schema-graph\">{\"@context\":\"https:\/\/schema.org\",\"@graph\":[{\"@type\":\"WebPage\",\"@id\":\"https:\/\/uniformesludo.cl\/index.php\/producto\/altavoz-bamboo-sk53\/\",\"url\":\"https:\/\/uniformesludo.cl\/index.php\/producto\/altavoz-bamboo-sk53\/\",\"name\":\"Altavoz Bamboo SK53 - Uniformes Ludo\",\"isPartOf\":{\"@id\":\"https:\/\/uniformesludo.cl\/#website\"},\"primaryImageOfPage\":{\"@id\":\"https:\/\/uniformesludo.cl\/index.php\/producto\/altavoz-bamboo-sk53\/#primaryimage\"},\"image\":{\"@id\":\"https:\/\/uniformesludo.cl\/index.php\/producto\/altavoz-bamboo-sk53\/#primaryimage\"},\"thumbnailUrl\":\"https:\/\/uniformesludo.cl\/wp-content\/uploads\/2024\/09\/SK53-portada-scaled-1.jpg\",\"datePublished\":\"2024-09-04T17:04:50+00:00\",\"dateModified\":\"2024-09-04T17:08:25+00:00\",\"breadcrumb\":{\"@id\":\"https:\/\/uniformesludo.cl\/index.php\/producto\/altavoz-bamboo-sk53\/#breadcrumb\"},\"inLanguage\":\"es\",\"potentialAction\":[{\"@type\":\"ReadAction\",\"target\":[\"https:\/\/uniformesludo.cl\/index.php\/producto\/altavoz-bamboo-sk53\/\"]}]},{\"@type\":\"ImageObject\",\"inLanguage\":\"es\",\"@id\":\"https:\/\/uniformesludo.cl\/index.php\/producto\/altavoz-bamboo-sk53\/#primaryimage\",\"url\":\"https:\/\/uniformesludo.cl\/wp-content\/uploads\/2024\/09\/SK53-portada-scaled-1.jpg\",\"contentUrl\":\"https:\/\/uniformesludo.cl\/wp-content\/uploads\/2024\/09\/SK53-portada-scaled-1.jpg\",\"width\":2560,\"height\":2560},{\"@type\":\"BreadcrumbList\",\"@id\":\"https:\/\/uniformesludo.cl\/index.php\/producto\/altavoz-bamboo-sk53\/#breadcrumb\",\"itemListElement\":[{\"@type\":\"ListItem\",\"position\":1,\"name\":\"Portada\",\"item\":\"https:\/\/uniformesludo.cl\/\"},{\"@type\":\"ListItem\",\"position\":2,\"name\":\"Tienda\",\"item\":\"https:\/\/uniformesludo.cl\/index.php\/tienda\/\"},{\"@type\":\"ListItem\",\"position\":3,\"name\":\"Altavoz Bamboo SK53\"}]},{\"@type\":\"WebSite\",\"@id\":\"https:\/\/uniformesludo.cl\/#website\",\"url\":\"https:\/\/uniformesludo.cl\/\",\"name\":\"Uniformes Ludo\",\"description\":\"Es una de las empresas comercializadoras de Ropa de trabajo, confecci\u00f3n, productos de protecci\u00f3n, prevenci\u00f3n y seguridad una de las m\u00e1s importantes de nuestro pa\u00eds, reconocida a nivel Nacional, con numerosos clientes a lo largo de Chile que avalan su compromiso de calidad. De igual forma, existe una permanente preocupaci\u00f3n por mantener un servicio integral de excelencia que permita identificarnos como \u201cel mejor equipo, la mejor empresa e inversi\u00f3n\u201d.\",\"potentialAction\":[{\"@type\":\"SearchAction\",\"target\":{\"@type\":\"EntryPoint\",\"urlTemplate\":\"https:\/\/uniformesludo.cl\/?s={search_term_string}\"},\"query-input\":{\"@type\":\"PropertyValueSpecification\",\"valueRequired\":true,\"valueName\":\"search_term_string\"}}],\"inLanguage\":\"es\"}]}<\/script>\n<!-- \/ Yoast SEO plugin. -->","yoast_head_json":{"title":"Altavoz Bamboo SK53 - Uniformes Ludo","robots":{"index":"index","follow":"follow","max-snippet":"max-snippet:-1","max-image-preview":"max-image-preview:large","max-video-preview":"max-video-preview:-1"},"canonical":"https:\/\/uniformesludo.cl\/index.php\/producto\/altavoz-bamboo-sk53\/","og_locale":"es_ES","og_type":"article","og_title":"Altavoz Bamboo SK53 - Uniformes Ludo","og_description":"SK53  Compacto parlante con cuerpo en bamb\u00fa\/bamboo y conexi\u00f3n Bluetooth\u00ae con 3W de potencia, funci\u00f3n manos libres y base antideslizante. Tiempo de carga una hora, tiempo de uso tres horas, distancia de uso 10 metros. Presentaci\u00f3n en caja de cart\u00f3n kraft.  Incluye Cable USB  Tama\u00f1o: \u00d85 cms, alto: 6 cm Material: Madera Bamboo. Caja de 50 unidades.  602037088","og_url":"https:\/\/uniformesludo.cl\/index.php\/producto\/altavoz-bamboo-sk53\/","og_site_name":"Uniformes Ludo","article_modified_time":"2024-09-04T17:08:25+00:00","og_image":[{"width":2560,"height":2560,"url":"https:\/\/uniformesludo.cl\/wp-content\/uploads\/2024\/09\/SK53-portada-scaled-1.jpg","type":"image\/jpeg"}],"twitter_card":"summary_large_image","schema":{"@context":"https:\/\/schema.org","@graph":[{"@type":"WebPage","@id":"https:\/\/uniformesludo.cl\/index.php\/producto\/altavoz-bamboo-sk53\/","url":"https:\/\/uniformesludo.cl\/index.php\/producto\/altavoz-bamboo-sk53\/","name":"Altavoz Bamboo SK53 - Uniformes Ludo","isPartOf":{"@id":"https:\/\/uniformesludo.cl\/#website"},"primaryImageOfPage":{"@id":"https:\/\/uniformesludo.cl\/index.php\/producto\/altavoz-bamboo-sk53\/#primaryimage"},"image":{"@id":"https:\/\/uniformesludo.cl\/index.php\/producto\/altavoz-bamboo-sk53\/#primaryimage"},"thumbnailUrl":"https:\/\/uniformesludo.cl\/wp-content\/uploads\/2024\/09\/SK53-portada-scaled-1.jpg","datePublished":"2024-09-04T17:04:50+00:00","dateModified":"2024-09-04T17:08:25+00:00","breadcrumb":{"@id":"https:\/\/uniformesludo.cl\/index.php\/producto\/altavoz-bamboo-sk53\/#breadcrumb"},"inLanguage":"es","potentialAction":[{"@type":"ReadAction","target":["https:\/\/uniformesludo.cl\/index.php\/producto\/altavoz-bamboo-sk53\/"]}]},{"@type":"ImageObject","inLanguage":"es","@id":"https:\/\/uniformesludo.cl\/index.php\/producto\/altavoz-bamboo-sk53\/#primaryimage","url":"https:\/\/uniformesludo.cl\/wp-content\/uploads\/2024\/09\/SK53-portada-scaled-1.jpg","contentUrl":"https:\/\/uniformesludo.cl\/wp-content\/uploads\/2024\/09\/SK53-portada-scaled-1.jpg","width":2560,"height":2560},{"@type":"BreadcrumbList","@id":"https:\/\/uniformesludo.cl\/index.php\/producto\/altavoz-bamboo-sk53\/#breadcrumb","itemListElement":[{"@type":"ListItem","position":1,"name":"Portada","item":"https:\/\/uniformesludo.cl\/"},{"@type":"ListItem","position":2,"name":"Tienda","item":"https:\/\/uniformesludo.cl\/index.php\/tienda\/"},{"@type":"ListItem","position":3,"name":"Altavoz Bamboo SK53"}]},{"@type":"WebSite","@id":"https:\/\/uniformesludo.cl\/#website","url":"https:\/\/uniformesludo.cl\/","name":"Uniformes Ludo","description":"Es una de las empresas comercializadoras de Ropa de trabajo, confecci\u00f3n, productos de protecci\u00f3n, prevenci\u00f3n y seguridad una de las m\u00e1s importantes de nuestro pa\u00eds, reconocida a nivel Nacional, con numerosos clientes a lo largo de Chile que avalan su compromiso de calidad. De igual forma, existe una permanente preocupaci\u00f3n por mantener un servicio integral de excelencia que permita identificarnos como \u201cel mejor equipo, la mejor empresa e inversi\u00f3n\u201d.","potentialAction":[{"@type":"SearchAction","target":{"@type":"EntryPoint","urlTemplate":"https:\/\/uniformesludo.cl\/?s={search_term_string}"},"query-input":{"@type":"PropertyValueSpecification","valueRequired":true,"valueName":"search_term_string"}}],"inLanguage":"es"}]}},"_links":{"self":[{"href":"https:\/\/uniformesludo.cl\/index.php\/wp-json\/wp\/v2\/product\/10020522","targetHints":{"allow":["GET"]}}],"collection":[{"href":"https:\/\/uniformesludo.cl\/index.php\/wp-json\/wp\/v2\/product"}],"about":[{"href":"https:\/\/uniformesludo.cl\/index.php\/wp-json\/wp\/v2\/types\/product"}],"replies":[{"embeddable":true,"href":"https:\/\/uniformesludo.cl\/index.php\/wp-json\/wp\/v2\/comments?post=10020522"}],"wp:featuredmedia":[{"embeddable":true,"href":"https:\/\/uniformesludo.cl\/index.php\/wp-json\/wp\/v2\/media\/10020587"}],"wp:attachment":[{"href":"https:\/\/uniformesludo.cl\/index.php\/wp-json\/wp\/v2\/media?parent=10020522"}],"wp:term":[{"taxonomy":"product_brand","embeddable":true,"href":"https:\/\/uniformesludo.cl\/index.php\/wp-json\/wp\/v2\/product_brand?post=10020522"},{"taxonomy":"product_cat","embeddable":true,"href":"https:\/\/uniformesludo.cl\/index.php\/wp-json\/wp\/v2\/product_cat?post=10020522"},{"taxonomy":"product_tag","embeddable":true,"href":"https:\/\/uniformesludo.cl\/index.php\/wp-json\/wp\/v2\/product_tag?post=10020522"}],"curies":[{"name":"wp","href":"https:\/\/api.w.org\/{rel}","templated":true}]}}