{"id":10020479,"date":"2024-09-04T17:03:00","date_gmt":"2024-09-04T17:03:00","guid":{"rendered":"https:\/\/uniformesludo.cl\/?post_type=product&#038;p=10020479"},"modified":"2024-09-04T17:05:55","modified_gmt":"2024-09-04T17:05:55","slug":"cable-conector-multicargador-bamboo-t62","status":"publish","type":"product","link":"https:\/\/uniformesludo.cl\/index.php\/producto\/cable-conector-multicargador-bamboo-t62\/","title":{"rendered":"Cable Conector Multicargador Bamboo T62"},"content":{"rendered":"","protected":false},"excerpt":{"rendered":"<p><span style=\"color: #000080;\"><strong>T62<\/strong><\/span><\/p>\n<p><em>Multicargador tipo llavero de bamboo, dise\u00f1o compacto. Ofrece conexiones vers\u00e1tiles, incluyendo Tipo C tanto para entrada como para salida adem\u00e1s de una doble conexi\u00f3n micro USB-Lightning. Cable habilitado para tanto carga de bater\u00eda como para sincronizaci\u00f3n con computador y transferencia de archivos. La caracter\u00edstica\u00a0USB reversible simplifica la conexi\u00f3n a la fuente de energ\u00eda proporcionando comodidad y eficacia. Presentaci\u00f3n en caja de cart\u00f3n blanca.<\/em><\/p>\n<p>Tama\u00f1o: 78 x 48 x 10 mm.<br \/>\nPeso: 28 grs.<br \/>\nCaja de 300 unidades.<\/p>\n<p>601054380<\/p>\n<p><img loading=\"lazy\" decoding=\"async\" class=\"alignnone size-full wp-image-513\" src=\"http:\/\/imblasco.cl\/regalos\/wp-content\/uploads\/2019\/06\/tampografia.png\" alt=\"\" width=\"71\" height=\"71\" \/> <img loading=\"lazy\" decoding=\"async\" class=\"alignnone size-full wp-image-509\" src=\"http:\/\/imblasco.cl\/regalos\/wp-content\/uploads\/2019\/06\/laser.png\" alt=\"\" width=\"71\" height=\"71\" \/><img loading=\"lazy\" decoding=\"async\" class=\"alignnone size-full wp-image-511\" src=\"http:\/\/imblasco.cl\/regalos\/wp-content\/uploads\/2019\/06\/serigrafia.png\" alt=\"\" width=\"71\" height=\"71\" \/> <img loading=\"lazy\" decoding=\"async\" class=\"alignnone size-full wp-image-508\" src=\"http:\/\/imblasco.cl\/regalos\/wp-content\/uploads\/2019\/06\/fibra.png\" alt=\"\" width=\"71\" height=\"71\" \/><\/p>\n","protected":false},"featured_media":10020542,"comment_status":"closed","ping_status":"closed","template":"","meta":[],"product_brand":[],"product_cat":[578,586,504,567,591,577,849,568],"product_tag":[],"class_list":{"0":"post-10020479","1":"product","2":"type-product","3":"status-publish","4":"has-post-thumbnail","6":"product_cat-accesorios-herramientas","7":"product_cat-art-tecnologicos","8":"product_cat-articulos-publicitarios","9":"product_cat-linea-bamboo","10":"product_cat-llaveros","11":"product_cat-novedades-articulos-publicitarios","12":"product_cat-otros-tecnologicos","13":"product_cat-regalos-y-trofeos-premium","15":"first","16":"instock","17":"shipping-taxable","18":"product-type-simple"},"aioseo_notices":[],"yoast_head":"<!-- This site is optimized with the Yoast SEO plugin v26.5 - https:\/\/yoast.com\/wordpress\/plugins\/seo\/ -->\n<title>Cable Conector Multicargador Bamboo T62 - Uniformes Ludo<\/title>\n<meta name=\"robots\" content=\"index, follow, max-snippet:-1, max-image-preview:large, max-video-preview:-1\" \/>\n<link rel=\"canonical\" href=\"https:\/\/uniformesludo.cl\/index.php\/producto\/cable-conector-multicargador-bamboo-t62\/\" \/>\n<meta property=\"og:locale\" content=\"es_ES\" \/>\n<meta property=\"og:type\" content=\"article\" \/>\n<meta property=\"og:title\" content=\"Cable Conector Multicargador Bamboo T62 - Uniformes Ludo\" \/>\n<meta property=\"og:description\" content=\"T62  Multicargador tipo llavero de bamboo, dise\u00f1o compacto. Ofrece conexiones vers\u00e1tiles, incluyendo Tipo C tanto para entrada como para salida adem\u00e1s de una doble conexi\u00f3n micro USB-Lightning. Cable habilitado para tanto carga de bater\u00eda como para sincronizaci\u00f3n con computador y transferencia de archivos. La caracter\u00edstica\u00a0USB reversible simplifica la conexi\u00f3n a la fuente de energ\u00eda proporcionando comodidad y eficacia. Presentaci\u00f3n en caja de cart\u00f3n blanca.  Tama\u00f1o: 78 x 48 x 10 mm. Peso: 28 grs. Caja de 300 unidades.  601054380\" \/>\n<meta property=\"og:url\" content=\"https:\/\/uniformesludo.cl\/index.php\/producto\/cable-conector-multicargador-bamboo-t62\/\" \/>\n<meta property=\"og:site_name\" content=\"Uniformes Ludo\" \/>\n<meta property=\"article:modified_time\" content=\"2024-09-04T17:05:55+00:00\" \/>\n<meta property=\"og:image\" content=\"https:\/\/uniformesludo.cl\/wp-content\/uploads\/2024\/09\/T62-portada-scaled-1.jpg\" \/>\n\t<meta property=\"og:image:width\" content=\"2560\" \/>\n\t<meta property=\"og:image:height\" content=\"2560\" \/>\n\t<meta property=\"og:image:type\" content=\"image\/jpeg\" \/>\n<meta name=\"twitter:card\" content=\"summary_large_image\" \/>\n<script type=\"application\/ld+json\" class=\"yoast-schema-graph\">{\"@context\":\"https:\/\/schema.org\",\"@graph\":[{\"@type\":\"WebPage\",\"@id\":\"https:\/\/uniformesludo.cl\/index.php\/producto\/cable-conector-multicargador-bamboo-t62\/\",\"url\":\"https:\/\/uniformesludo.cl\/index.php\/producto\/cable-conector-multicargador-bamboo-t62\/\",\"name\":\"Cable Conector Multicargador Bamboo T62 - Uniformes Ludo\",\"isPartOf\":{\"@id\":\"https:\/\/uniformesludo.cl\/#website\"},\"primaryImageOfPage\":{\"@id\":\"https:\/\/uniformesludo.cl\/index.php\/producto\/cable-conector-multicargador-bamboo-t62\/#primaryimage\"},\"image\":{\"@id\":\"https:\/\/uniformesludo.cl\/index.php\/producto\/cable-conector-multicargador-bamboo-t62\/#primaryimage\"},\"thumbnailUrl\":\"https:\/\/uniformesludo.cl\/wp-content\/uploads\/2024\/09\/T62-portada-scaled-1.jpg\",\"datePublished\":\"2024-09-04T17:03:00+00:00\",\"dateModified\":\"2024-09-04T17:05:55+00:00\",\"breadcrumb\":{\"@id\":\"https:\/\/uniformesludo.cl\/index.php\/producto\/cable-conector-multicargador-bamboo-t62\/#breadcrumb\"},\"inLanguage\":\"es\",\"potentialAction\":[{\"@type\":\"ReadAction\",\"target\":[\"https:\/\/uniformesludo.cl\/index.php\/producto\/cable-conector-multicargador-bamboo-t62\/\"]}]},{\"@type\":\"ImageObject\",\"inLanguage\":\"es\",\"@id\":\"https:\/\/uniformesludo.cl\/index.php\/producto\/cable-conector-multicargador-bamboo-t62\/#primaryimage\",\"url\":\"https:\/\/uniformesludo.cl\/wp-content\/uploads\/2024\/09\/T62-portada-scaled-1.jpg\",\"contentUrl\":\"https:\/\/uniformesludo.cl\/wp-content\/uploads\/2024\/09\/T62-portada-scaled-1.jpg\",\"width\":2560,\"height\":2560},{\"@type\":\"BreadcrumbList\",\"@id\":\"https:\/\/uniformesludo.cl\/index.php\/producto\/cable-conector-multicargador-bamboo-t62\/#breadcrumb\",\"itemListElement\":[{\"@type\":\"ListItem\",\"position\":1,\"name\":\"Portada\",\"item\":\"https:\/\/uniformesludo.cl\/\"},{\"@type\":\"ListItem\",\"position\":2,\"name\":\"Tienda\",\"item\":\"https:\/\/uniformesludo.cl\/index.php\/tienda\/\"},{\"@type\":\"ListItem\",\"position\":3,\"name\":\"Cable Conector Multicargador Bamboo T62\"}]},{\"@type\":\"WebSite\",\"@id\":\"https:\/\/uniformesludo.cl\/#website\",\"url\":\"https:\/\/uniformesludo.cl\/\",\"name\":\"Uniformes Ludo\",\"description\":\"Es una de las empresas comercializadoras de Ropa de trabajo, confecci\u00f3n, productos de protecci\u00f3n, prevenci\u00f3n y seguridad una de las m\u00e1s importantes de nuestro pa\u00eds, reconocida a nivel Nacional, con numerosos clientes a lo largo de Chile que avalan su compromiso de calidad. De igual forma, existe una permanente preocupaci\u00f3n por mantener un servicio integral de excelencia que permita identificarnos como \u201cel mejor equipo, la mejor empresa e inversi\u00f3n\u201d.\",\"potentialAction\":[{\"@type\":\"SearchAction\",\"target\":{\"@type\":\"EntryPoint\",\"urlTemplate\":\"https:\/\/uniformesludo.cl\/?s={search_term_string}\"},\"query-input\":{\"@type\":\"PropertyValueSpecification\",\"valueRequired\":true,\"valueName\":\"search_term_string\"}}],\"inLanguage\":\"es\"}]}<\/script>\n<!-- \/ Yoast SEO plugin. -->","yoast_head_json":{"title":"Cable Conector Multicargador Bamboo T62 - Uniformes Ludo","robots":{"index":"index","follow":"follow","max-snippet":"max-snippet:-1","max-image-preview":"max-image-preview:large","max-video-preview":"max-video-preview:-1"},"canonical":"https:\/\/uniformesludo.cl\/index.php\/producto\/cable-conector-multicargador-bamboo-t62\/","og_locale":"es_ES","og_type":"article","og_title":"Cable Conector Multicargador Bamboo T62 - Uniformes Ludo","og_description":"T62  Multicargador tipo llavero de bamboo, dise\u00f1o compacto. Ofrece conexiones vers\u00e1tiles, incluyendo Tipo C tanto para entrada como para salida adem\u00e1s de una doble conexi\u00f3n micro USB-Lightning. Cable habilitado para tanto carga de bater\u00eda como para sincronizaci\u00f3n con computador y transferencia de archivos. La caracter\u00edstica\u00a0USB reversible simplifica la conexi\u00f3n a la fuente de energ\u00eda proporcionando comodidad y eficacia. Presentaci\u00f3n en caja de cart\u00f3n blanca.  Tama\u00f1o: 78 x 48 x 10 mm. Peso: 28 grs. Caja de 300 unidades.  601054380","og_url":"https:\/\/uniformesludo.cl\/index.php\/producto\/cable-conector-multicargador-bamboo-t62\/","og_site_name":"Uniformes Ludo","article_modified_time":"2024-09-04T17:05:55+00:00","og_image":[{"width":2560,"height":2560,"url":"https:\/\/uniformesludo.cl\/wp-content\/uploads\/2024\/09\/T62-portada-scaled-1.jpg","type":"image\/jpeg"}],"twitter_card":"summary_large_image","schema":{"@context":"https:\/\/schema.org","@graph":[{"@type":"WebPage","@id":"https:\/\/uniformesludo.cl\/index.php\/producto\/cable-conector-multicargador-bamboo-t62\/","url":"https:\/\/uniformesludo.cl\/index.php\/producto\/cable-conector-multicargador-bamboo-t62\/","name":"Cable Conector Multicargador Bamboo T62 - Uniformes Ludo","isPartOf":{"@id":"https:\/\/uniformesludo.cl\/#website"},"primaryImageOfPage":{"@id":"https:\/\/uniformesludo.cl\/index.php\/producto\/cable-conector-multicargador-bamboo-t62\/#primaryimage"},"image":{"@id":"https:\/\/uniformesludo.cl\/index.php\/producto\/cable-conector-multicargador-bamboo-t62\/#primaryimage"},"thumbnailUrl":"https:\/\/uniformesludo.cl\/wp-content\/uploads\/2024\/09\/T62-portada-scaled-1.jpg","datePublished":"2024-09-04T17:03:00+00:00","dateModified":"2024-09-04T17:05:55+00:00","breadcrumb":{"@id":"https:\/\/uniformesludo.cl\/index.php\/producto\/cable-conector-multicargador-bamboo-t62\/#breadcrumb"},"inLanguage":"es","potentialAction":[{"@type":"ReadAction","target":["https:\/\/uniformesludo.cl\/index.php\/producto\/cable-conector-multicargador-bamboo-t62\/"]}]},{"@type":"ImageObject","inLanguage":"es","@id":"https:\/\/uniformesludo.cl\/index.php\/producto\/cable-conector-multicargador-bamboo-t62\/#primaryimage","url":"https:\/\/uniformesludo.cl\/wp-content\/uploads\/2024\/09\/T62-portada-scaled-1.jpg","contentUrl":"https:\/\/uniformesludo.cl\/wp-content\/uploads\/2024\/09\/T62-portada-scaled-1.jpg","width":2560,"height":2560},{"@type":"BreadcrumbList","@id":"https:\/\/uniformesludo.cl\/index.php\/producto\/cable-conector-multicargador-bamboo-t62\/#breadcrumb","itemListElement":[{"@type":"ListItem","position":1,"name":"Portada","item":"https:\/\/uniformesludo.cl\/"},{"@type":"ListItem","position":2,"name":"Tienda","item":"https:\/\/uniformesludo.cl\/index.php\/tienda\/"},{"@type":"ListItem","position":3,"name":"Cable Conector Multicargador Bamboo T62"}]},{"@type":"WebSite","@id":"https:\/\/uniformesludo.cl\/#website","url":"https:\/\/uniformesludo.cl\/","name":"Uniformes Ludo","description":"Es una de las empresas comercializadoras de Ropa de trabajo, confecci\u00f3n, productos de protecci\u00f3n, prevenci\u00f3n y seguridad una de las m\u00e1s importantes de nuestro pa\u00eds, reconocida a nivel Nacional, con numerosos clientes a lo largo de Chile que avalan su compromiso de calidad. De igual forma, existe una permanente preocupaci\u00f3n por mantener un servicio integral de excelencia que permita identificarnos como \u201cel mejor equipo, la mejor empresa e inversi\u00f3n\u201d.","potentialAction":[{"@type":"SearchAction","target":{"@type":"EntryPoint","urlTemplate":"https:\/\/uniformesludo.cl\/?s={search_term_string}"},"query-input":{"@type":"PropertyValueSpecification","valueRequired":true,"valueName":"search_term_string"}}],"inLanguage":"es"}]}},"_links":{"self":[{"href":"https:\/\/uniformesludo.cl\/index.php\/wp-json\/wp\/v2\/product\/10020479","targetHints":{"allow":["GET"]}}],"collection":[{"href":"https:\/\/uniformesludo.cl\/index.php\/wp-json\/wp\/v2\/product"}],"about":[{"href":"https:\/\/uniformesludo.cl\/index.php\/wp-json\/wp\/v2\/types\/product"}],"replies":[{"embeddable":true,"href":"https:\/\/uniformesludo.cl\/index.php\/wp-json\/wp\/v2\/comments?post=10020479"}],"wp:featuredmedia":[{"embeddable":true,"href":"https:\/\/uniformesludo.cl\/index.php\/wp-json\/wp\/v2\/media\/10020542"}],"wp:attachment":[{"href":"https:\/\/uniformesludo.cl\/index.php\/wp-json\/wp\/v2\/media?parent=10020479"}],"wp:term":[{"taxonomy":"product_brand","embeddable":true,"href":"https:\/\/uniformesludo.cl\/index.php\/wp-json\/wp\/v2\/product_brand?post=10020479"},{"taxonomy":"product_cat","embeddable":true,"href":"https:\/\/uniformesludo.cl\/index.php\/wp-json\/wp\/v2\/product_cat?post=10020479"},{"taxonomy":"product_tag","embeddable":true,"href":"https:\/\/uniformesludo.cl\/index.php\/wp-json\/wp\/v2\/product_tag?post=10020479"}],"curies":[{"name":"wp","href":"https:\/\/api.w.org\/{rel}","templated":true}]}}