{"id":10020454,"date":"2024-09-04T17:02:05","date_gmt":"2024-09-04T17:02:05","guid":{"rendered":"https:\/\/uniformesludo.cl\/?post_type=product&#038;p=10020454"},"modified":"2024-09-04T17:04:29","modified_gmt":"2024-09-04T17:04:29","slug":"piocha-broche-redondo-plateado-pins-25mm","status":"publish","type":"product","link":"https:\/\/uniformesludo.cl\/index.php\/producto\/piocha-broche-redondo-plateado-pins-25mm\/","title":{"rendered":"Piocha Broche Redondo Plateado (Pins) 25mm"},"content":{"rendered":"","protected":false},"excerpt":{"rendered":"<p><em>Piochas Broche Plateado circular. Producto incluye su respectivo domo.<\/em><\/p>\n<p>Venta en m\u00faltiplos de 50 pines.<\/p>\n<p>\u00d8 25mm.\u00a0 591080129<\/p>\n<p>&nbsp;<\/p>\n<p><em><strong>* No Incluye impresi\u00f3n ni grabado<\/strong><\/em><\/p>\n","protected":false},"featured_media":10020510,"comment_status":"closed","ping_status":"closed","template":"","meta":[],"product_brand":[],"product_cat":[578,682,596,576,577,690],"product_tag":[],"class_list":{"0":"post-10020454","1":"product","2":"type-product","3":"status-publish","4":"has-post-thumbnail","6":"product_cat-accesorios-herramientas","7":"product_cat-insumos","8":"product_cat-lanyards-e-identificacion","9":"product_cat-novedades","10":"product_cat-novedades-articulos-publicitarios","11":"product_cat-novedades-trofeos-y-premios","13":"first","14":"instock","15":"shipping-taxable","16":"product-type-simple"},"aioseo_notices":[],"yoast_head":"<!-- This site is optimized with the Yoast SEO plugin v26.5 - https:\/\/yoast.com\/wordpress\/plugins\/seo\/ -->\n<title>Piocha Broche Redondo Plateado (Pins) 25mm - Uniformes Ludo<\/title>\n<meta name=\"robots\" content=\"index, follow, max-snippet:-1, max-image-preview:large, max-video-preview:-1\" \/>\n<link rel=\"canonical\" href=\"https:\/\/uniformesludo.cl\/index.php\/producto\/piocha-broche-redondo-plateado-pins-25mm\/\" \/>\n<meta property=\"og:locale\" content=\"es_ES\" \/>\n<meta property=\"og:type\" content=\"article\" \/>\n<meta property=\"og:title\" content=\"Piocha Broche Redondo Plateado (Pins) 25mm - Uniformes Ludo\" \/>\n<meta property=\"og:description\" content=\"Piochas Broche Plateado circular. Producto incluye su respectivo domo.  Venta en m\u00faltiplos de 50 pines.  \u00d8 25mm.\u00a0 591080129  &nbsp;  * No Incluye impresi\u00f3n ni grabado\" \/>\n<meta property=\"og:url\" content=\"https:\/\/uniformesludo.cl\/index.php\/producto\/piocha-broche-redondo-plateado-pins-25mm\/\" \/>\n<meta property=\"og:site_name\" content=\"Uniformes Ludo\" \/>\n<meta property=\"article:modified_time\" content=\"2024-09-04T17:04:29+00:00\" \/>\n<meta property=\"og:image\" content=\"https:\/\/uniformesludo.cl\/wp-content\/uploads\/2024\/09\/Pin-Broche-con-domo-plateado-portada.jpg\" \/>\n\t<meta property=\"og:image:width\" content=\"1500\" \/>\n\t<meta property=\"og:image:height\" content=\"1500\" \/>\n\t<meta property=\"og:image:type\" content=\"image\/jpeg\" \/>\n<meta name=\"twitter:card\" content=\"summary_large_image\" \/>\n<script type=\"application\/ld+json\" class=\"yoast-schema-graph\">{\"@context\":\"https:\/\/schema.org\",\"@graph\":[{\"@type\":\"WebPage\",\"@id\":\"https:\/\/uniformesludo.cl\/index.php\/producto\/piocha-broche-redondo-plateado-pins-25mm\/\",\"url\":\"https:\/\/uniformesludo.cl\/index.php\/producto\/piocha-broche-redondo-plateado-pins-25mm\/\",\"name\":\"Piocha Broche Redondo Plateado (Pins) 25mm - Uniformes Ludo\",\"isPartOf\":{\"@id\":\"https:\/\/uniformesludo.cl\/#website\"},\"primaryImageOfPage\":{\"@id\":\"https:\/\/uniformesludo.cl\/index.php\/producto\/piocha-broche-redondo-plateado-pins-25mm\/#primaryimage\"},\"image\":{\"@id\":\"https:\/\/uniformesludo.cl\/index.php\/producto\/piocha-broche-redondo-plateado-pins-25mm\/#primaryimage\"},\"thumbnailUrl\":\"https:\/\/uniformesludo.cl\/wp-content\/uploads\/2024\/09\/Pin-Broche-con-domo-plateado-portada.jpg\",\"datePublished\":\"2024-09-04T17:02:05+00:00\",\"dateModified\":\"2024-09-04T17:04:29+00:00\",\"breadcrumb\":{\"@id\":\"https:\/\/uniformesludo.cl\/index.php\/producto\/piocha-broche-redondo-plateado-pins-25mm\/#breadcrumb\"},\"inLanguage\":\"es\",\"potentialAction\":[{\"@type\":\"ReadAction\",\"target\":[\"https:\/\/uniformesludo.cl\/index.php\/producto\/piocha-broche-redondo-plateado-pins-25mm\/\"]}]},{\"@type\":\"ImageObject\",\"inLanguage\":\"es\",\"@id\":\"https:\/\/uniformesludo.cl\/index.php\/producto\/piocha-broche-redondo-plateado-pins-25mm\/#primaryimage\",\"url\":\"https:\/\/uniformesludo.cl\/wp-content\/uploads\/2024\/09\/Pin-Broche-con-domo-plateado-portada.jpg\",\"contentUrl\":\"https:\/\/uniformesludo.cl\/wp-content\/uploads\/2024\/09\/Pin-Broche-con-domo-plateado-portada.jpg\",\"width\":1500,\"height\":1500},{\"@type\":\"BreadcrumbList\",\"@id\":\"https:\/\/uniformesludo.cl\/index.php\/producto\/piocha-broche-redondo-plateado-pins-25mm\/#breadcrumb\",\"itemListElement\":[{\"@type\":\"ListItem\",\"position\":1,\"name\":\"Portada\",\"item\":\"https:\/\/uniformesludo.cl\/\"},{\"@type\":\"ListItem\",\"position\":2,\"name\":\"Tienda\",\"item\":\"https:\/\/uniformesludo.cl\/index.php\/tienda\/\"},{\"@type\":\"ListItem\",\"position\":3,\"name\":\"Piocha Broche Redondo Plateado (Pins) 25mm\"}]},{\"@type\":\"WebSite\",\"@id\":\"https:\/\/uniformesludo.cl\/#website\",\"url\":\"https:\/\/uniformesludo.cl\/\",\"name\":\"Uniformes Ludo\",\"description\":\"Es una de las empresas comercializadoras de Ropa de trabajo, confecci\u00f3n, productos de protecci\u00f3n, prevenci\u00f3n y seguridad una de las m\u00e1s importantes de nuestro pa\u00eds, reconocida a nivel Nacional, con numerosos clientes a lo largo de Chile que avalan su compromiso de calidad. De igual forma, existe una permanente preocupaci\u00f3n por mantener un servicio integral de excelencia que permita identificarnos como \u201cel mejor equipo, la mejor empresa e inversi\u00f3n\u201d.\",\"potentialAction\":[{\"@type\":\"SearchAction\",\"target\":{\"@type\":\"EntryPoint\",\"urlTemplate\":\"https:\/\/uniformesludo.cl\/?s={search_term_string}\"},\"query-input\":{\"@type\":\"PropertyValueSpecification\",\"valueRequired\":true,\"valueName\":\"search_term_string\"}}],\"inLanguage\":\"es\"}]}<\/script>\n<!-- \/ Yoast SEO plugin. -->","yoast_head_json":{"title":"Piocha Broche Redondo Plateado (Pins) 25mm - Uniformes Ludo","robots":{"index":"index","follow":"follow","max-snippet":"max-snippet:-1","max-image-preview":"max-image-preview:large","max-video-preview":"max-video-preview:-1"},"canonical":"https:\/\/uniformesludo.cl\/index.php\/producto\/piocha-broche-redondo-plateado-pins-25mm\/","og_locale":"es_ES","og_type":"article","og_title":"Piocha Broche Redondo Plateado (Pins) 25mm - Uniformes Ludo","og_description":"Piochas Broche Plateado circular. Producto incluye su respectivo domo.  Venta en m\u00faltiplos de 50 pines.  \u00d8 25mm.\u00a0 591080129  &nbsp;  * No Incluye impresi\u00f3n ni grabado","og_url":"https:\/\/uniformesludo.cl\/index.php\/producto\/piocha-broche-redondo-plateado-pins-25mm\/","og_site_name":"Uniformes Ludo","article_modified_time":"2024-09-04T17:04:29+00:00","og_image":[{"width":1500,"height":1500,"url":"https:\/\/uniformesludo.cl\/wp-content\/uploads\/2024\/09\/Pin-Broche-con-domo-plateado-portada.jpg","type":"image\/jpeg"}],"twitter_card":"summary_large_image","schema":{"@context":"https:\/\/schema.org","@graph":[{"@type":"WebPage","@id":"https:\/\/uniformesludo.cl\/index.php\/producto\/piocha-broche-redondo-plateado-pins-25mm\/","url":"https:\/\/uniformesludo.cl\/index.php\/producto\/piocha-broche-redondo-plateado-pins-25mm\/","name":"Piocha Broche Redondo Plateado (Pins) 25mm - Uniformes Ludo","isPartOf":{"@id":"https:\/\/uniformesludo.cl\/#website"},"primaryImageOfPage":{"@id":"https:\/\/uniformesludo.cl\/index.php\/producto\/piocha-broche-redondo-plateado-pins-25mm\/#primaryimage"},"image":{"@id":"https:\/\/uniformesludo.cl\/index.php\/producto\/piocha-broche-redondo-plateado-pins-25mm\/#primaryimage"},"thumbnailUrl":"https:\/\/uniformesludo.cl\/wp-content\/uploads\/2024\/09\/Pin-Broche-con-domo-plateado-portada.jpg","datePublished":"2024-09-04T17:02:05+00:00","dateModified":"2024-09-04T17:04:29+00:00","breadcrumb":{"@id":"https:\/\/uniformesludo.cl\/index.php\/producto\/piocha-broche-redondo-plateado-pins-25mm\/#breadcrumb"},"inLanguage":"es","potentialAction":[{"@type":"ReadAction","target":["https:\/\/uniformesludo.cl\/index.php\/producto\/piocha-broche-redondo-plateado-pins-25mm\/"]}]},{"@type":"ImageObject","inLanguage":"es","@id":"https:\/\/uniformesludo.cl\/index.php\/producto\/piocha-broche-redondo-plateado-pins-25mm\/#primaryimage","url":"https:\/\/uniformesludo.cl\/wp-content\/uploads\/2024\/09\/Pin-Broche-con-domo-plateado-portada.jpg","contentUrl":"https:\/\/uniformesludo.cl\/wp-content\/uploads\/2024\/09\/Pin-Broche-con-domo-plateado-portada.jpg","width":1500,"height":1500},{"@type":"BreadcrumbList","@id":"https:\/\/uniformesludo.cl\/index.php\/producto\/piocha-broche-redondo-plateado-pins-25mm\/#breadcrumb","itemListElement":[{"@type":"ListItem","position":1,"name":"Portada","item":"https:\/\/uniformesludo.cl\/"},{"@type":"ListItem","position":2,"name":"Tienda","item":"https:\/\/uniformesludo.cl\/index.php\/tienda\/"},{"@type":"ListItem","position":3,"name":"Piocha Broche Redondo Plateado (Pins) 25mm"}]},{"@type":"WebSite","@id":"https:\/\/uniformesludo.cl\/#website","url":"https:\/\/uniformesludo.cl\/","name":"Uniformes Ludo","description":"Es una de las empresas comercializadoras de Ropa de trabajo, confecci\u00f3n, productos de protecci\u00f3n, prevenci\u00f3n y seguridad una de las m\u00e1s importantes de nuestro pa\u00eds, reconocida a nivel Nacional, con numerosos clientes a lo largo de Chile que avalan su compromiso de calidad. De igual forma, existe una permanente preocupaci\u00f3n por mantener un servicio integral de excelencia que permita identificarnos como \u201cel mejor equipo, la mejor empresa e inversi\u00f3n\u201d.","potentialAction":[{"@type":"SearchAction","target":{"@type":"EntryPoint","urlTemplate":"https:\/\/uniformesludo.cl\/?s={search_term_string}"},"query-input":{"@type":"PropertyValueSpecification","valueRequired":true,"valueName":"search_term_string"}}],"inLanguage":"es"}]}},"_links":{"self":[{"href":"https:\/\/uniformesludo.cl\/index.php\/wp-json\/wp\/v2\/product\/10020454","targetHints":{"allow":["GET"]}}],"collection":[{"href":"https:\/\/uniformesludo.cl\/index.php\/wp-json\/wp\/v2\/product"}],"about":[{"href":"https:\/\/uniformesludo.cl\/index.php\/wp-json\/wp\/v2\/types\/product"}],"replies":[{"embeddable":true,"href":"https:\/\/uniformesludo.cl\/index.php\/wp-json\/wp\/v2\/comments?post=10020454"}],"wp:featuredmedia":[{"embeddable":true,"href":"https:\/\/uniformesludo.cl\/index.php\/wp-json\/wp\/v2\/media\/10020510"}],"wp:attachment":[{"href":"https:\/\/uniformesludo.cl\/index.php\/wp-json\/wp\/v2\/media?parent=10020454"}],"wp:term":[{"taxonomy":"product_brand","embeddable":true,"href":"https:\/\/uniformesludo.cl\/index.php\/wp-json\/wp\/v2\/product_brand?post=10020454"},{"taxonomy":"product_cat","embeddable":true,"href":"https:\/\/uniformesludo.cl\/index.php\/wp-json\/wp\/v2\/product_cat?post=10020454"},{"taxonomy":"product_tag","embeddable":true,"href":"https:\/\/uniformesludo.cl\/index.php\/wp-json\/wp\/v2\/product_tag?post=10020454"}],"curies":[{"name":"wp","href":"https:\/\/api.w.org\/{rel}","templated":true}]}}