{"id":10020260,"date":"2024-09-04T16:57:38","date_gmt":"2024-09-04T16:57:38","guid":{"rendered":"https:\/\/uniformesludo.cl\/?post_type=product&#038;p=10020260"},"modified":"2024-09-04T16:59:03","modified_gmt":"2024-09-04T16:59:03","slug":"tazon-enlozado-sublimable-m81-sub","status":"publish","type":"product","link":"https:\/\/uniformesludo.cl\/index.php\/producto\/tazon-enlozado-sublimable-m81-sub\/","title":{"rendered":"Taz\u00f3n Enlozado Sublimable M81-SUB"},"content":{"rendered":"","protected":false},"excerpt":{"rendered":"<p><span style=\"color: #000080;\"><strong>M81-SUB<\/strong><\/span><\/p>\n<p><em>Mug enlozado lechero para sublimaci\u00f3n con borde de acero inoxidable.\u00a0 Presentaci\u00f3n en caja individual blanca.<\/em><\/p>\n<p>Marca Polar. Alta calidad sublimable.<\/p>\n<p>Tama\u00f1o : \u00d8 8.7 cms x 8 cms.<br \/>\nCapacidad : 350 ml.<br \/>\nMaterial Exterior : Acero Enlozado.<br \/>\nMaterial Interior : Acero Enlozado.<br \/>\nCaja de 48 unidades.<\/p>\n<p>601063165<\/p>\n","protected":false},"featured_media":10020326,"comment_status":"closed","ping_status":"closed","template":"","meta":[],"product_brand":[],"product_cat":[570,571,576,577,557],"product_tag":[],"class_list":{"0":"post-10020260","1":"product","2":"type-product","3":"status-publish","4":"has-post-thumbnail","6":"product_cat-botellas-mugs-tazones-termos-vasos","7":"product_cat-mugs-y-tazones","8":"product_cat-novedades","9":"product_cat-novedades-articulos-publicitarios","10":"product_cat-productos-para-sublimacion","12":"first","13":"instock","14":"shipping-taxable","15":"product-type-simple"},"aioseo_notices":[],"yoast_head":"<!-- This site is optimized with the Yoast SEO plugin v26.5 - https:\/\/yoast.com\/wordpress\/plugins\/seo\/ -->\n<title>Taz\u00f3n Enlozado Sublimable M81-SUB - Uniformes Ludo<\/title>\n<meta name=\"robots\" content=\"index, follow, max-snippet:-1, max-image-preview:large, max-video-preview:-1\" \/>\n<link rel=\"canonical\" href=\"https:\/\/uniformesludo.cl\/index.php\/producto\/tazon-enlozado-sublimable-m81-sub\/\" \/>\n<meta property=\"og:locale\" content=\"es_ES\" \/>\n<meta property=\"og:type\" content=\"article\" \/>\n<meta property=\"og:title\" content=\"Taz\u00f3n Enlozado Sublimable M81-SUB - Uniformes Ludo\" \/>\n<meta property=\"og:description\" content=\"M81-SUB  Mug enlozado lechero para sublimaci\u00f3n con borde de acero inoxidable.\u00a0 Presentaci\u00f3n en caja individual blanca.  Marca Polar. Alta calidad sublimable.  Tama\u00f1o : \u00d8 8.7 cms x 8 cms. Capacidad : 350 ml. Material Exterior : Acero Enlozado. Material Interior : Acero Enlozado. Caja de 48 unidades.  601063165\" \/>\n<meta property=\"og:url\" content=\"https:\/\/uniformesludo.cl\/index.php\/producto\/tazon-enlozado-sublimable-m81-sub\/\" \/>\n<meta property=\"og:site_name\" content=\"Uniformes Ludo\" \/>\n<meta property=\"article:modified_time\" content=\"2024-09-04T16:59:03+00:00\" \/>\n<meta property=\"og:image\" content=\"https:\/\/uniformesludo.cl\/wp-content\/uploads\/2024\/09\/M81-portada-ok-scaled-1.jpg\" \/>\n\t<meta property=\"og:image:width\" content=\"2560\" \/>\n\t<meta property=\"og:image:height\" content=\"2560\" \/>\n\t<meta property=\"og:image:type\" content=\"image\/jpeg\" \/>\n<meta name=\"twitter:card\" content=\"summary_large_image\" \/>\n<script type=\"application\/ld+json\" class=\"yoast-schema-graph\">{\"@context\":\"https:\/\/schema.org\",\"@graph\":[{\"@type\":\"WebPage\",\"@id\":\"https:\/\/uniformesludo.cl\/index.php\/producto\/tazon-enlozado-sublimable-m81-sub\/\",\"url\":\"https:\/\/uniformesludo.cl\/index.php\/producto\/tazon-enlozado-sublimable-m81-sub\/\",\"name\":\"Taz\u00f3n Enlozado Sublimable M81-SUB - Uniformes Ludo\",\"isPartOf\":{\"@id\":\"https:\/\/uniformesludo.cl\/#website\"},\"primaryImageOfPage\":{\"@id\":\"https:\/\/uniformesludo.cl\/index.php\/producto\/tazon-enlozado-sublimable-m81-sub\/#primaryimage\"},\"image\":{\"@id\":\"https:\/\/uniformesludo.cl\/index.php\/producto\/tazon-enlozado-sublimable-m81-sub\/#primaryimage\"},\"thumbnailUrl\":\"https:\/\/uniformesludo.cl\/wp-content\/uploads\/2024\/09\/M81-portada-ok-scaled-1.jpg\",\"datePublished\":\"2024-09-04T16:57:38+00:00\",\"dateModified\":\"2024-09-04T16:59:03+00:00\",\"breadcrumb\":{\"@id\":\"https:\/\/uniformesludo.cl\/index.php\/producto\/tazon-enlozado-sublimable-m81-sub\/#breadcrumb\"},\"inLanguage\":\"es\",\"potentialAction\":[{\"@type\":\"ReadAction\",\"target\":[\"https:\/\/uniformesludo.cl\/index.php\/producto\/tazon-enlozado-sublimable-m81-sub\/\"]}]},{\"@type\":\"ImageObject\",\"inLanguage\":\"es\",\"@id\":\"https:\/\/uniformesludo.cl\/index.php\/producto\/tazon-enlozado-sublimable-m81-sub\/#primaryimage\",\"url\":\"https:\/\/uniformesludo.cl\/wp-content\/uploads\/2024\/09\/M81-portada-ok-scaled-1.jpg\",\"contentUrl\":\"https:\/\/uniformesludo.cl\/wp-content\/uploads\/2024\/09\/M81-portada-ok-scaled-1.jpg\",\"width\":2560,\"height\":2560},{\"@type\":\"BreadcrumbList\",\"@id\":\"https:\/\/uniformesludo.cl\/index.php\/producto\/tazon-enlozado-sublimable-m81-sub\/#breadcrumb\",\"itemListElement\":[{\"@type\":\"ListItem\",\"position\":1,\"name\":\"Portada\",\"item\":\"https:\/\/uniformesludo.cl\/\"},{\"@type\":\"ListItem\",\"position\":2,\"name\":\"Tienda\",\"item\":\"https:\/\/uniformesludo.cl\/index.php\/tienda\/\"},{\"@type\":\"ListItem\",\"position\":3,\"name\":\"Taz\u00f3n Enlozado Sublimable M81-SUB\"}]},{\"@type\":\"WebSite\",\"@id\":\"https:\/\/uniformesludo.cl\/#website\",\"url\":\"https:\/\/uniformesludo.cl\/\",\"name\":\"Uniformes Ludo\",\"description\":\"Es una de las empresas comercializadoras de Ropa de trabajo, confecci\u00f3n, productos de protecci\u00f3n, prevenci\u00f3n y seguridad una de las m\u00e1s importantes de nuestro pa\u00eds, reconocida a nivel Nacional, con numerosos clientes a lo largo de Chile que avalan su compromiso de calidad. De igual forma, existe una permanente preocupaci\u00f3n por mantener un servicio integral de excelencia que permita identificarnos como \u201cel mejor equipo, la mejor empresa e inversi\u00f3n\u201d.\",\"potentialAction\":[{\"@type\":\"SearchAction\",\"target\":{\"@type\":\"EntryPoint\",\"urlTemplate\":\"https:\/\/uniformesludo.cl\/?s={search_term_string}\"},\"query-input\":{\"@type\":\"PropertyValueSpecification\",\"valueRequired\":true,\"valueName\":\"search_term_string\"}}],\"inLanguage\":\"es\"}]}<\/script>\n<!-- \/ Yoast SEO plugin. -->","yoast_head_json":{"title":"Taz\u00f3n Enlozado Sublimable M81-SUB - Uniformes Ludo","robots":{"index":"index","follow":"follow","max-snippet":"max-snippet:-1","max-image-preview":"max-image-preview:large","max-video-preview":"max-video-preview:-1"},"canonical":"https:\/\/uniformesludo.cl\/index.php\/producto\/tazon-enlozado-sublimable-m81-sub\/","og_locale":"es_ES","og_type":"article","og_title":"Taz\u00f3n Enlozado Sublimable M81-SUB - Uniformes Ludo","og_description":"M81-SUB  Mug enlozado lechero para sublimaci\u00f3n con borde de acero inoxidable.\u00a0 Presentaci\u00f3n en caja individual blanca.  Marca Polar. Alta calidad sublimable.  Tama\u00f1o : \u00d8 8.7 cms x 8 cms. Capacidad : 350 ml. Material Exterior : Acero Enlozado. Material Interior : Acero Enlozado. Caja de 48 unidades.  601063165","og_url":"https:\/\/uniformesludo.cl\/index.php\/producto\/tazon-enlozado-sublimable-m81-sub\/","og_site_name":"Uniformes Ludo","article_modified_time":"2024-09-04T16:59:03+00:00","og_image":[{"width":2560,"height":2560,"url":"https:\/\/uniformesludo.cl\/wp-content\/uploads\/2024\/09\/M81-portada-ok-scaled-1.jpg","type":"image\/jpeg"}],"twitter_card":"summary_large_image","schema":{"@context":"https:\/\/schema.org","@graph":[{"@type":"WebPage","@id":"https:\/\/uniformesludo.cl\/index.php\/producto\/tazon-enlozado-sublimable-m81-sub\/","url":"https:\/\/uniformesludo.cl\/index.php\/producto\/tazon-enlozado-sublimable-m81-sub\/","name":"Taz\u00f3n Enlozado Sublimable M81-SUB - Uniformes Ludo","isPartOf":{"@id":"https:\/\/uniformesludo.cl\/#website"},"primaryImageOfPage":{"@id":"https:\/\/uniformesludo.cl\/index.php\/producto\/tazon-enlozado-sublimable-m81-sub\/#primaryimage"},"image":{"@id":"https:\/\/uniformesludo.cl\/index.php\/producto\/tazon-enlozado-sublimable-m81-sub\/#primaryimage"},"thumbnailUrl":"https:\/\/uniformesludo.cl\/wp-content\/uploads\/2024\/09\/M81-portada-ok-scaled-1.jpg","datePublished":"2024-09-04T16:57:38+00:00","dateModified":"2024-09-04T16:59:03+00:00","breadcrumb":{"@id":"https:\/\/uniformesludo.cl\/index.php\/producto\/tazon-enlozado-sublimable-m81-sub\/#breadcrumb"},"inLanguage":"es","potentialAction":[{"@type":"ReadAction","target":["https:\/\/uniformesludo.cl\/index.php\/producto\/tazon-enlozado-sublimable-m81-sub\/"]}]},{"@type":"ImageObject","inLanguage":"es","@id":"https:\/\/uniformesludo.cl\/index.php\/producto\/tazon-enlozado-sublimable-m81-sub\/#primaryimage","url":"https:\/\/uniformesludo.cl\/wp-content\/uploads\/2024\/09\/M81-portada-ok-scaled-1.jpg","contentUrl":"https:\/\/uniformesludo.cl\/wp-content\/uploads\/2024\/09\/M81-portada-ok-scaled-1.jpg","width":2560,"height":2560},{"@type":"BreadcrumbList","@id":"https:\/\/uniformesludo.cl\/index.php\/producto\/tazon-enlozado-sublimable-m81-sub\/#breadcrumb","itemListElement":[{"@type":"ListItem","position":1,"name":"Portada","item":"https:\/\/uniformesludo.cl\/"},{"@type":"ListItem","position":2,"name":"Tienda","item":"https:\/\/uniformesludo.cl\/index.php\/tienda\/"},{"@type":"ListItem","position":3,"name":"Taz\u00f3n Enlozado Sublimable M81-SUB"}]},{"@type":"WebSite","@id":"https:\/\/uniformesludo.cl\/#website","url":"https:\/\/uniformesludo.cl\/","name":"Uniformes Ludo","description":"Es una de las empresas comercializadoras de Ropa de trabajo, confecci\u00f3n, productos de protecci\u00f3n, prevenci\u00f3n y seguridad una de las m\u00e1s importantes de nuestro pa\u00eds, reconocida a nivel Nacional, con numerosos clientes a lo largo de Chile que avalan su compromiso de calidad. De igual forma, existe una permanente preocupaci\u00f3n por mantener un servicio integral de excelencia que permita identificarnos como \u201cel mejor equipo, la mejor empresa e inversi\u00f3n\u201d.","potentialAction":[{"@type":"SearchAction","target":{"@type":"EntryPoint","urlTemplate":"https:\/\/uniformesludo.cl\/?s={search_term_string}"},"query-input":{"@type":"PropertyValueSpecification","valueRequired":true,"valueName":"search_term_string"}}],"inLanguage":"es"}]}},"_links":{"self":[{"href":"https:\/\/uniformesludo.cl\/index.php\/wp-json\/wp\/v2\/product\/10020260","targetHints":{"allow":["GET"]}}],"collection":[{"href":"https:\/\/uniformesludo.cl\/index.php\/wp-json\/wp\/v2\/product"}],"about":[{"href":"https:\/\/uniformesludo.cl\/index.php\/wp-json\/wp\/v2\/types\/product"}],"replies":[{"embeddable":true,"href":"https:\/\/uniformesludo.cl\/index.php\/wp-json\/wp\/v2\/comments?post=10020260"}],"wp:featuredmedia":[{"embeddable":true,"href":"https:\/\/uniformesludo.cl\/index.php\/wp-json\/wp\/v2\/media\/10020326"}],"wp:attachment":[{"href":"https:\/\/uniformesludo.cl\/index.php\/wp-json\/wp\/v2\/media?parent=10020260"}],"wp:term":[{"taxonomy":"product_brand","embeddable":true,"href":"https:\/\/uniformesludo.cl\/index.php\/wp-json\/wp\/v2\/product_brand?post=10020260"},{"taxonomy":"product_cat","embeddable":true,"href":"https:\/\/uniformesludo.cl\/index.php\/wp-json\/wp\/v2\/product_cat?post=10020260"},{"taxonomy":"product_tag","embeddable":true,"href":"https:\/\/uniformesludo.cl\/index.php\/wp-json\/wp\/v2\/product_tag?post=10020260"}],"curies":[{"name":"wp","href":"https:\/\/api.w.org\/{rel}","templated":true}]}}