{"id":10020253,"date":"2024-09-04T16:57:13","date_gmt":"2024-09-04T16:57:13","guid":{"rendered":"https:\/\/uniformesludo.cl\/?post_type=product&#038;p=10020253"},"modified":"2024-09-04T16:58:17","modified_gmt":"2024-09-04T16:58:17","slug":"libreta-ecologica-bamboo-n29","status":"publish","type":"product","link":"https:\/\/uniformesludo.cl\/index.php\/producto\/libreta-ecologica-bamboo-n29\/","title":{"rendered":"Libreta Ecol\u00f3gica Bamboo N29"},"content":{"rendered":"","protected":false},"excerpt":{"rendered":"<p><span style=\"color: #000080;\"><strong>N29<\/strong><\/span><\/p>\n<p><em>Libreta ecol\u00f3gica con tapa de bamboo y el\u00e1stico color plata. Hojas con signo de reciclaje impreso. Incluye bol\u00edgrafo bamboo con clip pl\u00e1stico plateado.<\/em><\/p>\n<p>Tama\u00f1o : 9 cms x 14 cms x 1,3 cms.<br \/>\n70 Hojas de 70 Grs.<br \/>\nCaja de 100 unidades.<br \/>\nTapa Bamboo de 1,6 mm.<br \/>\nPapel beige con l\u00edneas.<br \/>\nBol\u00edgrafo tinta azul.<\/p>\n<p>601060902<\/p>\n","protected":false},"featured_media":10020300,"comment_status":"closed","ping_status":"closed","template":"","meta":[],"product_brand":[],"product_cat":[581,576,577],"product_tag":[],"class_list":{"0":"post-10020253","1":"product","2":"type-product","3":"status-publish","4":"has-post-thumbnail","6":"product_cat-libretas-cuadernos-memo-set","7":"product_cat-novedades","8":"product_cat-novedades-articulos-publicitarios","10":"first","11":"instock","12":"shipping-taxable","13":"product-type-simple"},"aioseo_notices":[],"yoast_head":"<!-- This site is optimized with the Yoast SEO plugin v26.5 - https:\/\/yoast.com\/wordpress\/plugins\/seo\/ -->\n<title>Libreta Ecol\u00f3gica Bamboo N29 - Uniformes Ludo<\/title>\n<meta name=\"robots\" content=\"index, follow, max-snippet:-1, max-image-preview:large, max-video-preview:-1\" \/>\n<link rel=\"canonical\" href=\"https:\/\/uniformesludo.cl\/index.php\/producto\/libreta-ecologica-bamboo-n29\/\" \/>\n<meta property=\"og:locale\" content=\"es_ES\" \/>\n<meta property=\"og:type\" content=\"article\" \/>\n<meta property=\"og:title\" content=\"Libreta Ecol\u00f3gica Bamboo N29 - Uniformes Ludo\" \/>\n<meta property=\"og:description\" content=\"N29  Libreta ecol\u00f3gica con tapa de bamboo y el\u00e1stico color plata. Hojas con signo de reciclaje impreso. Incluye bol\u00edgrafo bamboo con clip pl\u00e1stico plateado.  Tama\u00f1o : 9 cms x 14 cms x 1,3 cms. 70 Hojas de 70 Grs. Caja de 100 unidades. Tapa Bamboo de 1,6 mm. Papel beige con l\u00edneas. Bol\u00edgrafo tinta azul.  601060902\" \/>\n<meta property=\"og:url\" content=\"https:\/\/uniformesludo.cl\/index.php\/producto\/libreta-ecologica-bamboo-n29\/\" \/>\n<meta property=\"og:site_name\" content=\"Uniformes Ludo\" \/>\n<meta property=\"article:modified_time\" content=\"2024-09-04T16:58:17+00:00\" \/>\n<meta property=\"og:image\" content=\"https:\/\/uniformesludo.cl\/wp-content\/uploads\/2024\/09\/N29_C.jpg\" \/>\n\t<meta property=\"og:image:width\" content=\"600\" \/>\n\t<meta property=\"og:image:height\" content=\"600\" \/>\n\t<meta property=\"og:image:type\" content=\"image\/jpeg\" \/>\n<meta name=\"twitter:card\" content=\"summary_large_image\" \/>\n<script type=\"application\/ld+json\" class=\"yoast-schema-graph\">{\"@context\":\"https:\/\/schema.org\",\"@graph\":[{\"@type\":\"WebPage\",\"@id\":\"https:\/\/uniformesludo.cl\/index.php\/producto\/libreta-ecologica-bamboo-n29\/\",\"url\":\"https:\/\/uniformesludo.cl\/index.php\/producto\/libreta-ecologica-bamboo-n29\/\",\"name\":\"Libreta Ecol\u00f3gica Bamboo N29 - Uniformes Ludo\",\"isPartOf\":{\"@id\":\"https:\/\/uniformesludo.cl\/#website\"},\"primaryImageOfPage\":{\"@id\":\"https:\/\/uniformesludo.cl\/index.php\/producto\/libreta-ecologica-bamboo-n29\/#primaryimage\"},\"image\":{\"@id\":\"https:\/\/uniformesludo.cl\/index.php\/producto\/libreta-ecologica-bamboo-n29\/#primaryimage\"},\"thumbnailUrl\":\"https:\/\/uniformesludo.cl\/wp-content\/uploads\/2024\/09\/N29_C.jpg\",\"datePublished\":\"2024-09-04T16:57:13+00:00\",\"dateModified\":\"2024-09-04T16:58:17+00:00\",\"breadcrumb\":{\"@id\":\"https:\/\/uniformesludo.cl\/index.php\/producto\/libreta-ecologica-bamboo-n29\/#breadcrumb\"},\"inLanguage\":\"es\",\"potentialAction\":[{\"@type\":\"ReadAction\",\"target\":[\"https:\/\/uniformesludo.cl\/index.php\/producto\/libreta-ecologica-bamboo-n29\/\"]}]},{\"@type\":\"ImageObject\",\"inLanguage\":\"es\",\"@id\":\"https:\/\/uniformesludo.cl\/index.php\/producto\/libreta-ecologica-bamboo-n29\/#primaryimage\",\"url\":\"https:\/\/uniformesludo.cl\/wp-content\/uploads\/2024\/09\/N29_C.jpg\",\"contentUrl\":\"https:\/\/uniformesludo.cl\/wp-content\/uploads\/2024\/09\/N29_C.jpg\",\"width\":600,\"height\":600},{\"@type\":\"BreadcrumbList\",\"@id\":\"https:\/\/uniformesludo.cl\/index.php\/producto\/libreta-ecologica-bamboo-n29\/#breadcrumb\",\"itemListElement\":[{\"@type\":\"ListItem\",\"position\":1,\"name\":\"Portada\",\"item\":\"https:\/\/uniformesludo.cl\/\"},{\"@type\":\"ListItem\",\"position\":2,\"name\":\"Tienda\",\"item\":\"https:\/\/uniformesludo.cl\/index.php\/tienda\/\"},{\"@type\":\"ListItem\",\"position\":3,\"name\":\"Libreta Ecol\u00f3gica Bamboo N29\"}]},{\"@type\":\"WebSite\",\"@id\":\"https:\/\/uniformesludo.cl\/#website\",\"url\":\"https:\/\/uniformesludo.cl\/\",\"name\":\"Uniformes Ludo\",\"description\":\"Es una de las empresas comercializadoras de Ropa de trabajo, confecci\u00f3n, productos de protecci\u00f3n, prevenci\u00f3n y seguridad una de las m\u00e1s importantes de nuestro pa\u00eds, reconocida a nivel Nacional, con numerosos clientes a lo largo de Chile que avalan su compromiso de calidad. De igual forma, existe una permanente preocupaci\u00f3n por mantener un servicio integral de excelencia que permita identificarnos como \u201cel mejor equipo, la mejor empresa e inversi\u00f3n\u201d.\",\"potentialAction\":[{\"@type\":\"SearchAction\",\"target\":{\"@type\":\"EntryPoint\",\"urlTemplate\":\"https:\/\/uniformesludo.cl\/?s={search_term_string}\"},\"query-input\":{\"@type\":\"PropertyValueSpecification\",\"valueRequired\":true,\"valueName\":\"search_term_string\"}}],\"inLanguage\":\"es\"}]}<\/script>\n<!-- \/ Yoast SEO plugin. -->","yoast_head_json":{"title":"Libreta Ecol\u00f3gica Bamboo N29 - Uniformes Ludo","robots":{"index":"index","follow":"follow","max-snippet":"max-snippet:-1","max-image-preview":"max-image-preview:large","max-video-preview":"max-video-preview:-1"},"canonical":"https:\/\/uniformesludo.cl\/index.php\/producto\/libreta-ecologica-bamboo-n29\/","og_locale":"es_ES","og_type":"article","og_title":"Libreta Ecol\u00f3gica Bamboo N29 - Uniformes Ludo","og_description":"N29  Libreta ecol\u00f3gica con tapa de bamboo y el\u00e1stico color plata. Hojas con signo de reciclaje impreso. Incluye bol\u00edgrafo bamboo con clip pl\u00e1stico plateado.  Tama\u00f1o : 9 cms x 14 cms x 1,3 cms. 70 Hojas de 70 Grs. Caja de 100 unidades. Tapa Bamboo de 1,6 mm. Papel beige con l\u00edneas. Bol\u00edgrafo tinta azul.  601060902","og_url":"https:\/\/uniformesludo.cl\/index.php\/producto\/libreta-ecologica-bamboo-n29\/","og_site_name":"Uniformes Ludo","article_modified_time":"2024-09-04T16:58:17+00:00","og_image":[{"width":600,"height":600,"url":"https:\/\/uniformesludo.cl\/wp-content\/uploads\/2024\/09\/N29_C.jpg","type":"image\/jpeg"}],"twitter_card":"summary_large_image","schema":{"@context":"https:\/\/schema.org","@graph":[{"@type":"WebPage","@id":"https:\/\/uniformesludo.cl\/index.php\/producto\/libreta-ecologica-bamboo-n29\/","url":"https:\/\/uniformesludo.cl\/index.php\/producto\/libreta-ecologica-bamboo-n29\/","name":"Libreta Ecol\u00f3gica Bamboo N29 - Uniformes Ludo","isPartOf":{"@id":"https:\/\/uniformesludo.cl\/#website"},"primaryImageOfPage":{"@id":"https:\/\/uniformesludo.cl\/index.php\/producto\/libreta-ecologica-bamboo-n29\/#primaryimage"},"image":{"@id":"https:\/\/uniformesludo.cl\/index.php\/producto\/libreta-ecologica-bamboo-n29\/#primaryimage"},"thumbnailUrl":"https:\/\/uniformesludo.cl\/wp-content\/uploads\/2024\/09\/N29_C.jpg","datePublished":"2024-09-04T16:57:13+00:00","dateModified":"2024-09-04T16:58:17+00:00","breadcrumb":{"@id":"https:\/\/uniformesludo.cl\/index.php\/producto\/libreta-ecologica-bamboo-n29\/#breadcrumb"},"inLanguage":"es","potentialAction":[{"@type":"ReadAction","target":["https:\/\/uniformesludo.cl\/index.php\/producto\/libreta-ecologica-bamboo-n29\/"]}]},{"@type":"ImageObject","inLanguage":"es","@id":"https:\/\/uniformesludo.cl\/index.php\/producto\/libreta-ecologica-bamboo-n29\/#primaryimage","url":"https:\/\/uniformesludo.cl\/wp-content\/uploads\/2024\/09\/N29_C.jpg","contentUrl":"https:\/\/uniformesludo.cl\/wp-content\/uploads\/2024\/09\/N29_C.jpg","width":600,"height":600},{"@type":"BreadcrumbList","@id":"https:\/\/uniformesludo.cl\/index.php\/producto\/libreta-ecologica-bamboo-n29\/#breadcrumb","itemListElement":[{"@type":"ListItem","position":1,"name":"Portada","item":"https:\/\/uniformesludo.cl\/"},{"@type":"ListItem","position":2,"name":"Tienda","item":"https:\/\/uniformesludo.cl\/index.php\/tienda\/"},{"@type":"ListItem","position":3,"name":"Libreta Ecol\u00f3gica Bamboo N29"}]},{"@type":"WebSite","@id":"https:\/\/uniformesludo.cl\/#website","url":"https:\/\/uniformesludo.cl\/","name":"Uniformes Ludo","description":"Es una de las empresas comercializadoras de Ropa de trabajo, confecci\u00f3n, productos de protecci\u00f3n, prevenci\u00f3n y seguridad una de las m\u00e1s importantes de nuestro pa\u00eds, reconocida a nivel Nacional, con numerosos clientes a lo largo de Chile que avalan su compromiso de calidad. De igual forma, existe una permanente preocupaci\u00f3n por mantener un servicio integral de excelencia que permita identificarnos como \u201cel mejor equipo, la mejor empresa e inversi\u00f3n\u201d.","potentialAction":[{"@type":"SearchAction","target":{"@type":"EntryPoint","urlTemplate":"https:\/\/uniformesludo.cl\/?s={search_term_string}"},"query-input":{"@type":"PropertyValueSpecification","valueRequired":true,"valueName":"search_term_string"}}],"inLanguage":"es"}]}},"_links":{"self":[{"href":"https:\/\/uniformesludo.cl\/index.php\/wp-json\/wp\/v2\/product\/10020253","targetHints":{"allow":["GET"]}}],"collection":[{"href":"https:\/\/uniformesludo.cl\/index.php\/wp-json\/wp\/v2\/product"}],"about":[{"href":"https:\/\/uniformesludo.cl\/index.php\/wp-json\/wp\/v2\/types\/product"}],"replies":[{"embeddable":true,"href":"https:\/\/uniformesludo.cl\/index.php\/wp-json\/wp\/v2\/comments?post=10020253"}],"wp:featuredmedia":[{"embeddable":true,"href":"https:\/\/uniformesludo.cl\/index.php\/wp-json\/wp\/v2\/media\/10020300"}],"wp:attachment":[{"href":"https:\/\/uniformesludo.cl\/index.php\/wp-json\/wp\/v2\/media?parent=10020253"}],"wp:term":[{"taxonomy":"product_brand","embeddable":true,"href":"https:\/\/uniformesludo.cl\/index.php\/wp-json\/wp\/v2\/product_brand?post=10020253"},{"taxonomy":"product_cat","embeddable":true,"href":"https:\/\/uniformesludo.cl\/index.php\/wp-json\/wp\/v2\/product_cat?post=10020253"},{"taxonomy":"product_tag","embeddable":true,"href":"https:\/\/uniformesludo.cl\/index.php\/wp-json\/wp\/v2\/product_tag?post=10020253"}],"curies":[{"name":"wp","href":"https:\/\/api.w.org\/{rel}","templated":true}]}}