{"id":10019865,"date":"2024-09-04T16:51:27","date_gmt":"2024-09-04T16:51:27","guid":{"rendered":"https:\/\/uniformesludo.cl\/?post_type=product&#038;p=10019865"},"modified":"2024-09-05T17:16:21","modified_gmt":"2024-09-05T17:16:21","slug":"copa-1041","status":"publish","type":"product","link":"https:\/\/uniformesludo.cl\/index.php\/producto\/copa-1041\/","title":{"rendered":"Copa 1041"},"content":{"rendered":"","protected":false},"excerpt":{"rendered":"<p><span style=\"color: #000080;\"><strong>1041<\/strong><\/span><\/p>\n<ul>\n<li><em>Cop\u00f3n Met\u00e1lico<\/em><\/li>\n<li><em>Cuerpo Met\u00e1lico<\/em><\/li>\n<li><em>Base Pl\u00e1stica<\/em><\/li>\n<\/ul>\n<table style=\"border-collapse: collapse; width: 300pt;\" border=\"0\" width=\"400\" cellspacing=\"0\" cellpadding=\"0\">\n<tbody>\n<tr style=\"height: 15.0pt;\">\n<td class=\"xl65\" style=\"height: 15.0pt; width: 60pt;\" width=\"80\" height=\"20\">1041<\/td>\n<td class=\"xl65\" style=\"width: 60pt;\" width=\"80\">Alt.cm.<\/td>\n<td class=\"xl65\" style=\"width: 60pt;\" width=\"80\">Diam.cm.<\/td>\n<td class=\"xl65\" style=\"width: 60pt;\" width=\"80\">C\u00f3digo<\/td>\n<td class=\"xl65\" style=\"width: 60pt;\" width=\"80\">Tama\u00f1o Placa<\/td>\n<\/tr>\n<tr style=\"height: 15.0pt;\">\n<td class=\"xl66\" style=\"height: 15.0pt; width: 60pt;\" width=\"80\" height=\"20\">A++<\/td>\n<td class=\"xl66\" style=\"width: 60pt;\" align=\"right\" width=\"80\">55<\/td>\n<td class=\"xl66\" style=\"width: 60pt;\" align=\"right\" width=\"80\">18<\/td>\n<td class=\"xl66\" style=\"width: 60pt;\" align=\"right\" width=\"80\">591098210<\/td>\n<td class=\"xl67\">70&#215;35<\/td>\n<\/tr>\n<tr style=\"height: 15.0pt;\">\n<td class=\"xl66\" style=\"height: 15.0pt; width: 60pt;\" width=\"80\" height=\"20\">A+<\/td>\n<td class=\"xl66\" style=\"width: 60pt;\" align=\"right\" width=\"80\">50<\/td>\n<td class=\"xl66\" style=\"width: 60pt;\" align=\"right\" width=\"80\">16<\/td>\n<td class=\"xl66\" style=\"width: 60pt;\" align=\"right\" width=\"80\">591098211<\/td>\n<td class=\"xl67\">70&#215;35<\/td>\n<\/tr>\n<tr style=\"height: 15.0pt;\">\n<td class=\"xl66\" style=\"height: 15.0pt; width: 60pt;\" width=\"80\" height=\"20\">A<\/td>\n<td class=\"xl66\" style=\"width: 60pt;\" align=\"right\" width=\"80\">44<\/td>\n<td class=\"xl66\" style=\"width: 60pt;\" align=\"right\" width=\"80\">14<\/td>\n<td class=\"xl66\" style=\"width: 60pt;\" align=\"right\" width=\"80\">591098212<\/td>\n<td class=\"xl67\">70&#215;35<\/td>\n<\/tr>\n<tr style=\"height: 15.0pt;\">\n<td class=\"xl66\" style=\"height: 15.0pt; width: 60pt;\" width=\"80\" height=\"20\">B<\/td>\n<td class=\"xl66\" style=\"width: 60pt;\" align=\"right\" width=\"80\">39<\/td>\n<td class=\"xl66\" style=\"width: 60pt;\" align=\"right\" width=\"80\">12<\/td>\n<td class=\"xl66\" style=\"width: 60pt;\" align=\"right\" width=\"80\">591098213<\/td>\n<td class=\"xl67\">62&#215;25<\/td>\n<\/tr>\n<tr style=\"height: 15.0pt;\">\n<td class=\"xl66\" style=\"height: 15.0pt; width: 60pt;\" width=\"80\" height=\"20\">C<\/td>\n<td class=\"xl66\" style=\"width: 60pt;\" align=\"right\" width=\"80\">35<\/td>\n<td class=\"xl66\" style=\"width: 60pt;\" align=\"right\" width=\"80\">10<\/td>\n<td class=\"xl66\" style=\"width: 60pt;\" align=\"right\" width=\"80\">591098214<\/td>\n<td class=\"xl67\">50&#215;25<\/td>\n<\/tr>\n<\/tbody>\n<\/table>\n","protected":false},"featured_media":10019971,"comment_status":"closed","ping_status":"closed","template":"","meta":[],"product_brand":[],"product_cat":[872,601,576,690],"product_tag":[],"class_list":{"0":"post-10019865","1":"product","2":"type-product","3":"status-publish","4":"has-post-thumbnail","6":"product_cat-copas-2023-2024","7":"product_cat-copas-linea-comercial","8":"product_cat-novedades","9":"product_cat-novedades-trofeos-y-premios","11":"first","12":"instock","13":"shipping-taxable","14":"purchasable","15":"product-type-variable"},"aioseo_notices":[],"yoast_head":"<!-- This site is optimized with the Yoast SEO plugin v26.5 - https:\/\/yoast.com\/wordpress\/plugins\/seo\/ -->\n<title>Copa 1041 - Uniformes Ludo<\/title>\n<meta name=\"robots\" content=\"index, follow, max-snippet:-1, max-image-preview:large, max-video-preview:-1\" \/>\n<link rel=\"canonical\" href=\"https:\/\/uniformesludo.cl\/index.php\/producto\/copa-1041\/\" \/>\n<meta property=\"og:locale\" content=\"es_ES\" \/>\n<meta property=\"og:type\" content=\"article\" \/>\n<meta property=\"og:title\" content=\"Copa 1041 - Uniformes Ludo\" \/>\n<meta property=\"og:description\" content=\"1041   Cop\u00f3n Met\u00e1lico  Cuerpo Met\u00e1lico  Base Pl\u00e1stica     1041 Alt.cm. Diam.cm. C\u00f3digo Tama\u00f1o Placa   A++ 55 18 591098210 70x35   A+ 50 16 591098211 70x35   A 44 14 591098212 70x35   B 39 12 591098213 62x25   C 35 10 591098214 50x25\" \/>\n<meta property=\"og:url\" content=\"https:\/\/uniformesludo.cl\/index.php\/producto\/copa-1041\/\" \/>\n<meta property=\"og:site_name\" content=\"Uniformes Ludo\" \/>\n<meta property=\"article:modified_time\" content=\"2024-09-05T17:16:21+00:00\" \/>\n<meta property=\"og:image\" content=\"https:\/\/uniformesludo.cl\/wp-content\/uploads\/2024\/09\/1041.jpg\" \/>\n\t<meta property=\"og:image:width\" content=\"600\" \/>\n\t<meta property=\"og:image:height\" content=\"600\" \/>\n\t<meta property=\"og:image:type\" content=\"image\/jpeg\" \/>\n<meta name=\"twitter:card\" content=\"summary_large_image\" \/>\n<script type=\"application\/ld+json\" class=\"yoast-schema-graph\">{\"@context\":\"https:\/\/schema.org\",\"@graph\":[{\"@type\":\"WebPage\",\"@id\":\"https:\/\/uniformesludo.cl\/index.php\/producto\/copa-1041\/\",\"url\":\"https:\/\/uniformesludo.cl\/index.php\/producto\/copa-1041\/\",\"name\":\"Copa 1041 - Uniformes Ludo\",\"isPartOf\":{\"@id\":\"https:\/\/uniformesludo.cl\/#website\"},\"primaryImageOfPage\":{\"@id\":\"https:\/\/uniformesludo.cl\/index.php\/producto\/copa-1041\/#primaryimage\"},\"image\":{\"@id\":\"https:\/\/uniformesludo.cl\/index.php\/producto\/copa-1041\/#primaryimage\"},\"thumbnailUrl\":\"https:\/\/uniformesludo.cl\/wp-content\/uploads\/2024\/09\/1041.jpg\",\"datePublished\":\"2024-09-04T16:51:27+00:00\",\"dateModified\":\"2024-09-05T17:16:21+00:00\",\"breadcrumb\":{\"@id\":\"https:\/\/uniformesludo.cl\/index.php\/producto\/copa-1041\/#breadcrumb\"},\"inLanguage\":\"es\",\"potentialAction\":[{\"@type\":\"ReadAction\",\"target\":[\"https:\/\/uniformesludo.cl\/index.php\/producto\/copa-1041\/\"]}]},{\"@type\":\"ImageObject\",\"inLanguage\":\"es\",\"@id\":\"https:\/\/uniformesludo.cl\/index.php\/producto\/copa-1041\/#primaryimage\",\"url\":\"https:\/\/uniformesludo.cl\/wp-content\/uploads\/2024\/09\/1041.jpg\",\"contentUrl\":\"https:\/\/uniformesludo.cl\/wp-content\/uploads\/2024\/09\/1041.jpg\",\"width\":600,\"height\":600},{\"@type\":\"BreadcrumbList\",\"@id\":\"https:\/\/uniformesludo.cl\/index.php\/producto\/copa-1041\/#breadcrumb\",\"itemListElement\":[{\"@type\":\"ListItem\",\"position\":1,\"name\":\"Portada\",\"item\":\"https:\/\/uniformesludo.cl\/\"},{\"@type\":\"ListItem\",\"position\":2,\"name\":\"Tienda\",\"item\":\"https:\/\/uniformesludo.cl\/index.php\/tienda\/\"},{\"@type\":\"ListItem\",\"position\":3,\"name\":\"Copa 1041\"}]},{\"@type\":\"WebSite\",\"@id\":\"https:\/\/uniformesludo.cl\/#website\",\"url\":\"https:\/\/uniformesludo.cl\/\",\"name\":\"Uniformes Ludo\",\"description\":\"Es una de las empresas comercializadoras de Ropa de trabajo, confecci\u00f3n, productos de protecci\u00f3n, prevenci\u00f3n y seguridad una de las m\u00e1s importantes de nuestro pa\u00eds, reconocida a nivel Nacional, con numerosos clientes a lo largo de Chile que avalan su compromiso de calidad. De igual forma, existe una permanente preocupaci\u00f3n por mantener un servicio integral de excelencia que permita identificarnos como \u201cel mejor equipo, la mejor empresa e inversi\u00f3n\u201d.\",\"potentialAction\":[{\"@type\":\"SearchAction\",\"target\":{\"@type\":\"EntryPoint\",\"urlTemplate\":\"https:\/\/uniformesludo.cl\/?s={search_term_string}\"},\"query-input\":{\"@type\":\"PropertyValueSpecification\",\"valueRequired\":true,\"valueName\":\"search_term_string\"}}],\"inLanguage\":\"es\"}]}<\/script>\n<!-- \/ Yoast SEO plugin. -->","yoast_head_json":{"title":"Copa 1041 - Uniformes Ludo","robots":{"index":"index","follow":"follow","max-snippet":"max-snippet:-1","max-image-preview":"max-image-preview:large","max-video-preview":"max-video-preview:-1"},"canonical":"https:\/\/uniformesludo.cl\/index.php\/producto\/copa-1041\/","og_locale":"es_ES","og_type":"article","og_title":"Copa 1041 - Uniformes Ludo","og_description":"1041   Cop\u00f3n Met\u00e1lico  Cuerpo Met\u00e1lico  Base Pl\u00e1stica     1041 Alt.cm. Diam.cm. C\u00f3digo Tama\u00f1o Placa   A++ 55 18 591098210 70x35   A+ 50 16 591098211 70x35   A 44 14 591098212 70x35   B 39 12 591098213 62x25   C 35 10 591098214 50x25","og_url":"https:\/\/uniformesludo.cl\/index.php\/producto\/copa-1041\/","og_site_name":"Uniformes Ludo","article_modified_time":"2024-09-05T17:16:21+00:00","og_image":[{"width":600,"height":600,"url":"https:\/\/uniformesludo.cl\/wp-content\/uploads\/2024\/09\/1041.jpg","type":"image\/jpeg"}],"twitter_card":"summary_large_image","schema":{"@context":"https:\/\/schema.org","@graph":[{"@type":"WebPage","@id":"https:\/\/uniformesludo.cl\/index.php\/producto\/copa-1041\/","url":"https:\/\/uniformesludo.cl\/index.php\/producto\/copa-1041\/","name":"Copa 1041 - Uniformes Ludo","isPartOf":{"@id":"https:\/\/uniformesludo.cl\/#website"},"primaryImageOfPage":{"@id":"https:\/\/uniformesludo.cl\/index.php\/producto\/copa-1041\/#primaryimage"},"image":{"@id":"https:\/\/uniformesludo.cl\/index.php\/producto\/copa-1041\/#primaryimage"},"thumbnailUrl":"https:\/\/uniformesludo.cl\/wp-content\/uploads\/2024\/09\/1041.jpg","datePublished":"2024-09-04T16:51:27+00:00","dateModified":"2024-09-05T17:16:21+00:00","breadcrumb":{"@id":"https:\/\/uniformesludo.cl\/index.php\/producto\/copa-1041\/#breadcrumb"},"inLanguage":"es","potentialAction":[{"@type":"ReadAction","target":["https:\/\/uniformesludo.cl\/index.php\/producto\/copa-1041\/"]}]},{"@type":"ImageObject","inLanguage":"es","@id":"https:\/\/uniformesludo.cl\/index.php\/producto\/copa-1041\/#primaryimage","url":"https:\/\/uniformesludo.cl\/wp-content\/uploads\/2024\/09\/1041.jpg","contentUrl":"https:\/\/uniformesludo.cl\/wp-content\/uploads\/2024\/09\/1041.jpg","width":600,"height":600},{"@type":"BreadcrumbList","@id":"https:\/\/uniformesludo.cl\/index.php\/producto\/copa-1041\/#breadcrumb","itemListElement":[{"@type":"ListItem","position":1,"name":"Portada","item":"https:\/\/uniformesludo.cl\/"},{"@type":"ListItem","position":2,"name":"Tienda","item":"https:\/\/uniformesludo.cl\/index.php\/tienda\/"},{"@type":"ListItem","position":3,"name":"Copa 1041"}]},{"@type":"WebSite","@id":"https:\/\/uniformesludo.cl\/#website","url":"https:\/\/uniformesludo.cl\/","name":"Uniformes Ludo","description":"Es una de las empresas comercializadoras de Ropa de trabajo, confecci\u00f3n, productos de protecci\u00f3n, prevenci\u00f3n y seguridad una de las m\u00e1s importantes de nuestro pa\u00eds, reconocida a nivel Nacional, con numerosos clientes a lo largo de Chile que avalan su compromiso de calidad. De igual forma, existe una permanente preocupaci\u00f3n por mantener un servicio integral de excelencia que permita identificarnos como \u201cel mejor equipo, la mejor empresa e inversi\u00f3n\u201d.","potentialAction":[{"@type":"SearchAction","target":{"@type":"EntryPoint","urlTemplate":"https:\/\/uniformesludo.cl\/?s={search_term_string}"},"query-input":{"@type":"PropertyValueSpecification","valueRequired":true,"valueName":"search_term_string"}}],"inLanguage":"es"}]}},"_links":{"self":[{"href":"https:\/\/uniformesludo.cl\/index.php\/wp-json\/wp\/v2\/product\/10019865","targetHints":{"allow":["GET"]}}],"collection":[{"href":"https:\/\/uniformesludo.cl\/index.php\/wp-json\/wp\/v2\/product"}],"about":[{"href":"https:\/\/uniformesludo.cl\/index.php\/wp-json\/wp\/v2\/types\/product"}],"replies":[{"embeddable":true,"href":"https:\/\/uniformesludo.cl\/index.php\/wp-json\/wp\/v2\/comments?post=10019865"}],"wp:featuredmedia":[{"embeddable":true,"href":"https:\/\/uniformesludo.cl\/index.php\/wp-json\/wp\/v2\/media\/10019971"}],"wp:attachment":[{"href":"https:\/\/uniformesludo.cl\/index.php\/wp-json\/wp\/v2\/media?parent=10019865"}],"wp:term":[{"taxonomy":"product_brand","embeddable":true,"href":"https:\/\/uniformesludo.cl\/index.php\/wp-json\/wp\/v2\/product_brand?post=10019865"},{"taxonomy":"product_cat","embeddable":true,"href":"https:\/\/uniformesludo.cl\/index.php\/wp-json\/wp\/v2\/product_cat?post=10019865"},{"taxonomy":"product_tag","embeddable":true,"href":"https:\/\/uniformesludo.cl\/index.php\/wp-json\/wp\/v2\/product_tag?post=10019865"}],"curies":[{"name":"wp","href":"https:\/\/api.w.org\/{rel}","templated":true}]}}