{"id":10019840,"date":"2024-09-04T16:50:51","date_gmt":"2024-09-04T16:50:51","guid":{"rendered":"https:\/\/uniformesludo.cl\/?post_type=product&#038;p=10019840"},"modified":"2024-09-05T17:16:15","modified_gmt":"2024-09-05T17:16:15","slug":"retablo-de-madera-perpetual-ppq","status":"publish","type":"product","link":"https:\/\/uniformesludo.cl\/index.php\/producto\/retablo-de-madera-perpetual-ppq\/","title":{"rendered":"Retablo de madera Perpetual PPQ"},"content":{"rendered":"","protected":false},"excerpt":{"rendered":"<p><span style=\"color: #000080;\"><strong>PPQ<\/strong><\/span><\/p>\n<table width=\"459\">\n<tbody>\n<tr>\n<td width=\"55\">Modelo<\/td>\n<td width=\"123\">Placas<\/td>\n<td width=\"121\">\u00a0Dimensiones<\/td>\n<td width=\"80\">\u00a0Packing<\/td>\n<td width=\"80\">C\u00f3digo<\/td>\n<\/tr>\n<tr>\n<td>PPQ12<\/td>\n<td>\u00a012 placas<\/td>\n<td>30 x 32 x 1,5 cm.<\/td>\n<td>16<\/td>\n<td>591096114<\/td>\n<\/tr>\n<tr>\n<td>PPQ18<\/td>\n<td>18 placas<\/td>\n<td>30 x 40 x 1,5 cm.<\/td>\n<td>8<\/td>\n<td>591096115<\/td>\n<\/tr>\n<tr>\n<td>PPQ24<\/td>\n<td>24 placas<\/td>\n<td>30 x 47 x 1,5 cm.<\/td>\n<td>8<\/td>\n<td>591096116<\/td>\n<\/tr>\n<\/tbody>\n<\/table>\n<p><em><strong>*No incluye placas<\/strong><\/em><br \/>\n<em><strong>*Area placa grande : 8.9 x 23.5 cms.<\/strong><\/em><br \/>\n<em><strong>*Area placa peque\u00f1a : 3.5 x 7.6 cms.<\/strong><\/em><\/p>\n","protected":false},"featured_media":10019943,"comment_status":"closed","ping_status":"closed","template":"","meta":[],"product_brand":[],"product_cat":[605,576,690],"product_tag":[],"class_list":{"0":"post-10019840","1":"product","2":"type-product","3":"status-publish","4":"has-post-thumbnail","6":"product_cat-galvanos-de-madera-y-varios","7":"product_cat-novedades","8":"product_cat-novedades-trofeos-y-premios","10":"first","11":"instock","12":"shipping-taxable","13":"purchasable","14":"product-type-variable"},"aioseo_notices":[],"yoast_head":"<!-- This site is optimized with the Yoast SEO plugin v26.5 - https:\/\/yoast.com\/wordpress\/plugins\/seo\/ -->\n<title>Retablo de madera Perpetual PPQ - Uniformes Ludo<\/title>\n<meta name=\"robots\" content=\"index, follow, max-snippet:-1, max-image-preview:large, max-video-preview:-1\" \/>\n<link rel=\"canonical\" href=\"https:\/\/uniformesludo.cl\/index.php\/producto\/retablo-de-madera-perpetual-ppq\/\" \/>\n<meta property=\"og:locale\" content=\"es_ES\" \/>\n<meta property=\"og:type\" content=\"article\" \/>\n<meta property=\"og:title\" content=\"Retablo de madera Perpetual PPQ - Uniformes Ludo\" \/>\n<meta property=\"og:description\" content=\"PPQ    Modelo Placas \u00a0Dimensiones \u00a0Packing C\u00f3digo   PPQ12 \u00a012 placas 30 x 32 x 1,5 cm. 16 591096114   PPQ18 18 placas 30 x 40 x 1,5 cm. 8 591096115   PPQ24 24 placas 30 x 47 x 1,5 cm. 8 591096116    *No incluye placas *Area placa grande : 8.9 x 23.5 cms. *Area placa peque\u00f1a : 3.5 x 7.6 cms.\" \/>\n<meta property=\"og:url\" content=\"https:\/\/uniformesludo.cl\/index.php\/producto\/retablo-de-madera-perpetual-ppq\/\" \/>\n<meta property=\"og:site_name\" content=\"Uniformes Ludo\" \/>\n<meta property=\"article:modified_time\" content=\"2024-09-05T17:16:15+00:00\" \/>\n<meta property=\"og:image\" content=\"https:\/\/uniformesludo.cl\/wp-content\/uploads\/2024\/09\/PPQ.jpg\" \/>\n\t<meta property=\"og:image:width\" content=\"1500\" \/>\n\t<meta property=\"og:image:height\" content=\"1500\" \/>\n\t<meta property=\"og:image:type\" content=\"image\/jpeg\" \/>\n<meta name=\"twitter:card\" content=\"summary_large_image\" \/>\n<script type=\"application\/ld+json\" class=\"yoast-schema-graph\">{\"@context\":\"https:\/\/schema.org\",\"@graph\":[{\"@type\":\"WebPage\",\"@id\":\"https:\/\/uniformesludo.cl\/index.php\/producto\/retablo-de-madera-perpetual-ppq\/\",\"url\":\"https:\/\/uniformesludo.cl\/index.php\/producto\/retablo-de-madera-perpetual-ppq\/\",\"name\":\"Retablo de madera Perpetual PPQ - Uniformes Ludo\",\"isPartOf\":{\"@id\":\"https:\/\/uniformesludo.cl\/#website\"},\"primaryImageOfPage\":{\"@id\":\"https:\/\/uniformesludo.cl\/index.php\/producto\/retablo-de-madera-perpetual-ppq\/#primaryimage\"},\"image\":{\"@id\":\"https:\/\/uniformesludo.cl\/index.php\/producto\/retablo-de-madera-perpetual-ppq\/#primaryimage\"},\"thumbnailUrl\":\"https:\/\/uniformesludo.cl\/wp-content\/uploads\/2024\/09\/PPQ.jpg\",\"datePublished\":\"2024-09-04T16:50:51+00:00\",\"dateModified\":\"2024-09-05T17:16:15+00:00\",\"breadcrumb\":{\"@id\":\"https:\/\/uniformesludo.cl\/index.php\/producto\/retablo-de-madera-perpetual-ppq\/#breadcrumb\"},\"inLanguage\":\"es\",\"potentialAction\":[{\"@type\":\"ReadAction\",\"target\":[\"https:\/\/uniformesludo.cl\/index.php\/producto\/retablo-de-madera-perpetual-ppq\/\"]}]},{\"@type\":\"ImageObject\",\"inLanguage\":\"es\",\"@id\":\"https:\/\/uniformesludo.cl\/index.php\/producto\/retablo-de-madera-perpetual-ppq\/#primaryimage\",\"url\":\"https:\/\/uniformesludo.cl\/wp-content\/uploads\/2024\/09\/PPQ.jpg\",\"contentUrl\":\"https:\/\/uniformesludo.cl\/wp-content\/uploads\/2024\/09\/PPQ.jpg\",\"width\":1500,\"height\":1500},{\"@type\":\"BreadcrumbList\",\"@id\":\"https:\/\/uniformesludo.cl\/index.php\/producto\/retablo-de-madera-perpetual-ppq\/#breadcrumb\",\"itemListElement\":[{\"@type\":\"ListItem\",\"position\":1,\"name\":\"Portada\",\"item\":\"https:\/\/uniformesludo.cl\/\"},{\"@type\":\"ListItem\",\"position\":2,\"name\":\"Tienda\",\"item\":\"https:\/\/uniformesludo.cl\/index.php\/tienda\/\"},{\"@type\":\"ListItem\",\"position\":3,\"name\":\"Retablo de madera Perpetual PPQ\"}]},{\"@type\":\"WebSite\",\"@id\":\"https:\/\/uniformesludo.cl\/#website\",\"url\":\"https:\/\/uniformesludo.cl\/\",\"name\":\"Uniformes Ludo\",\"description\":\"Es una de las empresas comercializadoras de Ropa de trabajo, confecci\u00f3n, productos de protecci\u00f3n, prevenci\u00f3n y seguridad una de las m\u00e1s importantes de nuestro pa\u00eds, reconocida a nivel Nacional, con numerosos clientes a lo largo de Chile que avalan su compromiso de calidad. De igual forma, existe una permanente preocupaci\u00f3n por mantener un servicio integral de excelencia que permita identificarnos como \u201cel mejor equipo, la mejor empresa e inversi\u00f3n\u201d.\",\"potentialAction\":[{\"@type\":\"SearchAction\",\"target\":{\"@type\":\"EntryPoint\",\"urlTemplate\":\"https:\/\/uniformesludo.cl\/?s={search_term_string}\"},\"query-input\":{\"@type\":\"PropertyValueSpecification\",\"valueRequired\":true,\"valueName\":\"search_term_string\"}}],\"inLanguage\":\"es\"}]}<\/script>\n<!-- \/ Yoast SEO plugin. -->","yoast_head_json":{"title":"Retablo de madera Perpetual PPQ - Uniformes Ludo","robots":{"index":"index","follow":"follow","max-snippet":"max-snippet:-1","max-image-preview":"max-image-preview:large","max-video-preview":"max-video-preview:-1"},"canonical":"https:\/\/uniformesludo.cl\/index.php\/producto\/retablo-de-madera-perpetual-ppq\/","og_locale":"es_ES","og_type":"article","og_title":"Retablo de madera Perpetual PPQ - Uniformes Ludo","og_description":"PPQ    Modelo Placas \u00a0Dimensiones \u00a0Packing C\u00f3digo   PPQ12 \u00a012 placas 30 x 32 x 1,5 cm. 16 591096114   PPQ18 18 placas 30 x 40 x 1,5 cm. 8 591096115   PPQ24 24 placas 30 x 47 x 1,5 cm. 8 591096116    *No incluye placas *Area placa grande : 8.9 x 23.5 cms. *Area placa peque\u00f1a : 3.5 x 7.6 cms.","og_url":"https:\/\/uniformesludo.cl\/index.php\/producto\/retablo-de-madera-perpetual-ppq\/","og_site_name":"Uniformes Ludo","article_modified_time":"2024-09-05T17:16:15+00:00","og_image":[{"width":1500,"height":1500,"url":"https:\/\/uniformesludo.cl\/wp-content\/uploads\/2024\/09\/PPQ.jpg","type":"image\/jpeg"}],"twitter_card":"summary_large_image","schema":{"@context":"https:\/\/schema.org","@graph":[{"@type":"WebPage","@id":"https:\/\/uniformesludo.cl\/index.php\/producto\/retablo-de-madera-perpetual-ppq\/","url":"https:\/\/uniformesludo.cl\/index.php\/producto\/retablo-de-madera-perpetual-ppq\/","name":"Retablo de madera Perpetual PPQ - Uniformes Ludo","isPartOf":{"@id":"https:\/\/uniformesludo.cl\/#website"},"primaryImageOfPage":{"@id":"https:\/\/uniformesludo.cl\/index.php\/producto\/retablo-de-madera-perpetual-ppq\/#primaryimage"},"image":{"@id":"https:\/\/uniformesludo.cl\/index.php\/producto\/retablo-de-madera-perpetual-ppq\/#primaryimage"},"thumbnailUrl":"https:\/\/uniformesludo.cl\/wp-content\/uploads\/2024\/09\/PPQ.jpg","datePublished":"2024-09-04T16:50:51+00:00","dateModified":"2024-09-05T17:16:15+00:00","breadcrumb":{"@id":"https:\/\/uniformesludo.cl\/index.php\/producto\/retablo-de-madera-perpetual-ppq\/#breadcrumb"},"inLanguage":"es","potentialAction":[{"@type":"ReadAction","target":["https:\/\/uniformesludo.cl\/index.php\/producto\/retablo-de-madera-perpetual-ppq\/"]}]},{"@type":"ImageObject","inLanguage":"es","@id":"https:\/\/uniformesludo.cl\/index.php\/producto\/retablo-de-madera-perpetual-ppq\/#primaryimage","url":"https:\/\/uniformesludo.cl\/wp-content\/uploads\/2024\/09\/PPQ.jpg","contentUrl":"https:\/\/uniformesludo.cl\/wp-content\/uploads\/2024\/09\/PPQ.jpg","width":1500,"height":1500},{"@type":"BreadcrumbList","@id":"https:\/\/uniformesludo.cl\/index.php\/producto\/retablo-de-madera-perpetual-ppq\/#breadcrumb","itemListElement":[{"@type":"ListItem","position":1,"name":"Portada","item":"https:\/\/uniformesludo.cl\/"},{"@type":"ListItem","position":2,"name":"Tienda","item":"https:\/\/uniformesludo.cl\/index.php\/tienda\/"},{"@type":"ListItem","position":3,"name":"Retablo de madera Perpetual PPQ"}]},{"@type":"WebSite","@id":"https:\/\/uniformesludo.cl\/#website","url":"https:\/\/uniformesludo.cl\/","name":"Uniformes Ludo","description":"Es una de las empresas comercializadoras de Ropa de trabajo, confecci\u00f3n, productos de protecci\u00f3n, prevenci\u00f3n y seguridad una de las m\u00e1s importantes de nuestro pa\u00eds, reconocida a nivel Nacional, con numerosos clientes a lo largo de Chile que avalan su compromiso de calidad. De igual forma, existe una permanente preocupaci\u00f3n por mantener un servicio integral de excelencia que permita identificarnos como \u201cel mejor equipo, la mejor empresa e inversi\u00f3n\u201d.","potentialAction":[{"@type":"SearchAction","target":{"@type":"EntryPoint","urlTemplate":"https:\/\/uniformesludo.cl\/?s={search_term_string}"},"query-input":{"@type":"PropertyValueSpecification","valueRequired":true,"valueName":"search_term_string"}}],"inLanguage":"es"}]}},"_links":{"self":[{"href":"https:\/\/uniformesludo.cl\/index.php\/wp-json\/wp\/v2\/product\/10019840","targetHints":{"allow":["GET"]}}],"collection":[{"href":"https:\/\/uniformesludo.cl\/index.php\/wp-json\/wp\/v2\/product"}],"about":[{"href":"https:\/\/uniformesludo.cl\/index.php\/wp-json\/wp\/v2\/types\/product"}],"replies":[{"embeddable":true,"href":"https:\/\/uniformesludo.cl\/index.php\/wp-json\/wp\/v2\/comments?post=10019840"}],"wp:featuredmedia":[{"embeddable":true,"href":"https:\/\/uniformesludo.cl\/index.php\/wp-json\/wp\/v2\/media\/10019943"}],"wp:attachment":[{"href":"https:\/\/uniformesludo.cl\/index.php\/wp-json\/wp\/v2\/media?parent=10019840"}],"wp:term":[{"taxonomy":"product_brand","embeddable":true,"href":"https:\/\/uniformesludo.cl\/index.php\/wp-json\/wp\/v2\/product_brand?post=10019840"},{"taxonomy":"product_cat","embeddable":true,"href":"https:\/\/uniformesludo.cl\/index.php\/wp-json\/wp\/v2\/product_cat?post=10019840"},{"taxonomy":"product_tag","embeddable":true,"href":"https:\/\/uniformesludo.cl\/index.php\/wp-json\/wp\/v2\/product_tag?post=10019840"}],"curies":[{"name":"wp","href":"https:\/\/api.w.org\/{rel}","templated":true}]}}