{"id":10019817,"date":"2024-09-04T16:50:27","date_gmt":"2024-09-04T16:50:27","guid":{"rendered":"https:\/\/uniformesludo.cl\/?post_type=product&#038;p=10019817"},"modified":"2024-09-04T16:52:04","modified_gmt":"2024-09-04T16:52:04","slug":"set-de-copas-y-decantador-para-vinos-encobrizado-m88","status":"publish","type":"product","link":"https:\/\/uniformesludo.cl\/index.php\/producto\/set-de-copas-y-decantador-para-vinos-encobrizado-m88\/","title":{"rendered":"Set de Copas y Decantador para Vinos Encobrizado M88"},"content":{"rendered":"","protected":false},"excerpt":{"rendered":"<p><span style=\"color: #000080;\"><strong>M88<\/strong><\/span><\/p>\n<p><em>Set de vinos encobrizado que incluye 4 copas de vino de 415 ml y 1 decantador para vinos de 1 litro. Presentaci\u00f3n en caja de cart\u00f3n negra con interior de espuma de polietileno negra (EPE).<\/em><\/p>\n<p>Art\u00edculos de vidrio y enchape de acero inoxidable electro plateados en cobre.<\/p>\n<p>Tama\u00f1o de Estuche : 47 x 28 x 23<\/p>\n<p>Caja de 4 unidades.<\/p>\n<p>601063380<\/p>\n<p><img loading=\"lazy\" decoding=\"async\" class=\"alignnone size-full wp-image-511\" src=\"http:\/\/imblasco.cl\/regalos\/wp-content\/uploads\/2019\/06\/serigrafia.png\" alt=\"\" width=\"71\" height=\"71\" \/><img loading=\"lazy\" decoding=\"async\" class=\"alignnone size-full wp-image-513\" src=\"http:\/\/imblasco.cl\/regalos\/wp-content\/uploads\/2019\/06\/tampografia.png\" alt=\"\" width=\"71\" height=\"71\" \/><strong><img loading=\"lazy\" decoding=\"async\" class=\"alignnone size-full wp-image-508\" src=\"http:\/\/imblasco.cl\/regalos\/wp-content\/uploads\/2019\/06\/fibra.png\" alt=\"\" width=\"71\" height=\"71\" \/><\/strong><\/p>\n","protected":false},"featured_media":10019879,"comment_status":"closed","ping_status":"closed","template":"","meta":[],"product_brand":[],"product_cat":[570,575,576,577,598,568,569,559],"product_tag":[],"class_list":{"0":"post-10019817","1":"product","2":"type-product","3":"status-publish","4":"has-post-thumbnail","6":"product_cat-botellas-mugs-tazones-termos-vasos","7":"product_cat-linea-cobre","8":"product_cat-novedades","9":"product_cat-novedades-articulos-publicitarios","10":"product_cat-recipientes-de-vidrio","11":"product_cat-regalos-y-trofeos-premium","12":"product_cat-set-de-regalos","13":"product_cat-set-de-vino-descorchadores-bolsas-para-vinos","15":"first","16":"outofstock","17":"shipping-taxable","18":"product-type-simple"},"aioseo_notices":[],"yoast_head":"<!-- This site is optimized with the Yoast SEO plugin v26.5 - https:\/\/yoast.com\/wordpress\/plugins\/seo\/ -->\n<title>Set de Copas y Decantador para Vinos Encobrizado M88 - Uniformes Ludo<\/title>\n<meta name=\"robots\" content=\"index, follow, max-snippet:-1, max-image-preview:large, max-video-preview:-1\" \/>\n<link rel=\"canonical\" href=\"https:\/\/uniformesludo.cl\/index.php\/producto\/set-de-copas-y-decantador-para-vinos-encobrizado-m88\/\" \/>\n<meta property=\"og:locale\" content=\"es_ES\" \/>\n<meta property=\"og:type\" content=\"article\" \/>\n<meta property=\"og:title\" content=\"Set de Copas y Decantador para Vinos Encobrizado M88 - Uniformes Ludo\" \/>\n<meta property=\"og:description\" content=\"M88  Set de vinos encobrizado que incluye 4 copas de vino de 415 ml y 1 decantador para vinos de 1 litro. Presentaci\u00f3n en caja de cart\u00f3n negra con interior de espuma de polietileno negra (EPE).  Art\u00edculos de vidrio y enchape de acero inoxidable electro plateados en cobre.  Tama\u00f1o de Estuche : 47 x 28 x 23  Caja de 4 unidades.  601063380\" \/>\n<meta property=\"og:url\" content=\"https:\/\/uniformesludo.cl\/index.php\/producto\/set-de-copas-y-decantador-para-vinos-encobrizado-m88\/\" \/>\n<meta property=\"og:site_name\" content=\"Uniformes Ludo\" \/>\n<meta property=\"article:modified_time\" content=\"2024-09-04T16:52:04+00:00\" \/>\n<meta property=\"og:image\" content=\"https:\/\/uniformesludo.cl\/wp-content\/uploads\/2024\/09\/M88-portadaa-ok-scaled-1.jpg\" \/>\n\t<meta property=\"og:image:width\" content=\"2560\" \/>\n\t<meta property=\"og:image:height\" content=\"2560\" \/>\n\t<meta property=\"og:image:type\" content=\"image\/jpeg\" \/>\n<meta name=\"twitter:card\" content=\"summary_large_image\" \/>\n<script type=\"application\/ld+json\" class=\"yoast-schema-graph\">{\"@context\":\"https:\/\/schema.org\",\"@graph\":[{\"@type\":\"WebPage\",\"@id\":\"https:\/\/uniformesludo.cl\/index.php\/producto\/set-de-copas-y-decantador-para-vinos-encobrizado-m88\/\",\"url\":\"https:\/\/uniformesludo.cl\/index.php\/producto\/set-de-copas-y-decantador-para-vinos-encobrizado-m88\/\",\"name\":\"Set de Copas y Decantador para Vinos Encobrizado M88 - Uniformes Ludo\",\"isPartOf\":{\"@id\":\"https:\/\/uniformesludo.cl\/#website\"},\"primaryImageOfPage\":{\"@id\":\"https:\/\/uniformesludo.cl\/index.php\/producto\/set-de-copas-y-decantador-para-vinos-encobrizado-m88\/#primaryimage\"},\"image\":{\"@id\":\"https:\/\/uniformesludo.cl\/index.php\/producto\/set-de-copas-y-decantador-para-vinos-encobrizado-m88\/#primaryimage\"},\"thumbnailUrl\":\"https:\/\/uniformesludo.cl\/wp-content\/uploads\/2024\/09\/M88-portadaa-ok-scaled-1.jpg\",\"datePublished\":\"2024-09-04T16:50:27+00:00\",\"dateModified\":\"2024-09-04T16:52:04+00:00\",\"breadcrumb\":{\"@id\":\"https:\/\/uniformesludo.cl\/index.php\/producto\/set-de-copas-y-decantador-para-vinos-encobrizado-m88\/#breadcrumb\"},\"inLanguage\":\"es\",\"potentialAction\":[{\"@type\":\"ReadAction\",\"target\":[\"https:\/\/uniformesludo.cl\/index.php\/producto\/set-de-copas-y-decantador-para-vinos-encobrizado-m88\/\"]}]},{\"@type\":\"ImageObject\",\"inLanguage\":\"es\",\"@id\":\"https:\/\/uniformesludo.cl\/index.php\/producto\/set-de-copas-y-decantador-para-vinos-encobrizado-m88\/#primaryimage\",\"url\":\"https:\/\/uniformesludo.cl\/wp-content\/uploads\/2024\/09\/M88-portadaa-ok-scaled-1.jpg\",\"contentUrl\":\"https:\/\/uniformesludo.cl\/wp-content\/uploads\/2024\/09\/M88-portadaa-ok-scaled-1.jpg\",\"width\":2560,\"height\":2560},{\"@type\":\"BreadcrumbList\",\"@id\":\"https:\/\/uniformesludo.cl\/index.php\/producto\/set-de-copas-y-decantador-para-vinos-encobrizado-m88\/#breadcrumb\",\"itemListElement\":[{\"@type\":\"ListItem\",\"position\":1,\"name\":\"Portada\",\"item\":\"https:\/\/uniformesludo.cl\/\"},{\"@type\":\"ListItem\",\"position\":2,\"name\":\"Tienda\",\"item\":\"https:\/\/uniformesludo.cl\/index.php\/tienda\/\"},{\"@type\":\"ListItem\",\"position\":3,\"name\":\"Set de Copas y Decantador para Vinos Encobrizado M88\"}]},{\"@type\":\"WebSite\",\"@id\":\"https:\/\/uniformesludo.cl\/#website\",\"url\":\"https:\/\/uniformesludo.cl\/\",\"name\":\"Uniformes Ludo\",\"description\":\"Es una de las empresas comercializadoras de Ropa de trabajo, confecci\u00f3n, productos de protecci\u00f3n, prevenci\u00f3n y seguridad una de las m\u00e1s importantes de nuestro pa\u00eds, reconocida a nivel Nacional, con numerosos clientes a lo largo de Chile que avalan su compromiso de calidad. De igual forma, existe una permanente preocupaci\u00f3n por mantener un servicio integral de excelencia que permita identificarnos como \u201cel mejor equipo, la mejor empresa e inversi\u00f3n\u201d.\",\"potentialAction\":[{\"@type\":\"SearchAction\",\"target\":{\"@type\":\"EntryPoint\",\"urlTemplate\":\"https:\/\/uniformesludo.cl\/?s={search_term_string}\"},\"query-input\":{\"@type\":\"PropertyValueSpecification\",\"valueRequired\":true,\"valueName\":\"search_term_string\"}}],\"inLanguage\":\"es\"}]}<\/script>\n<!-- \/ Yoast SEO plugin. -->","yoast_head_json":{"title":"Set de Copas y Decantador para Vinos Encobrizado M88 - Uniformes Ludo","robots":{"index":"index","follow":"follow","max-snippet":"max-snippet:-1","max-image-preview":"max-image-preview:large","max-video-preview":"max-video-preview:-1"},"canonical":"https:\/\/uniformesludo.cl\/index.php\/producto\/set-de-copas-y-decantador-para-vinos-encobrizado-m88\/","og_locale":"es_ES","og_type":"article","og_title":"Set de Copas y Decantador para Vinos Encobrizado M88 - Uniformes Ludo","og_description":"M88  Set de vinos encobrizado que incluye 4 copas de vino de 415 ml y 1 decantador para vinos de 1 litro. Presentaci\u00f3n en caja de cart\u00f3n negra con interior de espuma de polietileno negra (EPE).  Art\u00edculos de vidrio y enchape de acero inoxidable electro plateados en cobre.  Tama\u00f1o de Estuche : 47 x 28 x 23  Caja de 4 unidades.  601063380","og_url":"https:\/\/uniformesludo.cl\/index.php\/producto\/set-de-copas-y-decantador-para-vinos-encobrizado-m88\/","og_site_name":"Uniformes Ludo","article_modified_time":"2024-09-04T16:52:04+00:00","og_image":[{"width":2560,"height":2560,"url":"https:\/\/uniformesludo.cl\/wp-content\/uploads\/2024\/09\/M88-portadaa-ok-scaled-1.jpg","type":"image\/jpeg"}],"twitter_card":"summary_large_image","schema":{"@context":"https:\/\/schema.org","@graph":[{"@type":"WebPage","@id":"https:\/\/uniformesludo.cl\/index.php\/producto\/set-de-copas-y-decantador-para-vinos-encobrizado-m88\/","url":"https:\/\/uniformesludo.cl\/index.php\/producto\/set-de-copas-y-decantador-para-vinos-encobrizado-m88\/","name":"Set de Copas y Decantador para Vinos Encobrizado M88 - Uniformes Ludo","isPartOf":{"@id":"https:\/\/uniformesludo.cl\/#website"},"primaryImageOfPage":{"@id":"https:\/\/uniformesludo.cl\/index.php\/producto\/set-de-copas-y-decantador-para-vinos-encobrizado-m88\/#primaryimage"},"image":{"@id":"https:\/\/uniformesludo.cl\/index.php\/producto\/set-de-copas-y-decantador-para-vinos-encobrizado-m88\/#primaryimage"},"thumbnailUrl":"https:\/\/uniformesludo.cl\/wp-content\/uploads\/2024\/09\/M88-portadaa-ok-scaled-1.jpg","datePublished":"2024-09-04T16:50:27+00:00","dateModified":"2024-09-04T16:52:04+00:00","breadcrumb":{"@id":"https:\/\/uniformesludo.cl\/index.php\/producto\/set-de-copas-y-decantador-para-vinos-encobrizado-m88\/#breadcrumb"},"inLanguage":"es","potentialAction":[{"@type":"ReadAction","target":["https:\/\/uniformesludo.cl\/index.php\/producto\/set-de-copas-y-decantador-para-vinos-encobrizado-m88\/"]}]},{"@type":"ImageObject","inLanguage":"es","@id":"https:\/\/uniformesludo.cl\/index.php\/producto\/set-de-copas-y-decantador-para-vinos-encobrizado-m88\/#primaryimage","url":"https:\/\/uniformesludo.cl\/wp-content\/uploads\/2024\/09\/M88-portadaa-ok-scaled-1.jpg","contentUrl":"https:\/\/uniformesludo.cl\/wp-content\/uploads\/2024\/09\/M88-portadaa-ok-scaled-1.jpg","width":2560,"height":2560},{"@type":"BreadcrumbList","@id":"https:\/\/uniformesludo.cl\/index.php\/producto\/set-de-copas-y-decantador-para-vinos-encobrizado-m88\/#breadcrumb","itemListElement":[{"@type":"ListItem","position":1,"name":"Portada","item":"https:\/\/uniformesludo.cl\/"},{"@type":"ListItem","position":2,"name":"Tienda","item":"https:\/\/uniformesludo.cl\/index.php\/tienda\/"},{"@type":"ListItem","position":3,"name":"Set de Copas y Decantador para Vinos Encobrizado M88"}]},{"@type":"WebSite","@id":"https:\/\/uniformesludo.cl\/#website","url":"https:\/\/uniformesludo.cl\/","name":"Uniformes Ludo","description":"Es una de las empresas comercializadoras de Ropa de trabajo, confecci\u00f3n, productos de protecci\u00f3n, prevenci\u00f3n y seguridad una de las m\u00e1s importantes de nuestro pa\u00eds, reconocida a nivel Nacional, con numerosos clientes a lo largo de Chile que avalan su compromiso de calidad. De igual forma, existe una permanente preocupaci\u00f3n por mantener un servicio integral de excelencia que permita identificarnos como \u201cel mejor equipo, la mejor empresa e inversi\u00f3n\u201d.","potentialAction":[{"@type":"SearchAction","target":{"@type":"EntryPoint","urlTemplate":"https:\/\/uniformesludo.cl\/?s={search_term_string}"},"query-input":{"@type":"PropertyValueSpecification","valueRequired":true,"valueName":"search_term_string"}}],"inLanguage":"es"}]}},"_links":{"self":[{"href":"https:\/\/uniformesludo.cl\/index.php\/wp-json\/wp\/v2\/product\/10019817","targetHints":{"allow":["GET"]}}],"collection":[{"href":"https:\/\/uniformesludo.cl\/index.php\/wp-json\/wp\/v2\/product"}],"about":[{"href":"https:\/\/uniformesludo.cl\/index.php\/wp-json\/wp\/v2\/types\/product"}],"replies":[{"embeddable":true,"href":"https:\/\/uniformesludo.cl\/index.php\/wp-json\/wp\/v2\/comments?post=10019817"}],"wp:featuredmedia":[{"embeddable":true,"href":"https:\/\/uniformesludo.cl\/index.php\/wp-json\/wp\/v2\/media\/10019879"}],"wp:attachment":[{"href":"https:\/\/uniformesludo.cl\/index.php\/wp-json\/wp\/v2\/media?parent=10019817"}],"wp:term":[{"taxonomy":"product_brand","embeddable":true,"href":"https:\/\/uniformesludo.cl\/index.php\/wp-json\/wp\/v2\/product_brand?post=10019817"},{"taxonomy":"product_cat","embeddable":true,"href":"https:\/\/uniformesludo.cl\/index.php\/wp-json\/wp\/v2\/product_cat?post=10019817"},{"taxonomy":"product_tag","embeddable":true,"href":"https:\/\/uniformesludo.cl\/index.php\/wp-json\/wp\/v2\/product_tag?post=10019817"}],"curies":[{"name":"wp","href":"https:\/\/api.w.org\/{rel}","templated":true}]}}