{"id":10019605,"date":"2024-09-04T16:45:20","date_gmt":"2024-09-04T16:45:20","guid":{"rendered":"https:\/\/uniformesludo.cl\/?post_type=product&#038;p=10019605"},"modified":"2024-09-05T17:16:02","modified_gmt":"2024-09-05T17:16:02","slug":"caja-carton-autoarmable-microcorrugado-cc07","status":"publish","type":"product","link":"https:\/\/uniformesludo.cl\/index.php\/producto\/caja-carton-autoarmable-microcorrugado-cc07\/","title":{"rendered":"Caja Cart\u00f3n Autoarmable Microcorrugado CC07"},"content":{"rendered":"","protected":false},"excerpt":{"rendered":"<p><strong><span style=\"color: #000080;\">CC07<\/span><\/strong><\/p>\n<p><em>Caja autoarmable mediana de cart\u00f3n microcorrugado onda E (alta calidad).<\/em><\/p>\n<p>Tama\u00f1o: 25 x 20 x 7<br \/>\nPacking: 50 unidades<\/p>\n","protected":false},"featured_media":10019695,"comment_status":"closed","ping_status":"closed","template":"","meta":[],"product_brand":[],"product_cat":[504,565,880,576,577,690,876],"product_tag":[],"class_list":{"0":"post-10019605","1":"product","2":"type-product","3":"status-publish","4":"has-post-thumbnail","6":"product_cat-articulos-publicitarios","7":"product_cat-cajas-estuches-de-presentacion","8":"product_cat-cajas-de-carton-autoarmables","9":"product_cat-novedades","10":"product_cat-novedades-articulos-publicitarios","11":"product_cat-novedades-trofeos-y-premios","12":"product_cat-packaging","14":"first","15":"instock","16":"shipping-taxable","17":"purchasable","18":"product-type-variable"},"aioseo_notices":[],"yoast_head":"<!-- This site is optimized with the Yoast SEO plugin v26.5 - https:\/\/yoast.com\/wordpress\/plugins\/seo\/ -->\n<title>Caja Cart\u00f3n Autoarmable Microcorrugado CC07 - Uniformes Ludo<\/title>\n<meta name=\"robots\" content=\"index, follow, max-snippet:-1, max-image-preview:large, max-video-preview:-1\" \/>\n<link rel=\"canonical\" href=\"https:\/\/uniformesludo.cl\/index.php\/producto\/caja-carton-autoarmable-microcorrugado-cc07\/\" \/>\n<meta property=\"og:locale\" content=\"es_ES\" \/>\n<meta property=\"og:type\" content=\"article\" \/>\n<meta property=\"og:title\" content=\"Caja Cart\u00f3n Autoarmable Microcorrugado CC07 - Uniformes Ludo\" \/>\n<meta property=\"og:description\" content=\"CC07  Caja autoarmable mediana de cart\u00f3n microcorrugado onda E (alta calidad).  Tama\u00f1o: 25 x 20 x 7 Packing: 50 unidades\" \/>\n<meta property=\"og:url\" content=\"https:\/\/uniformesludo.cl\/index.php\/producto\/caja-carton-autoarmable-microcorrugado-cc07\/\" \/>\n<meta property=\"og:site_name\" content=\"Uniformes Ludo\" \/>\n<meta property=\"article:modified_time\" content=\"2024-09-05T17:16:02+00:00\" \/>\n<meta property=\"og:image\" content=\"https:\/\/uniformesludo.cl\/wp-content\/uploads\/2024\/09\/25x20x7.jpg\" \/>\n\t<meta property=\"og:image:width\" content=\"1181\" \/>\n\t<meta property=\"og:image:height\" content=\"1181\" \/>\n\t<meta property=\"og:image:type\" content=\"image\/jpeg\" \/>\n<meta name=\"twitter:card\" content=\"summary_large_image\" \/>\n<script type=\"application\/ld+json\" class=\"yoast-schema-graph\">{\"@context\":\"https:\/\/schema.org\",\"@graph\":[{\"@type\":\"WebPage\",\"@id\":\"https:\/\/uniformesludo.cl\/index.php\/producto\/caja-carton-autoarmable-microcorrugado-cc07\/\",\"url\":\"https:\/\/uniformesludo.cl\/index.php\/producto\/caja-carton-autoarmable-microcorrugado-cc07\/\",\"name\":\"Caja Cart\u00f3n Autoarmable Microcorrugado CC07 - Uniformes Ludo\",\"isPartOf\":{\"@id\":\"https:\/\/uniformesludo.cl\/#website\"},\"primaryImageOfPage\":{\"@id\":\"https:\/\/uniformesludo.cl\/index.php\/producto\/caja-carton-autoarmable-microcorrugado-cc07\/#primaryimage\"},\"image\":{\"@id\":\"https:\/\/uniformesludo.cl\/index.php\/producto\/caja-carton-autoarmable-microcorrugado-cc07\/#primaryimage\"},\"thumbnailUrl\":\"https:\/\/uniformesludo.cl\/wp-content\/uploads\/2024\/09\/25x20x7.jpg\",\"datePublished\":\"2024-09-04T16:45:20+00:00\",\"dateModified\":\"2024-09-05T17:16:02+00:00\",\"breadcrumb\":{\"@id\":\"https:\/\/uniformesludo.cl\/index.php\/producto\/caja-carton-autoarmable-microcorrugado-cc07\/#breadcrumb\"},\"inLanguage\":\"es\",\"potentialAction\":[{\"@type\":\"ReadAction\",\"target\":[\"https:\/\/uniformesludo.cl\/index.php\/producto\/caja-carton-autoarmable-microcorrugado-cc07\/\"]}]},{\"@type\":\"ImageObject\",\"inLanguage\":\"es\",\"@id\":\"https:\/\/uniformesludo.cl\/index.php\/producto\/caja-carton-autoarmable-microcorrugado-cc07\/#primaryimage\",\"url\":\"https:\/\/uniformesludo.cl\/wp-content\/uploads\/2024\/09\/25x20x7.jpg\",\"contentUrl\":\"https:\/\/uniformesludo.cl\/wp-content\/uploads\/2024\/09\/25x20x7.jpg\",\"width\":1181,\"height\":1181},{\"@type\":\"BreadcrumbList\",\"@id\":\"https:\/\/uniformesludo.cl\/index.php\/producto\/caja-carton-autoarmable-microcorrugado-cc07\/#breadcrumb\",\"itemListElement\":[{\"@type\":\"ListItem\",\"position\":1,\"name\":\"Portada\",\"item\":\"https:\/\/uniformesludo.cl\/\"},{\"@type\":\"ListItem\",\"position\":2,\"name\":\"Tienda\",\"item\":\"https:\/\/uniformesludo.cl\/index.php\/tienda\/\"},{\"@type\":\"ListItem\",\"position\":3,\"name\":\"Caja Cart\u00f3n Autoarmable Microcorrugado CC07\"}]},{\"@type\":\"WebSite\",\"@id\":\"https:\/\/uniformesludo.cl\/#website\",\"url\":\"https:\/\/uniformesludo.cl\/\",\"name\":\"Uniformes Ludo\",\"description\":\"Es una de las empresas comercializadoras de Ropa de trabajo, confecci\u00f3n, productos de protecci\u00f3n, prevenci\u00f3n y seguridad una de las m\u00e1s importantes de nuestro pa\u00eds, reconocida a nivel Nacional, con numerosos clientes a lo largo de Chile que avalan su compromiso de calidad. De igual forma, existe una permanente preocupaci\u00f3n por mantener un servicio integral de excelencia que permita identificarnos como \u201cel mejor equipo, la mejor empresa e inversi\u00f3n\u201d.\",\"potentialAction\":[{\"@type\":\"SearchAction\",\"target\":{\"@type\":\"EntryPoint\",\"urlTemplate\":\"https:\/\/uniformesludo.cl\/?s={search_term_string}\"},\"query-input\":{\"@type\":\"PropertyValueSpecification\",\"valueRequired\":true,\"valueName\":\"search_term_string\"}}],\"inLanguage\":\"es\"}]}<\/script>\n<!-- \/ Yoast SEO plugin. -->","yoast_head_json":{"title":"Caja Cart\u00f3n Autoarmable Microcorrugado CC07 - Uniformes Ludo","robots":{"index":"index","follow":"follow","max-snippet":"max-snippet:-1","max-image-preview":"max-image-preview:large","max-video-preview":"max-video-preview:-1"},"canonical":"https:\/\/uniformesludo.cl\/index.php\/producto\/caja-carton-autoarmable-microcorrugado-cc07\/","og_locale":"es_ES","og_type":"article","og_title":"Caja Cart\u00f3n Autoarmable Microcorrugado CC07 - Uniformes Ludo","og_description":"CC07  Caja autoarmable mediana de cart\u00f3n microcorrugado onda E (alta calidad).  Tama\u00f1o: 25 x 20 x 7 Packing: 50 unidades","og_url":"https:\/\/uniformesludo.cl\/index.php\/producto\/caja-carton-autoarmable-microcorrugado-cc07\/","og_site_name":"Uniformes Ludo","article_modified_time":"2024-09-05T17:16:02+00:00","og_image":[{"width":1181,"height":1181,"url":"https:\/\/uniformesludo.cl\/wp-content\/uploads\/2024\/09\/25x20x7.jpg","type":"image\/jpeg"}],"twitter_card":"summary_large_image","schema":{"@context":"https:\/\/schema.org","@graph":[{"@type":"WebPage","@id":"https:\/\/uniformesludo.cl\/index.php\/producto\/caja-carton-autoarmable-microcorrugado-cc07\/","url":"https:\/\/uniformesludo.cl\/index.php\/producto\/caja-carton-autoarmable-microcorrugado-cc07\/","name":"Caja Cart\u00f3n Autoarmable Microcorrugado CC07 - Uniformes Ludo","isPartOf":{"@id":"https:\/\/uniformesludo.cl\/#website"},"primaryImageOfPage":{"@id":"https:\/\/uniformesludo.cl\/index.php\/producto\/caja-carton-autoarmable-microcorrugado-cc07\/#primaryimage"},"image":{"@id":"https:\/\/uniformesludo.cl\/index.php\/producto\/caja-carton-autoarmable-microcorrugado-cc07\/#primaryimage"},"thumbnailUrl":"https:\/\/uniformesludo.cl\/wp-content\/uploads\/2024\/09\/25x20x7.jpg","datePublished":"2024-09-04T16:45:20+00:00","dateModified":"2024-09-05T17:16:02+00:00","breadcrumb":{"@id":"https:\/\/uniformesludo.cl\/index.php\/producto\/caja-carton-autoarmable-microcorrugado-cc07\/#breadcrumb"},"inLanguage":"es","potentialAction":[{"@type":"ReadAction","target":["https:\/\/uniformesludo.cl\/index.php\/producto\/caja-carton-autoarmable-microcorrugado-cc07\/"]}]},{"@type":"ImageObject","inLanguage":"es","@id":"https:\/\/uniformesludo.cl\/index.php\/producto\/caja-carton-autoarmable-microcorrugado-cc07\/#primaryimage","url":"https:\/\/uniformesludo.cl\/wp-content\/uploads\/2024\/09\/25x20x7.jpg","contentUrl":"https:\/\/uniformesludo.cl\/wp-content\/uploads\/2024\/09\/25x20x7.jpg","width":1181,"height":1181},{"@type":"BreadcrumbList","@id":"https:\/\/uniformesludo.cl\/index.php\/producto\/caja-carton-autoarmable-microcorrugado-cc07\/#breadcrumb","itemListElement":[{"@type":"ListItem","position":1,"name":"Portada","item":"https:\/\/uniformesludo.cl\/"},{"@type":"ListItem","position":2,"name":"Tienda","item":"https:\/\/uniformesludo.cl\/index.php\/tienda\/"},{"@type":"ListItem","position":3,"name":"Caja Cart\u00f3n Autoarmable Microcorrugado CC07"}]},{"@type":"WebSite","@id":"https:\/\/uniformesludo.cl\/#website","url":"https:\/\/uniformesludo.cl\/","name":"Uniformes Ludo","description":"Es una de las empresas comercializadoras de Ropa de trabajo, confecci\u00f3n, productos de protecci\u00f3n, prevenci\u00f3n y seguridad una de las m\u00e1s importantes de nuestro pa\u00eds, reconocida a nivel Nacional, con numerosos clientes a lo largo de Chile que avalan su compromiso de calidad. De igual forma, existe una permanente preocupaci\u00f3n por mantener un servicio integral de excelencia que permita identificarnos como \u201cel mejor equipo, la mejor empresa e inversi\u00f3n\u201d.","potentialAction":[{"@type":"SearchAction","target":{"@type":"EntryPoint","urlTemplate":"https:\/\/uniformesludo.cl\/?s={search_term_string}"},"query-input":{"@type":"PropertyValueSpecification","valueRequired":true,"valueName":"search_term_string"}}],"inLanguage":"es"}]}},"_links":{"self":[{"href":"https:\/\/uniformesludo.cl\/index.php\/wp-json\/wp\/v2\/product\/10019605","targetHints":{"allow":["GET"]}}],"collection":[{"href":"https:\/\/uniformesludo.cl\/index.php\/wp-json\/wp\/v2\/product"}],"about":[{"href":"https:\/\/uniformesludo.cl\/index.php\/wp-json\/wp\/v2\/types\/product"}],"replies":[{"embeddable":true,"href":"https:\/\/uniformesludo.cl\/index.php\/wp-json\/wp\/v2\/comments?post=10019605"}],"wp:featuredmedia":[{"embeddable":true,"href":"https:\/\/uniformesludo.cl\/index.php\/wp-json\/wp\/v2\/media\/10019695"}],"wp:attachment":[{"href":"https:\/\/uniformesludo.cl\/index.php\/wp-json\/wp\/v2\/media?parent=10019605"}],"wp:term":[{"taxonomy":"product_brand","embeddable":true,"href":"https:\/\/uniformesludo.cl\/index.php\/wp-json\/wp\/v2\/product_brand?post=10019605"},{"taxonomy":"product_cat","embeddable":true,"href":"https:\/\/uniformesludo.cl\/index.php\/wp-json\/wp\/v2\/product_cat?post=10019605"},{"taxonomy":"product_tag","embeddable":true,"href":"https:\/\/uniformesludo.cl\/index.php\/wp-json\/wp\/v2\/product_tag?post=10019605"}],"curies":[{"name":"wp","href":"https:\/\/api.w.org\/{rel}","templated":true}]}}