{"id":10019578,"date":"2024-09-04T16:44:52","date_gmt":"2024-09-04T16:44:52","guid":{"rendered":"https:\/\/uniformesludo.cl\/?post_type=product&#038;p=10019578"},"modified":"2024-09-04T16:47:58","modified_gmt":"2024-09-04T16:47:58","slug":"llavero-casco-minero-encobrizado-k50","status":"publish","type":"product","link":"https:\/\/uniformesludo.cl\/index.php\/producto\/llavero-casco-minero-encobrizado-k50\/","title":{"rendered":"Llavero casco minero encobrizado K50"},"content":{"rendered":"","protected":false},"excerpt":{"rendered":"<p><span style=\"color: #000080;\"><strong>K50<\/strong><\/span><\/p>\n<p><em>Llavero casco minero met\u00e1lico electro plateado en color cobre. Incluye placa met\u00e1lica para grabado. Presentaci\u00f3n en estuche de cart\u00f3n negro.<\/em><\/p>\n<p>Tama\u00f1o casco: 4 x 5.2 cms.<br \/>\nTama\u00f1o placa: 1.3 x 3.5 cms.<\/p>\n<p>Caja de 160 unidades.<\/p>\n<p>601055376<\/p>\n<p>&nbsp;<\/p>\n","protected":false},"featured_media":10019680,"comment_status":"closed","ping_status":"closed","template":"","meta":[],"product_brand":[],"product_cat":[504,575,591,576,577,568],"product_tag":[],"class_list":{"0":"post-10019578","1":"product","2":"type-product","3":"status-publish","4":"has-post-thumbnail","6":"product_cat-articulos-publicitarios","7":"product_cat-linea-cobre","8":"product_cat-llaveros","9":"product_cat-novedades","10":"product_cat-novedades-articulos-publicitarios","11":"product_cat-regalos-y-trofeos-premium","13":"first","14":"instock","15":"shipping-taxable","16":"product-type-simple"},"aioseo_notices":[],"yoast_head":"<!-- This site is optimized with the Yoast SEO plugin v26.5 - https:\/\/yoast.com\/wordpress\/plugins\/seo\/ -->\n<title>Llavero casco minero encobrizado K50 - Uniformes Ludo<\/title>\n<meta name=\"robots\" content=\"index, follow, max-snippet:-1, max-image-preview:large, max-video-preview:-1\" \/>\n<link rel=\"canonical\" href=\"https:\/\/uniformesludo.cl\/index.php\/producto\/llavero-casco-minero-encobrizado-k50\/\" \/>\n<meta property=\"og:locale\" content=\"es_ES\" \/>\n<meta property=\"og:type\" content=\"article\" \/>\n<meta property=\"og:title\" content=\"Llavero casco minero encobrizado K50 - Uniformes Ludo\" \/>\n<meta property=\"og:description\" content=\"K50  Llavero casco minero met\u00e1lico electro plateado en color cobre. Incluye placa met\u00e1lica para grabado. Presentaci\u00f3n en estuche de cart\u00f3n negro.  Tama\u00f1o casco: 4 x 5.2 cms. Tama\u00f1o placa: 1.3 x 3.5 cms.  Caja de 160 unidades.  601055376  &nbsp;\" \/>\n<meta property=\"og:url\" content=\"https:\/\/uniformesludo.cl\/index.php\/producto\/llavero-casco-minero-encobrizado-k50\/\" \/>\n<meta property=\"og:site_name\" content=\"Uniformes Ludo\" \/>\n<meta property=\"article:modified_time\" content=\"2024-09-04T16:47:58+00:00\" \/>\n<meta property=\"og:image\" content=\"https:\/\/uniformesludo.cl\/wp-content\/uploads\/2024\/09\/K50_LLAVERO_1.jpg\" \/>\n\t<meta property=\"og:image:width\" content=\"600\" \/>\n\t<meta property=\"og:image:height\" content=\"600\" \/>\n\t<meta property=\"og:image:type\" content=\"image\/jpeg\" \/>\n<meta name=\"twitter:card\" content=\"summary_large_image\" \/>\n<script type=\"application\/ld+json\" class=\"yoast-schema-graph\">{\"@context\":\"https:\/\/schema.org\",\"@graph\":[{\"@type\":\"WebPage\",\"@id\":\"https:\/\/uniformesludo.cl\/index.php\/producto\/llavero-casco-minero-encobrizado-k50\/\",\"url\":\"https:\/\/uniformesludo.cl\/index.php\/producto\/llavero-casco-minero-encobrizado-k50\/\",\"name\":\"Llavero casco minero encobrizado K50 - Uniformes Ludo\",\"isPartOf\":{\"@id\":\"https:\/\/uniformesludo.cl\/#website\"},\"primaryImageOfPage\":{\"@id\":\"https:\/\/uniformesludo.cl\/index.php\/producto\/llavero-casco-minero-encobrizado-k50\/#primaryimage\"},\"image\":{\"@id\":\"https:\/\/uniformesludo.cl\/index.php\/producto\/llavero-casco-minero-encobrizado-k50\/#primaryimage\"},\"thumbnailUrl\":\"https:\/\/uniformesludo.cl\/wp-content\/uploads\/2024\/09\/K50_LLAVERO_1.jpg\",\"datePublished\":\"2024-09-04T16:44:52+00:00\",\"dateModified\":\"2024-09-04T16:47:58+00:00\",\"breadcrumb\":{\"@id\":\"https:\/\/uniformesludo.cl\/index.php\/producto\/llavero-casco-minero-encobrizado-k50\/#breadcrumb\"},\"inLanguage\":\"es\",\"potentialAction\":[{\"@type\":\"ReadAction\",\"target\":[\"https:\/\/uniformesludo.cl\/index.php\/producto\/llavero-casco-minero-encobrizado-k50\/\"]}]},{\"@type\":\"ImageObject\",\"inLanguage\":\"es\",\"@id\":\"https:\/\/uniformesludo.cl\/index.php\/producto\/llavero-casco-minero-encobrizado-k50\/#primaryimage\",\"url\":\"https:\/\/uniformesludo.cl\/wp-content\/uploads\/2024\/09\/K50_LLAVERO_1.jpg\",\"contentUrl\":\"https:\/\/uniformesludo.cl\/wp-content\/uploads\/2024\/09\/K50_LLAVERO_1.jpg\",\"width\":600,\"height\":600},{\"@type\":\"BreadcrumbList\",\"@id\":\"https:\/\/uniformesludo.cl\/index.php\/producto\/llavero-casco-minero-encobrizado-k50\/#breadcrumb\",\"itemListElement\":[{\"@type\":\"ListItem\",\"position\":1,\"name\":\"Portada\",\"item\":\"https:\/\/uniformesludo.cl\/\"},{\"@type\":\"ListItem\",\"position\":2,\"name\":\"Tienda\",\"item\":\"https:\/\/uniformesludo.cl\/index.php\/tienda\/\"},{\"@type\":\"ListItem\",\"position\":3,\"name\":\"Llavero casco minero encobrizado K50\"}]},{\"@type\":\"WebSite\",\"@id\":\"https:\/\/uniformesludo.cl\/#website\",\"url\":\"https:\/\/uniformesludo.cl\/\",\"name\":\"Uniformes Ludo\",\"description\":\"Es una de las empresas comercializadoras de Ropa de trabajo, confecci\u00f3n, productos de protecci\u00f3n, prevenci\u00f3n y seguridad una de las m\u00e1s importantes de nuestro pa\u00eds, reconocida a nivel Nacional, con numerosos clientes a lo largo de Chile que avalan su compromiso de calidad. De igual forma, existe una permanente preocupaci\u00f3n por mantener un servicio integral de excelencia que permita identificarnos como \u201cel mejor equipo, la mejor empresa e inversi\u00f3n\u201d.\",\"potentialAction\":[{\"@type\":\"SearchAction\",\"target\":{\"@type\":\"EntryPoint\",\"urlTemplate\":\"https:\/\/uniformesludo.cl\/?s={search_term_string}\"},\"query-input\":{\"@type\":\"PropertyValueSpecification\",\"valueRequired\":true,\"valueName\":\"search_term_string\"}}],\"inLanguage\":\"es\"}]}<\/script>\n<!-- \/ Yoast SEO plugin. -->","yoast_head_json":{"title":"Llavero casco minero encobrizado K50 - Uniformes Ludo","robots":{"index":"index","follow":"follow","max-snippet":"max-snippet:-1","max-image-preview":"max-image-preview:large","max-video-preview":"max-video-preview:-1"},"canonical":"https:\/\/uniformesludo.cl\/index.php\/producto\/llavero-casco-minero-encobrizado-k50\/","og_locale":"es_ES","og_type":"article","og_title":"Llavero casco minero encobrizado K50 - Uniformes Ludo","og_description":"K50  Llavero casco minero met\u00e1lico electro plateado en color cobre. Incluye placa met\u00e1lica para grabado. Presentaci\u00f3n en estuche de cart\u00f3n negro.  Tama\u00f1o casco: 4 x 5.2 cms. Tama\u00f1o placa: 1.3 x 3.5 cms.  Caja de 160 unidades.  601055376  &nbsp;","og_url":"https:\/\/uniformesludo.cl\/index.php\/producto\/llavero-casco-minero-encobrizado-k50\/","og_site_name":"Uniformes Ludo","article_modified_time":"2024-09-04T16:47:58+00:00","og_image":[{"width":600,"height":600,"url":"https:\/\/uniformesludo.cl\/wp-content\/uploads\/2024\/09\/K50_LLAVERO_1.jpg","type":"image\/jpeg"}],"twitter_card":"summary_large_image","schema":{"@context":"https:\/\/schema.org","@graph":[{"@type":"WebPage","@id":"https:\/\/uniformesludo.cl\/index.php\/producto\/llavero-casco-minero-encobrizado-k50\/","url":"https:\/\/uniformesludo.cl\/index.php\/producto\/llavero-casco-minero-encobrizado-k50\/","name":"Llavero casco minero encobrizado K50 - Uniformes Ludo","isPartOf":{"@id":"https:\/\/uniformesludo.cl\/#website"},"primaryImageOfPage":{"@id":"https:\/\/uniformesludo.cl\/index.php\/producto\/llavero-casco-minero-encobrizado-k50\/#primaryimage"},"image":{"@id":"https:\/\/uniformesludo.cl\/index.php\/producto\/llavero-casco-minero-encobrizado-k50\/#primaryimage"},"thumbnailUrl":"https:\/\/uniformesludo.cl\/wp-content\/uploads\/2024\/09\/K50_LLAVERO_1.jpg","datePublished":"2024-09-04T16:44:52+00:00","dateModified":"2024-09-04T16:47:58+00:00","breadcrumb":{"@id":"https:\/\/uniformesludo.cl\/index.php\/producto\/llavero-casco-minero-encobrizado-k50\/#breadcrumb"},"inLanguage":"es","potentialAction":[{"@type":"ReadAction","target":["https:\/\/uniformesludo.cl\/index.php\/producto\/llavero-casco-minero-encobrizado-k50\/"]}]},{"@type":"ImageObject","inLanguage":"es","@id":"https:\/\/uniformesludo.cl\/index.php\/producto\/llavero-casco-minero-encobrizado-k50\/#primaryimage","url":"https:\/\/uniformesludo.cl\/wp-content\/uploads\/2024\/09\/K50_LLAVERO_1.jpg","contentUrl":"https:\/\/uniformesludo.cl\/wp-content\/uploads\/2024\/09\/K50_LLAVERO_1.jpg","width":600,"height":600},{"@type":"BreadcrumbList","@id":"https:\/\/uniformesludo.cl\/index.php\/producto\/llavero-casco-minero-encobrizado-k50\/#breadcrumb","itemListElement":[{"@type":"ListItem","position":1,"name":"Portada","item":"https:\/\/uniformesludo.cl\/"},{"@type":"ListItem","position":2,"name":"Tienda","item":"https:\/\/uniformesludo.cl\/index.php\/tienda\/"},{"@type":"ListItem","position":3,"name":"Llavero casco minero encobrizado K50"}]},{"@type":"WebSite","@id":"https:\/\/uniformesludo.cl\/#website","url":"https:\/\/uniformesludo.cl\/","name":"Uniformes Ludo","description":"Es una de las empresas comercializadoras de Ropa de trabajo, confecci\u00f3n, productos de protecci\u00f3n, prevenci\u00f3n y seguridad una de las m\u00e1s importantes de nuestro pa\u00eds, reconocida a nivel Nacional, con numerosos clientes a lo largo de Chile que avalan su compromiso de calidad. De igual forma, existe una permanente preocupaci\u00f3n por mantener un servicio integral de excelencia que permita identificarnos como \u201cel mejor equipo, la mejor empresa e inversi\u00f3n\u201d.","potentialAction":[{"@type":"SearchAction","target":{"@type":"EntryPoint","urlTemplate":"https:\/\/uniformesludo.cl\/?s={search_term_string}"},"query-input":{"@type":"PropertyValueSpecification","valueRequired":true,"valueName":"search_term_string"}}],"inLanguage":"es"}]}},"_links":{"self":[{"href":"https:\/\/uniformesludo.cl\/index.php\/wp-json\/wp\/v2\/product\/10019578","targetHints":{"allow":["GET"]}}],"collection":[{"href":"https:\/\/uniformesludo.cl\/index.php\/wp-json\/wp\/v2\/product"}],"about":[{"href":"https:\/\/uniformesludo.cl\/index.php\/wp-json\/wp\/v2\/types\/product"}],"replies":[{"embeddable":true,"href":"https:\/\/uniformesludo.cl\/index.php\/wp-json\/wp\/v2\/comments?post=10019578"}],"wp:featuredmedia":[{"embeddable":true,"href":"https:\/\/uniformesludo.cl\/index.php\/wp-json\/wp\/v2\/media\/10019680"}],"wp:attachment":[{"href":"https:\/\/uniformesludo.cl\/index.php\/wp-json\/wp\/v2\/media?parent=10019578"}],"wp:term":[{"taxonomy":"product_brand","embeddable":true,"href":"https:\/\/uniformesludo.cl\/index.php\/wp-json\/wp\/v2\/product_brand?post=10019578"},{"taxonomy":"product_cat","embeddable":true,"href":"https:\/\/uniformesludo.cl\/index.php\/wp-json\/wp\/v2\/product_cat?post=10019578"},{"taxonomy":"product_tag","embeddable":true,"href":"https:\/\/uniformesludo.cl\/index.php\/wp-json\/wp\/v2\/product_tag?post=10019578"}],"curies":[{"name":"wp","href":"https:\/\/api.w.org\/{rel}","templated":true}]}}