{"id":10019576,"date":"2024-09-04T16:44:51","date_gmt":"2024-09-04T16:44:51","guid":{"rendered":"https:\/\/uniformesludo.cl\/?post_type=product&#038;p=10019576"},"modified":"2024-09-05T17:17:20","modified_gmt":"2024-09-05T17:17:20","slug":"placa-metalexglued-con-pegamento","status":"publish","type":"product","link":"https:\/\/uniformesludo.cl\/index.php\/producto\/placa-metalexglued-con-pegamento\/","title":{"rendered":"Placa Metalexglued con pegamento"},"content":{"rendered":"","protected":false},"excerpt":{"rendered":"<p><span style=\"color: #000080;\"><strong>METALEXGLUED<\/strong><\/span><\/p>\n<p><em>Placa Metalex pl\u00e1stico negro +\u00a0 l\u00e1mina superior color dorado o plateado. Con pegamento en reverso<\/em>. Placa Flexible.<\/p>\n<p>Dimensiones: 300 mm. x 600 mm.<\/p>\n<p>Grosor total: 1 mm.<\/p>\n","protected":false},"featured_media":10019667,"comment_status":"closed","ping_status":"closed","template":"","meta":[],"product_brand":[],"product_cat":[682,576,690,691],"product_tag":[],"class_list":{"0":"post-10019576","1":"product","2":"type-product","3":"status-publish","4":"has-post-thumbnail","6":"product_cat-insumos","7":"product_cat-novedades","8":"product_cat-novedades-trofeos-y-premios","9":"product_cat-placas","11":"first","12":"instock","13":"shipping-taxable","14":"purchasable","15":"product-type-variable"},"aioseo_notices":[],"yoast_head":"<!-- This site is optimized with the Yoast SEO plugin v26.5 - https:\/\/yoast.com\/wordpress\/plugins\/seo\/ -->\n<title>Placa Metalexglued con pegamento - Uniformes Ludo<\/title>\n<meta name=\"robots\" content=\"index, follow, max-snippet:-1, max-image-preview:large, max-video-preview:-1\" \/>\n<link rel=\"canonical\" href=\"https:\/\/uniformesludo.cl\/index.php\/producto\/placa-metalexglued-con-pegamento\/\" \/>\n<meta property=\"og:locale\" content=\"es_ES\" \/>\n<meta property=\"og:type\" content=\"article\" \/>\n<meta property=\"og:title\" content=\"Placa Metalexglued con pegamento - Uniformes Ludo\" \/>\n<meta property=\"og:description\" content=\"METALEXGLUED  Placa Metalex pl\u00e1stico negro +\u00a0 l\u00e1mina superior color dorado o plateado. Con pegamento en reverso. Placa Flexible.  Dimensiones: 300 mm. x 600 mm.  Grosor total: 1 mm.\" \/>\n<meta property=\"og:url\" content=\"https:\/\/uniformesludo.cl\/index.php\/producto\/placa-metalexglued-con-pegamento\/\" \/>\n<meta property=\"og:site_name\" content=\"Uniformes Ludo\" \/>\n<meta property=\"article:modified_time\" content=\"2024-09-05T17:17:20+00:00\" \/>\n<meta property=\"og:image\" content=\"https:\/\/uniformesludo.cl\/wp-content\/uploads\/2024\/09\/Placa-Metalex-Gravoply-portada-ok-scaled-a.jpg\" \/>\n\t<meta property=\"og:image:width\" content=\"2560\" \/>\n\t<meta property=\"og:image:height\" content=\"2560\" \/>\n\t<meta property=\"og:image:type\" content=\"image\/jpeg\" \/>\n<meta name=\"twitter:card\" content=\"summary_large_image\" \/>\n<script type=\"application\/ld+json\" class=\"yoast-schema-graph\">{\"@context\":\"https:\/\/schema.org\",\"@graph\":[{\"@type\":\"WebPage\",\"@id\":\"https:\/\/uniformesludo.cl\/index.php\/producto\/placa-metalexglued-con-pegamento\/\",\"url\":\"https:\/\/uniformesludo.cl\/index.php\/producto\/placa-metalexglued-con-pegamento\/\",\"name\":\"Placa Metalexglued con pegamento - Uniformes Ludo\",\"isPartOf\":{\"@id\":\"https:\/\/uniformesludo.cl\/#website\"},\"primaryImageOfPage\":{\"@id\":\"https:\/\/uniformesludo.cl\/index.php\/producto\/placa-metalexglued-con-pegamento\/#primaryimage\"},\"image\":{\"@id\":\"https:\/\/uniformesludo.cl\/index.php\/producto\/placa-metalexglued-con-pegamento\/#primaryimage\"},\"thumbnailUrl\":\"https:\/\/uniformesludo.cl\/wp-content\/uploads\/2024\/09\/Placa-Metalex-Gravoply-portada-ok-scaled-a.jpg\",\"datePublished\":\"2024-09-04T16:44:51+00:00\",\"dateModified\":\"2024-09-05T17:17:20+00:00\",\"breadcrumb\":{\"@id\":\"https:\/\/uniformesludo.cl\/index.php\/producto\/placa-metalexglued-con-pegamento\/#breadcrumb\"},\"inLanguage\":\"es\",\"potentialAction\":[{\"@type\":\"ReadAction\",\"target\":[\"https:\/\/uniformesludo.cl\/index.php\/producto\/placa-metalexglued-con-pegamento\/\"]}]},{\"@type\":\"ImageObject\",\"inLanguage\":\"es\",\"@id\":\"https:\/\/uniformesludo.cl\/index.php\/producto\/placa-metalexglued-con-pegamento\/#primaryimage\",\"url\":\"https:\/\/uniformesludo.cl\/wp-content\/uploads\/2024\/09\/Placa-Metalex-Gravoply-portada-ok-scaled-a.jpg\",\"contentUrl\":\"https:\/\/uniformesludo.cl\/wp-content\/uploads\/2024\/09\/Placa-Metalex-Gravoply-portada-ok-scaled-a.jpg\",\"width\":2560,\"height\":2560},{\"@type\":\"BreadcrumbList\",\"@id\":\"https:\/\/uniformesludo.cl\/index.php\/producto\/placa-metalexglued-con-pegamento\/#breadcrumb\",\"itemListElement\":[{\"@type\":\"ListItem\",\"position\":1,\"name\":\"Portada\",\"item\":\"https:\/\/uniformesludo.cl\/\"},{\"@type\":\"ListItem\",\"position\":2,\"name\":\"Tienda\",\"item\":\"https:\/\/uniformesludo.cl\/index.php\/tienda\/\"},{\"@type\":\"ListItem\",\"position\":3,\"name\":\"Placa Metalexglued con pegamento\"}]},{\"@type\":\"WebSite\",\"@id\":\"https:\/\/uniformesludo.cl\/#website\",\"url\":\"https:\/\/uniformesludo.cl\/\",\"name\":\"Uniformes Ludo\",\"description\":\"Es una de las empresas comercializadoras de Ropa de trabajo, confecci\u00f3n, productos de protecci\u00f3n, prevenci\u00f3n y seguridad una de las m\u00e1s importantes de nuestro pa\u00eds, reconocida a nivel Nacional, con numerosos clientes a lo largo de Chile que avalan su compromiso de calidad. De igual forma, existe una permanente preocupaci\u00f3n por mantener un servicio integral de excelencia que permita identificarnos como \u201cel mejor equipo, la mejor empresa e inversi\u00f3n\u201d.\",\"potentialAction\":[{\"@type\":\"SearchAction\",\"target\":{\"@type\":\"EntryPoint\",\"urlTemplate\":\"https:\/\/uniformesludo.cl\/?s={search_term_string}\"},\"query-input\":{\"@type\":\"PropertyValueSpecification\",\"valueRequired\":true,\"valueName\":\"search_term_string\"}}],\"inLanguage\":\"es\"}]}<\/script>\n<!-- \/ Yoast SEO plugin. -->","yoast_head_json":{"title":"Placa Metalexglued con pegamento - Uniformes Ludo","robots":{"index":"index","follow":"follow","max-snippet":"max-snippet:-1","max-image-preview":"max-image-preview:large","max-video-preview":"max-video-preview:-1"},"canonical":"https:\/\/uniformesludo.cl\/index.php\/producto\/placa-metalexglued-con-pegamento\/","og_locale":"es_ES","og_type":"article","og_title":"Placa Metalexglued con pegamento - Uniformes Ludo","og_description":"METALEXGLUED  Placa Metalex pl\u00e1stico negro +\u00a0 l\u00e1mina superior color dorado o plateado. Con pegamento en reverso. Placa Flexible.  Dimensiones: 300 mm. x 600 mm.  Grosor total: 1 mm.","og_url":"https:\/\/uniformesludo.cl\/index.php\/producto\/placa-metalexglued-con-pegamento\/","og_site_name":"Uniformes Ludo","article_modified_time":"2024-09-05T17:17:20+00:00","og_image":[{"width":2560,"height":2560,"url":"https:\/\/uniformesludo.cl\/wp-content\/uploads\/2024\/09\/Placa-Metalex-Gravoply-portada-ok-scaled-a.jpg","type":"image\/jpeg"}],"twitter_card":"summary_large_image","schema":{"@context":"https:\/\/schema.org","@graph":[{"@type":"WebPage","@id":"https:\/\/uniformesludo.cl\/index.php\/producto\/placa-metalexglued-con-pegamento\/","url":"https:\/\/uniformesludo.cl\/index.php\/producto\/placa-metalexglued-con-pegamento\/","name":"Placa Metalexglued con pegamento - Uniformes Ludo","isPartOf":{"@id":"https:\/\/uniformesludo.cl\/#website"},"primaryImageOfPage":{"@id":"https:\/\/uniformesludo.cl\/index.php\/producto\/placa-metalexglued-con-pegamento\/#primaryimage"},"image":{"@id":"https:\/\/uniformesludo.cl\/index.php\/producto\/placa-metalexglued-con-pegamento\/#primaryimage"},"thumbnailUrl":"https:\/\/uniformesludo.cl\/wp-content\/uploads\/2024\/09\/Placa-Metalex-Gravoply-portada-ok-scaled-a.jpg","datePublished":"2024-09-04T16:44:51+00:00","dateModified":"2024-09-05T17:17:20+00:00","breadcrumb":{"@id":"https:\/\/uniformesludo.cl\/index.php\/producto\/placa-metalexglued-con-pegamento\/#breadcrumb"},"inLanguage":"es","potentialAction":[{"@type":"ReadAction","target":["https:\/\/uniformesludo.cl\/index.php\/producto\/placa-metalexglued-con-pegamento\/"]}]},{"@type":"ImageObject","inLanguage":"es","@id":"https:\/\/uniformesludo.cl\/index.php\/producto\/placa-metalexglued-con-pegamento\/#primaryimage","url":"https:\/\/uniformesludo.cl\/wp-content\/uploads\/2024\/09\/Placa-Metalex-Gravoply-portada-ok-scaled-a.jpg","contentUrl":"https:\/\/uniformesludo.cl\/wp-content\/uploads\/2024\/09\/Placa-Metalex-Gravoply-portada-ok-scaled-a.jpg","width":2560,"height":2560},{"@type":"BreadcrumbList","@id":"https:\/\/uniformesludo.cl\/index.php\/producto\/placa-metalexglued-con-pegamento\/#breadcrumb","itemListElement":[{"@type":"ListItem","position":1,"name":"Portada","item":"https:\/\/uniformesludo.cl\/"},{"@type":"ListItem","position":2,"name":"Tienda","item":"https:\/\/uniformesludo.cl\/index.php\/tienda\/"},{"@type":"ListItem","position":3,"name":"Placa Metalexglued con pegamento"}]},{"@type":"WebSite","@id":"https:\/\/uniformesludo.cl\/#website","url":"https:\/\/uniformesludo.cl\/","name":"Uniformes Ludo","description":"Es una de las empresas comercializadoras de Ropa de trabajo, confecci\u00f3n, productos de protecci\u00f3n, prevenci\u00f3n y seguridad una de las m\u00e1s importantes de nuestro pa\u00eds, reconocida a nivel Nacional, con numerosos clientes a lo largo de Chile que avalan su compromiso de calidad. De igual forma, existe una permanente preocupaci\u00f3n por mantener un servicio integral de excelencia que permita identificarnos como \u201cel mejor equipo, la mejor empresa e inversi\u00f3n\u201d.","potentialAction":[{"@type":"SearchAction","target":{"@type":"EntryPoint","urlTemplate":"https:\/\/uniformesludo.cl\/?s={search_term_string}"},"query-input":{"@type":"PropertyValueSpecification","valueRequired":true,"valueName":"search_term_string"}}],"inLanguage":"es"}]}},"_links":{"self":[{"href":"https:\/\/uniformesludo.cl\/index.php\/wp-json\/wp\/v2\/product\/10019576","targetHints":{"allow":["GET"]}}],"collection":[{"href":"https:\/\/uniformesludo.cl\/index.php\/wp-json\/wp\/v2\/product"}],"about":[{"href":"https:\/\/uniformesludo.cl\/index.php\/wp-json\/wp\/v2\/types\/product"}],"replies":[{"embeddable":true,"href":"https:\/\/uniformesludo.cl\/index.php\/wp-json\/wp\/v2\/comments?post=10019576"}],"wp:featuredmedia":[{"embeddable":true,"href":"https:\/\/uniformesludo.cl\/index.php\/wp-json\/wp\/v2\/media\/10019667"}],"wp:attachment":[{"href":"https:\/\/uniformesludo.cl\/index.php\/wp-json\/wp\/v2\/media?parent=10019576"}],"wp:term":[{"taxonomy":"product_brand","embeddable":true,"href":"https:\/\/uniformesludo.cl\/index.php\/wp-json\/wp\/v2\/product_brand?post=10019576"},{"taxonomy":"product_cat","embeddable":true,"href":"https:\/\/uniformesludo.cl\/index.php\/wp-json\/wp\/v2\/product_cat?post=10019576"},{"taxonomy":"product_tag","embeddable":true,"href":"https:\/\/uniformesludo.cl\/index.php\/wp-json\/wp\/v2\/product_tag?post=10019576"}],"curies":[{"name":"wp","href":"https:\/\/api.w.org\/{rel}","templated":true}]}}