{"id":10019499,"date":"2024-09-04T16:43:51","date_gmt":"2024-09-04T16:43:51","guid":{"rendered":"https:\/\/uniformesludo.cl\/?post_type=product&#038;p=10019499"},"modified":"2024-09-05T17:15:56","modified_gmt":"2024-09-05T17:15:56","slug":"trofeo-padel-simple","status":"publish","type":"product","link":"https:\/\/uniformesludo.cl\/index.php\/producto\/trofeo-padel-simple\/","title":{"rendered":"Trofeo P\u00e1del Simple"},"content":{"rendered":"","protected":false},"excerpt":{"rendered":"<p><span style=\"color: #000080;\"><strong>TROFEO PADEL SIMPLE<\/strong><\/span><\/p>\n<p><em>Trofeo P\u00e1del contorno acr\u00edlico 8mm. + base pl\u00e1stica marmoleada.<\/em><\/p>\n<table style=\"height: 100px;\" border=\"1\" width=\"676\">\n<tbody>\n<tr>\n<td align=\"center\" valign=\"middle\">Tama\u00f1o<\/td>\n<td align=\"center\" valign=\"middle\">Dimensiones<\/td>\n<\/tr>\n<tr>\n<td align=\"center\" valign=\"middle\">A<\/td>\n<td align=\"center\" valign=\"middle\">25 cm. x 16.5 cm.<\/td>\n<\/tr>\n<tr>\n<td align=\"center\" valign=\"middle\">B<\/td>\n<td align=\"center\" valign=\"middle\">22 cm. x 14.5 cm.<\/td>\n<\/tr>\n<tr>\n<td align=\"center\" valign=\"middle\">C<\/td>\n<td align=\"center\" valign=\"middle\">20 cm. x 13 cm.<\/td>\n<\/tr>\n<\/tbody>\n<\/table>\n<p>&nbsp;<\/p>\n","protected":false},"featured_media":10019522,"comment_status":"closed","ping_status":"closed","template":"","meta":[],"product_brand":[],"product_cat":[576,629],"product_tag":[],"class_list":{"0":"post-10019499","1":"product","2":"type-product","3":"status-publish","4":"has-post-thumbnail","6":"product_cat-novedades","7":"product_cat-trofeos-acrilicos","9":"first","10":"instock","11":"shipping-taxable","12":"purchasable","13":"product-type-variable"},"aioseo_notices":[],"yoast_head":"<!-- This site is optimized with the Yoast SEO plugin v26.5 - https:\/\/yoast.com\/wordpress\/plugins\/seo\/ -->\n<title>Trofeo P\u00e1del Simple - Uniformes Ludo<\/title>\n<meta name=\"robots\" content=\"index, follow, max-snippet:-1, max-image-preview:large, max-video-preview:-1\" \/>\n<link rel=\"canonical\" href=\"https:\/\/uniformesludo.cl\/index.php\/producto\/trofeo-padel-simple\/\" \/>\n<meta property=\"og:locale\" content=\"es_ES\" \/>\n<meta property=\"og:type\" content=\"article\" \/>\n<meta property=\"og:title\" content=\"Trofeo P\u00e1del Simple - Uniformes Ludo\" \/>\n<meta property=\"og:description\" content=\"TROFEO PADEL SIMPLE  Trofeo P\u00e1del contorno acr\u00edlico 8mm. + base pl\u00e1stica marmoleada.    Tama\u00f1o Dimensiones   A 25 cm. x 16.5 cm.   B 22 cm. x 14.5 cm.   C 20 cm. x 13 cm.    &nbsp;\" \/>\n<meta property=\"og:url\" content=\"https:\/\/uniformesludo.cl\/index.php\/producto\/trofeo-padel-simple\/\" \/>\n<meta property=\"og:site_name\" content=\"Uniformes Ludo\" \/>\n<meta property=\"article:modified_time\" content=\"2024-09-05T17:15:56+00:00\" \/>\n<meta property=\"og:image\" content=\"https:\/\/uniformesludo.cl\/wp-content\/uploads\/2024\/09\/PADEL-SIMPLE.jpg\" \/>\n\t<meta property=\"og:image:width\" content=\"600\" \/>\n\t<meta property=\"og:image:height\" content=\"600\" \/>\n\t<meta property=\"og:image:type\" content=\"image\/jpeg\" \/>\n<meta name=\"twitter:card\" content=\"summary_large_image\" \/>\n<script type=\"application\/ld+json\" class=\"yoast-schema-graph\">{\"@context\":\"https:\/\/schema.org\",\"@graph\":[{\"@type\":\"WebPage\",\"@id\":\"https:\/\/uniformesludo.cl\/index.php\/producto\/trofeo-padel-simple\/\",\"url\":\"https:\/\/uniformesludo.cl\/index.php\/producto\/trofeo-padel-simple\/\",\"name\":\"Trofeo P\u00e1del Simple - Uniformes Ludo\",\"isPartOf\":{\"@id\":\"https:\/\/uniformesludo.cl\/#website\"},\"primaryImageOfPage\":{\"@id\":\"https:\/\/uniformesludo.cl\/index.php\/producto\/trofeo-padel-simple\/#primaryimage\"},\"image\":{\"@id\":\"https:\/\/uniformesludo.cl\/index.php\/producto\/trofeo-padel-simple\/#primaryimage\"},\"thumbnailUrl\":\"https:\/\/uniformesludo.cl\/wp-content\/uploads\/2024\/09\/PADEL-SIMPLE.jpg\",\"datePublished\":\"2024-09-04T16:43:51+00:00\",\"dateModified\":\"2024-09-05T17:15:56+00:00\",\"breadcrumb\":{\"@id\":\"https:\/\/uniformesludo.cl\/index.php\/producto\/trofeo-padel-simple\/#breadcrumb\"},\"inLanguage\":\"es\",\"potentialAction\":[{\"@type\":\"ReadAction\",\"target\":[\"https:\/\/uniformesludo.cl\/index.php\/producto\/trofeo-padel-simple\/\"]}]},{\"@type\":\"ImageObject\",\"inLanguage\":\"es\",\"@id\":\"https:\/\/uniformesludo.cl\/index.php\/producto\/trofeo-padel-simple\/#primaryimage\",\"url\":\"https:\/\/uniformesludo.cl\/wp-content\/uploads\/2024\/09\/PADEL-SIMPLE.jpg\",\"contentUrl\":\"https:\/\/uniformesludo.cl\/wp-content\/uploads\/2024\/09\/PADEL-SIMPLE.jpg\",\"width\":600,\"height\":600},{\"@type\":\"BreadcrumbList\",\"@id\":\"https:\/\/uniformesludo.cl\/index.php\/producto\/trofeo-padel-simple\/#breadcrumb\",\"itemListElement\":[{\"@type\":\"ListItem\",\"position\":1,\"name\":\"Portada\",\"item\":\"https:\/\/uniformesludo.cl\/\"},{\"@type\":\"ListItem\",\"position\":2,\"name\":\"Tienda\",\"item\":\"https:\/\/uniformesludo.cl\/index.php\/tienda\/\"},{\"@type\":\"ListItem\",\"position\":3,\"name\":\"Trofeo P\u00e1del Simple\"}]},{\"@type\":\"WebSite\",\"@id\":\"https:\/\/uniformesludo.cl\/#website\",\"url\":\"https:\/\/uniformesludo.cl\/\",\"name\":\"Uniformes Ludo\",\"description\":\"Es una de las empresas comercializadoras de Ropa de trabajo, confecci\u00f3n, productos de protecci\u00f3n, prevenci\u00f3n y seguridad una de las m\u00e1s importantes de nuestro pa\u00eds, reconocida a nivel Nacional, con numerosos clientes a lo largo de Chile que avalan su compromiso de calidad. De igual forma, existe una permanente preocupaci\u00f3n por mantener un servicio integral de excelencia que permita identificarnos como \u201cel mejor equipo, la mejor empresa e inversi\u00f3n\u201d.\",\"potentialAction\":[{\"@type\":\"SearchAction\",\"target\":{\"@type\":\"EntryPoint\",\"urlTemplate\":\"https:\/\/uniformesludo.cl\/?s={search_term_string}\"},\"query-input\":{\"@type\":\"PropertyValueSpecification\",\"valueRequired\":true,\"valueName\":\"search_term_string\"}}],\"inLanguage\":\"es\"}]}<\/script>\n<!-- \/ Yoast SEO plugin. -->","yoast_head_json":{"title":"Trofeo P\u00e1del Simple - Uniformes Ludo","robots":{"index":"index","follow":"follow","max-snippet":"max-snippet:-1","max-image-preview":"max-image-preview:large","max-video-preview":"max-video-preview:-1"},"canonical":"https:\/\/uniformesludo.cl\/index.php\/producto\/trofeo-padel-simple\/","og_locale":"es_ES","og_type":"article","og_title":"Trofeo P\u00e1del Simple - Uniformes Ludo","og_description":"TROFEO PADEL SIMPLE  Trofeo P\u00e1del contorno acr\u00edlico 8mm. + base pl\u00e1stica marmoleada.    Tama\u00f1o Dimensiones   A 25 cm. x 16.5 cm.   B 22 cm. x 14.5 cm.   C 20 cm. x 13 cm.    &nbsp;","og_url":"https:\/\/uniformesludo.cl\/index.php\/producto\/trofeo-padel-simple\/","og_site_name":"Uniformes Ludo","article_modified_time":"2024-09-05T17:15:56+00:00","og_image":[{"width":600,"height":600,"url":"https:\/\/uniformesludo.cl\/wp-content\/uploads\/2024\/09\/PADEL-SIMPLE.jpg","type":"image\/jpeg"}],"twitter_card":"summary_large_image","schema":{"@context":"https:\/\/schema.org","@graph":[{"@type":"WebPage","@id":"https:\/\/uniformesludo.cl\/index.php\/producto\/trofeo-padel-simple\/","url":"https:\/\/uniformesludo.cl\/index.php\/producto\/trofeo-padel-simple\/","name":"Trofeo P\u00e1del Simple - Uniformes Ludo","isPartOf":{"@id":"https:\/\/uniformesludo.cl\/#website"},"primaryImageOfPage":{"@id":"https:\/\/uniformesludo.cl\/index.php\/producto\/trofeo-padel-simple\/#primaryimage"},"image":{"@id":"https:\/\/uniformesludo.cl\/index.php\/producto\/trofeo-padel-simple\/#primaryimage"},"thumbnailUrl":"https:\/\/uniformesludo.cl\/wp-content\/uploads\/2024\/09\/PADEL-SIMPLE.jpg","datePublished":"2024-09-04T16:43:51+00:00","dateModified":"2024-09-05T17:15:56+00:00","breadcrumb":{"@id":"https:\/\/uniformesludo.cl\/index.php\/producto\/trofeo-padel-simple\/#breadcrumb"},"inLanguage":"es","potentialAction":[{"@type":"ReadAction","target":["https:\/\/uniformesludo.cl\/index.php\/producto\/trofeo-padel-simple\/"]}]},{"@type":"ImageObject","inLanguage":"es","@id":"https:\/\/uniformesludo.cl\/index.php\/producto\/trofeo-padel-simple\/#primaryimage","url":"https:\/\/uniformesludo.cl\/wp-content\/uploads\/2024\/09\/PADEL-SIMPLE.jpg","contentUrl":"https:\/\/uniformesludo.cl\/wp-content\/uploads\/2024\/09\/PADEL-SIMPLE.jpg","width":600,"height":600},{"@type":"BreadcrumbList","@id":"https:\/\/uniformesludo.cl\/index.php\/producto\/trofeo-padel-simple\/#breadcrumb","itemListElement":[{"@type":"ListItem","position":1,"name":"Portada","item":"https:\/\/uniformesludo.cl\/"},{"@type":"ListItem","position":2,"name":"Tienda","item":"https:\/\/uniformesludo.cl\/index.php\/tienda\/"},{"@type":"ListItem","position":3,"name":"Trofeo P\u00e1del Simple"}]},{"@type":"WebSite","@id":"https:\/\/uniformesludo.cl\/#website","url":"https:\/\/uniformesludo.cl\/","name":"Uniformes Ludo","description":"Es una de las empresas comercializadoras de Ropa de trabajo, confecci\u00f3n, productos de protecci\u00f3n, prevenci\u00f3n y seguridad una de las m\u00e1s importantes de nuestro pa\u00eds, reconocida a nivel Nacional, con numerosos clientes a lo largo de Chile que avalan su compromiso de calidad. De igual forma, existe una permanente preocupaci\u00f3n por mantener un servicio integral de excelencia que permita identificarnos como \u201cel mejor equipo, la mejor empresa e inversi\u00f3n\u201d.","potentialAction":[{"@type":"SearchAction","target":{"@type":"EntryPoint","urlTemplate":"https:\/\/uniformesludo.cl\/?s={search_term_string}"},"query-input":{"@type":"PropertyValueSpecification","valueRequired":true,"valueName":"search_term_string"}}],"inLanguage":"es"}]}},"_links":{"self":[{"href":"https:\/\/uniformesludo.cl\/index.php\/wp-json\/wp\/v2\/product\/10019499","targetHints":{"allow":["GET"]}}],"collection":[{"href":"https:\/\/uniformesludo.cl\/index.php\/wp-json\/wp\/v2\/product"}],"about":[{"href":"https:\/\/uniformesludo.cl\/index.php\/wp-json\/wp\/v2\/types\/product"}],"replies":[{"embeddable":true,"href":"https:\/\/uniformesludo.cl\/index.php\/wp-json\/wp\/v2\/comments?post=10019499"}],"wp:featuredmedia":[{"embeddable":true,"href":"https:\/\/uniformesludo.cl\/index.php\/wp-json\/wp\/v2\/media\/10019522"}],"wp:attachment":[{"href":"https:\/\/uniformesludo.cl\/index.php\/wp-json\/wp\/v2\/media?parent=10019499"}],"wp:term":[{"taxonomy":"product_brand","embeddable":true,"href":"https:\/\/uniformesludo.cl\/index.php\/wp-json\/wp\/v2\/product_brand?post=10019499"},{"taxonomy":"product_cat","embeddable":true,"href":"https:\/\/uniformesludo.cl\/index.php\/wp-json\/wp\/v2\/product_cat?post=10019499"},{"taxonomy":"product_tag","embeddable":true,"href":"https:\/\/uniformesludo.cl\/index.php\/wp-json\/wp\/v2\/product_tag?post=10019499"}],"curies":[{"name":"wp","href":"https:\/\/api.w.org\/{rel}","templated":true}]}}