{"id":10019374,"date":"2024-09-04T16:42:05","date_gmt":"2024-09-04T16:42:05","guid":{"rendered":"https:\/\/uniformesludo.cl\/?post_type=product&#038;p=10019374"},"modified":"2024-09-05T17:15:40","modified_gmt":"2024-09-05T17:15:40","slug":"galvano-cristal-con-base-de-madera-blas-52","status":"publish","type":"product","link":"https:\/\/uniformesludo.cl\/index.php\/producto\/galvano-cristal-con-base-de-madera-blas-52\/","title":{"rendered":"Galvano Cristal con Base de Madera BLAS 52"},"content":{"rendered":"","protected":false},"excerpt":{"rendered":"<p><span style=\"color: #000080;\"><strong>BLAS 52<\/strong><\/span><\/p>\n<p><em>Galvano de cristal y base de madera con un alto \u00edndice de refracci\u00f3n. Perfecto para grabado l\u00e1ser.<\/em><\/p>\n<p>Cristal de 15mm. de espesor con Base de Madera.<\/p>\n<p>Incluye estuche de presentaci\u00f3n azul con interior de pa\u00f1o de seda y protecci\u00f3n de aislapol.<\/p>\n<p><strong>BLAS52-20:\u00a0 \u00a0<\/strong>175 x 205 x 15 mm.\u00a0 Pak.10\u00a0 \u00a0 \u00a0591087610<\/p>\n<p><strong>BLAS52-22:\u00a0 \u00a0<\/strong>190 x 220 x 15 mm.\u00a0 Pak.10\u00a0 \u00a0 \u00a0591087611<\/p>\n<p><img loading=\"lazy\" decoding=\"async\" class=\"alignnone size-full wp-image-509\" src=\"http:\/\/imblasco.cl\/regalos\/wp-content\/uploads\/2019\/06\/laser.png\" alt=\"\" width=\"71\" height=\"71\" \/><\/p>\n","protected":false},"featured_media":10019420,"comment_status":"closed","ping_status":"closed","template":"","meta":[],"product_brand":[],"product_cat":[850,602,605,576,568],"product_tag":[],"class_list":{"0":"post-10019374","1":"product","2":"type-product","3":"status-publish","4":"has-post-thumbnail","6":"product_cat-cristales-2023","7":"product_cat-galvanos-de-cristal","8":"product_cat-galvanos-de-madera-y-varios","9":"product_cat-novedades","10":"product_cat-regalos-y-trofeos-premium","12":"first","13":"instock","14":"shipping-taxable","15":"purchasable","16":"product-type-variable"},"aioseo_notices":[],"yoast_head":"<!-- This site is optimized with the Yoast SEO plugin v26.5 - https:\/\/yoast.com\/wordpress\/plugins\/seo\/ -->\n<title>Galvano Cristal con Base de Madera BLAS 52 - Uniformes Ludo<\/title>\n<meta name=\"robots\" content=\"index, follow, max-snippet:-1, max-image-preview:large, max-video-preview:-1\" \/>\n<link rel=\"canonical\" href=\"https:\/\/uniformesludo.cl\/index.php\/producto\/galvano-cristal-con-base-de-madera-blas-52\/\" \/>\n<meta property=\"og:locale\" content=\"es_ES\" \/>\n<meta property=\"og:type\" content=\"article\" \/>\n<meta property=\"og:title\" content=\"Galvano Cristal con Base de Madera BLAS 52 - Uniformes Ludo\" \/>\n<meta property=\"og:description\" content=\"BLAS 52  Galvano de cristal y base de madera con un alto \u00edndice de refracci\u00f3n. Perfecto para grabado l\u00e1ser.  Cristal de 15mm. de espesor con Base de Madera.  Incluye estuche de presentaci\u00f3n azul con interior de pa\u00f1o de seda y protecci\u00f3n de aislapol.  BLAS52-20:\u00a0 \u00a0175 x 205 x 15 mm.\u00a0 Pak.10\u00a0 \u00a0 \u00a0591087610  BLAS52-22:\u00a0 \u00a0190 x 220 x 15 mm.\u00a0 Pak.10\u00a0 \u00a0 \u00a0591087611\" \/>\n<meta property=\"og:url\" content=\"https:\/\/uniformesludo.cl\/index.php\/producto\/galvano-cristal-con-base-de-madera-blas-52\/\" \/>\n<meta property=\"og:site_name\" content=\"Uniformes Ludo\" \/>\n<meta property=\"article:modified_time\" content=\"2024-09-05T17:15:40+00:00\" \/>\n<meta property=\"og:image\" content=\"https:\/\/uniformesludo.cl\/wp-content\/uploads\/2024\/09\/BLAS_52_-CAJA.jpg\" \/>\n\t<meta property=\"og:image:width\" content=\"500\" \/>\n\t<meta property=\"og:image:height\" content=\"500\" \/>\n\t<meta property=\"og:image:type\" content=\"image\/jpeg\" \/>\n<meta name=\"twitter:card\" content=\"summary_large_image\" \/>\n<script type=\"application\/ld+json\" class=\"yoast-schema-graph\">{\"@context\":\"https:\/\/schema.org\",\"@graph\":[{\"@type\":\"WebPage\",\"@id\":\"https:\/\/uniformesludo.cl\/index.php\/producto\/galvano-cristal-con-base-de-madera-blas-52\/\",\"url\":\"https:\/\/uniformesludo.cl\/index.php\/producto\/galvano-cristal-con-base-de-madera-blas-52\/\",\"name\":\"Galvano Cristal con Base de Madera BLAS 52 - Uniformes Ludo\",\"isPartOf\":{\"@id\":\"https:\/\/uniformesludo.cl\/#website\"},\"primaryImageOfPage\":{\"@id\":\"https:\/\/uniformesludo.cl\/index.php\/producto\/galvano-cristal-con-base-de-madera-blas-52\/#primaryimage\"},\"image\":{\"@id\":\"https:\/\/uniformesludo.cl\/index.php\/producto\/galvano-cristal-con-base-de-madera-blas-52\/#primaryimage\"},\"thumbnailUrl\":\"https:\/\/uniformesludo.cl\/wp-content\/uploads\/2024\/09\/BLAS_52_-CAJA.jpg\",\"datePublished\":\"2024-09-04T16:42:05+00:00\",\"dateModified\":\"2024-09-05T17:15:40+00:00\",\"breadcrumb\":{\"@id\":\"https:\/\/uniformesludo.cl\/index.php\/producto\/galvano-cristal-con-base-de-madera-blas-52\/#breadcrumb\"},\"inLanguage\":\"es\",\"potentialAction\":[{\"@type\":\"ReadAction\",\"target\":[\"https:\/\/uniformesludo.cl\/index.php\/producto\/galvano-cristal-con-base-de-madera-blas-52\/\"]}]},{\"@type\":\"ImageObject\",\"inLanguage\":\"es\",\"@id\":\"https:\/\/uniformesludo.cl\/index.php\/producto\/galvano-cristal-con-base-de-madera-blas-52\/#primaryimage\",\"url\":\"https:\/\/uniformesludo.cl\/wp-content\/uploads\/2024\/09\/BLAS_52_-CAJA.jpg\",\"contentUrl\":\"https:\/\/uniformesludo.cl\/wp-content\/uploads\/2024\/09\/BLAS_52_-CAJA.jpg\",\"width\":500,\"height\":500},{\"@type\":\"BreadcrumbList\",\"@id\":\"https:\/\/uniformesludo.cl\/index.php\/producto\/galvano-cristal-con-base-de-madera-blas-52\/#breadcrumb\",\"itemListElement\":[{\"@type\":\"ListItem\",\"position\":1,\"name\":\"Portada\",\"item\":\"https:\/\/uniformesludo.cl\/\"},{\"@type\":\"ListItem\",\"position\":2,\"name\":\"Tienda\",\"item\":\"https:\/\/uniformesludo.cl\/index.php\/tienda\/\"},{\"@type\":\"ListItem\",\"position\":3,\"name\":\"Galvano Cristal con Base de Madera BLAS 52\"}]},{\"@type\":\"WebSite\",\"@id\":\"https:\/\/uniformesludo.cl\/#website\",\"url\":\"https:\/\/uniformesludo.cl\/\",\"name\":\"Uniformes Ludo\",\"description\":\"Es una de las empresas comercializadoras de Ropa de trabajo, confecci\u00f3n, productos de protecci\u00f3n, prevenci\u00f3n y seguridad una de las m\u00e1s importantes de nuestro pa\u00eds, reconocida a nivel Nacional, con numerosos clientes a lo largo de Chile que avalan su compromiso de calidad. De igual forma, existe una permanente preocupaci\u00f3n por mantener un servicio integral de excelencia que permita identificarnos como \u201cel mejor equipo, la mejor empresa e inversi\u00f3n\u201d.\",\"potentialAction\":[{\"@type\":\"SearchAction\",\"target\":{\"@type\":\"EntryPoint\",\"urlTemplate\":\"https:\/\/uniformesludo.cl\/?s={search_term_string}\"},\"query-input\":{\"@type\":\"PropertyValueSpecification\",\"valueRequired\":true,\"valueName\":\"search_term_string\"}}],\"inLanguage\":\"es\"}]}<\/script>\n<!-- \/ Yoast SEO plugin. -->","yoast_head_json":{"title":"Galvano Cristal con Base de Madera BLAS 52 - Uniformes Ludo","robots":{"index":"index","follow":"follow","max-snippet":"max-snippet:-1","max-image-preview":"max-image-preview:large","max-video-preview":"max-video-preview:-1"},"canonical":"https:\/\/uniformesludo.cl\/index.php\/producto\/galvano-cristal-con-base-de-madera-blas-52\/","og_locale":"es_ES","og_type":"article","og_title":"Galvano Cristal con Base de Madera BLAS 52 - Uniformes Ludo","og_description":"BLAS 52  Galvano de cristal y base de madera con un alto \u00edndice de refracci\u00f3n. Perfecto para grabado l\u00e1ser.  Cristal de 15mm. de espesor con Base de Madera.  Incluye estuche de presentaci\u00f3n azul con interior de pa\u00f1o de seda y protecci\u00f3n de aislapol.  BLAS52-20:\u00a0 \u00a0175 x 205 x 15 mm.\u00a0 Pak.10\u00a0 \u00a0 \u00a0591087610  BLAS52-22:\u00a0 \u00a0190 x 220 x 15 mm.\u00a0 Pak.10\u00a0 \u00a0 \u00a0591087611","og_url":"https:\/\/uniformesludo.cl\/index.php\/producto\/galvano-cristal-con-base-de-madera-blas-52\/","og_site_name":"Uniformes Ludo","article_modified_time":"2024-09-05T17:15:40+00:00","og_image":[{"width":500,"height":500,"url":"https:\/\/uniformesludo.cl\/wp-content\/uploads\/2024\/09\/BLAS_52_-CAJA.jpg","type":"image\/jpeg"}],"twitter_card":"summary_large_image","schema":{"@context":"https:\/\/schema.org","@graph":[{"@type":"WebPage","@id":"https:\/\/uniformesludo.cl\/index.php\/producto\/galvano-cristal-con-base-de-madera-blas-52\/","url":"https:\/\/uniformesludo.cl\/index.php\/producto\/galvano-cristal-con-base-de-madera-blas-52\/","name":"Galvano Cristal con Base de Madera BLAS 52 - Uniformes Ludo","isPartOf":{"@id":"https:\/\/uniformesludo.cl\/#website"},"primaryImageOfPage":{"@id":"https:\/\/uniformesludo.cl\/index.php\/producto\/galvano-cristal-con-base-de-madera-blas-52\/#primaryimage"},"image":{"@id":"https:\/\/uniformesludo.cl\/index.php\/producto\/galvano-cristal-con-base-de-madera-blas-52\/#primaryimage"},"thumbnailUrl":"https:\/\/uniformesludo.cl\/wp-content\/uploads\/2024\/09\/BLAS_52_-CAJA.jpg","datePublished":"2024-09-04T16:42:05+00:00","dateModified":"2024-09-05T17:15:40+00:00","breadcrumb":{"@id":"https:\/\/uniformesludo.cl\/index.php\/producto\/galvano-cristal-con-base-de-madera-blas-52\/#breadcrumb"},"inLanguage":"es","potentialAction":[{"@type":"ReadAction","target":["https:\/\/uniformesludo.cl\/index.php\/producto\/galvano-cristal-con-base-de-madera-blas-52\/"]}]},{"@type":"ImageObject","inLanguage":"es","@id":"https:\/\/uniformesludo.cl\/index.php\/producto\/galvano-cristal-con-base-de-madera-blas-52\/#primaryimage","url":"https:\/\/uniformesludo.cl\/wp-content\/uploads\/2024\/09\/BLAS_52_-CAJA.jpg","contentUrl":"https:\/\/uniformesludo.cl\/wp-content\/uploads\/2024\/09\/BLAS_52_-CAJA.jpg","width":500,"height":500},{"@type":"BreadcrumbList","@id":"https:\/\/uniformesludo.cl\/index.php\/producto\/galvano-cristal-con-base-de-madera-blas-52\/#breadcrumb","itemListElement":[{"@type":"ListItem","position":1,"name":"Portada","item":"https:\/\/uniformesludo.cl\/"},{"@type":"ListItem","position":2,"name":"Tienda","item":"https:\/\/uniformesludo.cl\/index.php\/tienda\/"},{"@type":"ListItem","position":3,"name":"Galvano Cristal con Base de Madera BLAS 52"}]},{"@type":"WebSite","@id":"https:\/\/uniformesludo.cl\/#website","url":"https:\/\/uniformesludo.cl\/","name":"Uniformes Ludo","description":"Es una de las empresas comercializadoras de Ropa de trabajo, confecci\u00f3n, productos de protecci\u00f3n, prevenci\u00f3n y seguridad una de las m\u00e1s importantes de nuestro pa\u00eds, reconocida a nivel Nacional, con numerosos clientes a lo largo de Chile que avalan su compromiso de calidad. De igual forma, existe una permanente preocupaci\u00f3n por mantener un servicio integral de excelencia que permita identificarnos como \u201cel mejor equipo, la mejor empresa e inversi\u00f3n\u201d.","potentialAction":[{"@type":"SearchAction","target":{"@type":"EntryPoint","urlTemplate":"https:\/\/uniformesludo.cl\/?s={search_term_string}"},"query-input":{"@type":"PropertyValueSpecification","valueRequired":true,"valueName":"search_term_string"}}],"inLanguage":"es"}]}},"_links":{"self":[{"href":"https:\/\/uniformesludo.cl\/index.php\/wp-json\/wp\/v2\/product\/10019374","targetHints":{"allow":["GET"]}}],"collection":[{"href":"https:\/\/uniformesludo.cl\/index.php\/wp-json\/wp\/v2\/product"}],"about":[{"href":"https:\/\/uniformesludo.cl\/index.php\/wp-json\/wp\/v2\/types\/product"}],"replies":[{"embeddable":true,"href":"https:\/\/uniformesludo.cl\/index.php\/wp-json\/wp\/v2\/comments?post=10019374"}],"wp:featuredmedia":[{"embeddable":true,"href":"https:\/\/uniformesludo.cl\/index.php\/wp-json\/wp\/v2\/media\/10019420"}],"wp:attachment":[{"href":"https:\/\/uniformesludo.cl\/index.php\/wp-json\/wp\/v2\/media?parent=10019374"}],"wp:term":[{"taxonomy":"product_brand","embeddable":true,"href":"https:\/\/uniformesludo.cl\/index.php\/wp-json\/wp\/v2\/product_brand?post=10019374"},{"taxonomy":"product_cat","embeddable":true,"href":"https:\/\/uniformesludo.cl\/index.php\/wp-json\/wp\/v2\/product_cat?post=10019374"},{"taxonomy":"product_tag","embeddable":true,"href":"https:\/\/uniformesludo.cl\/index.php\/wp-json\/wp\/v2\/product_tag?post=10019374"}],"curies":[{"name":"wp","href":"https:\/\/api.w.org\/{rel}","templated":true}]}}