{"id":10019292,"date":"2024-09-04T16:40:14","date_gmt":"2024-09-04T16:40:14","guid":{"rendered":"https:\/\/uniformesludo.cl\/?post_type=product&#038;p=10019292"},"modified":"2024-09-04T16:42:01","modified_gmt":"2024-09-04T16:42:01","slug":"mochila-porta-notebook-multifuncional-e60","status":"publish","type":"product","link":"https:\/\/uniformesludo.cl\/index.php\/producto\/mochila-porta-notebook-multifuncional-e60\/","title":{"rendered":"Mochila Porta Notebook Multifuncional E60"},"content":{"rendered":"","protected":false},"excerpt":{"rendered":"<p><span style=\"color: #000080;\"><strong>E60<\/strong><\/span><\/p>\n<p><em>Mochila de tela Oxford con Poliester 600D porta notebook. Aplicaciones reflectantes. Capacidad de 40 litros. Presentaci\u00f3n en bolsa individual.\u00a0<\/em><\/p>\n<table style=\"height: 100px;\" border=\"1\" width=\"676\">\n<tbody>\n<tr>\n<td align=\"center\" valign=\"middle\">Tama\u00f1o<\/td>\n<td align=\"center\" valign=\"middle\">31 cms. x 47 cms. x 24 cms.<\/td>\n<\/tr>\n<tr>\n<td align=\"center\" valign=\"middle\">Material<\/td>\n<td align=\"center\" valign=\"middle\">Tela Oxford \/\u00a0 Poli\u00e9ster 600D<\/td>\n<\/tr>\n<tr>\n<td align=\"center\" valign=\"middle\">Capacidad<\/td>\n<td align=\"center\" valign=\"middle\">40 Litros<\/td>\n<\/tr>\n<tr>\n<td align=\"center\" valign=\"middle\">Packing<\/td>\n<td align=\"center\" valign=\"middle\">Caja de 45 unidades<\/td>\n<\/tr>\n<\/tbody>\n<\/table>\n<p>601052110<\/p>\n","protected":false},"featured_media":10019369,"comment_status":"closed","ping_status":"closed","template":"","meta":[],"product_brand":[],"product_cat":[504,556,576,577],"product_tag":[],"class_list":{"0":"post-10019292","1":"product","2":"type-product","3":"status-publish","4":"has-post-thumbnail","6":"product_cat-articulos-publicitarios","7":"product_cat-mochilas-bolsos-bananos-morrales","8":"product_cat-novedades","9":"product_cat-novedades-articulos-publicitarios","11":"first","12":"instock","13":"shipping-taxable","14":"product-type-simple"},"aioseo_notices":[],"yoast_head":"<!-- This site is optimized with the Yoast SEO plugin v26.5 - https:\/\/yoast.com\/wordpress\/plugins\/seo\/ -->\n<title>Mochila Porta Notebook Multifuncional E60 - Uniformes Ludo<\/title>\n<meta name=\"robots\" content=\"index, follow, max-snippet:-1, max-image-preview:large, max-video-preview:-1\" \/>\n<link rel=\"canonical\" href=\"https:\/\/uniformesludo.cl\/index.php\/producto\/mochila-porta-notebook-multifuncional-e60\/\" \/>\n<meta property=\"og:locale\" content=\"es_ES\" \/>\n<meta property=\"og:type\" content=\"article\" \/>\n<meta property=\"og:title\" content=\"Mochila Porta Notebook Multifuncional E60 - Uniformes Ludo\" \/>\n<meta property=\"og:description\" content=\"E60  Mochila de tela Oxford con Poliester 600D porta notebook. Aplicaciones reflectantes. Capacidad de 40 litros. Presentaci\u00f3n en bolsa individual.\u00a0    Tama\u00f1o 31 cms. x 47 cms. x 24 cms.   Material Tela Oxford \/\u00a0 Poli\u00e9ster 600D   Capacidad 40 Litros   Packing Caja de 45 unidades    601052110\" \/>\n<meta property=\"og:url\" content=\"https:\/\/uniformesludo.cl\/index.php\/producto\/mochila-porta-notebook-multifuncional-e60\/\" \/>\n<meta property=\"og:site_name\" content=\"Uniformes Ludo\" \/>\n<meta property=\"article:modified_time\" content=\"2024-09-04T16:42:01+00:00\" \/>\n<meta property=\"og:image\" content=\"https:\/\/uniformesludo.cl\/wp-content\/uploads\/2024\/09\/E60-1-scaled-1.jpg\" \/>\n\t<meta property=\"og:image:width\" content=\"2560\" \/>\n\t<meta property=\"og:image:height\" content=\"2560\" \/>\n\t<meta property=\"og:image:type\" content=\"image\/jpeg\" \/>\n<meta name=\"twitter:card\" content=\"summary_large_image\" \/>\n<script type=\"application\/ld+json\" class=\"yoast-schema-graph\">{\"@context\":\"https:\/\/schema.org\",\"@graph\":[{\"@type\":\"WebPage\",\"@id\":\"https:\/\/uniformesludo.cl\/index.php\/producto\/mochila-porta-notebook-multifuncional-e60\/\",\"url\":\"https:\/\/uniformesludo.cl\/index.php\/producto\/mochila-porta-notebook-multifuncional-e60\/\",\"name\":\"Mochila Porta Notebook Multifuncional E60 - Uniformes Ludo\",\"isPartOf\":{\"@id\":\"https:\/\/uniformesludo.cl\/#website\"},\"primaryImageOfPage\":{\"@id\":\"https:\/\/uniformesludo.cl\/index.php\/producto\/mochila-porta-notebook-multifuncional-e60\/#primaryimage\"},\"image\":{\"@id\":\"https:\/\/uniformesludo.cl\/index.php\/producto\/mochila-porta-notebook-multifuncional-e60\/#primaryimage\"},\"thumbnailUrl\":\"https:\/\/uniformesludo.cl\/wp-content\/uploads\/2024\/09\/E60-1-scaled-1.jpg\",\"datePublished\":\"2024-09-04T16:40:14+00:00\",\"dateModified\":\"2024-09-04T16:42:01+00:00\",\"breadcrumb\":{\"@id\":\"https:\/\/uniformesludo.cl\/index.php\/producto\/mochila-porta-notebook-multifuncional-e60\/#breadcrumb\"},\"inLanguage\":\"es\",\"potentialAction\":[{\"@type\":\"ReadAction\",\"target\":[\"https:\/\/uniformesludo.cl\/index.php\/producto\/mochila-porta-notebook-multifuncional-e60\/\"]}]},{\"@type\":\"ImageObject\",\"inLanguage\":\"es\",\"@id\":\"https:\/\/uniformesludo.cl\/index.php\/producto\/mochila-porta-notebook-multifuncional-e60\/#primaryimage\",\"url\":\"https:\/\/uniformesludo.cl\/wp-content\/uploads\/2024\/09\/E60-1-scaled-1.jpg\",\"contentUrl\":\"https:\/\/uniformesludo.cl\/wp-content\/uploads\/2024\/09\/E60-1-scaled-1.jpg\",\"width\":2560,\"height\":2560},{\"@type\":\"BreadcrumbList\",\"@id\":\"https:\/\/uniformesludo.cl\/index.php\/producto\/mochila-porta-notebook-multifuncional-e60\/#breadcrumb\",\"itemListElement\":[{\"@type\":\"ListItem\",\"position\":1,\"name\":\"Portada\",\"item\":\"https:\/\/uniformesludo.cl\/\"},{\"@type\":\"ListItem\",\"position\":2,\"name\":\"Tienda\",\"item\":\"https:\/\/uniformesludo.cl\/index.php\/tienda\/\"},{\"@type\":\"ListItem\",\"position\":3,\"name\":\"Mochila Porta Notebook Multifuncional E60\"}]},{\"@type\":\"WebSite\",\"@id\":\"https:\/\/uniformesludo.cl\/#website\",\"url\":\"https:\/\/uniformesludo.cl\/\",\"name\":\"Uniformes Ludo\",\"description\":\"Es una de las empresas comercializadoras de Ropa de trabajo, confecci\u00f3n, productos de protecci\u00f3n, prevenci\u00f3n y seguridad una de las m\u00e1s importantes de nuestro pa\u00eds, reconocida a nivel Nacional, con numerosos clientes a lo largo de Chile que avalan su compromiso de calidad. De igual forma, existe una permanente preocupaci\u00f3n por mantener un servicio integral de excelencia que permita identificarnos como \u201cel mejor equipo, la mejor empresa e inversi\u00f3n\u201d.\",\"potentialAction\":[{\"@type\":\"SearchAction\",\"target\":{\"@type\":\"EntryPoint\",\"urlTemplate\":\"https:\/\/uniformesludo.cl\/?s={search_term_string}\"},\"query-input\":{\"@type\":\"PropertyValueSpecification\",\"valueRequired\":true,\"valueName\":\"search_term_string\"}}],\"inLanguage\":\"es\"}]}<\/script>\n<!-- \/ Yoast SEO plugin. -->","yoast_head_json":{"title":"Mochila Porta Notebook Multifuncional E60 - Uniformes Ludo","robots":{"index":"index","follow":"follow","max-snippet":"max-snippet:-1","max-image-preview":"max-image-preview:large","max-video-preview":"max-video-preview:-1"},"canonical":"https:\/\/uniformesludo.cl\/index.php\/producto\/mochila-porta-notebook-multifuncional-e60\/","og_locale":"es_ES","og_type":"article","og_title":"Mochila Porta Notebook Multifuncional E60 - Uniformes Ludo","og_description":"E60  Mochila de tela Oxford con Poliester 600D porta notebook. Aplicaciones reflectantes. Capacidad de 40 litros. Presentaci\u00f3n en bolsa individual.\u00a0    Tama\u00f1o 31 cms. x 47 cms. x 24 cms.   Material Tela Oxford \/\u00a0 Poli\u00e9ster 600D   Capacidad 40 Litros   Packing Caja de 45 unidades    601052110","og_url":"https:\/\/uniformesludo.cl\/index.php\/producto\/mochila-porta-notebook-multifuncional-e60\/","og_site_name":"Uniformes Ludo","article_modified_time":"2024-09-04T16:42:01+00:00","og_image":[{"width":2560,"height":2560,"url":"https:\/\/uniformesludo.cl\/wp-content\/uploads\/2024\/09\/E60-1-scaled-1.jpg","type":"image\/jpeg"}],"twitter_card":"summary_large_image","schema":{"@context":"https:\/\/schema.org","@graph":[{"@type":"WebPage","@id":"https:\/\/uniformesludo.cl\/index.php\/producto\/mochila-porta-notebook-multifuncional-e60\/","url":"https:\/\/uniformesludo.cl\/index.php\/producto\/mochila-porta-notebook-multifuncional-e60\/","name":"Mochila Porta Notebook Multifuncional E60 - Uniformes Ludo","isPartOf":{"@id":"https:\/\/uniformesludo.cl\/#website"},"primaryImageOfPage":{"@id":"https:\/\/uniformesludo.cl\/index.php\/producto\/mochila-porta-notebook-multifuncional-e60\/#primaryimage"},"image":{"@id":"https:\/\/uniformesludo.cl\/index.php\/producto\/mochila-porta-notebook-multifuncional-e60\/#primaryimage"},"thumbnailUrl":"https:\/\/uniformesludo.cl\/wp-content\/uploads\/2024\/09\/E60-1-scaled-1.jpg","datePublished":"2024-09-04T16:40:14+00:00","dateModified":"2024-09-04T16:42:01+00:00","breadcrumb":{"@id":"https:\/\/uniformesludo.cl\/index.php\/producto\/mochila-porta-notebook-multifuncional-e60\/#breadcrumb"},"inLanguage":"es","potentialAction":[{"@type":"ReadAction","target":["https:\/\/uniformesludo.cl\/index.php\/producto\/mochila-porta-notebook-multifuncional-e60\/"]}]},{"@type":"ImageObject","inLanguage":"es","@id":"https:\/\/uniformesludo.cl\/index.php\/producto\/mochila-porta-notebook-multifuncional-e60\/#primaryimage","url":"https:\/\/uniformesludo.cl\/wp-content\/uploads\/2024\/09\/E60-1-scaled-1.jpg","contentUrl":"https:\/\/uniformesludo.cl\/wp-content\/uploads\/2024\/09\/E60-1-scaled-1.jpg","width":2560,"height":2560},{"@type":"BreadcrumbList","@id":"https:\/\/uniformesludo.cl\/index.php\/producto\/mochila-porta-notebook-multifuncional-e60\/#breadcrumb","itemListElement":[{"@type":"ListItem","position":1,"name":"Portada","item":"https:\/\/uniformesludo.cl\/"},{"@type":"ListItem","position":2,"name":"Tienda","item":"https:\/\/uniformesludo.cl\/index.php\/tienda\/"},{"@type":"ListItem","position":3,"name":"Mochila Porta Notebook Multifuncional E60"}]},{"@type":"WebSite","@id":"https:\/\/uniformesludo.cl\/#website","url":"https:\/\/uniformesludo.cl\/","name":"Uniformes Ludo","description":"Es una de las empresas comercializadoras de Ropa de trabajo, confecci\u00f3n, productos de protecci\u00f3n, prevenci\u00f3n y seguridad una de las m\u00e1s importantes de nuestro pa\u00eds, reconocida a nivel Nacional, con numerosos clientes a lo largo de Chile que avalan su compromiso de calidad. De igual forma, existe una permanente preocupaci\u00f3n por mantener un servicio integral de excelencia que permita identificarnos como \u201cel mejor equipo, la mejor empresa e inversi\u00f3n\u201d.","potentialAction":[{"@type":"SearchAction","target":{"@type":"EntryPoint","urlTemplate":"https:\/\/uniformesludo.cl\/?s={search_term_string}"},"query-input":{"@type":"PropertyValueSpecification","valueRequired":true,"valueName":"search_term_string"}}],"inLanguage":"es"}]}},"_links":{"self":[{"href":"https:\/\/uniformesludo.cl\/index.php\/wp-json\/wp\/v2\/product\/10019292","targetHints":{"allow":["GET"]}}],"collection":[{"href":"https:\/\/uniformesludo.cl\/index.php\/wp-json\/wp\/v2\/product"}],"about":[{"href":"https:\/\/uniformesludo.cl\/index.php\/wp-json\/wp\/v2\/types\/product"}],"replies":[{"embeddable":true,"href":"https:\/\/uniformesludo.cl\/index.php\/wp-json\/wp\/v2\/comments?post=10019292"}],"wp:featuredmedia":[{"embeddable":true,"href":"https:\/\/uniformesludo.cl\/index.php\/wp-json\/wp\/v2\/media\/10019369"}],"wp:attachment":[{"href":"https:\/\/uniformesludo.cl\/index.php\/wp-json\/wp\/v2\/media?parent=10019292"}],"wp:term":[{"taxonomy":"product_brand","embeddable":true,"href":"https:\/\/uniformesludo.cl\/index.php\/wp-json\/wp\/v2\/product_brand?post=10019292"},{"taxonomy":"product_cat","embeddable":true,"href":"https:\/\/uniformesludo.cl\/index.php\/wp-json\/wp\/v2\/product_cat?post=10019292"},{"taxonomy":"product_tag","embeddable":true,"href":"https:\/\/uniformesludo.cl\/index.php\/wp-json\/wp\/v2\/product_tag?post=10019292"}],"curies":[{"name":"wp","href":"https:\/\/api.w.org\/{rel}","templated":true}]}}