{"id":10019283,"date":"2024-09-04T16:40:12","date_gmt":"2024-09-04T16:40:12","guid":{"rendered":"https:\/\/uniformesludo.cl\/?post_type=product&#038;p=10019283"},"modified":"2024-09-05T17:15:45","modified_gmt":"2024-09-05T17:15:45","slug":"almohadilla-de-repuesto","status":"publish","type":"product","link":"https:\/\/uniformesludo.cl\/index.php\/producto\/almohadilla-de-repuesto\/","title":{"rendered":"Almohadilla de repuesto"},"content":{"rendered":"","protected":false},"excerpt":{"rendered":"<p><span style=\"color: #000080;\"><strong>ALMOHADILLAS REPUESTO<\/strong><\/span><\/p>\n<p><em>Almohadillas intercambiables para repuesto de tampones para timbres.<\/em><\/p>\n<p>Caja de 10 unidades.<\/p>\n<ul>\n<li><strong>XL10<\/strong>\u00a0 \u00a0 \u00a0 \u00a0 \u00a0 701023000<\/li>\n<li><strong>XL20<\/strong>\u00a0 \u00a0 \u00a0 \u00a0 \u00a0 701023001<\/li>\n<li><strong>XL30\u00a0<\/strong> \u00a0 \u00a0 \u00a0 \u00a0 701023002<\/li>\n<li><strong>XL40<\/strong>\u00a0 \u00a0 \u00a0 \u00a0 \u00a0 701023003<\/li>\n<li><strong>XL50<\/strong>\u00a0 \u00a0 \u00a0 \u00a0 \u00a0 701023004<\/li>\n<li><strong>XL60<\/strong>\u00a0 \u00a0 \u00a0 \u00a0 \u00a0 701023005<\/li>\n<li><strong>XL601\u00a0<\/strong>\u00a0 \u00a0 \u00a0 \u00a0701023016<\/li>\n<li><strong>XL602<\/strong>\u00a0 \u00a0 \u00a0 \u00a0 701023017<\/li>\n<li><strong>XL702<\/strong>\u00a0 \u00a0 \u00a0 \u00a0 701023020<\/li>\n<li><strong>XL703<\/strong>\u00a0 \u00a0 \u00a0 \u00a0 701023021<\/li>\n<li><strong>XL705<\/strong>\u00a0 \u00a0 \u00a0 \u00a0 701023022<\/li>\n<li><strong>XL803<\/strong>\u00a0 \u00a0 \u00a0 \u00a0 701023030<\/li>\n<li><strong>XL804\u00a0<\/strong> \u00a0 \u00a0 \u00a0 701023031<\/li>\n<\/ul>\n","protected":false},"featured_media":10019339,"comment_status":"closed","ping_status":"closed","template":"","meta":[],"product_brand":[],"product_cat":[857,853],"product_tag":[],"class_list":{"0":"post-10019283","1":"product","2":"type-product","3":"status-publish","4":"has-post-thumbnail","6":"product_cat-accesorios-para-timbres","7":"product_cat-timbres-automaticos","9":"first","10":"instock","11":"shipping-taxable","12":"purchasable","13":"product-type-variable"},"aioseo_notices":[],"yoast_head":"<!-- This site is optimized with the Yoast SEO plugin v26.5 - https:\/\/yoast.com\/wordpress\/plugins\/seo\/ -->\n<title>Almohadilla de repuesto - Uniformes Ludo<\/title>\n<meta name=\"robots\" content=\"index, follow, max-snippet:-1, max-image-preview:large, max-video-preview:-1\" \/>\n<link rel=\"canonical\" href=\"https:\/\/uniformesludo.cl\/index.php\/producto\/almohadilla-de-repuesto\/\" \/>\n<meta property=\"og:locale\" content=\"es_ES\" \/>\n<meta property=\"og:type\" content=\"article\" \/>\n<meta property=\"og:title\" content=\"Almohadilla de repuesto - Uniformes Ludo\" \/>\n<meta property=\"og:description\" content=\"ALMOHADILLAS REPUESTO  Almohadillas intercambiables para repuesto de tampones para timbres.  Caja de 10 unidades.   XL10\u00a0 \u00a0 \u00a0 \u00a0 \u00a0 701023000  XL20\u00a0 \u00a0 \u00a0 \u00a0 \u00a0 701023001  XL30\u00a0 \u00a0 \u00a0 \u00a0 \u00a0 701023002  XL40\u00a0 \u00a0 \u00a0 \u00a0 \u00a0 701023003  XL50\u00a0 \u00a0 \u00a0 \u00a0 \u00a0 701023004  XL60\u00a0 \u00a0 \u00a0 \u00a0 \u00a0 701023005  XL601\u00a0\u00a0 \u00a0 \u00a0 \u00a0701023016  XL602\u00a0 \u00a0 \u00a0 \u00a0 701023017  XL702\u00a0 \u00a0 \u00a0 \u00a0 701023020  XL703\u00a0 \u00a0 \u00a0 \u00a0 701023021  XL705\u00a0 \u00a0 \u00a0 \u00a0 701023022  XL803\u00a0 \u00a0 \u00a0 \u00a0 701023030  XL804\u00a0 \u00a0 \u00a0 \u00a0 701023031\" \/>\n<meta property=\"og:url\" content=\"https:\/\/uniformesludo.cl\/index.php\/producto\/almohadilla-de-repuesto\/\" \/>\n<meta property=\"og:site_name\" content=\"Uniformes Ludo\" \/>\n<meta property=\"article:modified_time\" content=\"2024-09-05T17:15:45+00:00\" \/>\n<meta property=\"og:image\" content=\"https:\/\/uniformesludo.cl\/wp-content\/uploads\/2024\/09\/Almohadilla-de-repuesto.jpg\" \/>\n\t<meta property=\"og:image:width\" content=\"1500\" \/>\n\t<meta property=\"og:image:height\" content=\"1500\" \/>\n\t<meta property=\"og:image:type\" content=\"image\/jpeg\" \/>\n<meta name=\"twitter:card\" content=\"summary_large_image\" \/>\n<script type=\"application\/ld+json\" class=\"yoast-schema-graph\">{\"@context\":\"https:\/\/schema.org\",\"@graph\":[{\"@type\":\"WebPage\",\"@id\":\"https:\/\/uniformesludo.cl\/index.php\/producto\/almohadilla-de-repuesto\/\",\"url\":\"https:\/\/uniformesludo.cl\/index.php\/producto\/almohadilla-de-repuesto\/\",\"name\":\"Almohadilla de repuesto - Uniformes Ludo\",\"isPartOf\":{\"@id\":\"https:\/\/uniformesludo.cl\/#website\"},\"primaryImageOfPage\":{\"@id\":\"https:\/\/uniformesludo.cl\/index.php\/producto\/almohadilla-de-repuesto\/#primaryimage\"},\"image\":{\"@id\":\"https:\/\/uniformesludo.cl\/index.php\/producto\/almohadilla-de-repuesto\/#primaryimage\"},\"thumbnailUrl\":\"https:\/\/uniformesludo.cl\/wp-content\/uploads\/2024\/09\/Almohadilla-de-repuesto.jpg\",\"datePublished\":\"2024-09-04T16:40:12+00:00\",\"dateModified\":\"2024-09-05T17:15:45+00:00\",\"breadcrumb\":{\"@id\":\"https:\/\/uniformesludo.cl\/index.php\/producto\/almohadilla-de-repuesto\/#breadcrumb\"},\"inLanguage\":\"es\",\"potentialAction\":[{\"@type\":\"ReadAction\",\"target\":[\"https:\/\/uniformesludo.cl\/index.php\/producto\/almohadilla-de-repuesto\/\"]}]},{\"@type\":\"ImageObject\",\"inLanguage\":\"es\",\"@id\":\"https:\/\/uniformesludo.cl\/index.php\/producto\/almohadilla-de-repuesto\/#primaryimage\",\"url\":\"https:\/\/uniformesludo.cl\/wp-content\/uploads\/2024\/09\/Almohadilla-de-repuesto.jpg\",\"contentUrl\":\"https:\/\/uniformesludo.cl\/wp-content\/uploads\/2024\/09\/Almohadilla-de-repuesto.jpg\",\"width\":1500,\"height\":1500},{\"@type\":\"BreadcrumbList\",\"@id\":\"https:\/\/uniformesludo.cl\/index.php\/producto\/almohadilla-de-repuesto\/#breadcrumb\",\"itemListElement\":[{\"@type\":\"ListItem\",\"position\":1,\"name\":\"Portada\",\"item\":\"https:\/\/uniformesludo.cl\/\"},{\"@type\":\"ListItem\",\"position\":2,\"name\":\"Tienda\",\"item\":\"https:\/\/uniformesludo.cl\/index.php\/tienda\/\"},{\"@type\":\"ListItem\",\"position\":3,\"name\":\"Almohadilla de repuesto\"}]},{\"@type\":\"WebSite\",\"@id\":\"https:\/\/uniformesludo.cl\/#website\",\"url\":\"https:\/\/uniformesludo.cl\/\",\"name\":\"Uniformes Ludo\",\"description\":\"Es una de las empresas comercializadoras de Ropa de trabajo, confecci\u00f3n, productos de protecci\u00f3n, prevenci\u00f3n y seguridad una de las m\u00e1s importantes de nuestro pa\u00eds, reconocida a nivel Nacional, con numerosos clientes a lo largo de Chile que avalan su compromiso de calidad. De igual forma, existe una permanente preocupaci\u00f3n por mantener un servicio integral de excelencia que permita identificarnos como \u201cel mejor equipo, la mejor empresa e inversi\u00f3n\u201d.\",\"potentialAction\":[{\"@type\":\"SearchAction\",\"target\":{\"@type\":\"EntryPoint\",\"urlTemplate\":\"https:\/\/uniformesludo.cl\/?s={search_term_string}\"},\"query-input\":{\"@type\":\"PropertyValueSpecification\",\"valueRequired\":true,\"valueName\":\"search_term_string\"}}],\"inLanguage\":\"es\"}]}<\/script>\n<!-- \/ Yoast SEO plugin. -->","yoast_head_json":{"title":"Almohadilla de repuesto - Uniformes Ludo","robots":{"index":"index","follow":"follow","max-snippet":"max-snippet:-1","max-image-preview":"max-image-preview:large","max-video-preview":"max-video-preview:-1"},"canonical":"https:\/\/uniformesludo.cl\/index.php\/producto\/almohadilla-de-repuesto\/","og_locale":"es_ES","og_type":"article","og_title":"Almohadilla de repuesto - Uniformes Ludo","og_description":"ALMOHADILLAS REPUESTO  Almohadillas intercambiables para repuesto de tampones para timbres.  Caja de 10 unidades.   XL10\u00a0 \u00a0 \u00a0 \u00a0 \u00a0 701023000  XL20\u00a0 \u00a0 \u00a0 \u00a0 \u00a0 701023001  XL30\u00a0 \u00a0 \u00a0 \u00a0 \u00a0 701023002  XL40\u00a0 \u00a0 \u00a0 \u00a0 \u00a0 701023003  XL50\u00a0 \u00a0 \u00a0 \u00a0 \u00a0 701023004  XL60\u00a0 \u00a0 \u00a0 \u00a0 \u00a0 701023005  XL601\u00a0\u00a0 \u00a0 \u00a0 \u00a0701023016  XL602\u00a0 \u00a0 \u00a0 \u00a0 701023017  XL702\u00a0 \u00a0 \u00a0 \u00a0 701023020  XL703\u00a0 \u00a0 \u00a0 \u00a0 701023021  XL705\u00a0 \u00a0 \u00a0 \u00a0 701023022  XL803\u00a0 \u00a0 \u00a0 \u00a0 701023030  XL804\u00a0 \u00a0 \u00a0 \u00a0 701023031","og_url":"https:\/\/uniformesludo.cl\/index.php\/producto\/almohadilla-de-repuesto\/","og_site_name":"Uniformes Ludo","article_modified_time":"2024-09-05T17:15:45+00:00","og_image":[{"width":1500,"height":1500,"url":"https:\/\/uniformesludo.cl\/wp-content\/uploads\/2024\/09\/Almohadilla-de-repuesto.jpg","type":"image\/jpeg"}],"twitter_card":"summary_large_image","schema":{"@context":"https:\/\/schema.org","@graph":[{"@type":"WebPage","@id":"https:\/\/uniformesludo.cl\/index.php\/producto\/almohadilla-de-repuesto\/","url":"https:\/\/uniformesludo.cl\/index.php\/producto\/almohadilla-de-repuesto\/","name":"Almohadilla de repuesto - Uniformes Ludo","isPartOf":{"@id":"https:\/\/uniformesludo.cl\/#website"},"primaryImageOfPage":{"@id":"https:\/\/uniformesludo.cl\/index.php\/producto\/almohadilla-de-repuesto\/#primaryimage"},"image":{"@id":"https:\/\/uniformesludo.cl\/index.php\/producto\/almohadilla-de-repuesto\/#primaryimage"},"thumbnailUrl":"https:\/\/uniformesludo.cl\/wp-content\/uploads\/2024\/09\/Almohadilla-de-repuesto.jpg","datePublished":"2024-09-04T16:40:12+00:00","dateModified":"2024-09-05T17:15:45+00:00","breadcrumb":{"@id":"https:\/\/uniformesludo.cl\/index.php\/producto\/almohadilla-de-repuesto\/#breadcrumb"},"inLanguage":"es","potentialAction":[{"@type":"ReadAction","target":["https:\/\/uniformesludo.cl\/index.php\/producto\/almohadilla-de-repuesto\/"]}]},{"@type":"ImageObject","inLanguage":"es","@id":"https:\/\/uniformesludo.cl\/index.php\/producto\/almohadilla-de-repuesto\/#primaryimage","url":"https:\/\/uniformesludo.cl\/wp-content\/uploads\/2024\/09\/Almohadilla-de-repuesto.jpg","contentUrl":"https:\/\/uniformesludo.cl\/wp-content\/uploads\/2024\/09\/Almohadilla-de-repuesto.jpg","width":1500,"height":1500},{"@type":"BreadcrumbList","@id":"https:\/\/uniformesludo.cl\/index.php\/producto\/almohadilla-de-repuesto\/#breadcrumb","itemListElement":[{"@type":"ListItem","position":1,"name":"Portada","item":"https:\/\/uniformesludo.cl\/"},{"@type":"ListItem","position":2,"name":"Tienda","item":"https:\/\/uniformesludo.cl\/index.php\/tienda\/"},{"@type":"ListItem","position":3,"name":"Almohadilla de repuesto"}]},{"@type":"WebSite","@id":"https:\/\/uniformesludo.cl\/#website","url":"https:\/\/uniformesludo.cl\/","name":"Uniformes Ludo","description":"Es una de las empresas comercializadoras de Ropa de trabajo, confecci\u00f3n, productos de protecci\u00f3n, prevenci\u00f3n y seguridad una de las m\u00e1s importantes de nuestro pa\u00eds, reconocida a nivel Nacional, con numerosos clientes a lo largo de Chile que avalan su compromiso de calidad. De igual forma, existe una permanente preocupaci\u00f3n por mantener un servicio integral de excelencia que permita identificarnos como \u201cel mejor equipo, la mejor empresa e inversi\u00f3n\u201d.","potentialAction":[{"@type":"SearchAction","target":{"@type":"EntryPoint","urlTemplate":"https:\/\/uniformesludo.cl\/?s={search_term_string}"},"query-input":{"@type":"PropertyValueSpecification","valueRequired":true,"valueName":"search_term_string"}}],"inLanguage":"es"}]}},"_links":{"self":[{"href":"https:\/\/uniformesludo.cl\/index.php\/wp-json\/wp\/v2\/product\/10019283","targetHints":{"allow":["GET"]}}],"collection":[{"href":"https:\/\/uniformesludo.cl\/index.php\/wp-json\/wp\/v2\/product"}],"about":[{"href":"https:\/\/uniformesludo.cl\/index.php\/wp-json\/wp\/v2\/types\/product"}],"replies":[{"embeddable":true,"href":"https:\/\/uniformesludo.cl\/index.php\/wp-json\/wp\/v2\/comments?post=10019283"}],"wp:featuredmedia":[{"embeddable":true,"href":"https:\/\/uniformesludo.cl\/index.php\/wp-json\/wp\/v2\/media\/10019339"}],"wp:attachment":[{"href":"https:\/\/uniformesludo.cl\/index.php\/wp-json\/wp\/v2\/media?parent=10019283"}],"wp:term":[{"taxonomy":"product_brand","embeddable":true,"href":"https:\/\/uniformesludo.cl\/index.php\/wp-json\/wp\/v2\/product_brand?post=10019283"},{"taxonomy":"product_cat","embeddable":true,"href":"https:\/\/uniformesludo.cl\/index.php\/wp-json\/wp\/v2\/product_cat?post=10019283"},{"taxonomy":"product_tag","embeddable":true,"href":"https:\/\/uniformesludo.cl\/index.php\/wp-json\/wp\/v2\/product_tag?post=10019283"}],"curies":[{"name":"wp","href":"https:\/\/api.w.org\/{rel}","templated":true}]}}