{"id":10019280,"date":"2024-09-04T16:40:12","date_gmt":"2024-09-04T16:40:12","guid":{"rendered":"https:\/\/uniformesludo.cl\/?post_type=product&#038;p=10019280"},"modified":"2024-09-05T17:15:45","modified_gmt":"2024-09-05T17:15:45","slug":"tampon-almohadilla-recargable-mediano-236-1","status":"publish","type":"product","link":"https:\/\/uniformesludo.cl\/index.php\/producto\/tampon-almohadilla-recargable-mediano-236-1\/","title":{"rendered":"Tamp\u00f3n Almohadilla Recargable Mediano 236-1"},"content":{"rendered":"","protected":false},"excerpt":{"rendered":"<p><span style=\"color: #000080;\"><strong>236-1<\/strong><\/span><\/p>\n<p><em>Almohadilla tamp\u00f3n recargable para timbres medianos\/grandes. \u00datil para impresi\u00f3n de bolsas u otros art\u00edculos con gran \u00e1rea de impresi\u00f3n.<\/em><\/p>\n<p>Tama\u00f1o Timbre: 160 x 106 x 17 mm.<\/p>\n<p>Tama\u00f1o Almohadilla: 143 x 86 mm.<\/p>\n<p>Cajas de 12 unidades por color.<\/p>\n","protected":false},"featured_media":10019330,"comment_status":"closed","ping_status":"closed","template":"","meta":[],"product_brand":[],"product_cat":[857,853],"product_tag":[],"class_list":{"0":"post-10019280","1":"product","2":"type-product","3":"status-publish","4":"has-post-thumbnail","6":"product_cat-accesorios-para-timbres","7":"product_cat-timbres-automaticos","9":"first","10":"instock","11":"shipping-taxable","12":"purchasable","13":"product-type-variable"},"aioseo_notices":[],"yoast_head":"<!-- This site is optimized with the Yoast SEO plugin v26.5 - https:\/\/yoast.com\/wordpress\/plugins\/seo\/ -->\n<title>Tamp\u00f3n Almohadilla Recargable Mediano 236-1 - Uniformes Ludo<\/title>\n<meta name=\"robots\" content=\"index, follow, max-snippet:-1, max-image-preview:large, max-video-preview:-1\" \/>\n<link rel=\"canonical\" href=\"https:\/\/uniformesludo.cl\/index.php\/producto\/tampon-almohadilla-recargable-mediano-236-1\/\" \/>\n<meta property=\"og:locale\" content=\"es_ES\" \/>\n<meta property=\"og:type\" content=\"article\" \/>\n<meta property=\"og:title\" content=\"Tamp\u00f3n Almohadilla Recargable Mediano 236-1 - Uniformes Ludo\" \/>\n<meta property=\"og:description\" content=\"236-1  Almohadilla tamp\u00f3n recargable para timbres medianos\/grandes. \u00datil para impresi\u00f3n de bolsas u otros art\u00edculos con gran \u00e1rea de impresi\u00f3n.  Tama\u00f1o Timbre: 160 x 106 x 17 mm.  Tama\u00f1o Almohadilla: 143 x 86 mm.  Cajas de 12 unidades por color.\" \/>\n<meta property=\"og:url\" content=\"https:\/\/uniformesludo.cl\/index.php\/producto\/tampon-almohadilla-recargable-mediano-236-1\/\" \/>\n<meta property=\"og:site_name\" content=\"Uniformes Ludo\" \/>\n<meta property=\"article:modified_time\" content=\"2024-09-05T17:15:45+00:00\" \/>\n<meta property=\"og:image\" content=\"https:\/\/uniformesludo.cl\/wp-content\/uploads\/2024\/09\/almohadilla-236-1-C.jpg\" \/>\n\t<meta property=\"og:image:width\" content=\"600\" \/>\n\t<meta property=\"og:image:height\" content=\"600\" \/>\n\t<meta property=\"og:image:type\" content=\"image\/jpeg\" \/>\n<meta name=\"twitter:card\" content=\"summary_large_image\" \/>\n<script type=\"application\/ld+json\" class=\"yoast-schema-graph\">{\"@context\":\"https:\/\/schema.org\",\"@graph\":[{\"@type\":\"WebPage\",\"@id\":\"https:\/\/uniformesludo.cl\/index.php\/producto\/tampon-almohadilla-recargable-mediano-236-1\/\",\"url\":\"https:\/\/uniformesludo.cl\/index.php\/producto\/tampon-almohadilla-recargable-mediano-236-1\/\",\"name\":\"Tamp\u00f3n Almohadilla Recargable Mediano 236-1 - Uniformes Ludo\",\"isPartOf\":{\"@id\":\"https:\/\/uniformesludo.cl\/#website\"},\"primaryImageOfPage\":{\"@id\":\"https:\/\/uniformesludo.cl\/index.php\/producto\/tampon-almohadilla-recargable-mediano-236-1\/#primaryimage\"},\"image\":{\"@id\":\"https:\/\/uniformesludo.cl\/index.php\/producto\/tampon-almohadilla-recargable-mediano-236-1\/#primaryimage\"},\"thumbnailUrl\":\"https:\/\/uniformesludo.cl\/wp-content\/uploads\/2024\/09\/almohadilla-236-1-C.jpg\",\"datePublished\":\"2024-09-04T16:40:12+00:00\",\"dateModified\":\"2024-09-05T17:15:45+00:00\",\"breadcrumb\":{\"@id\":\"https:\/\/uniformesludo.cl\/index.php\/producto\/tampon-almohadilla-recargable-mediano-236-1\/#breadcrumb\"},\"inLanguage\":\"es\",\"potentialAction\":[{\"@type\":\"ReadAction\",\"target\":[\"https:\/\/uniformesludo.cl\/index.php\/producto\/tampon-almohadilla-recargable-mediano-236-1\/\"]}]},{\"@type\":\"ImageObject\",\"inLanguage\":\"es\",\"@id\":\"https:\/\/uniformesludo.cl\/index.php\/producto\/tampon-almohadilla-recargable-mediano-236-1\/#primaryimage\",\"url\":\"https:\/\/uniformesludo.cl\/wp-content\/uploads\/2024\/09\/almohadilla-236-1-C.jpg\",\"contentUrl\":\"https:\/\/uniformesludo.cl\/wp-content\/uploads\/2024\/09\/almohadilla-236-1-C.jpg\",\"width\":600,\"height\":600},{\"@type\":\"BreadcrumbList\",\"@id\":\"https:\/\/uniformesludo.cl\/index.php\/producto\/tampon-almohadilla-recargable-mediano-236-1\/#breadcrumb\",\"itemListElement\":[{\"@type\":\"ListItem\",\"position\":1,\"name\":\"Portada\",\"item\":\"https:\/\/uniformesludo.cl\/\"},{\"@type\":\"ListItem\",\"position\":2,\"name\":\"Tienda\",\"item\":\"https:\/\/uniformesludo.cl\/index.php\/tienda\/\"},{\"@type\":\"ListItem\",\"position\":3,\"name\":\"Tamp\u00f3n Almohadilla Recargable Mediano 236-1\"}]},{\"@type\":\"WebSite\",\"@id\":\"https:\/\/uniformesludo.cl\/#website\",\"url\":\"https:\/\/uniformesludo.cl\/\",\"name\":\"Uniformes Ludo\",\"description\":\"Es una de las empresas comercializadoras de Ropa de trabajo, confecci\u00f3n, productos de protecci\u00f3n, prevenci\u00f3n y seguridad una de las m\u00e1s importantes de nuestro pa\u00eds, reconocida a nivel Nacional, con numerosos clientes a lo largo de Chile que avalan su compromiso de calidad. De igual forma, existe una permanente preocupaci\u00f3n por mantener un servicio integral de excelencia que permita identificarnos como \u201cel mejor equipo, la mejor empresa e inversi\u00f3n\u201d.\",\"potentialAction\":[{\"@type\":\"SearchAction\",\"target\":{\"@type\":\"EntryPoint\",\"urlTemplate\":\"https:\/\/uniformesludo.cl\/?s={search_term_string}\"},\"query-input\":{\"@type\":\"PropertyValueSpecification\",\"valueRequired\":true,\"valueName\":\"search_term_string\"}}],\"inLanguage\":\"es\"}]}<\/script>\n<!-- \/ Yoast SEO plugin. -->","yoast_head_json":{"title":"Tamp\u00f3n Almohadilla Recargable Mediano 236-1 - Uniformes Ludo","robots":{"index":"index","follow":"follow","max-snippet":"max-snippet:-1","max-image-preview":"max-image-preview:large","max-video-preview":"max-video-preview:-1"},"canonical":"https:\/\/uniformesludo.cl\/index.php\/producto\/tampon-almohadilla-recargable-mediano-236-1\/","og_locale":"es_ES","og_type":"article","og_title":"Tamp\u00f3n Almohadilla Recargable Mediano 236-1 - Uniformes Ludo","og_description":"236-1  Almohadilla tamp\u00f3n recargable para timbres medianos\/grandes. \u00datil para impresi\u00f3n de bolsas u otros art\u00edculos con gran \u00e1rea de impresi\u00f3n.  Tama\u00f1o Timbre: 160 x 106 x 17 mm.  Tama\u00f1o Almohadilla: 143 x 86 mm.  Cajas de 12 unidades por color.","og_url":"https:\/\/uniformesludo.cl\/index.php\/producto\/tampon-almohadilla-recargable-mediano-236-1\/","og_site_name":"Uniformes Ludo","article_modified_time":"2024-09-05T17:15:45+00:00","og_image":[{"width":600,"height":600,"url":"https:\/\/uniformesludo.cl\/wp-content\/uploads\/2024\/09\/almohadilla-236-1-C.jpg","type":"image\/jpeg"}],"twitter_card":"summary_large_image","schema":{"@context":"https:\/\/schema.org","@graph":[{"@type":"WebPage","@id":"https:\/\/uniformesludo.cl\/index.php\/producto\/tampon-almohadilla-recargable-mediano-236-1\/","url":"https:\/\/uniformesludo.cl\/index.php\/producto\/tampon-almohadilla-recargable-mediano-236-1\/","name":"Tamp\u00f3n Almohadilla Recargable Mediano 236-1 - Uniformes Ludo","isPartOf":{"@id":"https:\/\/uniformesludo.cl\/#website"},"primaryImageOfPage":{"@id":"https:\/\/uniformesludo.cl\/index.php\/producto\/tampon-almohadilla-recargable-mediano-236-1\/#primaryimage"},"image":{"@id":"https:\/\/uniformesludo.cl\/index.php\/producto\/tampon-almohadilla-recargable-mediano-236-1\/#primaryimage"},"thumbnailUrl":"https:\/\/uniformesludo.cl\/wp-content\/uploads\/2024\/09\/almohadilla-236-1-C.jpg","datePublished":"2024-09-04T16:40:12+00:00","dateModified":"2024-09-05T17:15:45+00:00","breadcrumb":{"@id":"https:\/\/uniformesludo.cl\/index.php\/producto\/tampon-almohadilla-recargable-mediano-236-1\/#breadcrumb"},"inLanguage":"es","potentialAction":[{"@type":"ReadAction","target":["https:\/\/uniformesludo.cl\/index.php\/producto\/tampon-almohadilla-recargable-mediano-236-1\/"]}]},{"@type":"ImageObject","inLanguage":"es","@id":"https:\/\/uniformesludo.cl\/index.php\/producto\/tampon-almohadilla-recargable-mediano-236-1\/#primaryimage","url":"https:\/\/uniformesludo.cl\/wp-content\/uploads\/2024\/09\/almohadilla-236-1-C.jpg","contentUrl":"https:\/\/uniformesludo.cl\/wp-content\/uploads\/2024\/09\/almohadilla-236-1-C.jpg","width":600,"height":600},{"@type":"BreadcrumbList","@id":"https:\/\/uniformesludo.cl\/index.php\/producto\/tampon-almohadilla-recargable-mediano-236-1\/#breadcrumb","itemListElement":[{"@type":"ListItem","position":1,"name":"Portada","item":"https:\/\/uniformesludo.cl\/"},{"@type":"ListItem","position":2,"name":"Tienda","item":"https:\/\/uniformesludo.cl\/index.php\/tienda\/"},{"@type":"ListItem","position":3,"name":"Tamp\u00f3n Almohadilla Recargable Mediano 236-1"}]},{"@type":"WebSite","@id":"https:\/\/uniformesludo.cl\/#website","url":"https:\/\/uniformesludo.cl\/","name":"Uniformes Ludo","description":"Es una de las empresas comercializadoras de Ropa de trabajo, confecci\u00f3n, productos de protecci\u00f3n, prevenci\u00f3n y seguridad una de las m\u00e1s importantes de nuestro pa\u00eds, reconocida a nivel Nacional, con numerosos clientes a lo largo de Chile que avalan su compromiso de calidad. De igual forma, existe una permanente preocupaci\u00f3n por mantener un servicio integral de excelencia que permita identificarnos como \u201cel mejor equipo, la mejor empresa e inversi\u00f3n\u201d.","potentialAction":[{"@type":"SearchAction","target":{"@type":"EntryPoint","urlTemplate":"https:\/\/uniformesludo.cl\/?s={search_term_string}"},"query-input":{"@type":"PropertyValueSpecification","valueRequired":true,"valueName":"search_term_string"}}],"inLanguage":"es"}]}},"_links":{"self":[{"href":"https:\/\/uniformesludo.cl\/index.php\/wp-json\/wp\/v2\/product\/10019280","targetHints":{"allow":["GET"]}}],"collection":[{"href":"https:\/\/uniformesludo.cl\/index.php\/wp-json\/wp\/v2\/product"}],"about":[{"href":"https:\/\/uniformesludo.cl\/index.php\/wp-json\/wp\/v2\/types\/product"}],"replies":[{"embeddable":true,"href":"https:\/\/uniformesludo.cl\/index.php\/wp-json\/wp\/v2\/comments?post=10019280"}],"wp:featuredmedia":[{"embeddable":true,"href":"https:\/\/uniformesludo.cl\/index.php\/wp-json\/wp\/v2\/media\/10019330"}],"wp:attachment":[{"href":"https:\/\/uniformesludo.cl\/index.php\/wp-json\/wp\/v2\/media?parent=10019280"}],"wp:term":[{"taxonomy":"product_brand","embeddable":true,"href":"https:\/\/uniformesludo.cl\/index.php\/wp-json\/wp\/v2\/product_brand?post=10019280"},{"taxonomy":"product_cat","embeddable":true,"href":"https:\/\/uniformesludo.cl\/index.php\/wp-json\/wp\/v2\/product_cat?post=10019280"},{"taxonomy":"product_tag","embeddable":true,"href":"https:\/\/uniformesludo.cl\/index.php\/wp-json\/wp\/v2\/product_tag?post=10019280"}],"curies":[{"name":"wp","href":"https:\/\/api.w.org\/{rel}","templated":true}]}}