{"id":10019257,"date":"2024-09-04T16:39:44","date_gmt":"2024-09-04T16:39:44","guid":{"rendered":"https:\/\/uniformesludo.cl\/?post_type=product&#038;p=10019257"},"modified":"2024-09-05T17:15:50","modified_gmt":"2024-09-05T17:15:50","slug":"timbre-automatico-fechador-rectangular-xl705","status":"publish","type":"product","link":"https:\/\/uniformesludo.cl\/index.php\/producto\/timbre-automatico-fechador-rectangular-xl705\/","title":{"rendered":"Timbre Autom\u00e1tico Fechador Rectangular XL705"},"content":{"rendered":"","protected":false},"excerpt":{"rendered":"<p><span style=\"color: #000080;\"><strong>XL 705<\/strong><\/span><\/p>\n<p><em>Timbre autom\u00e1tico rectangular de goma autoentintable con fechador. Almohadillas intercambiables. Presentaci\u00f3n en caja de cart\u00f3n.<\/em><\/p>\n<p>Tinta del timbre del mismo color que el timbre.<\/p>\n<p>Tama\u00f1o Timbre: 90.7 x 56.5 x 119 mm.<\/p>\n<p>Tama\u00f1o Placa: 64 x 40 mm.<\/p>\n<p>Cajas de 12 unidades por color.<\/p>\n","protected":false},"featured_media":10019304,"comment_status":"closed","ping_status":"closed","template":"","meta":[],"product_brand":[],"product_cat":[853,854],"product_tag":[],"class_list":{"0":"post-10019257","1":"product","2":"type-product","3":"status-publish","4":"has-post-thumbnail","6":"product_cat-timbres-automaticos","7":"product_cat-timbres-rectangulares-y-fechadores","9":"first","10":"instock","11":"shipping-taxable","12":"purchasable","13":"product-type-variable"},"aioseo_notices":[],"yoast_head":"<!-- This site is optimized with the Yoast SEO plugin v26.5 - https:\/\/yoast.com\/wordpress\/plugins\/seo\/ -->\n<title>Timbre Autom\u00e1tico Fechador Rectangular XL705 - Uniformes Ludo<\/title>\n<meta name=\"robots\" content=\"index, follow, max-snippet:-1, max-image-preview:large, max-video-preview:-1\" \/>\n<link rel=\"canonical\" href=\"https:\/\/uniformesludo.cl\/index.php\/producto\/timbre-automatico-fechador-rectangular-xl705\/\" \/>\n<meta property=\"og:locale\" content=\"es_ES\" \/>\n<meta property=\"og:type\" content=\"article\" \/>\n<meta property=\"og:title\" content=\"Timbre Autom\u00e1tico Fechador Rectangular XL705 - Uniformes Ludo\" \/>\n<meta property=\"og:description\" content=\"XL 705  Timbre autom\u00e1tico rectangular de goma autoentintable con fechador. Almohadillas intercambiables. Presentaci\u00f3n en caja de cart\u00f3n.  Tinta del timbre del mismo color que el timbre.  Tama\u00f1o Timbre: 90.7 x 56.5 x 119 mm.  Tama\u00f1o Placa: 64 x 40 mm.  Cajas de 12 unidades por color.\" \/>\n<meta property=\"og:url\" content=\"https:\/\/uniformesludo.cl\/index.php\/producto\/timbre-automatico-fechador-rectangular-xl705\/\" \/>\n<meta property=\"og:site_name\" content=\"Uniformes Ludo\" \/>\n<meta property=\"article:modified_time\" content=\"2024-09-05T17:15:50+00:00\" \/>\n<meta property=\"og:image\" content=\"https:\/\/uniformesludo.cl\/wp-content\/uploads\/2024\/09\/xl-702-64x40-portada.jpg\" \/>\n\t<meta property=\"og:image:width\" content=\"1500\" \/>\n\t<meta property=\"og:image:height\" content=\"1500\" \/>\n\t<meta property=\"og:image:type\" content=\"image\/jpeg\" \/>\n<meta name=\"twitter:card\" content=\"summary_large_image\" \/>\n<script type=\"application\/ld+json\" class=\"yoast-schema-graph\">{\"@context\":\"https:\/\/schema.org\",\"@graph\":[{\"@type\":\"WebPage\",\"@id\":\"https:\/\/uniformesludo.cl\/index.php\/producto\/timbre-automatico-fechador-rectangular-xl705\/\",\"url\":\"https:\/\/uniformesludo.cl\/index.php\/producto\/timbre-automatico-fechador-rectangular-xl705\/\",\"name\":\"Timbre Autom\u00e1tico Fechador Rectangular XL705 - Uniformes Ludo\",\"isPartOf\":{\"@id\":\"https:\/\/uniformesludo.cl\/#website\"},\"primaryImageOfPage\":{\"@id\":\"https:\/\/uniformesludo.cl\/index.php\/producto\/timbre-automatico-fechador-rectangular-xl705\/#primaryimage\"},\"image\":{\"@id\":\"https:\/\/uniformesludo.cl\/index.php\/producto\/timbre-automatico-fechador-rectangular-xl705\/#primaryimage\"},\"thumbnailUrl\":\"https:\/\/uniformesludo.cl\/wp-content\/uploads\/2024\/09\/xl-702-64x40-portada.jpg\",\"datePublished\":\"2024-09-04T16:39:44+00:00\",\"dateModified\":\"2024-09-05T17:15:50+00:00\",\"breadcrumb\":{\"@id\":\"https:\/\/uniformesludo.cl\/index.php\/producto\/timbre-automatico-fechador-rectangular-xl705\/#breadcrumb\"},\"inLanguage\":\"es\",\"potentialAction\":[{\"@type\":\"ReadAction\",\"target\":[\"https:\/\/uniformesludo.cl\/index.php\/producto\/timbre-automatico-fechador-rectangular-xl705\/\"]}]},{\"@type\":\"ImageObject\",\"inLanguage\":\"es\",\"@id\":\"https:\/\/uniformesludo.cl\/index.php\/producto\/timbre-automatico-fechador-rectangular-xl705\/#primaryimage\",\"url\":\"https:\/\/uniformesludo.cl\/wp-content\/uploads\/2024\/09\/xl-702-64x40-portada.jpg\",\"contentUrl\":\"https:\/\/uniformesludo.cl\/wp-content\/uploads\/2024\/09\/xl-702-64x40-portada.jpg\",\"width\":1500,\"height\":1500},{\"@type\":\"BreadcrumbList\",\"@id\":\"https:\/\/uniformesludo.cl\/index.php\/producto\/timbre-automatico-fechador-rectangular-xl705\/#breadcrumb\",\"itemListElement\":[{\"@type\":\"ListItem\",\"position\":1,\"name\":\"Portada\",\"item\":\"https:\/\/uniformesludo.cl\/\"},{\"@type\":\"ListItem\",\"position\":2,\"name\":\"Tienda\",\"item\":\"https:\/\/uniformesludo.cl\/index.php\/tienda\/\"},{\"@type\":\"ListItem\",\"position\":3,\"name\":\"Timbre Autom\u00e1tico Fechador Rectangular XL705\"}]},{\"@type\":\"WebSite\",\"@id\":\"https:\/\/uniformesludo.cl\/#website\",\"url\":\"https:\/\/uniformesludo.cl\/\",\"name\":\"Uniformes Ludo\",\"description\":\"Es una de las empresas comercializadoras de Ropa de trabajo, confecci\u00f3n, productos de protecci\u00f3n, prevenci\u00f3n y seguridad una de las m\u00e1s importantes de nuestro pa\u00eds, reconocida a nivel Nacional, con numerosos clientes a lo largo de Chile que avalan su compromiso de calidad. De igual forma, existe una permanente preocupaci\u00f3n por mantener un servicio integral de excelencia que permita identificarnos como \u201cel mejor equipo, la mejor empresa e inversi\u00f3n\u201d.\",\"potentialAction\":[{\"@type\":\"SearchAction\",\"target\":{\"@type\":\"EntryPoint\",\"urlTemplate\":\"https:\/\/uniformesludo.cl\/?s={search_term_string}\"},\"query-input\":{\"@type\":\"PropertyValueSpecification\",\"valueRequired\":true,\"valueName\":\"search_term_string\"}}],\"inLanguage\":\"es\"}]}<\/script>\n<!-- \/ Yoast SEO plugin. -->","yoast_head_json":{"title":"Timbre Autom\u00e1tico Fechador Rectangular XL705 - Uniformes Ludo","robots":{"index":"index","follow":"follow","max-snippet":"max-snippet:-1","max-image-preview":"max-image-preview:large","max-video-preview":"max-video-preview:-1"},"canonical":"https:\/\/uniformesludo.cl\/index.php\/producto\/timbre-automatico-fechador-rectangular-xl705\/","og_locale":"es_ES","og_type":"article","og_title":"Timbre Autom\u00e1tico Fechador Rectangular XL705 - Uniformes Ludo","og_description":"XL 705  Timbre autom\u00e1tico rectangular de goma autoentintable con fechador. Almohadillas intercambiables. Presentaci\u00f3n en caja de cart\u00f3n.  Tinta del timbre del mismo color que el timbre.  Tama\u00f1o Timbre: 90.7 x 56.5 x 119 mm.  Tama\u00f1o Placa: 64 x 40 mm.  Cajas de 12 unidades por color.","og_url":"https:\/\/uniformesludo.cl\/index.php\/producto\/timbre-automatico-fechador-rectangular-xl705\/","og_site_name":"Uniformes Ludo","article_modified_time":"2024-09-05T17:15:50+00:00","og_image":[{"width":1500,"height":1500,"url":"https:\/\/uniformesludo.cl\/wp-content\/uploads\/2024\/09\/xl-702-64x40-portada.jpg","type":"image\/jpeg"}],"twitter_card":"summary_large_image","schema":{"@context":"https:\/\/schema.org","@graph":[{"@type":"WebPage","@id":"https:\/\/uniformesludo.cl\/index.php\/producto\/timbre-automatico-fechador-rectangular-xl705\/","url":"https:\/\/uniformesludo.cl\/index.php\/producto\/timbre-automatico-fechador-rectangular-xl705\/","name":"Timbre Autom\u00e1tico Fechador Rectangular XL705 - Uniformes Ludo","isPartOf":{"@id":"https:\/\/uniformesludo.cl\/#website"},"primaryImageOfPage":{"@id":"https:\/\/uniformesludo.cl\/index.php\/producto\/timbre-automatico-fechador-rectangular-xl705\/#primaryimage"},"image":{"@id":"https:\/\/uniformesludo.cl\/index.php\/producto\/timbre-automatico-fechador-rectangular-xl705\/#primaryimage"},"thumbnailUrl":"https:\/\/uniformesludo.cl\/wp-content\/uploads\/2024\/09\/xl-702-64x40-portada.jpg","datePublished":"2024-09-04T16:39:44+00:00","dateModified":"2024-09-05T17:15:50+00:00","breadcrumb":{"@id":"https:\/\/uniformesludo.cl\/index.php\/producto\/timbre-automatico-fechador-rectangular-xl705\/#breadcrumb"},"inLanguage":"es","potentialAction":[{"@type":"ReadAction","target":["https:\/\/uniformesludo.cl\/index.php\/producto\/timbre-automatico-fechador-rectangular-xl705\/"]}]},{"@type":"ImageObject","inLanguage":"es","@id":"https:\/\/uniformesludo.cl\/index.php\/producto\/timbre-automatico-fechador-rectangular-xl705\/#primaryimage","url":"https:\/\/uniformesludo.cl\/wp-content\/uploads\/2024\/09\/xl-702-64x40-portada.jpg","contentUrl":"https:\/\/uniformesludo.cl\/wp-content\/uploads\/2024\/09\/xl-702-64x40-portada.jpg","width":1500,"height":1500},{"@type":"BreadcrumbList","@id":"https:\/\/uniformesludo.cl\/index.php\/producto\/timbre-automatico-fechador-rectangular-xl705\/#breadcrumb","itemListElement":[{"@type":"ListItem","position":1,"name":"Portada","item":"https:\/\/uniformesludo.cl\/"},{"@type":"ListItem","position":2,"name":"Tienda","item":"https:\/\/uniformesludo.cl\/index.php\/tienda\/"},{"@type":"ListItem","position":3,"name":"Timbre Autom\u00e1tico Fechador Rectangular XL705"}]},{"@type":"WebSite","@id":"https:\/\/uniformesludo.cl\/#website","url":"https:\/\/uniformesludo.cl\/","name":"Uniformes Ludo","description":"Es una de las empresas comercializadoras de Ropa de trabajo, confecci\u00f3n, productos de protecci\u00f3n, prevenci\u00f3n y seguridad una de las m\u00e1s importantes de nuestro pa\u00eds, reconocida a nivel Nacional, con numerosos clientes a lo largo de Chile que avalan su compromiso de calidad. De igual forma, existe una permanente preocupaci\u00f3n por mantener un servicio integral de excelencia que permita identificarnos como \u201cel mejor equipo, la mejor empresa e inversi\u00f3n\u201d.","potentialAction":[{"@type":"SearchAction","target":{"@type":"EntryPoint","urlTemplate":"https:\/\/uniformesludo.cl\/?s={search_term_string}"},"query-input":{"@type":"PropertyValueSpecification","valueRequired":true,"valueName":"search_term_string"}}],"inLanguage":"es"}]}},"_links":{"self":[{"href":"https:\/\/uniformesludo.cl\/index.php\/wp-json\/wp\/v2\/product\/10019257","targetHints":{"allow":["GET"]}}],"collection":[{"href":"https:\/\/uniformesludo.cl\/index.php\/wp-json\/wp\/v2\/product"}],"about":[{"href":"https:\/\/uniformesludo.cl\/index.php\/wp-json\/wp\/v2\/types\/product"}],"replies":[{"embeddable":true,"href":"https:\/\/uniformesludo.cl\/index.php\/wp-json\/wp\/v2\/comments?post=10019257"}],"wp:featuredmedia":[{"embeddable":true,"href":"https:\/\/uniformesludo.cl\/index.php\/wp-json\/wp\/v2\/media\/10019304"}],"wp:attachment":[{"href":"https:\/\/uniformesludo.cl\/index.php\/wp-json\/wp\/v2\/media?parent=10019257"}],"wp:term":[{"taxonomy":"product_brand","embeddable":true,"href":"https:\/\/uniformesludo.cl\/index.php\/wp-json\/wp\/v2\/product_brand?post=10019257"},{"taxonomy":"product_cat","embeddable":true,"href":"https:\/\/uniformesludo.cl\/index.php\/wp-json\/wp\/v2\/product_cat?post=10019257"},{"taxonomy":"product_tag","embeddable":true,"href":"https:\/\/uniformesludo.cl\/index.php\/wp-json\/wp\/v2\/product_tag?post=10019257"}],"curies":[{"name":"wp","href":"https:\/\/api.w.org\/{rel}","templated":true}]}}