{"id":10019063,"date":"2024-09-04T16:35:01","date_gmt":"2024-09-04T16:35:01","guid":{"rendered":"https:\/\/uniformesludo.cl\/?post_type=product&#038;p=10019063"},"modified":"2024-09-04T16:37:39","modified_gmt":"2024-09-04T16:37:39","slug":"set-de-2-mugs-encobrizados-martillados-m76","status":"publish","type":"product","link":"https:\/\/uniformesludo.cl\/index.php\/producto\/set-de-2-mugs-encobrizados-martillados-m76\/","title":{"rendered":"Set de 2 Mugs Encobrizados Martillados M76"},"content":{"rendered":"","protected":false},"excerpt":{"rendered":"<p><span style=\"color: #000080;\"><strong>M76<\/strong><\/span><\/p>\n<p><em>Set de 2 tazones de acero inoxidable electro plateados en cobre con puntos martillados y asa de Zamak. Cobre en interior y exterior. Capacidad de 500 ml. Presentaci\u00f3n en caja de cart\u00f3n negra.<\/em><\/p>\n<p>Caja de 32 unidades.<\/p>\n<p>601063360<\/p>\n","protected":false},"featured_media":10019149,"comment_status":"closed","ping_status":"closed","template":"","meta":[],"product_brand":[],"product_cat":[504,570,575,571,568,569],"product_tag":[],"class_list":{"0":"post-10019063","1":"product","2":"type-product","3":"status-publish","4":"has-post-thumbnail","6":"product_cat-articulos-publicitarios","7":"product_cat-botellas-mugs-tazones-termos-vasos","8":"product_cat-linea-cobre","9":"product_cat-mugs-y-tazones","10":"product_cat-regalos-y-trofeos-premium","11":"product_cat-set-de-regalos","13":"first","14":"instock","15":"shipping-taxable","16":"product-type-simple"},"aioseo_notices":[],"yoast_head":"<!-- This site is optimized with the Yoast SEO plugin v26.5 - https:\/\/yoast.com\/wordpress\/plugins\/seo\/ -->\n<title>Set de 2 Mugs Encobrizados Martillados M76 - Uniformes Ludo<\/title>\n<meta name=\"robots\" content=\"index, follow, max-snippet:-1, max-image-preview:large, max-video-preview:-1\" \/>\n<link rel=\"canonical\" href=\"https:\/\/uniformesludo.cl\/index.php\/producto\/set-de-2-mugs-encobrizados-martillados-m76\/\" \/>\n<meta property=\"og:locale\" content=\"es_ES\" \/>\n<meta property=\"og:type\" content=\"article\" \/>\n<meta property=\"og:title\" content=\"Set de 2 Mugs Encobrizados Martillados M76 - Uniformes Ludo\" \/>\n<meta property=\"og:description\" content=\"M76  Set de 2 tazones de acero inoxidable electro plateados en cobre con puntos martillados y asa de Zamak. Cobre en interior y exterior. Capacidad de 500 ml. Presentaci\u00f3n en caja de cart\u00f3n negra.  Caja de 32 unidades.  601063360\" \/>\n<meta property=\"og:url\" content=\"https:\/\/uniformesludo.cl\/index.php\/producto\/set-de-2-mugs-encobrizados-martillados-m76\/\" \/>\n<meta property=\"og:site_name\" content=\"Uniformes Ludo\" \/>\n<meta property=\"article:modified_time\" content=\"2024-09-04T16:37:39+00:00\" \/>\n<meta property=\"og:image\" content=\"https:\/\/uniformesludo.cl\/wp-content\/uploads\/2024\/09\/M76-portada-okk.jpg\" \/>\n\t<meta property=\"og:image:width\" content=\"1500\" \/>\n\t<meta property=\"og:image:height\" content=\"1500\" \/>\n\t<meta property=\"og:image:type\" content=\"image\/jpeg\" \/>\n<meta name=\"twitter:card\" content=\"summary_large_image\" \/>\n<script type=\"application\/ld+json\" class=\"yoast-schema-graph\">{\"@context\":\"https:\/\/schema.org\",\"@graph\":[{\"@type\":\"WebPage\",\"@id\":\"https:\/\/uniformesludo.cl\/index.php\/producto\/set-de-2-mugs-encobrizados-martillados-m76\/\",\"url\":\"https:\/\/uniformesludo.cl\/index.php\/producto\/set-de-2-mugs-encobrizados-martillados-m76\/\",\"name\":\"Set de 2 Mugs Encobrizados Martillados M76 - Uniformes Ludo\",\"isPartOf\":{\"@id\":\"https:\/\/uniformesludo.cl\/#website\"},\"primaryImageOfPage\":{\"@id\":\"https:\/\/uniformesludo.cl\/index.php\/producto\/set-de-2-mugs-encobrizados-martillados-m76\/#primaryimage\"},\"image\":{\"@id\":\"https:\/\/uniformesludo.cl\/index.php\/producto\/set-de-2-mugs-encobrizados-martillados-m76\/#primaryimage\"},\"thumbnailUrl\":\"https:\/\/uniformesludo.cl\/wp-content\/uploads\/2024\/09\/M76-portada-okk.jpg\",\"datePublished\":\"2024-09-04T16:35:01+00:00\",\"dateModified\":\"2024-09-04T16:37:39+00:00\",\"breadcrumb\":{\"@id\":\"https:\/\/uniformesludo.cl\/index.php\/producto\/set-de-2-mugs-encobrizados-martillados-m76\/#breadcrumb\"},\"inLanguage\":\"es\",\"potentialAction\":[{\"@type\":\"ReadAction\",\"target\":[\"https:\/\/uniformesludo.cl\/index.php\/producto\/set-de-2-mugs-encobrizados-martillados-m76\/\"]}]},{\"@type\":\"ImageObject\",\"inLanguage\":\"es\",\"@id\":\"https:\/\/uniformesludo.cl\/index.php\/producto\/set-de-2-mugs-encobrizados-martillados-m76\/#primaryimage\",\"url\":\"https:\/\/uniformesludo.cl\/wp-content\/uploads\/2024\/09\/M76-portada-okk.jpg\",\"contentUrl\":\"https:\/\/uniformesludo.cl\/wp-content\/uploads\/2024\/09\/M76-portada-okk.jpg\",\"width\":1500,\"height\":1500},{\"@type\":\"BreadcrumbList\",\"@id\":\"https:\/\/uniformesludo.cl\/index.php\/producto\/set-de-2-mugs-encobrizados-martillados-m76\/#breadcrumb\",\"itemListElement\":[{\"@type\":\"ListItem\",\"position\":1,\"name\":\"Portada\",\"item\":\"https:\/\/uniformesludo.cl\/\"},{\"@type\":\"ListItem\",\"position\":2,\"name\":\"Tienda\",\"item\":\"https:\/\/uniformesludo.cl\/index.php\/tienda\/\"},{\"@type\":\"ListItem\",\"position\":3,\"name\":\"Set de 2 Mugs Encobrizados Martillados M76\"}]},{\"@type\":\"WebSite\",\"@id\":\"https:\/\/uniformesludo.cl\/#website\",\"url\":\"https:\/\/uniformesludo.cl\/\",\"name\":\"Uniformes Ludo\",\"description\":\"Es una de las empresas comercializadoras de Ropa de trabajo, confecci\u00f3n, productos de protecci\u00f3n, prevenci\u00f3n y seguridad una de las m\u00e1s importantes de nuestro pa\u00eds, reconocida a nivel Nacional, con numerosos clientes a lo largo de Chile que avalan su compromiso de calidad. De igual forma, existe una permanente preocupaci\u00f3n por mantener un servicio integral de excelencia que permita identificarnos como \u201cel mejor equipo, la mejor empresa e inversi\u00f3n\u201d.\",\"potentialAction\":[{\"@type\":\"SearchAction\",\"target\":{\"@type\":\"EntryPoint\",\"urlTemplate\":\"https:\/\/uniformesludo.cl\/?s={search_term_string}\"},\"query-input\":{\"@type\":\"PropertyValueSpecification\",\"valueRequired\":true,\"valueName\":\"search_term_string\"}}],\"inLanguage\":\"es\"}]}<\/script>\n<!-- \/ Yoast SEO plugin. -->","yoast_head_json":{"title":"Set de 2 Mugs Encobrizados Martillados M76 - Uniformes Ludo","robots":{"index":"index","follow":"follow","max-snippet":"max-snippet:-1","max-image-preview":"max-image-preview:large","max-video-preview":"max-video-preview:-1"},"canonical":"https:\/\/uniformesludo.cl\/index.php\/producto\/set-de-2-mugs-encobrizados-martillados-m76\/","og_locale":"es_ES","og_type":"article","og_title":"Set de 2 Mugs Encobrizados Martillados M76 - Uniformes Ludo","og_description":"M76  Set de 2 tazones de acero inoxidable electro plateados en cobre con puntos martillados y asa de Zamak. Cobre en interior y exterior. Capacidad de 500 ml. Presentaci\u00f3n en caja de cart\u00f3n negra.  Caja de 32 unidades.  601063360","og_url":"https:\/\/uniformesludo.cl\/index.php\/producto\/set-de-2-mugs-encobrizados-martillados-m76\/","og_site_name":"Uniformes Ludo","article_modified_time":"2024-09-04T16:37:39+00:00","og_image":[{"width":1500,"height":1500,"url":"https:\/\/uniformesludo.cl\/wp-content\/uploads\/2024\/09\/M76-portada-okk.jpg","type":"image\/jpeg"}],"twitter_card":"summary_large_image","schema":{"@context":"https:\/\/schema.org","@graph":[{"@type":"WebPage","@id":"https:\/\/uniformesludo.cl\/index.php\/producto\/set-de-2-mugs-encobrizados-martillados-m76\/","url":"https:\/\/uniformesludo.cl\/index.php\/producto\/set-de-2-mugs-encobrizados-martillados-m76\/","name":"Set de 2 Mugs Encobrizados Martillados M76 - Uniformes Ludo","isPartOf":{"@id":"https:\/\/uniformesludo.cl\/#website"},"primaryImageOfPage":{"@id":"https:\/\/uniformesludo.cl\/index.php\/producto\/set-de-2-mugs-encobrizados-martillados-m76\/#primaryimage"},"image":{"@id":"https:\/\/uniformesludo.cl\/index.php\/producto\/set-de-2-mugs-encobrizados-martillados-m76\/#primaryimage"},"thumbnailUrl":"https:\/\/uniformesludo.cl\/wp-content\/uploads\/2024\/09\/M76-portada-okk.jpg","datePublished":"2024-09-04T16:35:01+00:00","dateModified":"2024-09-04T16:37:39+00:00","breadcrumb":{"@id":"https:\/\/uniformesludo.cl\/index.php\/producto\/set-de-2-mugs-encobrizados-martillados-m76\/#breadcrumb"},"inLanguage":"es","potentialAction":[{"@type":"ReadAction","target":["https:\/\/uniformesludo.cl\/index.php\/producto\/set-de-2-mugs-encobrizados-martillados-m76\/"]}]},{"@type":"ImageObject","inLanguage":"es","@id":"https:\/\/uniformesludo.cl\/index.php\/producto\/set-de-2-mugs-encobrizados-martillados-m76\/#primaryimage","url":"https:\/\/uniformesludo.cl\/wp-content\/uploads\/2024\/09\/M76-portada-okk.jpg","contentUrl":"https:\/\/uniformesludo.cl\/wp-content\/uploads\/2024\/09\/M76-portada-okk.jpg","width":1500,"height":1500},{"@type":"BreadcrumbList","@id":"https:\/\/uniformesludo.cl\/index.php\/producto\/set-de-2-mugs-encobrizados-martillados-m76\/#breadcrumb","itemListElement":[{"@type":"ListItem","position":1,"name":"Portada","item":"https:\/\/uniformesludo.cl\/"},{"@type":"ListItem","position":2,"name":"Tienda","item":"https:\/\/uniformesludo.cl\/index.php\/tienda\/"},{"@type":"ListItem","position":3,"name":"Set de 2 Mugs Encobrizados Martillados M76"}]},{"@type":"WebSite","@id":"https:\/\/uniformesludo.cl\/#website","url":"https:\/\/uniformesludo.cl\/","name":"Uniformes Ludo","description":"Es una de las empresas comercializadoras de Ropa de trabajo, confecci\u00f3n, productos de protecci\u00f3n, prevenci\u00f3n y seguridad una de las m\u00e1s importantes de nuestro pa\u00eds, reconocida a nivel Nacional, con numerosos clientes a lo largo de Chile que avalan su compromiso de calidad. De igual forma, existe una permanente preocupaci\u00f3n por mantener un servicio integral de excelencia que permita identificarnos como \u201cel mejor equipo, la mejor empresa e inversi\u00f3n\u201d.","potentialAction":[{"@type":"SearchAction","target":{"@type":"EntryPoint","urlTemplate":"https:\/\/uniformesludo.cl\/?s={search_term_string}"},"query-input":{"@type":"PropertyValueSpecification","valueRequired":true,"valueName":"search_term_string"}}],"inLanguage":"es"}]}},"_links":{"self":[{"href":"https:\/\/uniformesludo.cl\/index.php\/wp-json\/wp\/v2\/product\/10019063","targetHints":{"allow":["GET"]}}],"collection":[{"href":"https:\/\/uniformesludo.cl\/index.php\/wp-json\/wp\/v2\/product"}],"about":[{"href":"https:\/\/uniformesludo.cl\/index.php\/wp-json\/wp\/v2\/types\/product"}],"replies":[{"embeddable":true,"href":"https:\/\/uniformesludo.cl\/index.php\/wp-json\/wp\/v2\/comments?post=10019063"}],"wp:featuredmedia":[{"embeddable":true,"href":"https:\/\/uniformesludo.cl\/index.php\/wp-json\/wp\/v2\/media\/10019149"}],"wp:attachment":[{"href":"https:\/\/uniformesludo.cl\/index.php\/wp-json\/wp\/v2\/media?parent=10019063"}],"wp:term":[{"taxonomy":"product_brand","embeddable":true,"href":"https:\/\/uniformesludo.cl\/index.php\/wp-json\/wp\/v2\/product_brand?post=10019063"},{"taxonomy":"product_cat","embeddable":true,"href":"https:\/\/uniformesludo.cl\/index.php\/wp-json\/wp\/v2\/product_cat?post=10019063"},{"taxonomy":"product_tag","embeddable":true,"href":"https:\/\/uniformesludo.cl\/index.php\/wp-json\/wp\/v2\/product_tag?post=10019063"}],"curies":[{"name":"wp","href":"https:\/\/api.w.org\/{rel}","templated":true}]}}