{"id":10019011,"date":"2024-09-04T16:34:00","date_gmt":"2024-09-04T16:34:00","guid":{"rendered":"https:\/\/uniformesludo.cl\/?post_type=product&#038;p=10019011"},"modified":"2024-09-04T16:35:22","modified_gmt":"2024-09-04T16:35:22","slug":"descorchador-encobrizado-w15","status":"publish","type":"product","link":"https:\/\/uniformesludo.cl\/index.php\/producto\/descorchador-encobrizado-w15\/","title":{"rendered":"Descorchador Encobrizado W15"},"content":{"rendered":"","protected":false},"excerpt":{"rendered":"<p><span style=\"color: #000080;\"><strong>W15<\/strong><\/span><\/p>\n<p><em>Descorchador de vinos electro plateado en color cobre. Presentaci\u00f3n en caja negra con interior de cuna EVA negra.<\/em><\/p>\n<p>Caja de 36 unidades.<\/p>\n<p>601062102<\/p>\n","protected":false},"featured_media":10019078,"comment_status":"closed","ping_status":"closed","template":"","meta":[],"product_brand":[],"product_cat":[504,575,568,559],"product_tag":[],"class_list":{"0":"post-10019011","1":"product","2":"type-product","3":"status-publish","4":"has-post-thumbnail","6":"product_cat-articulos-publicitarios","7":"product_cat-linea-cobre","8":"product_cat-regalos-y-trofeos-premium","9":"product_cat-set-de-vino-descorchadores-bolsas-para-vinos","11":"first","12":"instock","13":"shipping-taxable","14":"product-type-simple"},"aioseo_notices":[],"yoast_head":"<!-- This site is optimized with the Yoast SEO plugin v26.5 - https:\/\/yoast.com\/wordpress\/plugins\/seo\/ -->\n<title>Descorchador Encobrizado W15 - Uniformes Ludo<\/title>\n<meta name=\"robots\" content=\"index, follow, max-snippet:-1, max-image-preview:large, max-video-preview:-1\" \/>\n<link rel=\"canonical\" href=\"https:\/\/uniformesludo.cl\/index.php\/producto\/descorchador-encobrizado-w15\/\" \/>\n<meta property=\"og:locale\" content=\"es_ES\" \/>\n<meta property=\"og:type\" content=\"article\" \/>\n<meta property=\"og:title\" content=\"Descorchador Encobrizado W15 - Uniformes Ludo\" \/>\n<meta property=\"og:description\" content=\"W15  Descorchador de vinos electro plateado en color cobre. Presentaci\u00f3n en caja negra con interior de cuna EVA negra.  Caja de 36 unidades.  601062102\" \/>\n<meta property=\"og:url\" content=\"https:\/\/uniformesludo.cl\/index.php\/producto\/descorchador-encobrizado-w15\/\" \/>\n<meta property=\"og:site_name\" content=\"Uniformes Ludo\" \/>\n<meta property=\"article:modified_time\" content=\"2024-09-04T16:35:22+00:00\" \/>\n<meta property=\"og:image\" content=\"https:\/\/uniformesludo.cl\/wp-content\/uploads\/2024\/09\/W15-portada-ok.jpg\" \/>\n\t<meta property=\"og:image:width\" content=\"1500\" \/>\n\t<meta property=\"og:image:height\" content=\"1500\" \/>\n\t<meta property=\"og:image:type\" content=\"image\/jpeg\" \/>\n<meta name=\"twitter:card\" content=\"summary_large_image\" \/>\n<script type=\"application\/ld+json\" class=\"yoast-schema-graph\">{\"@context\":\"https:\/\/schema.org\",\"@graph\":[{\"@type\":\"WebPage\",\"@id\":\"https:\/\/uniformesludo.cl\/index.php\/producto\/descorchador-encobrizado-w15\/\",\"url\":\"https:\/\/uniformesludo.cl\/index.php\/producto\/descorchador-encobrizado-w15\/\",\"name\":\"Descorchador Encobrizado W15 - Uniformes Ludo\",\"isPartOf\":{\"@id\":\"https:\/\/uniformesludo.cl\/#website\"},\"primaryImageOfPage\":{\"@id\":\"https:\/\/uniformesludo.cl\/index.php\/producto\/descorchador-encobrizado-w15\/#primaryimage\"},\"image\":{\"@id\":\"https:\/\/uniformesludo.cl\/index.php\/producto\/descorchador-encobrizado-w15\/#primaryimage\"},\"thumbnailUrl\":\"https:\/\/uniformesludo.cl\/wp-content\/uploads\/2024\/09\/W15-portada-ok.jpg\",\"datePublished\":\"2024-09-04T16:34:00+00:00\",\"dateModified\":\"2024-09-04T16:35:22+00:00\",\"breadcrumb\":{\"@id\":\"https:\/\/uniformesludo.cl\/index.php\/producto\/descorchador-encobrizado-w15\/#breadcrumb\"},\"inLanguage\":\"es\",\"potentialAction\":[{\"@type\":\"ReadAction\",\"target\":[\"https:\/\/uniformesludo.cl\/index.php\/producto\/descorchador-encobrizado-w15\/\"]}]},{\"@type\":\"ImageObject\",\"inLanguage\":\"es\",\"@id\":\"https:\/\/uniformesludo.cl\/index.php\/producto\/descorchador-encobrizado-w15\/#primaryimage\",\"url\":\"https:\/\/uniformesludo.cl\/wp-content\/uploads\/2024\/09\/W15-portada-ok.jpg\",\"contentUrl\":\"https:\/\/uniformesludo.cl\/wp-content\/uploads\/2024\/09\/W15-portada-ok.jpg\",\"width\":1500,\"height\":1500},{\"@type\":\"BreadcrumbList\",\"@id\":\"https:\/\/uniformesludo.cl\/index.php\/producto\/descorchador-encobrizado-w15\/#breadcrumb\",\"itemListElement\":[{\"@type\":\"ListItem\",\"position\":1,\"name\":\"Portada\",\"item\":\"https:\/\/uniformesludo.cl\/\"},{\"@type\":\"ListItem\",\"position\":2,\"name\":\"Tienda\",\"item\":\"https:\/\/uniformesludo.cl\/index.php\/tienda\/\"},{\"@type\":\"ListItem\",\"position\":3,\"name\":\"Descorchador Encobrizado W15\"}]},{\"@type\":\"WebSite\",\"@id\":\"https:\/\/uniformesludo.cl\/#website\",\"url\":\"https:\/\/uniformesludo.cl\/\",\"name\":\"Uniformes Ludo\",\"description\":\"Es una de las empresas comercializadoras de Ropa de trabajo, confecci\u00f3n, productos de protecci\u00f3n, prevenci\u00f3n y seguridad una de las m\u00e1s importantes de nuestro pa\u00eds, reconocida a nivel Nacional, con numerosos clientes a lo largo de Chile que avalan su compromiso de calidad. De igual forma, existe una permanente preocupaci\u00f3n por mantener un servicio integral de excelencia que permita identificarnos como \u201cel mejor equipo, la mejor empresa e inversi\u00f3n\u201d.\",\"potentialAction\":[{\"@type\":\"SearchAction\",\"target\":{\"@type\":\"EntryPoint\",\"urlTemplate\":\"https:\/\/uniformesludo.cl\/?s={search_term_string}\"},\"query-input\":{\"@type\":\"PropertyValueSpecification\",\"valueRequired\":true,\"valueName\":\"search_term_string\"}}],\"inLanguage\":\"es\"}]}<\/script>\n<!-- \/ Yoast SEO plugin. -->","yoast_head_json":{"title":"Descorchador Encobrizado W15 - Uniformes Ludo","robots":{"index":"index","follow":"follow","max-snippet":"max-snippet:-1","max-image-preview":"max-image-preview:large","max-video-preview":"max-video-preview:-1"},"canonical":"https:\/\/uniformesludo.cl\/index.php\/producto\/descorchador-encobrizado-w15\/","og_locale":"es_ES","og_type":"article","og_title":"Descorchador Encobrizado W15 - Uniformes Ludo","og_description":"W15  Descorchador de vinos electro plateado en color cobre. Presentaci\u00f3n en caja negra con interior de cuna EVA negra.  Caja de 36 unidades.  601062102","og_url":"https:\/\/uniformesludo.cl\/index.php\/producto\/descorchador-encobrizado-w15\/","og_site_name":"Uniformes Ludo","article_modified_time":"2024-09-04T16:35:22+00:00","og_image":[{"width":1500,"height":1500,"url":"https:\/\/uniformesludo.cl\/wp-content\/uploads\/2024\/09\/W15-portada-ok.jpg","type":"image\/jpeg"}],"twitter_card":"summary_large_image","schema":{"@context":"https:\/\/schema.org","@graph":[{"@type":"WebPage","@id":"https:\/\/uniformesludo.cl\/index.php\/producto\/descorchador-encobrizado-w15\/","url":"https:\/\/uniformesludo.cl\/index.php\/producto\/descorchador-encobrizado-w15\/","name":"Descorchador Encobrizado W15 - Uniformes Ludo","isPartOf":{"@id":"https:\/\/uniformesludo.cl\/#website"},"primaryImageOfPage":{"@id":"https:\/\/uniformesludo.cl\/index.php\/producto\/descorchador-encobrizado-w15\/#primaryimage"},"image":{"@id":"https:\/\/uniformesludo.cl\/index.php\/producto\/descorchador-encobrizado-w15\/#primaryimage"},"thumbnailUrl":"https:\/\/uniformesludo.cl\/wp-content\/uploads\/2024\/09\/W15-portada-ok.jpg","datePublished":"2024-09-04T16:34:00+00:00","dateModified":"2024-09-04T16:35:22+00:00","breadcrumb":{"@id":"https:\/\/uniformesludo.cl\/index.php\/producto\/descorchador-encobrizado-w15\/#breadcrumb"},"inLanguage":"es","potentialAction":[{"@type":"ReadAction","target":["https:\/\/uniformesludo.cl\/index.php\/producto\/descorchador-encobrizado-w15\/"]}]},{"@type":"ImageObject","inLanguage":"es","@id":"https:\/\/uniformesludo.cl\/index.php\/producto\/descorchador-encobrizado-w15\/#primaryimage","url":"https:\/\/uniformesludo.cl\/wp-content\/uploads\/2024\/09\/W15-portada-ok.jpg","contentUrl":"https:\/\/uniformesludo.cl\/wp-content\/uploads\/2024\/09\/W15-portada-ok.jpg","width":1500,"height":1500},{"@type":"BreadcrumbList","@id":"https:\/\/uniformesludo.cl\/index.php\/producto\/descorchador-encobrizado-w15\/#breadcrumb","itemListElement":[{"@type":"ListItem","position":1,"name":"Portada","item":"https:\/\/uniformesludo.cl\/"},{"@type":"ListItem","position":2,"name":"Tienda","item":"https:\/\/uniformesludo.cl\/index.php\/tienda\/"},{"@type":"ListItem","position":3,"name":"Descorchador Encobrizado W15"}]},{"@type":"WebSite","@id":"https:\/\/uniformesludo.cl\/#website","url":"https:\/\/uniformesludo.cl\/","name":"Uniformes Ludo","description":"Es una de las empresas comercializadoras de Ropa de trabajo, confecci\u00f3n, productos de protecci\u00f3n, prevenci\u00f3n y seguridad una de las m\u00e1s importantes de nuestro pa\u00eds, reconocida a nivel Nacional, con numerosos clientes a lo largo de Chile que avalan su compromiso de calidad. De igual forma, existe una permanente preocupaci\u00f3n por mantener un servicio integral de excelencia que permita identificarnos como \u201cel mejor equipo, la mejor empresa e inversi\u00f3n\u201d.","potentialAction":[{"@type":"SearchAction","target":{"@type":"EntryPoint","urlTemplate":"https:\/\/uniformesludo.cl\/?s={search_term_string}"},"query-input":{"@type":"PropertyValueSpecification","valueRequired":true,"valueName":"search_term_string"}}],"inLanguage":"es"}]}},"_links":{"self":[{"href":"https:\/\/uniformesludo.cl\/index.php\/wp-json\/wp\/v2\/product\/10019011","targetHints":{"allow":["GET"]}}],"collection":[{"href":"https:\/\/uniformesludo.cl\/index.php\/wp-json\/wp\/v2\/product"}],"about":[{"href":"https:\/\/uniformesludo.cl\/index.php\/wp-json\/wp\/v2\/types\/product"}],"replies":[{"embeddable":true,"href":"https:\/\/uniformesludo.cl\/index.php\/wp-json\/wp\/v2\/comments?post=10019011"}],"wp:featuredmedia":[{"embeddable":true,"href":"https:\/\/uniformesludo.cl\/index.php\/wp-json\/wp\/v2\/media\/10019078"}],"wp:attachment":[{"href":"https:\/\/uniformesludo.cl\/index.php\/wp-json\/wp\/v2\/media?parent=10019011"}],"wp:term":[{"taxonomy":"product_brand","embeddable":true,"href":"https:\/\/uniformesludo.cl\/index.php\/wp-json\/wp\/v2\/product_brand?post=10019011"},{"taxonomy":"product_cat","embeddable":true,"href":"https:\/\/uniformesludo.cl\/index.php\/wp-json\/wp\/v2\/product_cat?post=10019011"},{"taxonomy":"product_tag","embeddable":true,"href":"https:\/\/uniformesludo.cl\/index.php\/wp-json\/wp\/v2\/product_tag?post=10019011"}],"curies":[{"name":"wp","href":"https:\/\/api.w.org\/{rel}","templated":true}]}}