{"id":10018846,"date":"2024-09-04T16:32:00","date_gmt":"2024-09-04T16:32:00","guid":{"rendered":"https:\/\/uniformesludo.cl\/?post_type=product&#038;p=10018846"},"modified":"2024-09-05T17:15:22","modified_gmt":"2024-09-05T17:15:22","slug":"estuche-premium-con-soporte-2720","status":"publish","type":"product","link":"https:\/\/uniformesludo.cl\/index.php\/producto\/estuche-premium-con-soporte-2720\/","title":{"rendered":"Estuche Premium con Soporte 2720"},"content":{"rendered":"","protected":false},"excerpt":{"rendered":"<p><span style=\"color: #000080;\"><strong>2720<\/strong><\/span><\/p>\n<p><em>Atractivo estuche de presentaci\u00f3n de lujo con soporte.<\/em><\/p>\n<p><strong>2720-0:\u00a0 \u00a0<\/strong>260 x 210 x 33\u00a0 \u00a0 \u00a0591088695<\/p>\n<p><strong>2720-1:\u00a0 \u00a0<\/strong>230 x 190 x 33\u00a0 \u00a0 \u00a0591088696<\/p>\n<p><strong>2720-2:\u00a0 \u00a0<\/strong>210 x 170 x 33\u00a0 \u00a0 \u00a0591088697<\/p>\n","protected":false},"featured_media":10018922,"comment_status":"closed","ping_status":"closed","template":"","meta":[],"product_brand":[],"product_cat":[565],"product_tag":[],"class_list":{"0":"post-10018846","1":"product","2":"type-product","3":"status-publish","4":"has-post-thumbnail","6":"product_cat-cajas-estuches-de-presentacion","8":"first","9":"instock","10":"shipping-taxable","11":"purchasable","12":"product-type-variable"},"aioseo_notices":[],"yoast_head":"<!-- This site is optimized with the Yoast SEO plugin v26.5 - https:\/\/yoast.com\/wordpress\/plugins\/seo\/ -->\n<title>Estuche Premium con Soporte 2720 - Uniformes Ludo<\/title>\n<meta name=\"robots\" content=\"index, follow, max-snippet:-1, max-image-preview:large, max-video-preview:-1\" \/>\n<link rel=\"canonical\" href=\"https:\/\/uniformesludo.cl\/index.php\/producto\/estuche-premium-con-soporte-2720\/\" \/>\n<meta property=\"og:locale\" content=\"es_ES\" \/>\n<meta property=\"og:type\" content=\"article\" \/>\n<meta property=\"og:title\" content=\"Estuche Premium con Soporte 2720 - Uniformes Ludo\" \/>\n<meta property=\"og:description\" content=\"2720  Atractivo estuche de presentaci\u00f3n de lujo con soporte.  2720-0:\u00a0 \u00a0260 x 210 x 33\u00a0 \u00a0 \u00a0591088695  2720-1:\u00a0 \u00a0230 x 190 x 33\u00a0 \u00a0 \u00a0591088696  2720-2:\u00a0 \u00a0210 x 170 x 33\u00a0 \u00a0 \u00a0591088697\" \/>\n<meta property=\"og:url\" content=\"https:\/\/uniformesludo.cl\/index.php\/producto\/estuche-premium-con-soporte-2720\/\" \/>\n<meta property=\"og:site_name\" content=\"Uniformes Ludo\" \/>\n<meta property=\"article:modified_time\" content=\"2024-09-05T17:15:22+00:00\" \/>\n<meta property=\"og:image\" content=\"https:\/\/uniformesludo.cl\/wp-content\/uploads\/2024\/09\/2720-C.jpg\" \/>\n\t<meta property=\"og:image:width\" content=\"600\" \/>\n\t<meta property=\"og:image:height\" content=\"600\" \/>\n\t<meta property=\"og:image:type\" content=\"image\/jpeg\" \/>\n<meta name=\"twitter:card\" content=\"summary_large_image\" \/>\n<script type=\"application\/ld+json\" class=\"yoast-schema-graph\">{\"@context\":\"https:\/\/schema.org\",\"@graph\":[{\"@type\":\"WebPage\",\"@id\":\"https:\/\/uniformesludo.cl\/index.php\/producto\/estuche-premium-con-soporte-2720\/\",\"url\":\"https:\/\/uniformesludo.cl\/index.php\/producto\/estuche-premium-con-soporte-2720\/\",\"name\":\"Estuche Premium con Soporte 2720 - Uniformes Ludo\",\"isPartOf\":{\"@id\":\"https:\/\/uniformesludo.cl\/#website\"},\"primaryImageOfPage\":{\"@id\":\"https:\/\/uniformesludo.cl\/index.php\/producto\/estuche-premium-con-soporte-2720\/#primaryimage\"},\"image\":{\"@id\":\"https:\/\/uniformesludo.cl\/index.php\/producto\/estuche-premium-con-soporte-2720\/#primaryimage\"},\"thumbnailUrl\":\"https:\/\/uniformesludo.cl\/wp-content\/uploads\/2024\/09\/2720-C.jpg\",\"datePublished\":\"2024-09-04T16:32:00+00:00\",\"dateModified\":\"2024-09-05T17:15:22+00:00\",\"breadcrumb\":{\"@id\":\"https:\/\/uniformesludo.cl\/index.php\/producto\/estuche-premium-con-soporte-2720\/#breadcrumb\"},\"inLanguage\":\"es\",\"potentialAction\":[{\"@type\":\"ReadAction\",\"target\":[\"https:\/\/uniformesludo.cl\/index.php\/producto\/estuche-premium-con-soporte-2720\/\"]}]},{\"@type\":\"ImageObject\",\"inLanguage\":\"es\",\"@id\":\"https:\/\/uniformesludo.cl\/index.php\/producto\/estuche-premium-con-soporte-2720\/#primaryimage\",\"url\":\"https:\/\/uniformesludo.cl\/wp-content\/uploads\/2024\/09\/2720-C.jpg\",\"contentUrl\":\"https:\/\/uniformesludo.cl\/wp-content\/uploads\/2024\/09\/2720-C.jpg\",\"width\":600,\"height\":600},{\"@type\":\"BreadcrumbList\",\"@id\":\"https:\/\/uniformesludo.cl\/index.php\/producto\/estuche-premium-con-soporte-2720\/#breadcrumb\",\"itemListElement\":[{\"@type\":\"ListItem\",\"position\":1,\"name\":\"Portada\",\"item\":\"https:\/\/uniformesludo.cl\/\"},{\"@type\":\"ListItem\",\"position\":2,\"name\":\"Tienda\",\"item\":\"https:\/\/uniformesludo.cl\/index.php\/tienda\/\"},{\"@type\":\"ListItem\",\"position\":3,\"name\":\"Estuche Premium con Soporte 2720\"}]},{\"@type\":\"WebSite\",\"@id\":\"https:\/\/uniformesludo.cl\/#website\",\"url\":\"https:\/\/uniformesludo.cl\/\",\"name\":\"Uniformes Ludo\",\"description\":\"Es una de las empresas comercializadoras de Ropa de trabajo, confecci\u00f3n, productos de protecci\u00f3n, prevenci\u00f3n y seguridad una de las m\u00e1s importantes de nuestro pa\u00eds, reconocida a nivel Nacional, con numerosos clientes a lo largo de Chile que avalan su compromiso de calidad. De igual forma, existe una permanente preocupaci\u00f3n por mantener un servicio integral de excelencia que permita identificarnos como \u201cel mejor equipo, la mejor empresa e inversi\u00f3n\u201d.\",\"potentialAction\":[{\"@type\":\"SearchAction\",\"target\":{\"@type\":\"EntryPoint\",\"urlTemplate\":\"https:\/\/uniformesludo.cl\/?s={search_term_string}\"},\"query-input\":{\"@type\":\"PropertyValueSpecification\",\"valueRequired\":true,\"valueName\":\"search_term_string\"}}],\"inLanguage\":\"es\"}]}<\/script>\n<!-- \/ Yoast SEO plugin. -->","yoast_head_json":{"title":"Estuche Premium con Soporte 2720 - Uniformes Ludo","robots":{"index":"index","follow":"follow","max-snippet":"max-snippet:-1","max-image-preview":"max-image-preview:large","max-video-preview":"max-video-preview:-1"},"canonical":"https:\/\/uniformesludo.cl\/index.php\/producto\/estuche-premium-con-soporte-2720\/","og_locale":"es_ES","og_type":"article","og_title":"Estuche Premium con Soporte 2720 - Uniformes Ludo","og_description":"2720  Atractivo estuche de presentaci\u00f3n de lujo con soporte.  2720-0:\u00a0 \u00a0260 x 210 x 33\u00a0 \u00a0 \u00a0591088695  2720-1:\u00a0 \u00a0230 x 190 x 33\u00a0 \u00a0 \u00a0591088696  2720-2:\u00a0 \u00a0210 x 170 x 33\u00a0 \u00a0 \u00a0591088697","og_url":"https:\/\/uniformesludo.cl\/index.php\/producto\/estuche-premium-con-soporte-2720\/","og_site_name":"Uniformes Ludo","article_modified_time":"2024-09-05T17:15:22+00:00","og_image":[{"width":600,"height":600,"url":"https:\/\/uniformesludo.cl\/wp-content\/uploads\/2024\/09\/2720-C.jpg","type":"image\/jpeg"}],"twitter_card":"summary_large_image","schema":{"@context":"https:\/\/schema.org","@graph":[{"@type":"WebPage","@id":"https:\/\/uniformesludo.cl\/index.php\/producto\/estuche-premium-con-soporte-2720\/","url":"https:\/\/uniformesludo.cl\/index.php\/producto\/estuche-premium-con-soporte-2720\/","name":"Estuche Premium con Soporte 2720 - Uniformes Ludo","isPartOf":{"@id":"https:\/\/uniformesludo.cl\/#website"},"primaryImageOfPage":{"@id":"https:\/\/uniformesludo.cl\/index.php\/producto\/estuche-premium-con-soporte-2720\/#primaryimage"},"image":{"@id":"https:\/\/uniformesludo.cl\/index.php\/producto\/estuche-premium-con-soporte-2720\/#primaryimage"},"thumbnailUrl":"https:\/\/uniformesludo.cl\/wp-content\/uploads\/2024\/09\/2720-C.jpg","datePublished":"2024-09-04T16:32:00+00:00","dateModified":"2024-09-05T17:15:22+00:00","breadcrumb":{"@id":"https:\/\/uniformesludo.cl\/index.php\/producto\/estuche-premium-con-soporte-2720\/#breadcrumb"},"inLanguage":"es","potentialAction":[{"@type":"ReadAction","target":["https:\/\/uniformesludo.cl\/index.php\/producto\/estuche-premium-con-soporte-2720\/"]}]},{"@type":"ImageObject","inLanguage":"es","@id":"https:\/\/uniformesludo.cl\/index.php\/producto\/estuche-premium-con-soporte-2720\/#primaryimage","url":"https:\/\/uniformesludo.cl\/wp-content\/uploads\/2024\/09\/2720-C.jpg","contentUrl":"https:\/\/uniformesludo.cl\/wp-content\/uploads\/2024\/09\/2720-C.jpg","width":600,"height":600},{"@type":"BreadcrumbList","@id":"https:\/\/uniformesludo.cl\/index.php\/producto\/estuche-premium-con-soporte-2720\/#breadcrumb","itemListElement":[{"@type":"ListItem","position":1,"name":"Portada","item":"https:\/\/uniformesludo.cl\/"},{"@type":"ListItem","position":2,"name":"Tienda","item":"https:\/\/uniformesludo.cl\/index.php\/tienda\/"},{"@type":"ListItem","position":3,"name":"Estuche Premium con Soporte 2720"}]},{"@type":"WebSite","@id":"https:\/\/uniformesludo.cl\/#website","url":"https:\/\/uniformesludo.cl\/","name":"Uniformes Ludo","description":"Es una de las empresas comercializadoras de Ropa de trabajo, confecci\u00f3n, productos de protecci\u00f3n, prevenci\u00f3n y seguridad una de las m\u00e1s importantes de nuestro pa\u00eds, reconocida a nivel Nacional, con numerosos clientes a lo largo de Chile que avalan su compromiso de calidad. De igual forma, existe una permanente preocupaci\u00f3n por mantener un servicio integral de excelencia que permita identificarnos como \u201cel mejor equipo, la mejor empresa e inversi\u00f3n\u201d.","potentialAction":[{"@type":"SearchAction","target":{"@type":"EntryPoint","urlTemplate":"https:\/\/uniformesludo.cl\/?s={search_term_string}"},"query-input":{"@type":"PropertyValueSpecification","valueRequired":true,"valueName":"search_term_string"}}],"inLanguage":"es"}]}},"_links":{"self":[{"href":"https:\/\/uniformesludo.cl\/index.php\/wp-json\/wp\/v2\/product\/10018846","targetHints":{"allow":["GET"]}}],"collection":[{"href":"https:\/\/uniformesludo.cl\/index.php\/wp-json\/wp\/v2\/product"}],"about":[{"href":"https:\/\/uniformesludo.cl\/index.php\/wp-json\/wp\/v2\/types\/product"}],"replies":[{"embeddable":true,"href":"https:\/\/uniformesludo.cl\/index.php\/wp-json\/wp\/v2\/comments?post=10018846"}],"wp:featuredmedia":[{"embeddable":true,"href":"https:\/\/uniformesludo.cl\/index.php\/wp-json\/wp\/v2\/media\/10018922"}],"wp:attachment":[{"href":"https:\/\/uniformesludo.cl\/index.php\/wp-json\/wp\/v2\/media?parent=10018846"}],"wp:term":[{"taxonomy":"product_brand","embeddable":true,"href":"https:\/\/uniformesludo.cl\/index.php\/wp-json\/wp\/v2\/product_brand?post=10018846"},{"taxonomy":"product_cat","embeddable":true,"href":"https:\/\/uniformesludo.cl\/index.php\/wp-json\/wp\/v2\/product_cat?post=10018846"},{"taxonomy":"product_tag","embeddable":true,"href":"https:\/\/uniformesludo.cl\/index.php\/wp-json\/wp\/v2\/product_tag?post=10018846"}],"curies":[{"name":"wp","href":"https:\/\/api.w.org\/{rel}","templated":true}]}}