{"id":10018843,"date":"2024-09-04T16:32:00","date_gmt":"2024-09-04T16:32:00","guid":{"rendered":"https:\/\/uniformesludo.cl\/?post_type=product&#038;p=10018843"},"modified":"2024-09-05T17:15:17","modified_gmt":"2024-09-05T17:15:17","slug":"galvano-cristal-rectangular-2375","status":"publish","type":"product","link":"https:\/\/uniformesludo.cl\/index.php\/producto\/galvano-cristal-rectangular-2375\/","title":{"rendered":"Galvano Cristal Rectangular 2375"},"content":{"rendered":"","protected":false},"excerpt":{"rendered":"<p><span style=\"color: #000080;\"><strong>2375<\/strong><\/span><\/p>\n<p><em>Galvano de cristal con un alto \u00edndice de refracci\u00f3n. Perfecto para grabado l\u00e1ser. Presentaci\u00f3n en caja de cart\u00f3n blanca.<\/em><\/p>\n<p>Cristal de 5mm de espesor.<\/p>\n<p><strong>2375-0:\u00a0 \u00a0<\/strong>175 x 110 x 5 mm.\u00a0 \u00a0 \u00a0 \u00a0Pak.36\u00a0 \u00a0 591088650<\/p>\n<p><strong>2375-2:\u00a0 \u00a0<\/strong>135 x 90 x 5 mm.\u00a0 \u00a0 \u00a0 \u00a0 \u00a0Pak.48\u00a0 \u00a0 591088652<\/p>\n<p><img loading=\"lazy\" decoding=\"async\" class=\"alignnone size-full wp-image-509\" src=\"http:\/\/imblasco.cl\/regalos\/wp-content\/uploads\/2019\/06\/laser.png\" alt=\"\" width=\"71\" height=\"71\" \/><\/p>\n","protected":false},"featured_media":10018910,"comment_status":"closed","ping_status":"closed","template":"","meta":[],"product_brand":[],"product_cat":[850,602],"product_tag":[],"class_list":{"0":"post-10018843","1":"product","2":"type-product","3":"status-publish","4":"has-post-thumbnail","6":"product_cat-cristales-2023","7":"product_cat-galvanos-de-cristal","9":"first","10":"instock","11":"shipping-taxable","12":"purchasable","13":"product-type-variable"},"aioseo_notices":[],"yoast_head":"<!-- This site is optimized with the Yoast SEO plugin v26.5 - https:\/\/yoast.com\/wordpress\/plugins\/seo\/ -->\n<title>Galvano Cristal Rectangular 2375 - Uniformes Ludo<\/title>\n<meta name=\"robots\" content=\"index, follow, max-snippet:-1, max-image-preview:large, max-video-preview:-1\" \/>\n<link rel=\"canonical\" href=\"https:\/\/uniformesludo.cl\/index.php\/producto\/galvano-cristal-rectangular-2375\/\" \/>\n<meta property=\"og:locale\" content=\"es_ES\" \/>\n<meta property=\"og:type\" content=\"article\" \/>\n<meta property=\"og:title\" content=\"Galvano Cristal Rectangular 2375 - Uniformes Ludo\" \/>\n<meta property=\"og:description\" content=\"2375  Galvano de cristal con un alto \u00edndice de refracci\u00f3n. Perfecto para grabado l\u00e1ser. Presentaci\u00f3n en caja de cart\u00f3n blanca.  Cristal de 5mm de espesor.  2375-0:\u00a0 \u00a0175 x 110 x 5 mm.\u00a0 \u00a0 \u00a0 \u00a0Pak.36\u00a0 \u00a0 591088650  2375-2:\u00a0 \u00a0135 x 90 x 5 mm.\u00a0 \u00a0 \u00a0 \u00a0 \u00a0Pak.48\u00a0 \u00a0 591088652\" \/>\n<meta property=\"og:url\" content=\"https:\/\/uniformesludo.cl\/index.php\/producto\/galvano-cristal-rectangular-2375\/\" \/>\n<meta property=\"og:site_name\" content=\"Uniformes Ludo\" \/>\n<meta property=\"article:modified_time\" content=\"2024-09-05T17:15:17+00:00\" \/>\n<meta property=\"og:image\" content=\"https:\/\/uniformesludo.cl\/wp-content\/uploads\/2024\/09\/2375-CAJA.jpg\" \/>\n\t<meta property=\"og:image:width\" content=\"600\" \/>\n\t<meta property=\"og:image:height\" content=\"563\" \/>\n\t<meta property=\"og:image:type\" content=\"image\/jpeg\" \/>\n<meta name=\"twitter:card\" content=\"summary_large_image\" \/>\n<script type=\"application\/ld+json\" class=\"yoast-schema-graph\">{\"@context\":\"https:\/\/schema.org\",\"@graph\":[{\"@type\":\"WebPage\",\"@id\":\"https:\/\/uniformesludo.cl\/index.php\/producto\/galvano-cristal-rectangular-2375\/\",\"url\":\"https:\/\/uniformesludo.cl\/index.php\/producto\/galvano-cristal-rectangular-2375\/\",\"name\":\"Galvano Cristal Rectangular 2375 - Uniformes Ludo\",\"isPartOf\":{\"@id\":\"https:\/\/uniformesludo.cl\/#website\"},\"primaryImageOfPage\":{\"@id\":\"https:\/\/uniformesludo.cl\/index.php\/producto\/galvano-cristal-rectangular-2375\/#primaryimage\"},\"image\":{\"@id\":\"https:\/\/uniformesludo.cl\/index.php\/producto\/galvano-cristal-rectangular-2375\/#primaryimage\"},\"thumbnailUrl\":\"https:\/\/uniformesludo.cl\/wp-content\/uploads\/2024\/09\/2375-CAJA.jpg\",\"datePublished\":\"2024-09-04T16:32:00+00:00\",\"dateModified\":\"2024-09-05T17:15:17+00:00\",\"breadcrumb\":{\"@id\":\"https:\/\/uniformesludo.cl\/index.php\/producto\/galvano-cristal-rectangular-2375\/#breadcrumb\"},\"inLanguage\":\"es\",\"potentialAction\":[{\"@type\":\"ReadAction\",\"target\":[\"https:\/\/uniformesludo.cl\/index.php\/producto\/galvano-cristal-rectangular-2375\/\"]}]},{\"@type\":\"ImageObject\",\"inLanguage\":\"es\",\"@id\":\"https:\/\/uniformesludo.cl\/index.php\/producto\/galvano-cristal-rectangular-2375\/#primaryimage\",\"url\":\"https:\/\/uniformesludo.cl\/wp-content\/uploads\/2024\/09\/2375-CAJA.jpg\",\"contentUrl\":\"https:\/\/uniformesludo.cl\/wp-content\/uploads\/2024\/09\/2375-CAJA.jpg\",\"width\":600,\"height\":563},{\"@type\":\"BreadcrumbList\",\"@id\":\"https:\/\/uniformesludo.cl\/index.php\/producto\/galvano-cristal-rectangular-2375\/#breadcrumb\",\"itemListElement\":[{\"@type\":\"ListItem\",\"position\":1,\"name\":\"Portada\",\"item\":\"https:\/\/uniformesludo.cl\/\"},{\"@type\":\"ListItem\",\"position\":2,\"name\":\"Tienda\",\"item\":\"https:\/\/uniformesludo.cl\/index.php\/tienda\/\"},{\"@type\":\"ListItem\",\"position\":3,\"name\":\"Galvano Cristal Rectangular 2375\"}]},{\"@type\":\"WebSite\",\"@id\":\"https:\/\/uniformesludo.cl\/#website\",\"url\":\"https:\/\/uniformesludo.cl\/\",\"name\":\"Uniformes Ludo\",\"description\":\"Es una de las empresas comercializadoras de Ropa de trabajo, confecci\u00f3n, productos de protecci\u00f3n, prevenci\u00f3n y seguridad una de las m\u00e1s importantes de nuestro pa\u00eds, reconocida a nivel Nacional, con numerosos clientes a lo largo de Chile que avalan su compromiso de calidad. De igual forma, existe una permanente preocupaci\u00f3n por mantener un servicio integral de excelencia que permita identificarnos como \u201cel mejor equipo, la mejor empresa e inversi\u00f3n\u201d.\",\"potentialAction\":[{\"@type\":\"SearchAction\",\"target\":{\"@type\":\"EntryPoint\",\"urlTemplate\":\"https:\/\/uniformesludo.cl\/?s={search_term_string}\"},\"query-input\":{\"@type\":\"PropertyValueSpecification\",\"valueRequired\":true,\"valueName\":\"search_term_string\"}}],\"inLanguage\":\"es\"}]}<\/script>\n<!-- \/ Yoast SEO plugin. -->","yoast_head_json":{"title":"Galvano Cristal Rectangular 2375 - Uniformes Ludo","robots":{"index":"index","follow":"follow","max-snippet":"max-snippet:-1","max-image-preview":"max-image-preview:large","max-video-preview":"max-video-preview:-1"},"canonical":"https:\/\/uniformesludo.cl\/index.php\/producto\/galvano-cristal-rectangular-2375\/","og_locale":"es_ES","og_type":"article","og_title":"Galvano Cristal Rectangular 2375 - Uniformes Ludo","og_description":"2375  Galvano de cristal con un alto \u00edndice de refracci\u00f3n. Perfecto para grabado l\u00e1ser. Presentaci\u00f3n en caja de cart\u00f3n blanca.  Cristal de 5mm de espesor.  2375-0:\u00a0 \u00a0175 x 110 x 5 mm.\u00a0 \u00a0 \u00a0 \u00a0Pak.36\u00a0 \u00a0 591088650  2375-2:\u00a0 \u00a0135 x 90 x 5 mm.\u00a0 \u00a0 \u00a0 \u00a0 \u00a0Pak.48\u00a0 \u00a0 591088652","og_url":"https:\/\/uniformesludo.cl\/index.php\/producto\/galvano-cristal-rectangular-2375\/","og_site_name":"Uniformes Ludo","article_modified_time":"2024-09-05T17:15:17+00:00","og_image":[{"width":600,"height":563,"url":"https:\/\/uniformesludo.cl\/wp-content\/uploads\/2024\/09\/2375-CAJA.jpg","type":"image\/jpeg"}],"twitter_card":"summary_large_image","schema":{"@context":"https:\/\/schema.org","@graph":[{"@type":"WebPage","@id":"https:\/\/uniformesludo.cl\/index.php\/producto\/galvano-cristal-rectangular-2375\/","url":"https:\/\/uniformesludo.cl\/index.php\/producto\/galvano-cristal-rectangular-2375\/","name":"Galvano Cristal Rectangular 2375 - Uniformes Ludo","isPartOf":{"@id":"https:\/\/uniformesludo.cl\/#website"},"primaryImageOfPage":{"@id":"https:\/\/uniformesludo.cl\/index.php\/producto\/galvano-cristal-rectangular-2375\/#primaryimage"},"image":{"@id":"https:\/\/uniformesludo.cl\/index.php\/producto\/galvano-cristal-rectangular-2375\/#primaryimage"},"thumbnailUrl":"https:\/\/uniformesludo.cl\/wp-content\/uploads\/2024\/09\/2375-CAJA.jpg","datePublished":"2024-09-04T16:32:00+00:00","dateModified":"2024-09-05T17:15:17+00:00","breadcrumb":{"@id":"https:\/\/uniformesludo.cl\/index.php\/producto\/galvano-cristal-rectangular-2375\/#breadcrumb"},"inLanguage":"es","potentialAction":[{"@type":"ReadAction","target":["https:\/\/uniformesludo.cl\/index.php\/producto\/galvano-cristal-rectangular-2375\/"]}]},{"@type":"ImageObject","inLanguage":"es","@id":"https:\/\/uniformesludo.cl\/index.php\/producto\/galvano-cristal-rectangular-2375\/#primaryimage","url":"https:\/\/uniformesludo.cl\/wp-content\/uploads\/2024\/09\/2375-CAJA.jpg","contentUrl":"https:\/\/uniformesludo.cl\/wp-content\/uploads\/2024\/09\/2375-CAJA.jpg","width":600,"height":563},{"@type":"BreadcrumbList","@id":"https:\/\/uniformesludo.cl\/index.php\/producto\/galvano-cristal-rectangular-2375\/#breadcrumb","itemListElement":[{"@type":"ListItem","position":1,"name":"Portada","item":"https:\/\/uniformesludo.cl\/"},{"@type":"ListItem","position":2,"name":"Tienda","item":"https:\/\/uniformesludo.cl\/index.php\/tienda\/"},{"@type":"ListItem","position":3,"name":"Galvano Cristal Rectangular 2375"}]},{"@type":"WebSite","@id":"https:\/\/uniformesludo.cl\/#website","url":"https:\/\/uniformesludo.cl\/","name":"Uniformes Ludo","description":"Es una de las empresas comercializadoras de Ropa de trabajo, confecci\u00f3n, productos de protecci\u00f3n, prevenci\u00f3n y seguridad una de las m\u00e1s importantes de nuestro pa\u00eds, reconocida a nivel Nacional, con numerosos clientes a lo largo de Chile que avalan su compromiso de calidad. De igual forma, existe una permanente preocupaci\u00f3n por mantener un servicio integral de excelencia que permita identificarnos como \u201cel mejor equipo, la mejor empresa e inversi\u00f3n\u201d.","potentialAction":[{"@type":"SearchAction","target":{"@type":"EntryPoint","urlTemplate":"https:\/\/uniformesludo.cl\/?s={search_term_string}"},"query-input":{"@type":"PropertyValueSpecification","valueRequired":true,"valueName":"search_term_string"}}],"inLanguage":"es"}]}},"_links":{"self":[{"href":"https:\/\/uniformesludo.cl\/index.php\/wp-json\/wp\/v2\/product\/10018843","targetHints":{"allow":["GET"]}}],"collection":[{"href":"https:\/\/uniformesludo.cl\/index.php\/wp-json\/wp\/v2\/product"}],"about":[{"href":"https:\/\/uniformesludo.cl\/index.php\/wp-json\/wp\/v2\/types\/product"}],"replies":[{"embeddable":true,"href":"https:\/\/uniformesludo.cl\/index.php\/wp-json\/wp\/v2\/comments?post=10018843"}],"wp:featuredmedia":[{"embeddable":true,"href":"https:\/\/uniformesludo.cl\/index.php\/wp-json\/wp\/v2\/media\/10018910"}],"wp:attachment":[{"href":"https:\/\/uniformesludo.cl\/index.php\/wp-json\/wp\/v2\/media?parent=10018843"}],"wp:term":[{"taxonomy":"product_brand","embeddable":true,"href":"https:\/\/uniformesludo.cl\/index.php\/wp-json\/wp\/v2\/product_brand?post=10018843"},{"taxonomy":"product_cat","embeddable":true,"href":"https:\/\/uniformesludo.cl\/index.php\/wp-json\/wp\/v2\/product_cat?post=10018843"},{"taxonomy":"product_tag","embeddable":true,"href":"https:\/\/uniformesludo.cl\/index.php\/wp-json\/wp\/v2\/product_tag?post=10018843"}],"curies":[{"name":"wp","href":"https:\/\/api.w.org\/{rel}","templated":true}]}}