{"id":10018813,"date":"2024-09-04T16:31:36","date_gmt":"2024-09-04T16:31:36","guid":{"rendered":"https:\/\/uniformesludo.cl\/?post_type=product&#038;p=10018813"},"modified":"2024-09-05T17:15:16","modified_gmt":"2024-09-05T17:15:16","slug":"galvano-cristal-octagonal-2349","status":"publish","type":"product","link":"https:\/\/uniformesludo.cl\/index.php\/producto\/galvano-cristal-octagonal-2349\/","title":{"rendered":"Galvano Cristal Octagonal 2349"},"content":{"rendered":"","protected":false},"excerpt":{"rendered":"<p><span style=\"color: #000080;\"><strong>2349<\/strong><\/span><\/p>\n<p><em>Galvano de cristal con un alto \u00edndice de refracci\u00f3n. Perfecto para grabado l\u00e1ser. Presentaci\u00f3n\u00a0 en estuche azul con interior de pa\u00f1o de seda y protecci\u00f3n de aislapol.<\/em><\/p>\n<p>Cristal de 10mm de espesor.<\/p>\n<p><strong>2349-0:\u00a0 \u00a0<\/strong>170 x 160 x 10 mm.\u00a0 \u00a0 \u00a0 Pak.12\u00a0 \u00a0 591088615<\/p>\n<p><strong>2349-1:\u00a0 \u00a0<\/strong>150 x 140 x 10 mm.\u00a0 \u00a0 \u00a0 Pak.20\u00a0 \u00a0 591088616<\/p>\n<p><strong>2349-2:\u00a0 \u00a0<\/strong>130 x 120 x 10 mm.\u00a0 \u00a0 \u00a0 Pak.20\u00a0 \u00a0 591088617<\/p>\n<p><strong>2349-3:\u00a0 \u00a0<\/strong>110 x 100 x 10 mm.\u00a0 \u00a0 \u00a0 Pak.20\u00a0 \u00a0 591088618<\/p>\n<p><img loading=\"lazy\" decoding=\"async\" class=\"alignnone size-full wp-image-509\" src=\"http:\/\/imblasco.cl\/regalos\/wp-content\/uploads\/2019\/06\/laser.png\" alt=\"\" width=\"71\" height=\"71\" \/><\/p>\n","protected":false},"featured_media":10018869,"comment_status":"closed","ping_status":"closed","template":"","meta":[],"product_brand":[],"product_cat":[850,602],"product_tag":[],"class_list":{"0":"post-10018813","1":"product","2":"type-product","3":"status-publish","4":"has-post-thumbnail","6":"product_cat-cristales-2023","7":"product_cat-galvanos-de-cristal","9":"first","10":"instock","11":"shipping-taxable","12":"purchasable","13":"product-type-variable"},"aioseo_notices":[],"yoast_head":"<!-- This site is optimized with the Yoast SEO plugin v26.5 - https:\/\/yoast.com\/wordpress\/plugins\/seo\/ -->\n<title>Galvano Cristal Octagonal 2349 - Uniformes Ludo<\/title>\n<meta name=\"robots\" content=\"index, follow, max-snippet:-1, max-image-preview:large, max-video-preview:-1\" \/>\n<link rel=\"canonical\" href=\"https:\/\/uniformesludo.cl\/index.php\/producto\/galvano-cristal-octagonal-2349\/\" \/>\n<meta property=\"og:locale\" content=\"es_ES\" \/>\n<meta property=\"og:type\" content=\"article\" \/>\n<meta property=\"og:title\" content=\"Galvano Cristal Octagonal 2349 - Uniformes Ludo\" \/>\n<meta property=\"og:description\" content=\"2349  Galvano de cristal con un alto \u00edndice de refracci\u00f3n. Perfecto para grabado l\u00e1ser. Presentaci\u00f3n\u00a0 en estuche azul con interior de pa\u00f1o de seda y protecci\u00f3n de aislapol.  Cristal de 10mm de espesor.  2349-0:\u00a0 \u00a0170 x 160 x 10 mm.\u00a0 \u00a0 \u00a0 Pak.12\u00a0 \u00a0 591088615  2349-1:\u00a0 \u00a0150 x 140 x 10 mm.\u00a0 \u00a0 \u00a0 Pak.20\u00a0 \u00a0 591088616  2349-2:\u00a0 \u00a0130 x 120 x 10 mm.\u00a0 \u00a0 \u00a0 Pak.20\u00a0 \u00a0 591088617  2349-3:\u00a0 \u00a0110 x 100 x 10 mm.\u00a0 \u00a0 \u00a0 Pak.20\u00a0 \u00a0 591088618\" \/>\n<meta property=\"og:url\" content=\"https:\/\/uniformesludo.cl\/index.php\/producto\/galvano-cristal-octagonal-2349\/\" \/>\n<meta property=\"og:site_name\" content=\"Uniformes Ludo\" \/>\n<meta property=\"article:modified_time\" content=\"2024-09-05T17:15:16+00:00\" \/>\n<meta property=\"og:image\" content=\"https:\/\/uniformesludo.cl\/wp-content\/uploads\/2024\/09\/2349-CAJA.jpeg\" \/>\n\t<meta property=\"og:image:width\" content=\"600\" \/>\n\t<meta property=\"og:image:height\" content=\"600\" \/>\n\t<meta property=\"og:image:type\" content=\"image\/jpeg\" \/>\n<meta name=\"twitter:card\" content=\"summary_large_image\" \/>\n<script type=\"application\/ld+json\" class=\"yoast-schema-graph\">{\"@context\":\"https:\/\/schema.org\",\"@graph\":[{\"@type\":\"WebPage\",\"@id\":\"https:\/\/uniformesludo.cl\/index.php\/producto\/galvano-cristal-octagonal-2349\/\",\"url\":\"https:\/\/uniformesludo.cl\/index.php\/producto\/galvano-cristal-octagonal-2349\/\",\"name\":\"Galvano Cristal Octagonal 2349 - Uniformes Ludo\",\"isPartOf\":{\"@id\":\"https:\/\/uniformesludo.cl\/#website\"},\"primaryImageOfPage\":{\"@id\":\"https:\/\/uniformesludo.cl\/index.php\/producto\/galvano-cristal-octagonal-2349\/#primaryimage\"},\"image\":{\"@id\":\"https:\/\/uniformesludo.cl\/index.php\/producto\/galvano-cristal-octagonal-2349\/#primaryimage\"},\"thumbnailUrl\":\"https:\/\/uniformesludo.cl\/wp-content\/uploads\/2024\/09\/2349-CAJA.jpeg\",\"datePublished\":\"2024-09-04T16:31:36+00:00\",\"dateModified\":\"2024-09-05T17:15:16+00:00\",\"breadcrumb\":{\"@id\":\"https:\/\/uniformesludo.cl\/index.php\/producto\/galvano-cristal-octagonal-2349\/#breadcrumb\"},\"inLanguage\":\"es\",\"potentialAction\":[{\"@type\":\"ReadAction\",\"target\":[\"https:\/\/uniformesludo.cl\/index.php\/producto\/galvano-cristal-octagonal-2349\/\"]}]},{\"@type\":\"ImageObject\",\"inLanguage\":\"es\",\"@id\":\"https:\/\/uniformesludo.cl\/index.php\/producto\/galvano-cristal-octagonal-2349\/#primaryimage\",\"url\":\"https:\/\/uniformesludo.cl\/wp-content\/uploads\/2024\/09\/2349-CAJA.jpeg\",\"contentUrl\":\"https:\/\/uniformesludo.cl\/wp-content\/uploads\/2024\/09\/2349-CAJA.jpeg\",\"width\":600,\"height\":600},{\"@type\":\"BreadcrumbList\",\"@id\":\"https:\/\/uniformesludo.cl\/index.php\/producto\/galvano-cristal-octagonal-2349\/#breadcrumb\",\"itemListElement\":[{\"@type\":\"ListItem\",\"position\":1,\"name\":\"Portada\",\"item\":\"https:\/\/uniformesludo.cl\/\"},{\"@type\":\"ListItem\",\"position\":2,\"name\":\"Tienda\",\"item\":\"https:\/\/uniformesludo.cl\/index.php\/tienda\/\"},{\"@type\":\"ListItem\",\"position\":3,\"name\":\"Galvano Cristal Octagonal 2349\"}]},{\"@type\":\"WebSite\",\"@id\":\"https:\/\/uniformesludo.cl\/#website\",\"url\":\"https:\/\/uniformesludo.cl\/\",\"name\":\"Uniformes Ludo\",\"description\":\"Es una de las empresas comercializadoras de Ropa de trabajo, confecci\u00f3n, productos de protecci\u00f3n, prevenci\u00f3n y seguridad una de las m\u00e1s importantes de nuestro pa\u00eds, reconocida a nivel Nacional, con numerosos clientes a lo largo de Chile que avalan su compromiso de calidad. De igual forma, existe una permanente preocupaci\u00f3n por mantener un servicio integral de excelencia que permita identificarnos como \u201cel mejor equipo, la mejor empresa e inversi\u00f3n\u201d.\",\"potentialAction\":[{\"@type\":\"SearchAction\",\"target\":{\"@type\":\"EntryPoint\",\"urlTemplate\":\"https:\/\/uniformesludo.cl\/?s={search_term_string}\"},\"query-input\":{\"@type\":\"PropertyValueSpecification\",\"valueRequired\":true,\"valueName\":\"search_term_string\"}}],\"inLanguage\":\"es\"}]}<\/script>\n<!-- \/ Yoast SEO plugin. -->","yoast_head_json":{"title":"Galvano Cristal Octagonal 2349 - Uniformes Ludo","robots":{"index":"index","follow":"follow","max-snippet":"max-snippet:-1","max-image-preview":"max-image-preview:large","max-video-preview":"max-video-preview:-1"},"canonical":"https:\/\/uniformesludo.cl\/index.php\/producto\/galvano-cristal-octagonal-2349\/","og_locale":"es_ES","og_type":"article","og_title":"Galvano Cristal Octagonal 2349 - Uniformes Ludo","og_description":"2349  Galvano de cristal con un alto \u00edndice de refracci\u00f3n. Perfecto para grabado l\u00e1ser. Presentaci\u00f3n\u00a0 en estuche azul con interior de pa\u00f1o de seda y protecci\u00f3n de aislapol.  Cristal de 10mm de espesor.  2349-0:\u00a0 \u00a0170 x 160 x 10 mm.\u00a0 \u00a0 \u00a0 Pak.12\u00a0 \u00a0 591088615  2349-1:\u00a0 \u00a0150 x 140 x 10 mm.\u00a0 \u00a0 \u00a0 Pak.20\u00a0 \u00a0 591088616  2349-2:\u00a0 \u00a0130 x 120 x 10 mm.\u00a0 \u00a0 \u00a0 Pak.20\u00a0 \u00a0 591088617  2349-3:\u00a0 \u00a0110 x 100 x 10 mm.\u00a0 \u00a0 \u00a0 Pak.20\u00a0 \u00a0 591088618","og_url":"https:\/\/uniformesludo.cl\/index.php\/producto\/galvano-cristal-octagonal-2349\/","og_site_name":"Uniformes Ludo","article_modified_time":"2024-09-05T17:15:16+00:00","og_image":[{"width":600,"height":600,"url":"https:\/\/uniformesludo.cl\/wp-content\/uploads\/2024\/09\/2349-CAJA.jpeg","type":"image\/jpeg"}],"twitter_card":"summary_large_image","schema":{"@context":"https:\/\/schema.org","@graph":[{"@type":"WebPage","@id":"https:\/\/uniformesludo.cl\/index.php\/producto\/galvano-cristal-octagonal-2349\/","url":"https:\/\/uniformesludo.cl\/index.php\/producto\/galvano-cristal-octagonal-2349\/","name":"Galvano Cristal Octagonal 2349 - Uniformes Ludo","isPartOf":{"@id":"https:\/\/uniformesludo.cl\/#website"},"primaryImageOfPage":{"@id":"https:\/\/uniformesludo.cl\/index.php\/producto\/galvano-cristal-octagonal-2349\/#primaryimage"},"image":{"@id":"https:\/\/uniformesludo.cl\/index.php\/producto\/galvano-cristal-octagonal-2349\/#primaryimage"},"thumbnailUrl":"https:\/\/uniformesludo.cl\/wp-content\/uploads\/2024\/09\/2349-CAJA.jpeg","datePublished":"2024-09-04T16:31:36+00:00","dateModified":"2024-09-05T17:15:16+00:00","breadcrumb":{"@id":"https:\/\/uniformesludo.cl\/index.php\/producto\/galvano-cristal-octagonal-2349\/#breadcrumb"},"inLanguage":"es","potentialAction":[{"@type":"ReadAction","target":["https:\/\/uniformesludo.cl\/index.php\/producto\/galvano-cristal-octagonal-2349\/"]}]},{"@type":"ImageObject","inLanguage":"es","@id":"https:\/\/uniformesludo.cl\/index.php\/producto\/galvano-cristal-octagonal-2349\/#primaryimage","url":"https:\/\/uniformesludo.cl\/wp-content\/uploads\/2024\/09\/2349-CAJA.jpeg","contentUrl":"https:\/\/uniformesludo.cl\/wp-content\/uploads\/2024\/09\/2349-CAJA.jpeg","width":600,"height":600},{"@type":"BreadcrumbList","@id":"https:\/\/uniformesludo.cl\/index.php\/producto\/galvano-cristal-octagonal-2349\/#breadcrumb","itemListElement":[{"@type":"ListItem","position":1,"name":"Portada","item":"https:\/\/uniformesludo.cl\/"},{"@type":"ListItem","position":2,"name":"Tienda","item":"https:\/\/uniformesludo.cl\/index.php\/tienda\/"},{"@type":"ListItem","position":3,"name":"Galvano Cristal Octagonal 2349"}]},{"@type":"WebSite","@id":"https:\/\/uniformesludo.cl\/#website","url":"https:\/\/uniformesludo.cl\/","name":"Uniformes Ludo","description":"Es una de las empresas comercializadoras de Ropa de trabajo, confecci\u00f3n, productos de protecci\u00f3n, prevenci\u00f3n y seguridad una de las m\u00e1s importantes de nuestro pa\u00eds, reconocida a nivel Nacional, con numerosos clientes a lo largo de Chile que avalan su compromiso de calidad. De igual forma, existe una permanente preocupaci\u00f3n por mantener un servicio integral de excelencia que permita identificarnos como \u201cel mejor equipo, la mejor empresa e inversi\u00f3n\u201d.","potentialAction":[{"@type":"SearchAction","target":{"@type":"EntryPoint","urlTemplate":"https:\/\/uniformesludo.cl\/?s={search_term_string}"},"query-input":{"@type":"PropertyValueSpecification","valueRequired":true,"valueName":"search_term_string"}}],"inLanguage":"es"}]}},"_links":{"self":[{"href":"https:\/\/uniformesludo.cl\/index.php\/wp-json\/wp\/v2\/product\/10018813","targetHints":{"allow":["GET"]}}],"collection":[{"href":"https:\/\/uniformesludo.cl\/index.php\/wp-json\/wp\/v2\/product"}],"about":[{"href":"https:\/\/uniformesludo.cl\/index.php\/wp-json\/wp\/v2\/types\/product"}],"replies":[{"embeddable":true,"href":"https:\/\/uniformesludo.cl\/index.php\/wp-json\/wp\/v2\/comments?post=10018813"}],"wp:featuredmedia":[{"embeddable":true,"href":"https:\/\/uniformesludo.cl\/index.php\/wp-json\/wp\/v2\/media\/10018869"}],"wp:attachment":[{"href":"https:\/\/uniformesludo.cl\/index.php\/wp-json\/wp\/v2\/media?parent=10018813"}],"wp:term":[{"taxonomy":"product_brand","embeddable":true,"href":"https:\/\/uniformesludo.cl\/index.php\/wp-json\/wp\/v2\/product_brand?post=10018813"},{"taxonomy":"product_cat","embeddable":true,"href":"https:\/\/uniformesludo.cl\/index.php\/wp-json\/wp\/v2\/product_cat?post=10018813"},{"taxonomy":"product_tag","embeddable":true,"href":"https:\/\/uniformesludo.cl\/index.php\/wp-json\/wp\/v2\/product_tag?post=10018813"}],"curies":[{"name":"wp","href":"https:\/\/api.w.org\/{rel}","templated":true}]}}