{"id":10018792,"date":"2024-09-04T16:31:33","date_gmt":"2024-09-04T16:31:33","guid":{"rendered":"https:\/\/uniformesludo.cl\/?post_type=product&#038;p=10018792"},"modified":"2024-09-04T16:31:43","modified_gmt":"2024-09-04T16:31:43","slug":"mug-termico-sublimacion-m80","status":"publish","type":"product","link":"https:\/\/uniformesludo.cl\/index.php\/producto\/mug-termico-sublimacion-m80\/","title":{"rendered":"Mug T\u00e9rmico Sublimaci\u00f3n M80"},"content":{"rendered":"","protected":false},"excerpt":{"rendered":"<p><span style=\"color: #000080;\"><strong>M80<\/strong><\/span><\/p>\n<p><em>Mug t\u00e9rmico de acero inoxidable SS201 exterior,SS304 interior,para sublimaci\u00f3n. Doble pared t\u00e9rmica. Tapa, asa y base pl\u00e1stica. Capacidad de 450 ml. Presentaci\u00f3n en bolsa pl\u00e1stica dentro de caja de cart\u00f3n blanco.<\/em><\/p>\n<p>Marca <strong>Polar<\/strong>. Alta calidad sublimable.<br \/>\nInterior-Exterior SS 201.<br \/>\nCaja de 50 unidades.<\/p>\n<p>Acero Inoxidable SS201 exterior,SS304 interior.<\/p>\n<p>601063410<\/p>\n<p><img decoding=\"async\" src=\"https:\/\/imblasco.cl\/regalos\/wp-content\/uploads\/2019\/06\/sublimacion.png\" \/><\/p>\n","protected":false},"featured_media":10018824,"comment_status":"closed","ping_status":"closed","template":"","meta":[],"product_brand":[],"product_cat":[570,571,576,557,568],"product_tag":[],"class_list":{"0":"post-10018792","1":"product","2":"type-product","3":"status-publish","4":"has-post-thumbnail","6":"product_cat-botellas-mugs-tazones-termos-vasos","7":"product_cat-mugs-y-tazones","8":"product_cat-novedades","9":"product_cat-productos-para-sublimacion","10":"product_cat-regalos-y-trofeos-premium","12":"first","13":"instock","14":"shipping-taxable","15":"product-type-simple"},"aioseo_notices":[],"yoast_head":"<!-- This site is optimized with the Yoast SEO plugin v26.5 - https:\/\/yoast.com\/wordpress\/plugins\/seo\/ -->\n<title>Mug T\u00e9rmico Sublimaci\u00f3n M80 - Uniformes Ludo<\/title>\n<meta name=\"robots\" content=\"index, follow, max-snippet:-1, max-image-preview:large, max-video-preview:-1\" \/>\n<link rel=\"canonical\" href=\"https:\/\/uniformesludo.cl\/index.php\/producto\/mug-termico-sublimacion-m80\/\" \/>\n<meta property=\"og:locale\" content=\"es_ES\" \/>\n<meta property=\"og:type\" content=\"article\" \/>\n<meta property=\"og:title\" content=\"Mug T\u00e9rmico Sublimaci\u00f3n M80 - Uniformes Ludo\" \/>\n<meta property=\"og:description\" content=\"M80  Mug t\u00e9rmico de acero inoxidable SS201 exterior,SS304 interior,para sublimaci\u00f3n. Doble pared t\u00e9rmica. Tapa, asa y base pl\u00e1stica. Capacidad de 450 ml. Presentaci\u00f3n en bolsa pl\u00e1stica dentro de caja de cart\u00f3n blanco.  Marca Polar. Alta calidad sublimable. Interior-Exterior SS 201. Caja de 50 unidades.  Acero Inoxidable SS201 exterior,SS304 interior.  601063410\" \/>\n<meta property=\"og:url\" content=\"https:\/\/uniformesludo.cl\/index.php\/producto\/mug-termico-sublimacion-m80\/\" \/>\n<meta property=\"og:site_name\" content=\"Uniformes Ludo\" \/>\n<meta property=\"article:modified_time\" content=\"2024-09-04T16:31:43+00:00\" \/>\n<meta property=\"og:image\" content=\"https:\/\/uniformesludo.cl\/wp-content\/uploads\/2024\/09\/M80-SUB-portada.jpg\" \/>\n\t<meta property=\"og:image:width\" content=\"501\" \/>\n\t<meta property=\"og:image:height\" content=\"501\" \/>\n\t<meta property=\"og:image:type\" content=\"image\/jpeg\" \/>\n<meta name=\"twitter:card\" content=\"summary_large_image\" \/>\n<script type=\"application\/ld+json\" class=\"yoast-schema-graph\">{\"@context\":\"https:\/\/schema.org\",\"@graph\":[{\"@type\":\"WebPage\",\"@id\":\"https:\/\/uniformesludo.cl\/index.php\/producto\/mug-termico-sublimacion-m80\/\",\"url\":\"https:\/\/uniformesludo.cl\/index.php\/producto\/mug-termico-sublimacion-m80\/\",\"name\":\"Mug T\u00e9rmico Sublimaci\u00f3n M80 - Uniformes Ludo\",\"isPartOf\":{\"@id\":\"https:\/\/uniformesludo.cl\/#website\"},\"primaryImageOfPage\":{\"@id\":\"https:\/\/uniformesludo.cl\/index.php\/producto\/mug-termico-sublimacion-m80\/#primaryimage\"},\"image\":{\"@id\":\"https:\/\/uniformesludo.cl\/index.php\/producto\/mug-termico-sublimacion-m80\/#primaryimage\"},\"thumbnailUrl\":\"https:\/\/uniformesludo.cl\/wp-content\/uploads\/2024\/09\/M80-SUB-portada.jpg\",\"datePublished\":\"2024-09-04T16:31:33+00:00\",\"dateModified\":\"2024-09-04T16:31:43+00:00\",\"breadcrumb\":{\"@id\":\"https:\/\/uniformesludo.cl\/index.php\/producto\/mug-termico-sublimacion-m80\/#breadcrumb\"},\"inLanguage\":\"es\",\"potentialAction\":[{\"@type\":\"ReadAction\",\"target\":[\"https:\/\/uniformesludo.cl\/index.php\/producto\/mug-termico-sublimacion-m80\/\"]}]},{\"@type\":\"ImageObject\",\"inLanguage\":\"es\",\"@id\":\"https:\/\/uniformesludo.cl\/index.php\/producto\/mug-termico-sublimacion-m80\/#primaryimage\",\"url\":\"https:\/\/uniformesludo.cl\/wp-content\/uploads\/2024\/09\/M80-SUB-portada.jpg\",\"contentUrl\":\"https:\/\/uniformesludo.cl\/wp-content\/uploads\/2024\/09\/M80-SUB-portada.jpg\",\"width\":501,\"height\":501},{\"@type\":\"BreadcrumbList\",\"@id\":\"https:\/\/uniformesludo.cl\/index.php\/producto\/mug-termico-sublimacion-m80\/#breadcrumb\",\"itemListElement\":[{\"@type\":\"ListItem\",\"position\":1,\"name\":\"Portada\",\"item\":\"https:\/\/uniformesludo.cl\/\"},{\"@type\":\"ListItem\",\"position\":2,\"name\":\"Tienda\",\"item\":\"https:\/\/uniformesludo.cl\/index.php\/tienda\/\"},{\"@type\":\"ListItem\",\"position\":3,\"name\":\"Mug T\u00e9rmico Sublimaci\u00f3n M80\"}]},{\"@type\":\"WebSite\",\"@id\":\"https:\/\/uniformesludo.cl\/#website\",\"url\":\"https:\/\/uniformesludo.cl\/\",\"name\":\"Uniformes Ludo\",\"description\":\"Es una de las empresas comercializadoras de Ropa de trabajo, confecci\u00f3n, productos de protecci\u00f3n, prevenci\u00f3n y seguridad una de las m\u00e1s importantes de nuestro pa\u00eds, reconocida a nivel Nacional, con numerosos clientes a lo largo de Chile que avalan su compromiso de calidad. De igual forma, existe una permanente preocupaci\u00f3n por mantener un servicio integral de excelencia que permita identificarnos como \u201cel mejor equipo, la mejor empresa e inversi\u00f3n\u201d.\",\"potentialAction\":[{\"@type\":\"SearchAction\",\"target\":{\"@type\":\"EntryPoint\",\"urlTemplate\":\"https:\/\/uniformesludo.cl\/?s={search_term_string}\"},\"query-input\":{\"@type\":\"PropertyValueSpecification\",\"valueRequired\":true,\"valueName\":\"search_term_string\"}}],\"inLanguage\":\"es\"}]}<\/script>\n<!-- \/ Yoast SEO plugin. -->","yoast_head_json":{"title":"Mug T\u00e9rmico Sublimaci\u00f3n M80 - Uniformes Ludo","robots":{"index":"index","follow":"follow","max-snippet":"max-snippet:-1","max-image-preview":"max-image-preview:large","max-video-preview":"max-video-preview:-1"},"canonical":"https:\/\/uniformesludo.cl\/index.php\/producto\/mug-termico-sublimacion-m80\/","og_locale":"es_ES","og_type":"article","og_title":"Mug T\u00e9rmico Sublimaci\u00f3n M80 - Uniformes Ludo","og_description":"M80  Mug t\u00e9rmico de acero inoxidable SS201 exterior,SS304 interior,para sublimaci\u00f3n. Doble pared t\u00e9rmica. Tapa, asa y base pl\u00e1stica. Capacidad de 450 ml. Presentaci\u00f3n en bolsa pl\u00e1stica dentro de caja de cart\u00f3n blanco.  Marca Polar. Alta calidad sublimable. Interior-Exterior SS 201. Caja de 50 unidades.  Acero Inoxidable SS201 exterior,SS304 interior.  601063410","og_url":"https:\/\/uniformesludo.cl\/index.php\/producto\/mug-termico-sublimacion-m80\/","og_site_name":"Uniformes Ludo","article_modified_time":"2024-09-04T16:31:43+00:00","og_image":[{"width":501,"height":501,"url":"https:\/\/uniformesludo.cl\/wp-content\/uploads\/2024\/09\/M80-SUB-portada.jpg","type":"image\/jpeg"}],"twitter_card":"summary_large_image","schema":{"@context":"https:\/\/schema.org","@graph":[{"@type":"WebPage","@id":"https:\/\/uniformesludo.cl\/index.php\/producto\/mug-termico-sublimacion-m80\/","url":"https:\/\/uniformesludo.cl\/index.php\/producto\/mug-termico-sublimacion-m80\/","name":"Mug T\u00e9rmico Sublimaci\u00f3n M80 - Uniformes Ludo","isPartOf":{"@id":"https:\/\/uniformesludo.cl\/#website"},"primaryImageOfPage":{"@id":"https:\/\/uniformesludo.cl\/index.php\/producto\/mug-termico-sublimacion-m80\/#primaryimage"},"image":{"@id":"https:\/\/uniformesludo.cl\/index.php\/producto\/mug-termico-sublimacion-m80\/#primaryimage"},"thumbnailUrl":"https:\/\/uniformesludo.cl\/wp-content\/uploads\/2024\/09\/M80-SUB-portada.jpg","datePublished":"2024-09-04T16:31:33+00:00","dateModified":"2024-09-04T16:31:43+00:00","breadcrumb":{"@id":"https:\/\/uniformesludo.cl\/index.php\/producto\/mug-termico-sublimacion-m80\/#breadcrumb"},"inLanguage":"es","potentialAction":[{"@type":"ReadAction","target":["https:\/\/uniformesludo.cl\/index.php\/producto\/mug-termico-sublimacion-m80\/"]}]},{"@type":"ImageObject","inLanguage":"es","@id":"https:\/\/uniformesludo.cl\/index.php\/producto\/mug-termico-sublimacion-m80\/#primaryimage","url":"https:\/\/uniformesludo.cl\/wp-content\/uploads\/2024\/09\/M80-SUB-portada.jpg","contentUrl":"https:\/\/uniformesludo.cl\/wp-content\/uploads\/2024\/09\/M80-SUB-portada.jpg","width":501,"height":501},{"@type":"BreadcrumbList","@id":"https:\/\/uniformesludo.cl\/index.php\/producto\/mug-termico-sublimacion-m80\/#breadcrumb","itemListElement":[{"@type":"ListItem","position":1,"name":"Portada","item":"https:\/\/uniformesludo.cl\/"},{"@type":"ListItem","position":2,"name":"Tienda","item":"https:\/\/uniformesludo.cl\/index.php\/tienda\/"},{"@type":"ListItem","position":3,"name":"Mug T\u00e9rmico Sublimaci\u00f3n M80"}]},{"@type":"WebSite","@id":"https:\/\/uniformesludo.cl\/#website","url":"https:\/\/uniformesludo.cl\/","name":"Uniformes Ludo","description":"Es una de las empresas comercializadoras de Ropa de trabajo, confecci\u00f3n, productos de protecci\u00f3n, prevenci\u00f3n y seguridad una de las m\u00e1s importantes de nuestro pa\u00eds, reconocida a nivel Nacional, con numerosos clientes a lo largo de Chile que avalan su compromiso de calidad. De igual forma, existe una permanente preocupaci\u00f3n por mantener un servicio integral de excelencia que permita identificarnos como \u201cel mejor equipo, la mejor empresa e inversi\u00f3n\u201d.","potentialAction":[{"@type":"SearchAction","target":{"@type":"EntryPoint","urlTemplate":"https:\/\/uniformesludo.cl\/?s={search_term_string}"},"query-input":{"@type":"PropertyValueSpecification","valueRequired":true,"valueName":"search_term_string"}}],"inLanguage":"es"}]}},"_links":{"self":[{"href":"https:\/\/uniformesludo.cl\/index.php\/wp-json\/wp\/v2\/product\/10018792","targetHints":{"allow":["GET"]}}],"collection":[{"href":"https:\/\/uniformesludo.cl\/index.php\/wp-json\/wp\/v2\/product"}],"about":[{"href":"https:\/\/uniformesludo.cl\/index.php\/wp-json\/wp\/v2\/types\/product"}],"replies":[{"embeddable":true,"href":"https:\/\/uniformesludo.cl\/index.php\/wp-json\/wp\/v2\/comments?post=10018792"}],"wp:featuredmedia":[{"embeddable":true,"href":"https:\/\/uniformesludo.cl\/index.php\/wp-json\/wp\/v2\/media\/10018824"}],"wp:attachment":[{"href":"https:\/\/uniformesludo.cl\/index.php\/wp-json\/wp\/v2\/media?parent=10018792"}],"wp:term":[{"taxonomy":"product_brand","embeddable":true,"href":"https:\/\/uniformesludo.cl\/index.php\/wp-json\/wp\/v2\/product_brand?post=10018792"},{"taxonomy":"product_cat","embeddable":true,"href":"https:\/\/uniformesludo.cl\/index.php\/wp-json\/wp\/v2\/product_cat?post=10018792"},{"taxonomy":"product_tag","embeddable":true,"href":"https:\/\/uniformesludo.cl\/index.php\/wp-json\/wp\/v2\/product_tag?post=10018792"}],"curies":[{"name":"wp","href":"https:\/\/api.w.org\/{rel}","templated":true}]}}