{"id":10018791,"date":"2024-09-04T16:31:33","date_gmt":"2024-09-04T16:31:33","guid":{"rendered":"https:\/\/uniformesludo.cl\/?post_type=product&#038;p=10018791"},"modified":"2024-09-04T16:31:40","modified_gmt":"2024-09-04T16:31:40","slug":"schopero-empavonado-sublimacion-m70","status":"publish","type":"product","link":"https:\/\/uniformesludo.cl\/index.php\/producto\/schopero-empavonado-sublimacion-m70\/","title":{"rendered":"Schopero Empavonado Sublimaci\u00f3n M70"},"content":{"rendered":"","protected":false},"excerpt":{"rendered":"<p><span style=\"color: #000080;\"><strong>M70<\/strong><\/span><\/p>\n<p><em>Vaso Shopero de vidrio empavonado para sublimaci\u00f3n de 16oz. Capacidad de 465 ml. Presentaci\u00f3n en caja de cart\u00f3n blanca.<\/em><\/p>\n<p>Marca <strong>Polar<\/strong>. Alta calidad sublimable.<br \/>\nCaja de 24 unidades.<\/p>\n<p>601063420<\/p>\n<p><img loading=\"lazy\" decoding=\"async\" class=\"alignnone size-full wp-image-512 lazy loaded\" src=\"https:\/\/imblasco.cl\/regalos\/wp-content\/uploads\/2019\/06\/sublimacion.png\" alt=\"\" width=\"71\" height=\"71\" data-src=\"https:\/\/imblasco.cl\/regalos\/wp-content\/uploads\/2019\/06\/sublimacion.png\" data-was-processed=\"true\" \/><\/p>\n","protected":false},"featured_media":10018823,"comment_status":"closed","ping_status":"closed","template":"","meta":[],"product_brand":[],"product_cat":[504,570,571,557,598,568,590],"product_tag":[],"class_list":{"0":"post-10018791","1":"product","2":"type-product","3":"status-publish","4":"has-post-thumbnail","6":"product_cat-articulos-publicitarios","7":"product_cat-botellas-mugs-tazones-termos-vasos","8":"product_cat-mugs-y-tazones","9":"product_cat-productos-para-sublimacion","10":"product_cat-recipientes-de-vidrio","11":"product_cat-regalos-y-trofeos-premium","12":"product_cat-set-parrillero-destapadores-posavasos","14":"first","15":"instock","16":"shipping-taxable","17":"product-type-simple"},"aioseo_notices":[],"yoast_head":"<!-- This site is optimized with the Yoast SEO plugin v26.5 - https:\/\/yoast.com\/wordpress\/plugins\/seo\/ -->\n<title>Schopero Empavonado Sublimaci\u00f3n M70 - Uniformes Ludo<\/title>\n<meta name=\"robots\" content=\"index, follow, max-snippet:-1, max-image-preview:large, max-video-preview:-1\" \/>\n<link rel=\"canonical\" href=\"https:\/\/uniformesludo.cl\/index.php\/producto\/schopero-empavonado-sublimacion-m70\/\" \/>\n<meta property=\"og:locale\" content=\"es_ES\" \/>\n<meta property=\"og:type\" content=\"article\" \/>\n<meta property=\"og:title\" content=\"Schopero Empavonado Sublimaci\u00f3n M70 - Uniformes Ludo\" \/>\n<meta property=\"og:description\" content=\"M70  Vaso Shopero de vidrio empavonado para sublimaci\u00f3n de 16oz. Capacidad de 465 ml. Presentaci\u00f3n en caja de cart\u00f3n blanca.  Marca Polar. Alta calidad sublimable. Caja de 24 unidades.  601063420\" \/>\n<meta property=\"og:url\" content=\"https:\/\/uniformesludo.cl\/index.php\/producto\/schopero-empavonado-sublimacion-m70\/\" \/>\n<meta property=\"og:site_name\" content=\"Uniformes Ludo\" \/>\n<meta property=\"article:modified_time\" content=\"2024-09-04T16:31:40+00:00\" \/>\n<meta property=\"og:image\" content=\"https:\/\/uniformesludo.cl\/wp-content\/uploads\/2024\/09\/M70-EMPAVONADO-PORTADA.jpg\" \/>\n\t<meta property=\"og:image:width\" content=\"501\" \/>\n\t<meta property=\"og:image:height\" content=\"501\" \/>\n\t<meta property=\"og:image:type\" content=\"image\/jpeg\" \/>\n<meta name=\"twitter:card\" content=\"summary_large_image\" \/>\n<script type=\"application\/ld+json\" class=\"yoast-schema-graph\">{\"@context\":\"https:\/\/schema.org\",\"@graph\":[{\"@type\":\"WebPage\",\"@id\":\"https:\/\/uniformesludo.cl\/index.php\/producto\/schopero-empavonado-sublimacion-m70\/\",\"url\":\"https:\/\/uniformesludo.cl\/index.php\/producto\/schopero-empavonado-sublimacion-m70\/\",\"name\":\"Schopero Empavonado Sublimaci\u00f3n M70 - Uniformes Ludo\",\"isPartOf\":{\"@id\":\"https:\/\/uniformesludo.cl\/#website\"},\"primaryImageOfPage\":{\"@id\":\"https:\/\/uniformesludo.cl\/index.php\/producto\/schopero-empavonado-sublimacion-m70\/#primaryimage\"},\"image\":{\"@id\":\"https:\/\/uniformesludo.cl\/index.php\/producto\/schopero-empavonado-sublimacion-m70\/#primaryimage\"},\"thumbnailUrl\":\"https:\/\/uniformesludo.cl\/wp-content\/uploads\/2024\/09\/M70-EMPAVONADO-PORTADA.jpg\",\"datePublished\":\"2024-09-04T16:31:33+00:00\",\"dateModified\":\"2024-09-04T16:31:40+00:00\",\"breadcrumb\":{\"@id\":\"https:\/\/uniformesludo.cl\/index.php\/producto\/schopero-empavonado-sublimacion-m70\/#breadcrumb\"},\"inLanguage\":\"es\",\"potentialAction\":[{\"@type\":\"ReadAction\",\"target\":[\"https:\/\/uniformesludo.cl\/index.php\/producto\/schopero-empavonado-sublimacion-m70\/\"]}]},{\"@type\":\"ImageObject\",\"inLanguage\":\"es\",\"@id\":\"https:\/\/uniformesludo.cl\/index.php\/producto\/schopero-empavonado-sublimacion-m70\/#primaryimage\",\"url\":\"https:\/\/uniformesludo.cl\/wp-content\/uploads\/2024\/09\/M70-EMPAVONADO-PORTADA.jpg\",\"contentUrl\":\"https:\/\/uniformesludo.cl\/wp-content\/uploads\/2024\/09\/M70-EMPAVONADO-PORTADA.jpg\",\"width\":501,\"height\":501},{\"@type\":\"BreadcrumbList\",\"@id\":\"https:\/\/uniformesludo.cl\/index.php\/producto\/schopero-empavonado-sublimacion-m70\/#breadcrumb\",\"itemListElement\":[{\"@type\":\"ListItem\",\"position\":1,\"name\":\"Portada\",\"item\":\"https:\/\/uniformesludo.cl\/\"},{\"@type\":\"ListItem\",\"position\":2,\"name\":\"Tienda\",\"item\":\"https:\/\/uniformesludo.cl\/index.php\/tienda\/\"},{\"@type\":\"ListItem\",\"position\":3,\"name\":\"Schopero Empavonado Sublimaci\u00f3n M70\"}]},{\"@type\":\"WebSite\",\"@id\":\"https:\/\/uniformesludo.cl\/#website\",\"url\":\"https:\/\/uniformesludo.cl\/\",\"name\":\"Uniformes Ludo\",\"description\":\"Es una de las empresas comercializadoras de Ropa de trabajo, confecci\u00f3n, productos de protecci\u00f3n, prevenci\u00f3n y seguridad una de las m\u00e1s importantes de nuestro pa\u00eds, reconocida a nivel Nacional, con numerosos clientes a lo largo de Chile que avalan su compromiso de calidad. De igual forma, existe una permanente preocupaci\u00f3n por mantener un servicio integral de excelencia que permita identificarnos como \u201cel mejor equipo, la mejor empresa e inversi\u00f3n\u201d.\",\"potentialAction\":[{\"@type\":\"SearchAction\",\"target\":{\"@type\":\"EntryPoint\",\"urlTemplate\":\"https:\/\/uniformesludo.cl\/?s={search_term_string}\"},\"query-input\":{\"@type\":\"PropertyValueSpecification\",\"valueRequired\":true,\"valueName\":\"search_term_string\"}}],\"inLanguage\":\"es\"}]}<\/script>\n<!-- \/ Yoast SEO plugin. -->","yoast_head_json":{"title":"Schopero Empavonado Sublimaci\u00f3n M70 - Uniformes Ludo","robots":{"index":"index","follow":"follow","max-snippet":"max-snippet:-1","max-image-preview":"max-image-preview:large","max-video-preview":"max-video-preview:-1"},"canonical":"https:\/\/uniformesludo.cl\/index.php\/producto\/schopero-empavonado-sublimacion-m70\/","og_locale":"es_ES","og_type":"article","og_title":"Schopero Empavonado Sublimaci\u00f3n M70 - Uniformes Ludo","og_description":"M70  Vaso Shopero de vidrio empavonado para sublimaci\u00f3n de 16oz. Capacidad de 465 ml. Presentaci\u00f3n en caja de cart\u00f3n blanca.  Marca Polar. Alta calidad sublimable. Caja de 24 unidades.  601063420","og_url":"https:\/\/uniformesludo.cl\/index.php\/producto\/schopero-empavonado-sublimacion-m70\/","og_site_name":"Uniformes Ludo","article_modified_time":"2024-09-04T16:31:40+00:00","og_image":[{"width":501,"height":501,"url":"https:\/\/uniformesludo.cl\/wp-content\/uploads\/2024\/09\/M70-EMPAVONADO-PORTADA.jpg","type":"image\/jpeg"}],"twitter_card":"summary_large_image","schema":{"@context":"https:\/\/schema.org","@graph":[{"@type":"WebPage","@id":"https:\/\/uniformesludo.cl\/index.php\/producto\/schopero-empavonado-sublimacion-m70\/","url":"https:\/\/uniformesludo.cl\/index.php\/producto\/schopero-empavonado-sublimacion-m70\/","name":"Schopero Empavonado Sublimaci\u00f3n M70 - Uniformes Ludo","isPartOf":{"@id":"https:\/\/uniformesludo.cl\/#website"},"primaryImageOfPage":{"@id":"https:\/\/uniformesludo.cl\/index.php\/producto\/schopero-empavonado-sublimacion-m70\/#primaryimage"},"image":{"@id":"https:\/\/uniformesludo.cl\/index.php\/producto\/schopero-empavonado-sublimacion-m70\/#primaryimage"},"thumbnailUrl":"https:\/\/uniformesludo.cl\/wp-content\/uploads\/2024\/09\/M70-EMPAVONADO-PORTADA.jpg","datePublished":"2024-09-04T16:31:33+00:00","dateModified":"2024-09-04T16:31:40+00:00","breadcrumb":{"@id":"https:\/\/uniformesludo.cl\/index.php\/producto\/schopero-empavonado-sublimacion-m70\/#breadcrumb"},"inLanguage":"es","potentialAction":[{"@type":"ReadAction","target":["https:\/\/uniformesludo.cl\/index.php\/producto\/schopero-empavonado-sublimacion-m70\/"]}]},{"@type":"ImageObject","inLanguage":"es","@id":"https:\/\/uniformesludo.cl\/index.php\/producto\/schopero-empavonado-sublimacion-m70\/#primaryimage","url":"https:\/\/uniformesludo.cl\/wp-content\/uploads\/2024\/09\/M70-EMPAVONADO-PORTADA.jpg","contentUrl":"https:\/\/uniformesludo.cl\/wp-content\/uploads\/2024\/09\/M70-EMPAVONADO-PORTADA.jpg","width":501,"height":501},{"@type":"BreadcrumbList","@id":"https:\/\/uniformesludo.cl\/index.php\/producto\/schopero-empavonado-sublimacion-m70\/#breadcrumb","itemListElement":[{"@type":"ListItem","position":1,"name":"Portada","item":"https:\/\/uniformesludo.cl\/"},{"@type":"ListItem","position":2,"name":"Tienda","item":"https:\/\/uniformesludo.cl\/index.php\/tienda\/"},{"@type":"ListItem","position":3,"name":"Schopero Empavonado Sublimaci\u00f3n M70"}]},{"@type":"WebSite","@id":"https:\/\/uniformesludo.cl\/#website","url":"https:\/\/uniformesludo.cl\/","name":"Uniformes Ludo","description":"Es una de las empresas comercializadoras de Ropa de trabajo, confecci\u00f3n, productos de protecci\u00f3n, prevenci\u00f3n y seguridad una de las m\u00e1s importantes de nuestro pa\u00eds, reconocida a nivel Nacional, con numerosos clientes a lo largo de Chile que avalan su compromiso de calidad. De igual forma, existe una permanente preocupaci\u00f3n por mantener un servicio integral de excelencia que permita identificarnos como \u201cel mejor equipo, la mejor empresa e inversi\u00f3n\u201d.","potentialAction":[{"@type":"SearchAction","target":{"@type":"EntryPoint","urlTemplate":"https:\/\/uniformesludo.cl\/?s={search_term_string}"},"query-input":{"@type":"PropertyValueSpecification","valueRequired":true,"valueName":"search_term_string"}}],"inLanguage":"es"}]}},"_links":{"self":[{"href":"https:\/\/uniformesludo.cl\/index.php\/wp-json\/wp\/v2\/product\/10018791","targetHints":{"allow":["GET"]}}],"collection":[{"href":"https:\/\/uniformesludo.cl\/index.php\/wp-json\/wp\/v2\/product"}],"about":[{"href":"https:\/\/uniformesludo.cl\/index.php\/wp-json\/wp\/v2\/types\/product"}],"replies":[{"embeddable":true,"href":"https:\/\/uniformesludo.cl\/index.php\/wp-json\/wp\/v2\/comments?post=10018791"}],"wp:featuredmedia":[{"embeddable":true,"href":"https:\/\/uniformesludo.cl\/index.php\/wp-json\/wp\/v2\/media\/10018823"}],"wp:attachment":[{"href":"https:\/\/uniformesludo.cl\/index.php\/wp-json\/wp\/v2\/media?parent=10018791"}],"wp:term":[{"taxonomy":"product_brand","embeddable":true,"href":"https:\/\/uniformesludo.cl\/index.php\/wp-json\/wp\/v2\/product_brand?post=10018791"},{"taxonomy":"product_cat","embeddable":true,"href":"https:\/\/uniformesludo.cl\/index.php\/wp-json\/wp\/v2\/product_cat?post=10018791"},{"taxonomy":"product_tag","embeddable":true,"href":"https:\/\/uniformesludo.cl\/index.php\/wp-json\/wp\/v2\/product_tag?post=10018791"}],"curies":[{"name":"wp","href":"https:\/\/api.w.org\/{rel}","templated":true}]}}