{"id":10018789,"date":"2024-09-04T16:31:32","date_gmt":"2024-09-04T16:31:32","guid":{"rendered":"https:\/\/uniformesludo.cl\/?post_type=product&#038;p=10018789"},"modified":"2024-09-04T16:31:38","modified_gmt":"2024-09-04T16:31:38","slug":"mouse-pad-sublimacion-mp1","status":"publish","type":"product","link":"https:\/\/uniformesludo.cl\/index.php\/producto\/mouse-pad-sublimacion-mp1\/","title":{"rendered":"Mouse Pad Sublimaci\u00f3n MP1"},"content":{"rendered":"","protected":false},"excerpt":{"rendered":"<p><span style=\"color: #000080;\"><strong>MP01<\/strong><\/span><\/p>\n<p><em>Mousepad rectangular sublimable. Presentaci\u00f3n en bolsa pl\u00e1stica.<\/em><\/p>\n<p>Dimensiones: 240 x 200 x 3 mm.<br \/>\nMarca <strong>Polar<\/strong>. Alta calidad sublimable.<br \/>\nCaja de 200 unidades.<\/p>\n<p>601063500<\/p>\n<p><img loading=\"lazy\" decoding=\"async\" class=\"alignnone size-full wp-image-512 lazy loaded\" src=\"https:\/\/imblasco.cl\/regalos\/wp-content\/uploads\/2019\/06\/sublimacion.png\" alt=\"\" width=\"71\" height=\"71\" data-src=\"https:\/\/imblasco.cl\/regalos\/wp-content\/uploads\/2019\/06\/sublimacion.png\" data-was-processed=\"true\" \/><\/p>\n","protected":false},"featured_media":10018819,"comment_status":"closed","ping_status":"closed","template":"","meta":[],"product_brand":[],"product_cat":[578,576,849,557],"product_tag":[],"class_list":{"0":"post-10018789","1":"product","2":"type-product","3":"status-publish","4":"has-post-thumbnail","6":"product_cat-accesorios-herramientas","7":"product_cat-novedades","8":"product_cat-otros-tecnologicos","9":"product_cat-productos-para-sublimacion","11":"first","12":"instock","13":"shipping-taxable","14":"product-type-simple"},"aioseo_notices":[],"yoast_head":"<!-- This site is optimized with the Yoast SEO plugin v26.5 - https:\/\/yoast.com\/wordpress\/plugins\/seo\/ -->\n<title>Mouse Pad Sublimaci\u00f3n MP1 - Uniformes Ludo<\/title>\n<meta name=\"robots\" content=\"index, follow, max-snippet:-1, max-image-preview:large, max-video-preview:-1\" \/>\n<link rel=\"canonical\" href=\"https:\/\/uniformesludo.cl\/index.php\/producto\/mouse-pad-sublimacion-mp1\/\" \/>\n<meta property=\"og:locale\" content=\"es_ES\" \/>\n<meta property=\"og:type\" content=\"article\" \/>\n<meta property=\"og:title\" content=\"Mouse Pad Sublimaci\u00f3n MP1 - Uniformes Ludo\" \/>\n<meta property=\"og:description\" content=\"MP01  Mousepad rectangular sublimable. Presentaci\u00f3n en bolsa pl\u00e1stica.  Dimensiones: 240 x 200 x 3 mm. Marca Polar. Alta calidad sublimable. Caja de 200 unidades.  601063500\" \/>\n<meta property=\"og:url\" content=\"https:\/\/uniformesludo.cl\/index.php\/producto\/mouse-pad-sublimacion-mp1\/\" \/>\n<meta property=\"og:site_name\" content=\"Uniformes Ludo\" \/>\n<meta property=\"article:modified_time\" content=\"2024-09-04T16:31:38+00:00\" \/>\n<meta property=\"og:image\" content=\"https:\/\/uniformesludo.cl\/wp-content\/uploads\/2024\/09\/MP01-MOUSEPAD-PORTADA.jpg\" \/>\n\t<meta property=\"og:image:width\" content=\"501\" \/>\n\t<meta property=\"og:image:height\" content=\"501\" \/>\n\t<meta property=\"og:image:type\" content=\"image\/jpeg\" \/>\n<meta name=\"twitter:card\" content=\"summary_large_image\" \/>\n<script type=\"application\/ld+json\" class=\"yoast-schema-graph\">{\"@context\":\"https:\/\/schema.org\",\"@graph\":[{\"@type\":\"WebPage\",\"@id\":\"https:\/\/uniformesludo.cl\/index.php\/producto\/mouse-pad-sublimacion-mp1\/\",\"url\":\"https:\/\/uniformesludo.cl\/index.php\/producto\/mouse-pad-sublimacion-mp1\/\",\"name\":\"Mouse Pad Sublimaci\u00f3n MP1 - Uniformes Ludo\",\"isPartOf\":{\"@id\":\"https:\/\/uniformesludo.cl\/#website\"},\"primaryImageOfPage\":{\"@id\":\"https:\/\/uniformesludo.cl\/index.php\/producto\/mouse-pad-sublimacion-mp1\/#primaryimage\"},\"image\":{\"@id\":\"https:\/\/uniformesludo.cl\/index.php\/producto\/mouse-pad-sublimacion-mp1\/#primaryimage\"},\"thumbnailUrl\":\"https:\/\/uniformesludo.cl\/wp-content\/uploads\/2024\/09\/MP01-MOUSEPAD-PORTADA.jpg\",\"datePublished\":\"2024-09-04T16:31:32+00:00\",\"dateModified\":\"2024-09-04T16:31:38+00:00\",\"breadcrumb\":{\"@id\":\"https:\/\/uniformesludo.cl\/index.php\/producto\/mouse-pad-sublimacion-mp1\/#breadcrumb\"},\"inLanguage\":\"es\",\"potentialAction\":[{\"@type\":\"ReadAction\",\"target\":[\"https:\/\/uniformesludo.cl\/index.php\/producto\/mouse-pad-sublimacion-mp1\/\"]}]},{\"@type\":\"ImageObject\",\"inLanguage\":\"es\",\"@id\":\"https:\/\/uniformesludo.cl\/index.php\/producto\/mouse-pad-sublimacion-mp1\/#primaryimage\",\"url\":\"https:\/\/uniformesludo.cl\/wp-content\/uploads\/2024\/09\/MP01-MOUSEPAD-PORTADA.jpg\",\"contentUrl\":\"https:\/\/uniformesludo.cl\/wp-content\/uploads\/2024\/09\/MP01-MOUSEPAD-PORTADA.jpg\",\"width\":501,\"height\":501},{\"@type\":\"BreadcrumbList\",\"@id\":\"https:\/\/uniformesludo.cl\/index.php\/producto\/mouse-pad-sublimacion-mp1\/#breadcrumb\",\"itemListElement\":[{\"@type\":\"ListItem\",\"position\":1,\"name\":\"Portada\",\"item\":\"https:\/\/uniformesludo.cl\/\"},{\"@type\":\"ListItem\",\"position\":2,\"name\":\"Tienda\",\"item\":\"https:\/\/uniformesludo.cl\/index.php\/tienda\/\"},{\"@type\":\"ListItem\",\"position\":3,\"name\":\"Mouse Pad Sublimaci\u00f3n MP1\"}]},{\"@type\":\"WebSite\",\"@id\":\"https:\/\/uniformesludo.cl\/#website\",\"url\":\"https:\/\/uniformesludo.cl\/\",\"name\":\"Uniformes Ludo\",\"description\":\"Es una de las empresas comercializadoras de Ropa de trabajo, confecci\u00f3n, productos de protecci\u00f3n, prevenci\u00f3n y seguridad una de las m\u00e1s importantes de nuestro pa\u00eds, reconocida a nivel Nacional, con numerosos clientes a lo largo de Chile que avalan su compromiso de calidad. De igual forma, existe una permanente preocupaci\u00f3n por mantener un servicio integral de excelencia que permita identificarnos como \u201cel mejor equipo, la mejor empresa e inversi\u00f3n\u201d.\",\"potentialAction\":[{\"@type\":\"SearchAction\",\"target\":{\"@type\":\"EntryPoint\",\"urlTemplate\":\"https:\/\/uniformesludo.cl\/?s={search_term_string}\"},\"query-input\":{\"@type\":\"PropertyValueSpecification\",\"valueRequired\":true,\"valueName\":\"search_term_string\"}}],\"inLanguage\":\"es\"}]}<\/script>\n<!-- \/ Yoast SEO plugin. -->","yoast_head_json":{"title":"Mouse Pad Sublimaci\u00f3n MP1 - Uniformes Ludo","robots":{"index":"index","follow":"follow","max-snippet":"max-snippet:-1","max-image-preview":"max-image-preview:large","max-video-preview":"max-video-preview:-1"},"canonical":"https:\/\/uniformesludo.cl\/index.php\/producto\/mouse-pad-sublimacion-mp1\/","og_locale":"es_ES","og_type":"article","og_title":"Mouse Pad Sublimaci\u00f3n MP1 - Uniformes Ludo","og_description":"MP01  Mousepad rectangular sublimable. Presentaci\u00f3n en bolsa pl\u00e1stica.  Dimensiones: 240 x 200 x 3 mm. Marca Polar. Alta calidad sublimable. Caja de 200 unidades.  601063500","og_url":"https:\/\/uniformesludo.cl\/index.php\/producto\/mouse-pad-sublimacion-mp1\/","og_site_name":"Uniformes Ludo","article_modified_time":"2024-09-04T16:31:38+00:00","og_image":[{"width":501,"height":501,"url":"https:\/\/uniformesludo.cl\/wp-content\/uploads\/2024\/09\/MP01-MOUSEPAD-PORTADA.jpg","type":"image\/jpeg"}],"twitter_card":"summary_large_image","schema":{"@context":"https:\/\/schema.org","@graph":[{"@type":"WebPage","@id":"https:\/\/uniformesludo.cl\/index.php\/producto\/mouse-pad-sublimacion-mp1\/","url":"https:\/\/uniformesludo.cl\/index.php\/producto\/mouse-pad-sublimacion-mp1\/","name":"Mouse Pad Sublimaci\u00f3n MP1 - Uniformes Ludo","isPartOf":{"@id":"https:\/\/uniformesludo.cl\/#website"},"primaryImageOfPage":{"@id":"https:\/\/uniformesludo.cl\/index.php\/producto\/mouse-pad-sublimacion-mp1\/#primaryimage"},"image":{"@id":"https:\/\/uniformesludo.cl\/index.php\/producto\/mouse-pad-sublimacion-mp1\/#primaryimage"},"thumbnailUrl":"https:\/\/uniformesludo.cl\/wp-content\/uploads\/2024\/09\/MP01-MOUSEPAD-PORTADA.jpg","datePublished":"2024-09-04T16:31:32+00:00","dateModified":"2024-09-04T16:31:38+00:00","breadcrumb":{"@id":"https:\/\/uniformesludo.cl\/index.php\/producto\/mouse-pad-sublimacion-mp1\/#breadcrumb"},"inLanguage":"es","potentialAction":[{"@type":"ReadAction","target":["https:\/\/uniformesludo.cl\/index.php\/producto\/mouse-pad-sublimacion-mp1\/"]}]},{"@type":"ImageObject","inLanguage":"es","@id":"https:\/\/uniformesludo.cl\/index.php\/producto\/mouse-pad-sublimacion-mp1\/#primaryimage","url":"https:\/\/uniformesludo.cl\/wp-content\/uploads\/2024\/09\/MP01-MOUSEPAD-PORTADA.jpg","contentUrl":"https:\/\/uniformesludo.cl\/wp-content\/uploads\/2024\/09\/MP01-MOUSEPAD-PORTADA.jpg","width":501,"height":501},{"@type":"BreadcrumbList","@id":"https:\/\/uniformesludo.cl\/index.php\/producto\/mouse-pad-sublimacion-mp1\/#breadcrumb","itemListElement":[{"@type":"ListItem","position":1,"name":"Portada","item":"https:\/\/uniformesludo.cl\/"},{"@type":"ListItem","position":2,"name":"Tienda","item":"https:\/\/uniformesludo.cl\/index.php\/tienda\/"},{"@type":"ListItem","position":3,"name":"Mouse Pad Sublimaci\u00f3n MP1"}]},{"@type":"WebSite","@id":"https:\/\/uniformesludo.cl\/#website","url":"https:\/\/uniformesludo.cl\/","name":"Uniformes Ludo","description":"Es una de las empresas comercializadoras de Ropa de trabajo, confecci\u00f3n, productos de protecci\u00f3n, prevenci\u00f3n y seguridad una de las m\u00e1s importantes de nuestro pa\u00eds, reconocida a nivel Nacional, con numerosos clientes a lo largo de Chile que avalan su compromiso de calidad. De igual forma, existe una permanente preocupaci\u00f3n por mantener un servicio integral de excelencia que permita identificarnos como \u201cel mejor equipo, la mejor empresa e inversi\u00f3n\u201d.","potentialAction":[{"@type":"SearchAction","target":{"@type":"EntryPoint","urlTemplate":"https:\/\/uniformesludo.cl\/?s={search_term_string}"},"query-input":{"@type":"PropertyValueSpecification","valueRequired":true,"valueName":"search_term_string"}}],"inLanguage":"es"}]}},"_links":{"self":[{"href":"https:\/\/uniformesludo.cl\/index.php\/wp-json\/wp\/v2\/product\/10018789","targetHints":{"allow":["GET"]}}],"collection":[{"href":"https:\/\/uniformesludo.cl\/index.php\/wp-json\/wp\/v2\/product"}],"about":[{"href":"https:\/\/uniformesludo.cl\/index.php\/wp-json\/wp\/v2\/types\/product"}],"replies":[{"embeddable":true,"href":"https:\/\/uniformesludo.cl\/index.php\/wp-json\/wp\/v2\/comments?post=10018789"}],"wp:featuredmedia":[{"embeddable":true,"href":"https:\/\/uniformesludo.cl\/index.php\/wp-json\/wp\/v2\/media\/10018819"}],"wp:attachment":[{"href":"https:\/\/uniformesludo.cl\/index.php\/wp-json\/wp\/v2\/media?parent=10018789"}],"wp:term":[{"taxonomy":"product_brand","embeddable":true,"href":"https:\/\/uniformesludo.cl\/index.php\/wp-json\/wp\/v2\/product_brand?post=10018789"},{"taxonomy":"product_cat","embeddable":true,"href":"https:\/\/uniformesludo.cl\/index.php\/wp-json\/wp\/v2\/product_cat?post=10018789"},{"taxonomy":"product_tag","embeddable":true,"href":"https:\/\/uniformesludo.cl\/index.php\/wp-json\/wp\/v2\/product_tag?post=10018789"}],"curies":[{"name":"wp","href":"https:\/\/api.w.org\/{rel}","templated":true}]}}