{"id":10018774,"date":"2024-09-04T16:31:19","date_gmt":"2024-09-04T16:31:19","guid":{"rendered":"https:\/\/uniformesludo.cl\/?post_type=product&#038;p=10018774"},"modified":"2024-09-04T16:31:28","modified_gmt":"2024-09-04T16:31:28","slug":"mug-termico-calentador-para-automovil-m15","status":"publish","type":"product","link":"https:\/\/uniformesludo.cl\/index.php\/producto\/mug-termico-calentador-para-automovil-m15\/","title":{"rendered":"Mug T\u00e9rmico Calentador para Autom\u00f3vil M15"},"content":{"rendered":"","protected":false},"excerpt":{"rendered":"<p><span style=\"color: #000080;\"><strong>M15<\/strong><\/span><\/p>\n<p><em>Mug t\u00e9rmico de acero inoxidable de doble pared aislante con tapa pl\u00e1stica negra y dosificador. Calienta y mantiene la temperatura del bebestible. Incluye conector de 12V para el autom\u00f3vil y conector USB. Capacidad de 450 ml. Presentaci\u00f3n en caja de cart\u00f3n negra.<\/em><\/p>\n<p>Dimensiones: Diam. 88 mm. x 162 mm.<br \/>\nMaterial: Interior\/Exterior Acero Inoxidable 201<br \/>\nCaja 50 unidades.<\/p>\n<p>Los conectores NO son hervidores, s\u00f3lo mantienen la temperatura del l\u00edquido.<\/p>\n<p>601063310<\/p>\n<p><img loading=\"lazy\" decoding=\"async\" class=\"alignnone size-full wp-image-513 lazy loaded\" src=\"https:\/\/imblasco.cl\/regalos\/wp-content\/uploads\/2019\/06\/tampografia.png\" alt=\"\" width=\"71\" height=\"71\" data-src=\"https:\/\/imblasco.cl\/regalos\/wp-content\/uploads\/2019\/06\/tampografia.png\" data-was-processed=\"true\" \/><strong><img loading=\"lazy\" decoding=\"async\" class=\"alignnone size-full wp-image-511 lazy loaded\" src=\"https:\/\/imblasco.cl\/regalos\/wp-content\/uploads\/2019\/06\/serigrafia.png\" alt=\"\" width=\"71\" height=\"71\" data-src=\"https:\/\/imblasco.cl\/regalos\/wp-content\/uploads\/2019\/06\/serigrafia.png\" data-was-processed=\"true\" \/>\u00a0<img loading=\"lazy\" decoding=\"async\" class=\"alignnone size-full wp-image-508 lazy loaded\" src=\"https:\/\/imblasco.cl\/regalos\/wp-content\/uploads\/2019\/06\/fibra.png\" alt=\"\" width=\"71\" height=\"71\" data-src=\"https:\/\/imblasco.cl\/regalos\/wp-content\/uploads\/2019\/06\/fibra.png\" data-was-processed=\"true\" \/><\/strong><\/p>\n","protected":false},"featured_media":10018786,"comment_status":"closed","ping_status":"closed","template":"","meta":[],"product_brand":[],"product_cat":[588,504,570,571,576,568],"product_tag":[],"class_list":{"0":"post-10018774","1":"product","2":"type-product","3":"status-publish","4":"has-post-thumbnail","6":"product_cat-accesorios-automovil","7":"product_cat-articulos-publicitarios","8":"product_cat-botellas-mugs-tazones-termos-vasos","9":"product_cat-mugs-y-tazones","10":"product_cat-novedades","11":"product_cat-regalos-y-trofeos-premium","13":"first","14":"instock","15":"shipping-taxable","16":"product-type-simple"},"aioseo_notices":[],"yoast_head":"<!-- This site is optimized with the Yoast SEO plugin v26.5 - https:\/\/yoast.com\/wordpress\/plugins\/seo\/ -->\n<title>Mug T\u00e9rmico Calentador para Autom\u00f3vil M15 - Uniformes Ludo<\/title>\n<meta name=\"robots\" content=\"index, follow, max-snippet:-1, max-image-preview:large, max-video-preview:-1\" \/>\n<link rel=\"canonical\" href=\"https:\/\/uniformesludo.cl\/index.php\/producto\/mug-termico-calentador-para-automovil-m15\/\" \/>\n<meta property=\"og:locale\" content=\"es_ES\" \/>\n<meta property=\"og:type\" content=\"article\" \/>\n<meta property=\"og:title\" content=\"Mug T\u00e9rmico Calentador para Autom\u00f3vil M15 - Uniformes Ludo\" \/>\n<meta property=\"og:description\" content=\"M15  Mug t\u00e9rmico de acero inoxidable de doble pared aislante con tapa pl\u00e1stica negra y dosificador. Calienta y mantiene la temperatura del bebestible. Incluye conector de 12V para el autom\u00f3vil y conector USB. Capacidad de 450 ml. Presentaci\u00f3n en caja de cart\u00f3n negra.  Dimensiones: Diam. 88 mm. x 162 mm. Material: Interior\/Exterior Acero Inoxidable 201 Caja 50 unidades.  Los conectores NO son hervidores, s\u00f3lo mantienen la temperatura del l\u00edquido.  601063310  \u00a0\" \/>\n<meta property=\"og:url\" content=\"https:\/\/uniformesludo.cl\/index.php\/producto\/mug-termico-calentador-para-automovil-m15\/\" \/>\n<meta property=\"og:site_name\" content=\"Uniformes Ludo\" \/>\n<meta property=\"article:modified_time\" content=\"2024-09-04T16:31:28+00:00\" \/>\n<meta property=\"og:image\" content=\"https:\/\/uniformesludo.cl\/wp-content\/uploads\/2024\/09\/MUG-TERMICO-AUTO-USB.jpg\" \/>\n\t<meta property=\"og:image:width\" content=\"500\" \/>\n\t<meta property=\"og:image:height\" content=\"500\" \/>\n\t<meta property=\"og:image:type\" content=\"image\/jpeg\" \/>\n<meta name=\"twitter:card\" content=\"summary_large_image\" \/>\n<script type=\"application\/ld+json\" class=\"yoast-schema-graph\">{\"@context\":\"https:\/\/schema.org\",\"@graph\":[{\"@type\":\"WebPage\",\"@id\":\"https:\/\/uniformesludo.cl\/index.php\/producto\/mug-termico-calentador-para-automovil-m15\/\",\"url\":\"https:\/\/uniformesludo.cl\/index.php\/producto\/mug-termico-calentador-para-automovil-m15\/\",\"name\":\"Mug T\u00e9rmico Calentador para Autom\u00f3vil M15 - Uniformes Ludo\",\"isPartOf\":{\"@id\":\"https:\/\/uniformesludo.cl\/#website\"},\"primaryImageOfPage\":{\"@id\":\"https:\/\/uniformesludo.cl\/index.php\/producto\/mug-termico-calentador-para-automovil-m15\/#primaryimage\"},\"image\":{\"@id\":\"https:\/\/uniformesludo.cl\/index.php\/producto\/mug-termico-calentador-para-automovil-m15\/#primaryimage\"},\"thumbnailUrl\":\"https:\/\/uniformesludo.cl\/wp-content\/uploads\/2024\/09\/MUG-TERMICO-AUTO-USB.jpg\",\"datePublished\":\"2024-09-04T16:31:19+00:00\",\"dateModified\":\"2024-09-04T16:31:28+00:00\",\"breadcrumb\":{\"@id\":\"https:\/\/uniformesludo.cl\/index.php\/producto\/mug-termico-calentador-para-automovil-m15\/#breadcrumb\"},\"inLanguage\":\"es\",\"potentialAction\":[{\"@type\":\"ReadAction\",\"target\":[\"https:\/\/uniformesludo.cl\/index.php\/producto\/mug-termico-calentador-para-automovil-m15\/\"]}]},{\"@type\":\"ImageObject\",\"inLanguage\":\"es\",\"@id\":\"https:\/\/uniformesludo.cl\/index.php\/producto\/mug-termico-calentador-para-automovil-m15\/#primaryimage\",\"url\":\"https:\/\/uniformesludo.cl\/wp-content\/uploads\/2024\/09\/MUG-TERMICO-AUTO-USB.jpg\",\"contentUrl\":\"https:\/\/uniformesludo.cl\/wp-content\/uploads\/2024\/09\/MUG-TERMICO-AUTO-USB.jpg\",\"width\":500,\"height\":500},{\"@type\":\"BreadcrumbList\",\"@id\":\"https:\/\/uniformesludo.cl\/index.php\/producto\/mug-termico-calentador-para-automovil-m15\/#breadcrumb\",\"itemListElement\":[{\"@type\":\"ListItem\",\"position\":1,\"name\":\"Portada\",\"item\":\"https:\/\/uniformesludo.cl\/\"},{\"@type\":\"ListItem\",\"position\":2,\"name\":\"Tienda\",\"item\":\"https:\/\/uniformesludo.cl\/index.php\/tienda\/\"},{\"@type\":\"ListItem\",\"position\":3,\"name\":\"Mug T\u00e9rmico Calentador para Autom\u00f3vil M15\"}]},{\"@type\":\"WebSite\",\"@id\":\"https:\/\/uniformesludo.cl\/#website\",\"url\":\"https:\/\/uniformesludo.cl\/\",\"name\":\"Uniformes Ludo\",\"description\":\"Es una de las empresas comercializadoras de Ropa de trabajo, confecci\u00f3n, productos de protecci\u00f3n, prevenci\u00f3n y seguridad una de las m\u00e1s importantes de nuestro pa\u00eds, reconocida a nivel Nacional, con numerosos clientes a lo largo de Chile que avalan su compromiso de calidad. De igual forma, existe una permanente preocupaci\u00f3n por mantener un servicio integral de excelencia que permita identificarnos como \u201cel mejor equipo, la mejor empresa e inversi\u00f3n\u201d.\",\"potentialAction\":[{\"@type\":\"SearchAction\",\"target\":{\"@type\":\"EntryPoint\",\"urlTemplate\":\"https:\/\/uniformesludo.cl\/?s={search_term_string}\"},\"query-input\":{\"@type\":\"PropertyValueSpecification\",\"valueRequired\":true,\"valueName\":\"search_term_string\"}}],\"inLanguage\":\"es\"}]}<\/script>\n<!-- \/ Yoast SEO plugin. -->","yoast_head_json":{"title":"Mug T\u00e9rmico Calentador para Autom\u00f3vil M15 - Uniformes Ludo","robots":{"index":"index","follow":"follow","max-snippet":"max-snippet:-1","max-image-preview":"max-image-preview:large","max-video-preview":"max-video-preview:-1"},"canonical":"https:\/\/uniformesludo.cl\/index.php\/producto\/mug-termico-calentador-para-automovil-m15\/","og_locale":"es_ES","og_type":"article","og_title":"Mug T\u00e9rmico Calentador para Autom\u00f3vil M15 - Uniformes Ludo","og_description":"M15  Mug t\u00e9rmico de acero inoxidable de doble pared aislante con tapa pl\u00e1stica negra y dosificador. Calienta y mantiene la temperatura del bebestible. Incluye conector de 12V para el autom\u00f3vil y conector USB. Capacidad de 450 ml. Presentaci\u00f3n en caja de cart\u00f3n negra.  Dimensiones: Diam. 88 mm. x 162 mm. Material: Interior\/Exterior Acero Inoxidable 201 Caja 50 unidades.  Los conectores NO son hervidores, s\u00f3lo mantienen la temperatura del l\u00edquido.  601063310  \u00a0","og_url":"https:\/\/uniformesludo.cl\/index.php\/producto\/mug-termico-calentador-para-automovil-m15\/","og_site_name":"Uniformes Ludo","article_modified_time":"2024-09-04T16:31:28+00:00","og_image":[{"width":500,"height":500,"url":"https:\/\/uniformesludo.cl\/wp-content\/uploads\/2024\/09\/MUG-TERMICO-AUTO-USB.jpg","type":"image\/jpeg"}],"twitter_card":"summary_large_image","schema":{"@context":"https:\/\/schema.org","@graph":[{"@type":"WebPage","@id":"https:\/\/uniformesludo.cl\/index.php\/producto\/mug-termico-calentador-para-automovil-m15\/","url":"https:\/\/uniformesludo.cl\/index.php\/producto\/mug-termico-calentador-para-automovil-m15\/","name":"Mug T\u00e9rmico Calentador para Autom\u00f3vil M15 - Uniformes Ludo","isPartOf":{"@id":"https:\/\/uniformesludo.cl\/#website"},"primaryImageOfPage":{"@id":"https:\/\/uniformesludo.cl\/index.php\/producto\/mug-termico-calentador-para-automovil-m15\/#primaryimage"},"image":{"@id":"https:\/\/uniformesludo.cl\/index.php\/producto\/mug-termico-calentador-para-automovil-m15\/#primaryimage"},"thumbnailUrl":"https:\/\/uniformesludo.cl\/wp-content\/uploads\/2024\/09\/MUG-TERMICO-AUTO-USB.jpg","datePublished":"2024-09-04T16:31:19+00:00","dateModified":"2024-09-04T16:31:28+00:00","breadcrumb":{"@id":"https:\/\/uniformesludo.cl\/index.php\/producto\/mug-termico-calentador-para-automovil-m15\/#breadcrumb"},"inLanguage":"es","potentialAction":[{"@type":"ReadAction","target":["https:\/\/uniformesludo.cl\/index.php\/producto\/mug-termico-calentador-para-automovil-m15\/"]}]},{"@type":"ImageObject","inLanguage":"es","@id":"https:\/\/uniformesludo.cl\/index.php\/producto\/mug-termico-calentador-para-automovil-m15\/#primaryimage","url":"https:\/\/uniformesludo.cl\/wp-content\/uploads\/2024\/09\/MUG-TERMICO-AUTO-USB.jpg","contentUrl":"https:\/\/uniformesludo.cl\/wp-content\/uploads\/2024\/09\/MUG-TERMICO-AUTO-USB.jpg","width":500,"height":500},{"@type":"BreadcrumbList","@id":"https:\/\/uniformesludo.cl\/index.php\/producto\/mug-termico-calentador-para-automovil-m15\/#breadcrumb","itemListElement":[{"@type":"ListItem","position":1,"name":"Portada","item":"https:\/\/uniformesludo.cl\/"},{"@type":"ListItem","position":2,"name":"Tienda","item":"https:\/\/uniformesludo.cl\/index.php\/tienda\/"},{"@type":"ListItem","position":3,"name":"Mug T\u00e9rmico Calentador para Autom\u00f3vil M15"}]},{"@type":"WebSite","@id":"https:\/\/uniformesludo.cl\/#website","url":"https:\/\/uniformesludo.cl\/","name":"Uniformes Ludo","description":"Es una de las empresas comercializadoras de Ropa de trabajo, confecci\u00f3n, productos de protecci\u00f3n, prevenci\u00f3n y seguridad una de las m\u00e1s importantes de nuestro pa\u00eds, reconocida a nivel Nacional, con numerosos clientes a lo largo de Chile que avalan su compromiso de calidad. De igual forma, existe una permanente preocupaci\u00f3n por mantener un servicio integral de excelencia que permita identificarnos como \u201cel mejor equipo, la mejor empresa e inversi\u00f3n\u201d.","potentialAction":[{"@type":"SearchAction","target":{"@type":"EntryPoint","urlTemplate":"https:\/\/uniformesludo.cl\/?s={search_term_string}"},"query-input":{"@type":"PropertyValueSpecification","valueRequired":true,"valueName":"search_term_string"}}],"inLanguage":"es"}]}},"_links":{"self":[{"href":"https:\/\/uniformesludo.cl\/index.php\/wp-json\/wp\/v2\/product\/10018774","targetHints":{"allow":["GET"]}}],"collection":[{"href":"https:\/\/uniformesludo.cl\/index.php\/wp-json\/wp\/v2\/product"}],"about":[{"href":"https:\/\/uniformesludo.cl\/index.php\/wp-json\/wp\/v2\/types\/product"}],"replies":[{"embeddable":true,"href":"https:\/\/uniformesludo.cl\/index.php\/wp-json\/wp\/v2\/comments?post=10018774"}],"wp:featuredmedia":[{"embeddable":true,"href":"https:\/\/uniformesludo.cl\/index.php\/wp-json\/wp\/v2\/media\/10018786"}],"wp:attachment":[{"href":"https:\/\/uniformesludo.cl\/index.php\/wp-json\/wp\/v2\/media?parent=10018774"}],"wp:term":[{"taxonomy":"product_brand","embeddable":true,"href":"https:\/\/uniformesludo.cl\/index.php\/wp-json\/wp\/v2\/product_brand?post=10018774"},{"taxonomy":"product_cat","embeddable":true,"href":"https:\/\/uniformesludo.cl\/index.php\/wp-json\/wp\/v2\/product_cat?post=10018774"},{"taxonomy":"product_tag","embeddable":true,"href":"https:\/\/uniformesludo.cl\/index.php\/wp-json\/wp\/v2\/product_tag?post=10018774"}],"curies":[{"name":"wp","href":"https:\/\/api.w.org\/{rel}","templated":true}]}}