{"id":10018772,"date":"2024-09-04T16:31:19","date_gmt":"2024-09-04T16:31:19","guid":{"rendered":"https:\/\/uniformesludo.cl\/?post_type=product&#038;p=10018772"},"modified":"2024-09-05T17:15:11","modified_gmt":"2024-09-05T17:15:11","slug":"tazon-sublimacion-bicolor-99333","status":"publish","type":"product","link":"https:\/\/uniformesludo.cl\/index.php\/producto\/tazon-sublimacion-bicolor-99333\/","title":{"rendered":"Taz\u00f3n Sublimaci\u00f3n Bicolor 99333"},"content":{"rendered":"","protected":false},"excerpt":{"rendered":"<p><span style=\"color: #000080;\"><strong>99333<\/strong><\/span><\/p>\n<p><em>Taz\u00f3n bicolor para sublimaci\u00f3n con interior y asa en diferentes colores. Capacidad de 350 ml. Presentaci\u00f3n en caja de cart\u00f3n blanca.<\/em><\/p>\n<p>Marca <strong>Polar<\/strong>. Alta calidad sublimable.<br \/>\nCaja de 40 unidades.<\/p>\n<p>Se vende \u00fanicamente el taz\u00f3n con su caja individual. Nada por separado.<\/p>\n<hr \/>\n<p>Sugerencia de sublimaci\u00f3n : 180\u00b0 \u2013 190\u00b0 Celsius con 120 \u2013 180 Segundos.<\/p>\n<p><img loading=\"lazy\" decoding=\"async\" class=\"alignnone size-full wp-image-512 lazy loaded\" src=\"https:\/\/imblasco.cl\/regalos\/wp-content\/uploads\/2019\/06\/sublimacion.png\" alt=\"\" width=\"71\" height=\"71\" data-src=\"https:\/\/imblasco.cl\/regalos\/wp-content\/uploads\/2019\/06\/sublimacion.png\" data-was-processed=\"true\" \/><\/p>\n","protected":false},"featured_media":10018778,"comment_status":"closed","ping_status":"closed","template":"","meta":[],"product_brand":[],"product_cat":[570,571,576,557,568],"product_tag":[],"class_list":{"0":"post-10018772","1":"product","2":"type-product","3":"status-publish","4":"has-post-thumbnail","6":"product_cat-botellas-mugs-tazones-termos-vasos","7":"product_cat-mugs-y-tazones","8":"product_cat-novedades","9":"product_cat-productos-para-sublimacion","10":"product_cat-regalos-y-trofeos-premium","12":"first","13":"instock","14":"shipping-taxable","15":"purchasable","16":"product-type-variable"},"aioseo_notices":[],"yoast_head":"<!-- This site is optimized with the Yoast SEO plugin v26.5 - https:\/\/yoast.com\/wordpress\/plugins\/seo\/ -->\n<title>Taz\u00f3n Sublimaci\u00f3n Bicolor 99333 - Uniformes Ludo<\/title>\n<meta name=\"robots\" content=\"index, follow, max-snippet:-1, max-image-preview:large, max-video-preview:-1\" \/>\n<link rel=\"canonical\" href=\"https:\/\/uniformesludo.cl\/index.php\/producto\/tazon-sublimacion-bicolor-99333\/\" \/>\n<meta property=\"og:locale\" content=\"es_ES\" \/>\n<meta property=\"og:type\" content=\"article\" \/>\n<meta property=\"og:title\" content=\"Taz\u00f3n Sublimaci\u00f3n Bicolor 99333 - Uniformes Ludo\" \/>\n<meta property=\"og:description\" content=\"99333  Taz\u00f3n bicolor para sublimaci\u00f3n con interior y asa en diferentes colores. Capacidad de 350 ml. Presentaci\u00f3n en caja de cart\u00f3n blanca.  Marca Polar. Alta calidad sublimable. Caja de 40 unidades.  Se vende \u00fanicamente el taz\u00f3n con su caja individual. Nada por separado.    Sugerencia de sublimaci\u00f3n : 180\u00b0 \u2013 190\u00b0 Celsius con 120 \u2013 180 Segundos.\" \/>\n<meta property=\"og:url\" content=\"https:\/\/uniformesludo.cl\/index.php\/producto\/tazon-sublimacion-bicolor-99333\/\" \/>\n<meta property=\"og:site_name\" content=\"Uniformes Ludo\" \/>\n<meta property=\"article:modified_time\" content=\"2024-09-05T17:15:11+00:00\" \/>\n<meta property=\"og:image\" content=\"https:\/\/uniformesludo.cl\/wp-content\/uploads\/2024\/09\/99333-1-Portada-1.jpg\" \/>\n\t<meta property=\"og:image:width\" content=\"501\" \/>\n\t<meta property=\"og:image:height\" content=\"501\" \/>\n\t<meta property=\"og:image:type\" content=\"image\/jpeg\" \/>\n<meta name=\"twitter:card\" content=\"summary_large_image\" \/>\n<script type=\"application\/ld+json\" class=\"yoast-schema-graph\">{\"@context\":\"https:\/\/schema.org\",\"@graph\":[{\"@type\":\"WebPage\",\"@id\":\"https:\/\/uniformesludo.cl\/index.php\/producto\/tazon-sublimacion-bicolor-99333\/\",\"url\":\"https:\/\/uniformesludo.cl\/index.php\/producto\/tazon-sublimacion-bicolor-99333\/\",\"name\":\"Taz\u00f3n Sublimaci\u00f3n Bicolor 99333 - Uniformes Ludo\",\"isPartOf\":{\"@id\":\"https:\/\/uniformesludo.cl\/#website\"},\"primaryImageOfPage\":{\"@id\":\"https:\/\/uniformesludo.cl\/index.php\/producto\/tazon-sublimacion-bicolor-99333\/#primaryimage\"},\"image\":{\"@id\":\"https:\/\/uniformesludo.cl\/index.php\/producto\/tazon-sublimacion-bicolor-99333\/#primaryimage\"},\"thumbnailUrl\":\"https:\/\/uniformesludo.cl\/wp-content\/uploads\/2024\/09\/99333-1-Portada-1.jpg\",\"datePublished\":\"2024-09-04T16:31:19+00:00\",\"dateModified\":\"2024-09-05T17:15:11+00:00\",\"breadcrumb\":{\"@id\":\"https:\/\/uniformesludo.cl\/index.php\/producto\/tazon-sublimacion-bicolor-99333\/#breadcrumb\"},\"inLanguage\":\"es\",\"potentialAction\":[{\"@type\":\"ReadAction\",\"target\":[\"https:\/\/uniformesludo.cl\/index.php\/producto\/tazon-sublimacion-bicolor-99333\/\"]}]},{\"@type\":\"ImageObject\",\"inLanguage\":\"es\",\"@id\":\"https:\/\/uniformesludo.cl\/index.php\/producto\/tazon-sublimacion-bicolor-99333\/#primaryimage\",\"url\":\"https:\/\/uniformesludo.cl\/wp-content\/uploads\/2024\/09\/99333-1-Portada-1.jpg\",\"contentUrl\":\"https:\/\/uniformesludo.cl\/wp-content\/uploads\/2024\/09\/99333-1-Portada-1.jpg\",\"width\":501,\"height\":501},{\"@type\":\"BreadcrumbList\",\"@id\":\"https:\/\/uniformesludo.cl\/index.php\/producto\/tazon-sublimacion-bicolor-99333\/#breadcrumb\",\"itemListElement\":[{\"@type\":\"ListItem\",\"position\":1,\"name\":\"Portada\",\"item\":\"https:\/\/uniformesludo.cl\/\"},{\"@type\":\"ListItem\",\"position\":2,\"name\":\"Tienda\",\"item\":\"https:\/\/uniformesludo.cl\/index.php\/tienda\/\"},{\"@type\":\"ListItem\",\"position\":3,\"name\":\"Taz\u00f3n Sublimaci\u00f3n Bicolor 99333\"}]},{\"@type\":\"WebSite\",\"@id\":\"https:\/\/uniformesludo.cl\/#website\",\"url\":\"https:\/\/uniformesludo.cl\/\",\"name\":\"Uniformes Ludo\",\"description\":\"Es una de las empresas comercializadoras de Ropa de trabajo, confecci\u00f3n, productos de protecci\u00f3n, prevenci\u00f3n y seguridad una de las m\u00e1s importantes de nuestro pa\u00eds, reconocida a nivel Nacional, con numerosos clientes a lo largo de Chile que avalan su compromiso de calidad. De igual forma, existe una permanente preocupaci\u00f3n por mantener un servicio integral de excelencia que permita identificarnos como \u201cel mejor equipo, la mejor empresa e inversi\u00f3n\u201d.\",\"potentialAction\":[{\"@type\":\"SearchAction\",\"target\":{\"@type\":\"EntryPoint\",\"urlTemplate\":\"https:\/\/uniformesludo.cl\/?s={search_term_string}\"},\"query-input\":{\"@type\":\"PropertyValueSpecification\",\"valueRequired\":true,\"valueName\":\"search_term_string\"}}],\"inLanguage\":\"es\"}]}<\/script>\n<!-- \/ Yoast SEO plugin. -->","yoast_head_json":{"title":"Taz\u00f3n Sublimaci\u00f3n Bicolor 99333 - Uniformes Ludo","robots":{"index":"index","follow":"follow","max-snippet":"max-snippet:-1","max-image-preview":"max-image-preview:large","max-video-preview":"max-video-preview:-1"},"canonical":"https:\/\/uniformesludo.cl\/index.php\/producto\/tazon-sublimacion-bicolor-99333\/","og_locale":"es_ES","og_type":"article","og_title":"Taz\u00f3n Sublimaci\u00f3n Bicolor 99333 - Uniformes Ludo","og_description":"99333  Taz\u00f3n bicolor para sublimaci\u00f3n con interior y asa en diferentes colores. Capacidad de 350 ml. Presentaci\u00f3n en caja de cart\u00f3n blanca.  Marca Polar. Alta calidad sublimable. Caja de 40 unidades.  Se vende \u00fanicamente el taz\u00f3n con su caja individual. Nada por separado.    Sugerencia de sublimaci\u00f3n : 180\u00b0 \u2013 190\u00b0 Celsius con 120 \u2013 180 Segundos.","og_url":"https:\/\/uniformesludo.cl\/index.php\/producto\/tazon-sublimacion-bicolor-99333\/","og_site_name":"Uniformes Ludo","article_modified_time":"2024-09-05T17:15:11+00:00","og_image":[{"width":501,"height":501,"url":"https:\/\/uniformesludo.cl\/wp-content\/uploads\/2024\/09\/99333-1-Portada-1.jpg","type":"image\/jpeg"}],"twitter_card":"summary_large_image","schema":{"@context":"https:\/\/schema.org","@graph":[{"@type":"WebPage","@id":"https:\/\/uniformesludo.cl\/index.php\/producto\/tazon-sublimacion-bicolor-99333\/","url":"https:\/\/uniformesludo.cl\/index.php\/producto\/tazon-sublimacion-bicolor-99333\/","name":"Taz\u00f3n Sublimaci\u00f3n Bicolor 99333 - Uniformes Ludo","isPartOf":{"@id":"https:\/\/uniformesludo.cl\/#website"},"primaryImageOfPage":{"@id":"https:\/\/uniformesludo.cl\/index.php\/producto\/tazon-sublimacion-bicolor-99333\/#primaryimage"},"image":{"@id":"https:\/\/uniformesludo.cl\/index.php\/producto\/tazon-sublimacion-bicolor-99333\/#primaryimage"},"thumbnailUrl":"https:\/\/uniformesludo.cl\/wp-content\/uploads\/2024\/09\/99333-1-Portada-1.jpg","datePublished":"2024-09-04T16:31:19+00:00","dateModified":"2024-09-05T17:15:11+00:00","breadcrumb":{"@id":"https:\/\/uniformesludo.cl\/index.php\/producto\/tazon-sublimacion-bicolor-99333\/#breadcrumb"},"inLanguage":"es","potentialAction":[{"@type":"ReadAction","target":["https:\/\/uniformesludo.cl\/index.php\/producto\/tazon-sublimacion-bicolor-99333\/"]}]},{"@type":"ImageObject","inLanguage":"es","@id":"https:\/\/uniformesludo.cl\/index.php\/producto\/tazon-sublimacion-bicolor-99333\/#primaryimage","url":"https:\/\/uniformesludo.cl\/wp-content\/uploads\/2024\/09\/99333-1-Portada-1.jpg","contentUrl":"https:\/\/uniformesludo.cl\/wp-content\/uploads\/2024\/09\/99333-1-Portada-1.jpg","width":501,"height":501},{"@type":"BreadcrumbList","@id":"https:\/\/uniformesludo.cl\/index.php\/producto\/tazon-sublimacion-bicolor-99333\/#breadcrumb","itemListElement":[{"@type":"ListItem","position":1,"name":"Portada","item":"https:\/\/uniformesludo.cl\/"},{"@type":"ListItem","position":2,"name":"Tienda","item":"https:\/\/uniformesludo.cl\/index.php\/tienda\/"},{"@type":"ListItem","position":3,"name":"Taz\u00f3n Sublimaci\u00f3n Bicolor 99333"}]},{"@type":"WebSite","@id":"https:\/\/uniformesludo.cl\/#website","url":"https:\/\/uniformesludo.cl\/","name":"Uniformes Ludo","description":"Es una de las empresas comercializadoras de Ropa de trabajo, confecci\u00f3n, productos de protecci\u00f3n, prevenci\u00f3n y seguridad una de las m\u00e1s importantes de nuestro pa\u00eds, reconocida a nivel Nacional, con numerosos clientes a lo largo de Chile que avalan su compromiso de calidad. De igual forma, existe una permanente preocupaci\u00f3n por mantener un servicio integral de excelencia que permita identificarnos como \u201cel mejor equipo, la mejor empresa e inversi\u00f3n\u201d.","potentialAction":[{"@type":"SearchAction","target":{"@type":"EntryPoint","urlTemplate":"https:\/\/uniformesludo.cl\/?s={search_term_string}"},"query-input":{"@type":"PropertyValueSpecification","valueRequired":true,"valueName":"search_term_string"}}],"inLanguage":"es"}]}},"_links":{"self":[{"href":"https:\/\/uniformesludo.cl\/index.php\/wp-json\/wp\/v2\/product\/10018772","targetHints":{"allow":["GET"]}}],"collection":[{"href":"https:\/\/uniformesludo.cl\/index.php\/wp-json\/wp\/v2\/product"}],"about":[{"href":"https:\/\/uniformesludo.cl\/index.php\/wp-json\/wp\/v2\/types\/product"}],"replies":[{"embeddable":true,"href":"https:\/\/uniformesludo.cl\/index.php\/wp-json\/wp\/v2\/comments?post=10018772"}],"wp:featuredmedia":[{"embeddable":true,"href":"https:\/\/uniformesludo.cl\/index.php\/wp-json\/wp\/v2\/media\/10018778"}],"wp:attachment":[{"href":"https:\/\/uniformesludo.cl\/index.php\/wp-json\/wp\/v2\/media?parent=10018772"}],"wp:term":[{"taxonomy":"product_brand","embeddable":true,"href":"https:\/\/uniformesludo.cl\/index.php\/wp-json\/wp\/v2\/product_brand?post=10018772"},{"taxonomy":"product_cat","embeddable":true,"href":"https:\/\/uniformesludo.cl\/index.php\/wp-json\/wp\/v2\/product_cat?post=10018772"},{"taxonomy":"product_tag","embeddable":true,"href":"https:\/\/uniformesludo.cl\/index.php\/wp-json\/wp\/v2\/product_tag?post=10018772"}],"curies":[{"name":"wp","href":"https:\/\/api.w.org\/{rel}","templated":true}]}}