{"id":10018672,"date":"2024-09-04T16:30:04","date_gmt":"2024-09-04T16:30:04","guid":{"rendered":"https:\/\/uniformesludo.cl\/?post_type=product&#038;p=10018672"},"modified":"2024-09-04T16:30:42","modified_gmt":"2024-09-04T16:30:42","slug":"botella-vidrio-con-tapa-bamboo-m32","status":"publish","type":"product","link":"https:\/\/uniformesludo.cl\/index.php\/producto\/botella-vidrio-con-tapa-bamboo-m32\/","title":{"rendered":"Botella Vidrio con tapa Bamboo M32"},"content":{"rendered":"<div style=\"width: 474px;\" class=\"wp-video\"><!--[if lt IE 9]><script>document.createElement('video');<\/script><![endif]-->\n<video class=\"wp-video-shortcode\" id=\"video-10018672-1\" width=\"474\" height=\"850\" preload=\"metadata\" controls=\"controls\"><source type=\"video\/mp4\" src=\"https:\/\/imblasco.cl\/regalos\/wp-content\/uploads\/2021\/04\/m32.mp4?_=1\" \/><a href=\"https:\/\/imblasco.cl\/regalos\/wp-content\/uploads\/2021\/04\/m32.mp4\">https:\/\/imblasco.cl\/regalos\/wp-content\/uploads\/2021\/04\/m32.mp4<\/a><\/video><\/div>\n","protected":false},"excerpt":{"rendered":"<p><span style=\"color: #000080;\"><strong>M32<\/strong><\/span><\/p>\n<p><em>Botella de vidrio con tapa rosca de bamb\u00fa y cinta transportable de cord\u00f3n trenzado. Capacidad de 500 ml. Presentaci\u00f3n en pl\u00e1stico burbuja dentro de caja de cart\u00f3n blanca.<\/em><\/p>\n<p>Incluye silicona antiderrame.<br \/>\nCaja de 40 unidades.<\/p>\n<p>601063073<\/p>\n","protected":false},"featured_media":10018724,"comment_status":"closed","ping_status":"closed","template":"","meta":[],"product_brand":[],"product_cat":[504,573,570,567,576,598,568],"product_tag":[],"class_list":{"0":"post-10018672","1":"product","2":"type-product","3":"status-publish","4":"has-post-thumbnail","6":"product_cat-articulos-publicitarios","7":"product_cat-botellas","8":"product_cat-botellas-mugs-tazones-termos-vasos","9":"product_cat-linea-bamboo","10":"product_cat-novedades","11":"product_cat-recipientes-de-vidrio","12":"product_cat-regalos-y-trofeos-premium","14":"first","15":"instock","16":"shipping-taxable","17":"product-type-simple"},"aioseo_notices":[],"yoast_head":"<!-- This site is optimized with the Yoast SEO plugin v26.5 - https:\/\/yoast.com\/wordpress\/plugins\/seo\/ -->\n<title>Botella Vidrio con tapa Bamboo M32 - Uniformes Ludo<\/title>\n<meta name=\"robots\" content=\"index, follow, max-snippet:-1, max-image-preview:large, max-video-preview:-1\" \/>\n<link rel=\"canonical\" href=\"https:\/\/uniformesludo.cl\/index.php\/producto\/botella-vidrio-con-tapa-bamboo-m32\/\" \/>\n<meta property=\"og:locale\" content=\"es_ES\" \/>\n<meta property=\"og:type\" content=\"article\" \/>\n<meta property=\"og:title\" content=\"Botella Vidrio con tapa Bamboo M32 - Uniformes Ludo\" \/>\n<meta property=\"og:description\" content=\"M32  Botella de vidrio con tapa rosca de bamb\u00fa y cinta transportable de cord\u00f3n trenzado. Capacidad de 500 ml. Presentaci\u00f3n en pl\u00e1stico burbuja dentro de caja de cart\u00f3n blanca.  Incluye silicona antiderrame. Caja de 40 unidades.  601063073\" \/>\n<meta property=\"og:url\" content=\"https:\/\/uniformesludo.cl\/index.php\/producto\/botella-vidrio-con-tapa-bamboo-m32\/\" \/>\n<meta property=\"og:site_name\" content=\"Uniformes Ludo\" \/>\n<meta property=\"article:modified_time\" content=\"2024-09-04T16:30:42+00:00\" \/>\n<meta property=\"og:image\" content=\"https:\/\/uniformesludo.cl\/wp-content\/uploads\/2024\/09\/M32-PRESENTACION-STOCK.jpg\" \/>\n\t<meta property=\"og:image:width\" content=\"600\" \/>\n\t<meta property=\"og:image:height\" content=\"600\" \/>\n\t<meta property=\"og:image:type\" content=\"image\/jpeg\" \/>\n<meta name=\"twitter:card\" content=\"summary_large_image\" \/>\n<script type=\"application\/ld+json\" class=\"yoast-schema-graph\">{\"@context\":\"https:\/\/schema.org\",\"@graph\":[{\"@type\":\"WebPage\",\"@id\":\"https:\/\/uniformesludo.cl\/index.php\/producto\/botella-vidrio-con-tapa-bamboo-m32\/\",\"url\":\"https:\/\/uniformesludo.cl\/index.php\/producto\/botella-vidrio-con-tapa-bamboo-m32\/\",\"name\":\"Botella Vidrio con tapa Bamboo M32 - Uniformes Ludo\",\"isPartOf\":{\"@id\":\"https:\/\/uniformesludo.cl\/#website\"},\"primaryImageOfPage\":{\"@id\":\"https:\/\/uniformesludo.cl\/index.php\/producto\/botella-vidrio-con-tapa-bamboo-m32\/#primaryimage\"},\"image\":{\"@id\":\"https:\/\/uniformesludo.cl\/index.php\/producto\/botella-vidrio-con-tapa-bamboo-m32\/#primaryimage\"},\"thumbnailUrl\":\"https:\/\/uniformesludo.cl\/wp-content\/uploads\/2024\/09\/M32-PRESENTACION-STOCK.jpg\",\"datePublished\":\"2024-09-04T16:30:04+00:00\",\"dateModified\":\"2024-09-04T16:30:42+00:00\",\"breadcrumb\":{\"@id\":\"https:\/\/uniformesludo.cl\/index.php\/producto\/botella-vidrio-con-tapa-bamboo-m32\/#breadcrumb\"},\"inLanguage\":\"es\",\"potentialAction\":[{\"@type\":\"ReadAction\",\"target\":[\"https:\/\/uniformesludo.cl\/index.php\/producto\/botella-vidrio-con-tapa-bamboo-m32\/\"]}]},{\"@type\":\"ImageObject\",\"inLanguage\":\"es\",\"@id\":\"https:\/\/uniformesludo.cl\/index.php\/producto\/botella-vidrio-con-tapa-bamboo-m32\/#primaryimage\",\"url\":\"https:\/\/uniformesludo.cl\/wp-content\/uploads\/2024\/09\/M32-PRESENTACION-STOCK.jpg\",\"contentUrl\":\"https:\/\/uniformesludo.cl\/wp-content\/uploads\/2024\/09\/M32-PRESENTACION-STOCK.jpg\",\"width\":600,\"height\":600},{\"@type\":\"BreadcrumbList\",\"@id\":\"https:\/\/uniformesludo.cl\/index.php\/producto\/botella-vidrio-con-tapa-bamboo-m32\/#breadcrumb\",\"itemListElement\":[{\"@type\":\"ListItem\",\"position\":1,\"name\":\"Portada\",\"item\":\"https:\/\/uniformesludo.cl\/\"},{\"@type\":\"ListItem\",\"position\":2,\"name\":\"Tienda\",\"item\":\"https:\/\/uniformesludo.cl\/index.php\/tienda\/\"},{\"@type\":\"ListItem\",\"position\":3,\"name\":\"Botella Vidrio con tapa Bamboo M32\"}]},{\"@type\":\"WebSite\",\"@id\":\"https:\/\/uniformesludo.cl\/#website\",\"url\":\"https:\/\/uniformesludo.cl\/\",\"name\":\"Uniformes Ludo\",\"description\":\"Es una de las empresas comercializadoras de Ropa de trabajo, confecci\u00f3n, productos de protecci\u00f3n, prevenci\u00f3n y seguridad una de las m\u00e1s importantes de nuestro pa\u00eds, reconocida a nivel Nacional, con numerosos clientes a lo largo de Chile que avalan su compromiso de calidad. De igual forma, existe una permanente preocupaci\u00f3n por mantener un servicio integral de excelencia que permita identificarnos como \u201cel mejor equipo, la mejor empresa e inversi\u00f3n\u201d.\",\"potentialAction\":[{\"@type\":\"SearchAction\",\"target\":{\"@type\":\"EntryPoint\",\"urlTemplate\":\"https:\/\/uniformesludo.cl\/?s={search_term_string}\"},\"query-input\":{\"@type\":\"PropertyValueSpecification\",\"valueRequired\":true,\"valueName\":\"search_term_string\"}}],\"inLanguage\":\"es\"}]}<\/script>\n<!-- \/ Yoast SEO plugin. -->","yoast_head_json":{"title":"Botella Vidrio con tapa Bamboo M32 - Uniformes Ludo","robots":{"index":"index","follow":"follow","max-snippet":"max-snippet:-1","max-image-preview":"max-image-preview:large","max-video-preview":"max-video-preview:-1"},"canonical":"https:\/\/uniformesludo.cl\/index.php\/producto\/botella-vidrio-con-tapa-bamboo-m32\/","og_locale":"es_ES","og_type":"article","og_title":"Botella Vidrio con tapa Bamboo M32 - Uniformes Ludo","og_description":"M32  Botella de vidrio con tapa rosca de bamb\u00fa y cinta transportable de cord\u00f3n trenzado. Capacidad de 500 ml. Presentaci\u00f3n en pl\u00e1stico burbuja dentro de caja de cart\u00f3n blanca.  Incluye silicona antiderrame. Caja de 40 unidades.  601063073","og_url":"https:\/\/uniformesludo.cl\/index.php\/producto\/botella-vidrio-con-tapa-bamboo-m32\/","og_site_name":"Uniformes Ludo","article_modified_time":"2024-09-04T16:30:42+00:00","og_image":[{"width":600,"height":600,"url":"https:\/\/uniformesludo.cl\/wp-content\/uploads\/2024\/09\/M32-PRESENTACION-STOCK.jpg","type":"image\/jpeg"}],"twitter_card":"summary_large_image","schema":{"@context":"https:\/\/schema.org","@graph":[{"@type":"WebPage","@id":"https:\/\/uniformesludo.cl\/index.php\/producto\/botella-vidrio-con-tapa-bamboo-m32\/","url":"https:\/\/uniformesludo.cl\/index.php\/producto\/botella-vidrio-con-tapa-bamboo-m32\/","name":"Botella Vidrio con tapa Bamboo M32 - Uniformes Ludo","isPartOf":{"@id":"https:\/\/uniformesludo.cl\/#website"},"primaryImageOfPage":{"@id":"https:\/\/uniformesludo.cl\/index.php\/producto\/botella-vidrio-con-tapa-bamboo-m32\/#primaryimage"},"image":{"@id":"https:\/\/uniformesludo.cl\/index.php\/producto\/botella-vidrio-con-tapa-bamboo-m32\/#primaryimage"},"thumbnailUrl":"https:\/\/uniformesludo.cl\/wp-content\/uploads\/2024\/09\/M32-PRESENTACION-STOCK.jpg","datePublished":"2024-09-04T16:30:04+00:00","dateModified":"2024-09-04T16:30:42+00:00","breadcrumb":{"@id":"https:\/\/uniformesludo.cl\/index.php\/producto\/botella-vidrio-con-tapa-bamboo-m32\/#breadcrumb"},"inLanguage":"es","potentialAction":[{"@type":"ReadAction","target":["https:\/\/uniformesludo.cl\/index.php\/producto\/botella-vidrio-con-tapa-bamboo-m32\/"]}]},{"@type":"ImageObject","inLanguage":"es","@id":"https:\/\/uniformesludo.cl\/index.php\/producto\/botella-vidrio-con-tapa-bamboo-m32\/#primaryimage","url":"https:\/\/uniformesludo.cl\/wp-content\/uploads\/2024\/09\/M32-PRESENTACION-STOCK.jpg","contentUrl":"https:\/\/uniformesludo.cl\/wp-content\/uploads\/2024\/09\/M32-PRESENTACION-STOCK.jpg","width":600,"height":600},{"@type":"BreadcrumbList","@id":"https:\/\/uniformesludo.cl\/index.php\/producto\/botella-vidrio-con-tapa-bamboo-m32\/#breadcrumb","itemListElement":[{"@type":"ListItem","position":1,"name":"Portada","item":"https:\/\/uniformesludo.cl\/"},{"@type":"ListItem","position":2,"name":"Tienda","item":"https:\/\/uniformesludo.cl\/index.php\/tienda\/"},{"@type":"ListItem","position":3,"name":"Botella Vidrio con tapa Bamboo M32"}]},{"@type":"WebSite","@id":"https:\/\/uniformesludo.cl\/#website","url":"https:\/\/uniformesludo.cl\/","name":"Uniformes Ludo","description":"Es una de las empresas comercializadoras de Ropa de trabajo, confecci\u00f3n, productos de protecci\u00f3n, prevenci\u00f3n y seguridad una de las m\u00e1s importantes de nuestro pa\u00eds, reconocida a nivel Nacional, con numerosos clientes a lo largo de Chile que avalan su compromiso de calidad. De igual forma, existe una permanente preocupaci\u00f3n por mantener un servicio integral de excelencia que permita identificarnos como \u201cel mejor equipo, la mejor empresa e inversi\u00f3n\u201d.","potentialAction":[{"@type":"SearchAction","target":{"@type":"EntryPoint","urlTemplate":"https:\/\/uniformesludo.cl\/?s={search_term_string}"},"query-input":{"@type":"PropertyValueSpecification","valueRequired":true,"valueName":"search_term_string"}}],"inLanguage":"es"}]}},"_links":{"self":[{"href":"https:\/\/uniformesludo.cl\/index.php\/wp-json\/wp\/v2\/product\/10018672","targetHints":{"allow":["GET"]}}],"collection":[{"href":"https:\/\/uniformesludo.cl\/index.php\/wp-json\/wp\/v2\/product"}],"about":[{"href":"https:\/\/uniformesludo.cl\/index.php\/wp-json\/wp\/v2\/types\/product"}],"replies":[{"embeddable":true,"href":"https:\/\/uniformesludo.cl\/index.php\/wp-json\/wp\/v2\/comments?post=10018672"}],"wp:featuredmedia":[{"embeddable":true,"href":"https:\/\/uniformesludo.cl\/index.php\/wp-json\/wp\/v2\/media\/10018724"}],"wp:attachment":[{"href":"https:\/\/uniformesludo.cl\/index.php\/wp-json\/wp\/v2\/media?parent=10018672"}],"wp:term":[{"taxonomy":"product_brand","embeddable":true,"href":"https:\/\/uniformesludo.cl\/index.php\/wp-json\/wp\/v2\/product_brand?post=10018672"},{"taxonomy":"product_cat","embeddable":true,"href":"https:\/\/uniformesludo.cl\/index.php\/wp-json\/wp\/v2\/product_cat?post=10018672"},{"taxonomy":"product_tag","embeddable":true,"href":"https:\/\/uniformesludo.cl\/index.php\/wp-json\/wp\/v2\/product_tag?post=10018672"}],"curies":[{"name":"wp","href":"https:\/\/api.w.org\/{rel}","templated":true}]}}