{"id":10017595,"date":"2024-09-04T16:21:48","date_gmt":"2024-09-04T16:21:48","guid":{"rendered":"https:\/\/uniformesludo.cl\/?post_type=product&#038;p=10017595"},"modified":"2024-09-05T17:14:04","modified_gmt":"2024-09-05T17:14:04","slug":"retablo-plaque-ceramica","status":"publish","type":"product","link":"https:\/\/uniformesludo.cl\/index.php\/producto\/retablo-plaque-ceramica\/","title":{"rendered":"Retablo Plaqu\u00e9 Cer\u00e1mica"},"content":{"rendered":"","protected":false},"excerpt":{"rendered":"<p><span style=\"color: #000080;\"><strong>Plaqu\u00e9 Cer\u00e1mica<\/strong><\/span><\/p>\n<p><em>Placa de cer\u00e1mica color negro brillante.<\/em><\/p>\n<p><em>Tipo de grabado : Grabado L\u00e1ser + Pintura acr\u00edlica blanca.<\/em><\/p>\n<p>&nbsp;<\/p>\n<table style=\"height: 165px;\" width=\"500\">\n<tbody>\n<tr>\n<td width=\"61\">C\u00f3digo<\/td>\n<td width=\"190\">Dimensiones<\/td>\n<td width=\"54\">Pak.<\/td>\n<td width=\"81\">C\u00f3digo<\/td>\n<\/tr>\n<tr>\n<td>G 0168<\/td>\n<td>150 mm. X 200 mm. X 15 mm.<\/td>\n<td>40<\/td>\n<td>591095859<\/td>\n<\/tr>\n<tr>\n<td>G 0179<\/td>\n<td>180 mm. X 230 mm. X 15 mm.<\/td>\n<td>30<\/td>\n<td>591095860<\/td>\n<\/tr>\n<tr>\n<td>G 1810<\/td>\n<td>200 mm. X 250 mm. X 15 mm.<\/td>\n<td>24<\/td>\n<td>591095861<\/td>\n<\/tr>\n<\/tbody>\n<\/table>\n<p>&nbsp;<\/p>\n","protected":false},"featured_media":10017648,"comment_status":"closed","ping_status":"closed","template":"","meta":[],"product_brand":[],"product_cat":[605],"product_tag":[],"class_list":{"0":"post-10017595","1":"product","2":"type-product","3":"status-publish","4":"has-post-thumbnail","6":"product_cat-galvanos-de-madera-y-varios","8":"first","9":"instock","10":"shipping-taxable","11":"purchasable","12":"product-type-variable"},"aioseo_notices":[],"yoast_head":"<!-- This site is optimized with the Yoast SEO plugin v26.5 - https:\/\/yoast.com\/wordpress\/plugins\/seo\/ -->\n<title>Retablo Plaqu\u00e9 Cer\u00e1mica - Uniformes Ludo<\/title>\n<meta name=\"robots\" content=\"index, follow, max-snippet:-1, max-image-preview:large, max-video-preview:-1\" \/>\n<link rel=\"canonical\" href=\"https:\/\/uniformesludo.cl\/index.php\/producto\/retablo-plaque-ceramica\/\" \/>\n<meta property=\"og:locale\" content=\"es_ES\" \/>\n<meta property=\"og:type\" content=\"article\" \/>\n<meta property=\"og:title\" content=\"Retablo Plaqu\u00e9 Cer\u00e1mica - Uniformes Ludo\" \/>\n<meta property=\"og:description\" content=\"Plaqu\u00e9 Cer\u00e1mica  Placa de cer\u00e1mica color negro brillante.  Tipo de grabado : Grabado L\u00e1ser + Pintura acr\u00edlica blanca.  &nbsp;    C\u00f3digo Dimensiones Pak. C\u00f3digo   G 0168 150 mm. X 200 mm. X 15 mm. 40 591095859   G 0179 180 mm. X 230 mm. X 15 mm. 30 591095860   G 1810 200 mm. X 250 mm. X 15 mm. 24 591095861    &nbsp;\" \/>\n<meta property=\"og:url\" content=\"https:\/\/uniformesludo.cl\/index.php\/producto\/retablo-plaque-ceramica\/\" \/>\n<meta property=\"og:site_name\" content=\"Uniformes Ludo\" \/>\n<meta property=\"article:modified_time\" content=\"2024-09-05T17:14:04+00:00\" \/>\n<meta property=\"og:image\" content=\"https:\/\/uniformesludo.cl\/wp-content\/uploads\/2024\/09\/PF-1215.jpg\" \/>\n\t<meta property=\"og:image:width\" content=\"600\" \/>\n\t<meta property=\"og:image:height\" content=\"600\" \/>\n\t<meta property=\"og:image:type\" content=\"image\/jpeg\" \/>\n<meta name=\"twitter:card\" content=\"summary_large_image\" \/>\n<script type=\"application\/ld+json\" class=\"yoast-schema-graph\">{\"@context\":\"https:\/\/schema.org\",\"@graph\":[{\"@type\":\"WebPage\",\"@id\":\"https:\/\/uniformesludo.cl\/index.php\/producto\/retablo-plaque-ceramica\/\",\"url\":\"https:\/\/uniformesludo.cl\/index.php\/producto\/retablo-plaque-ceramica\/\",\"name\":\"Retablo Plaqu\u00e9 Cer\u00e1mica - Uniformes Ludo\",\"isPartOf\":{\"@id\":\"https:\/\/uniformesludo.cl\/#website\"},\"primaryImageOfPage\":{\"@id\":\"https:\/\/uniformesludo.cl\/index.php\/producto\/retablo-plaque-ceramica\/#primaryimage\"},\"image\":{\"@id\":\"https:\/\/uniformesludo.cl\/index.php\/producto\/retablo-plaque-ceramica\/#primaryimage\"},\"thumbnailUrl\":\"https:\/\/uniformesludo.cl\/wp-content\/uploads\/2024\/09\/PF-1215.jpg\",\"datePublished\":\"2024-09-04T16:21:48+00:00\",\"dateModified\":\"2024-09-05T17:14:04+00:00\",\"breadcrumb\":{\"@id\":\"https:\/\/uniformesludo.cl\/index.php\/producto\/retablo-plaque-ceramica\/#breadcrumb\"},\"inLanguage\":\"es\",\"potentialAction\":[{\"@type\":\"ReadAction\",\"target\":[\"https:\/\/uniformesludo.cl\/index.php\/producto\/retablo-plaque-ceramica\/\"]}]},{\"@type\":\"ImageObject\",\"inLanguage\":\"es\",\"@id\":\"https:\/\/uniformesludo.cl\/index.php\/producto\/retablo-plaque-ceramica\/#primaryimage\",\"url\":\"https:\/\/uniformesludo.cl\/wp-content\/uploads\/2024\/09\/PF-1215.jpg\",\"contentUrl\":\"https:\/\/uniformesludo.cl\/wp-content\/uploads\/2024\/09\/PF-1215.jpg\",\"width\":600,\"height\":600},{\"@type\":\"BreadcrumbList\",\"@id\":\"https:\/\/uniformesludo.cl\/index.php\/producto\/retablo-plaque-ceramica\/#breadcrumb\",\"itemListElement\":[{\"@type\":\"ListItem\",\"position\":1,\"name\":\"Portada\",\"item\":\"https:\/\/uniformesludo.cl\/\"},{\"@type\":\"ListItem\",\"position\":2,\"name\":\"Tienda\",\"item\":\"https:\/\/uniformesludo.cl\/index.php\/tienda\/\"},{\"@type\":\"ListItem\",\"position\":3,\"name\":\"Retablo Plaqu\u00e9 Cer\u00e1mica\"}]},{\"@type\":\"WebSite\",\"@id\":\"https:\/\/uniformesludo.cl\/#website\",\"url\":\"https:\/\/uniformesludo.cl\/\",\"name\":\"Uniformes Ludo\",\"description\":\"Es una de las empresas comercializadoras de Ropa de trabajo, confecci\u00f3n, productos de protecci\u00f3n, prevenci\u00f3n y seguridad una de las m\u00e1s importantes de nuestro pa\u00eds, reconocida a nivel Nacional, con numerosos clientes a lo largo de Chile que avalan su compromiso de calidad. De igual forma, existe una permanente preocupaci\u00f3n por mantener un servicio integral de excelencia que permita identificarnos como \u201cel mejor equipo, la mejor empresa e inversi\u00f3n\u201d.\",\"potentialAction\":[{\"@type\":\"SearchAction\",\"target\":{\"@type\":\"EntryPoint\",\"urlTemplate\":\"https:\/\/uniformesludo.cl\/?s={search_term_string}\"},\"query-input\":{\"@type\":\"PropertyValueSpecification\",\"valueRequired\":true,\"valueName\":\"search_term_string\"}}],\"inLanguage\":\"es\"}]}<\/script>\n<!-- \/ Yoast SEO plugin. -->","yoast_head_json":{"title":"Retablo Plaqu\u00e9 Cer\u00e1mica - Uniformes Ludo","robots":{"index":"index","follow":"follow","max-snippet":"max-snippet:-1","max-image-preview":"max-image-preview:large","max-video-preview":"max-video-preview:-1"},"canonical":"https:\/\/uniformesludo.cl\/index.php\/producto\/retablo-plaque-ceramica\/","og_locale":"es_ES","og_type":"article","og_title":"Retablo Plaqu\u00e9 Cer\u00e1mica - Uniformes Ludo","og_description":"Plaqu\u00e9 Cer\u00e1mica  Placa de cer\u00e1mica color negro brillante.  Tipo de grabado : Grabado L\u00e1ser + Pintura acr\u00edlica blanca.  &nbsp;    C\u00f3digo Dimensiones Pak. C\u00f3digo   G 0168 150 mm. X 200 mm. X 15 mm. 40 591095859   G 0179 180 mm. X 230 mm. X 15 mm. 30 591095860   G 1810 200 mm. X 250 mm. X 15 mm. 24 591095861    &nbsp;","og_url":"https:\/\/uniformesludo.cl\/index.php\/producto\/retablo-plaque-ceramica\/","og_site_name":"Uniformes Ludo","article_modified_time":"2024-09-05T17:14:04+00:00","og_image":[{"width":600,"height":600,"url":"https:\/\/uniformesludo.cl\/wp-content\/uploads\/2024\/09\/PF-1215.jpg","type":"image\/jpeg"}],"twitter_card":"summary_large_image","schema":{"@context":"https:\/\/schema.org","@graph":[{"@type":"WebPage","@id":"https:\/\/uniformesludo.cl\/index.php\/producto\/retablo-plaque-ceramica\/","url":"https:\/\/uniformesludo.cl\/index.php\/producto\/retablo-plaque-ceramica\/","name":"Retablo Plaqu\u00e9 Cer\u00e1mica - Uniformes Ludo","isPartOf":{"@id":"https:\/\/uniformesludo.cl\/#website"},"primaryImageOfPage":{"@id":"https:\/\/uniformesludo.cl\/index.php\/producto\/retablo-plaque-ceramica\/#primaryimage"},"image":{"@id":"https:\/\/uniformesludo.cl\/index.php\/producto\/retablo-plaque-ceramica\/#primaryimage"},"thumbnailUrl":"https:\/\/uniformesludo.cl\/wp-content\/uploads\/2024\/09\/PF-1215.jpg","datePublished":"2024-09-04T16:21:48+00:00","dateModified":"2024-09-05T17:14:04+00:00","breadcrumb":{"@id":"https:\/\/uniformesludo.cl\/index.php\/producto\/retablo-plaque-ceramica\/#breadcrumb"},"inLanguage":"es","potentialAction":[{"@type":"ReadAction","target":["https:\/\/uniformesludo.cl\/index.php\/producto\/retablo-plaque-ceramica\/"]}]},{"@type":"ImageObject","inLanguage":"es","@id":"https:\/\/uniformesludo.cl\/index.php\/producto\/retablo-plaque-ceramica\/#primaryimage","url":"https:\/\/uniformesludo.cl\/wp-content\/uploads\/2024\/09\/PF-1215.jpg","contentUrl":"https:\/\/uniformesludo.cl\/wp-content\/uploads\/2024\/09\/PF-1215.jpg","width":600,"height":600},{"@type":"BreadcrumbList","@id":"https:\/\/uniformesludo.cl\/index.php\/producto\/retablo-plaque-ceramica\/#breadcrumb","itemListElement":[{"@type":"ListItem","position":1,"name":"Portada","item":"https:\/\/uniformesludo.cl\/"},{"@type":"ListItem","position":2,"name":"Tienda","item":"https:\/\/uniformesludo.cl\/index.php\/tienda\/"},{"@type":"ListItem","position":3,"name":"Retablo Plaqu\u00e9 Cer\u00e1mica"}]},{"@type":"WebSite","@id":"https:\/\/uniformesludo.cl\/#website","url":"https:\/\/uniformesludo.cl\/","name":"Uniformes Ludo","description":"Es una de las empresas comercializadoras de Ropa de trabajo, confecci\u00f3n, productos de protecci\u00f3n, prevenci\u00f3n y seguridad una de las m\u00e1s importantes de nuestro pa\u00eds, reconocida a nivel Nacional, con numerosos clientes a lo largo de Chile que avalan su compromiso de calidad. De igual forma, existe una permanente preocupaci\u00f3n por mantener un servicio integral de excelencia que permita identificarnos como \u201cel mejor equipo, la mejor empresa e inversi\u00f3n\u201d.","potentialAction":[{"@type":"SearchAction","target":{"@type":"EntryPoint","urlTemplate":"https:\/\/uniformesludo.cl\/?s={search_term_string}"},"query-input":{"@type":"PropertyValueSpecification","valueRequired":true,"valueName":"search_term_string"}}],"inLanguage":"es"}]}},"_links":{"self":[{"href":"https:\/\/uniformesludo.cl\/index.php\/wp-json\/wp\/v2\/product\/10017595","targetHints":{"allow":["GET"]}}],"collection":[{"href":"https:\/\/uniformesludo.cl\/index.php\/wp-json\/wp\/v2\/product"}],"about":[{"href":"https:\/\/uniformesludo.cl\/index.php\/wp-json\/wp\/v2\/types\/product"}],"replies":[{"embeddable":true,"href":"https:\/\/uniformesludo.cl\/index.php\/wp-json\/wp\/v2\/comments?post=10017595"}],"wp:featuredmedia":[{"embeddable":true,"href":"https:\/\/uniformesludo.cl\/index.php\/wp-json\/wp\/v2\/media\/10017648"}],"wp:attachment":[{"href":"https:\/\/uniformesludo.cl\/index.php\/wp-json\/wp\/v2\/media?parent=10017595"}],"wp:term":[{"taxonomy":"product_brand","embeddable":true,"href":"https:\/\/uniformesludo.cl\/index.php\/wp-json\/wp\/v2\/product_brand?post=10017595"},{"taxonomy":"product_cat","embeddable":true,"href":"https:\/\/uniformesludo.cl\/index.php\/wp-json\/wp\/v2\/product_cat?post=10017595"},{"taxonomy":"product_tag","embeddable":true,"href":"https:\/\/uniformesludo.cl\/index.php\/wp-json\/wp\/v2\/product_tag?post=10017595"}],"curies":[{"name":"wp","href":"https:\/\/api.w.org\/{rel}","templated":true}]}}