{"id":10017515,"date":"2024-09-04T16:20:30","date_gmt":"2024-09-04T16:20:30","guid":{"rendered":"https:\/\/uniformesludo.cl\/?post_type=product&#038;p=10017515"},"modified":"2024-09-04T16:22:11","modified_gmt":"2024-09-04T16:22:11","slug":"cinta-chilena-ancho-10-mm","status":"publish","type":"product","link":"https:\/\/uniformesludo.cl\/index.php\/producto\/cinta-chilena-ancho-10-mm\/","title":{"rendered":"Cinta Chilena (Ancho 10 mm.)"},"content":{"rendered":"<p>Cinta de tela en dos colores con gancho para medalla.<\/p>\n<p>Cinta Chilena 10 mm.\u00a0 \u00a0 \u00a0 C\u00f3digo: 591080130<\/p>\n<ul>\n<li>Bolsa de 100 Unidades<\/li>\n<li>Largo Cintas 80 cm.<\/li>\n<li>tricolor<\/li>\n<\/ul>\n<p>&nbsp;<\/p>\n","protected":false},"excerpt":{"rendered":"<p>Cinta de tela en dos colores con gancho para medalla. Cinta Chilena 10 mm.\u00a0 \u00a0 \u00a0 C\u00f3digo: 591080130 Bolsa de 100 Unidades Largo Cintas 80 cm. tricolor &nbsp;<\/p>\n","protected":false},"featured_media":10017627,"comment_status":"closed","ping_status":"closed","template":"","meta":[],"product_brand":[],"product_cat":[680],"product_tag":[],"class_list":{"0":"post-10017515","1":"product","2":"type-product","3":"status-publish","4":"has-post-thumbnail","6":"product_cat-cintas-3-colores","8":"first","9":"instock","10":"shipping-taxable","11":"product-type-simple"},"aioseo_notices":[],"yoast_head":"<!-- This site is optimized with the Yoast SEO plugin v26.5 - https:\/\/yoast.com\/wordpress\/plugins\/seo\/ -->\n<title>Cinta Chilena (Ancho 10 mm.) - Uniformes Ludo<\/title>\n<meta name=\"robots\" content=\"index, follow, max-snippet:-1, max-image-preview:large, max-video-preview:-1\" \/>\n<link rel=\"canonical\" href=\"https:\/\/uniformesludo.cl\/index.php\/producto\/cinta-chilena-ancho-10-mm\/\" \/>\n<meta property=\"og:locale\" content=\"es_ES\" \/>\n<meta property=\"og:type\" content=\"article\" \/>\n<meta property=\"og:title\" content=\"Cinta Chilena (Ancho 10 mm.) - Uniformes Ludo\" \/>\n<meta property=\"og:description\" content=\"Cinta de tela en dos colores con gancho para medalla. Cinta Chilena 10 mm.\u00a0 \u00a0 \u00a0 C\u00f3digo: 591080130 Bolsa de 100 Unidades Largo Cintas 80 cm. tricolor &nbsp;\" \/>\n<meta property=\"og:url\" content=\"https:\/\/uniformesludo.cl\/index.php\/producto\/cinta-chilena-ancho-10-mm\/\" \/>\n<meta property=\"og:site_name\" content=\"Uniformes Ludo\" \/>\n<meta property=\"article:modified_time\" content=\"2024-09-04T16:22:11+00:00\" \/>\n<meta property=\"og:image\" content=\"https:\/\/uniformesludo.cl\/wp-content\/uploads\/2024\/09\/CHILENA-10-mm.jpg\" \/>\n\t<meta property=\"og:image:width\" content=\"600\" \/>\n\t<meta property=\"og:image:height\" content=\"600\" \/>\n\t<meta property=\"og:image:type\" content=\"image\/jpeg\" \/>\n<meta name=\"twitter:card\" content=\"summary_large_image\" \/>\n<script type=\"application\/ld+json\" class=\"yoast-schema-graph\">{\"@context\":\"https:\/\/schema.org\",\"@graph\":[{\"@type\":\"WebPage\",\"@id\":\"https:\/\/uniformesludo.cl\/index.php\/producto\/cinta-chilena-ancho-10-mm\/\",\"url\":\"https:\/\/uniformesludo.cl\/index.php\/producto\/cinta-chilena-ancho-10-mm\/\",\"name\":\"Cinta Chilena (Ancho 10 mm.) - Uniformes Ludo\",\"isPartOf\":{\"@id\":\"https:\/\/uniformesludo.cl\/#website\"},\"primaryImageOfPage\":{\"@id\":\"https:\/\/uniformesludo.cl\/index.php\/producto\/cinta-chilena-ancho-10-mm\/#primaryimage\"},\"image\":{\"@id\":\"https:\/\/uniformesludo.cl\/index.php\/producto\/cinta-chilena-ancho-10-mm\/#primaryimage\"},\"thumbnailUrl\":\"https:\/\/uniformesludo.cl\/wp-content\/uploads\/2024\/09\/CHILENA-10-mm.jpg\",\"datePublished\":\"2024-09-04T16:20:30+00:00\",\"dateModified\":\"2024-09-04T16:22:11+00:00\",\"breadcrumb\":{\"@id\":\"https:\/\/uniformesludo.cl\/index.php\/producto\/cinta-chilena-ancho-10-mm\/#breadcrumb\"},\"inLanguage\":\"es\",\"potentialAction\":[{\"@type\":\"ReadAction\",\"target\":[\"https:\/\/uniformesludo.cl\/index.php\/producto\/cinta-chilena-ancho-10-mm\/\"]}]},{\"@type\":\"ImageObject\",\"inLanguage\":\"es\",\"@id\":\"https:\/\/uniformesludo.cl\/index.php\/producto\/cinta-chilena-ancho-10-mm\/#primaryimage\",\"url\":\"https:\/\/uniformesludo.cl\/wp-content\/uploads\/2024\/09\/CHILENA-10-mm.jpg\",\"contentUrl\":\"https:\/\/uniformesludo.cl\/wp-content\/uploads\/2024\/09\/CHILENA-10-mm.jpg\",\"width\":600,\"height\":600},{\"@type\":\"BreadcrumbList\",\"@id\":\"https:\/\/uniformesludo.cl\/index.php\/producto\/cinta-chilena-ancho-10-mm\/#breadcrumb\",\"itemListElement\":[{\"@type\":\"ListItem\",\"position\":1,\"name\":\"Portada\",\"item\":\"https:\/\/uniformesludo.cl\/\"},{\"@type\":\"ListItem\",\"position\":2,\"name\":\"Tienda\",\"item\":\"https:\/\/uniformesludo.cl\/index.php\/tienda\/\"},{\"@type\":\"ListItem\",\"position\":3,\"name\":\"Cinta Chilena (Ancho 10 mm.)\"}]},{\"@type\":\"WebSite\",\"@id\":\"https:\/\/uniformesludo.cl\/#website\",\"url\":\"https:\/\/uniformesludo.cl\/\",\"name\":\"Uniformes Ludo\",\"description\":\"Es una de las empresas comercializadoras de Ropa de trabajo, confecci\u00f3n, productos de protecci\u00f3n, prevenci\u00f3n y seguridad una de las m\u00e1s importantes de nuestro pa\u00eds, reconocida a nivel Nacional, con numerosos clientes a lo largo de Chile que avalan su compromiso de calidad. De igual forma, existe una permanente preocupaci\u00f3n por mantener un servicio integral de excelencia que permita identificarnos como \u201cel mejor equipo, la mejor empresa e inversi\u00f3n\u201d.\",\"potentialAction\":[{\"@type\":\"SearchAction\",\"target\":{\"@type\":\"EntryPoint\",\"urlTemplate\":\"https:\/\/uniformesludo.cl\/?s={search_term_string}\"},\"query-input\":{\"@type\":\"PropertyValueSpecification\",\"valueRequired\":true,\"valueName\":\"search_term_string\"}}],\"inLanguage\":\"es\"}]}<\/script>\n<!-- \/ Yoast SEO plugin. -->","yoast_head_json":{"title":"Cinta Chilena (Ancho 10 mm.) - Uniformes Ludo","robots":{"index":"index","follow":"follow","max-snippet":"max-snippet:-1","max-image-preview":"max-image-preview:large","max-video-preview":"max-video-preview:-1"},"canonical":"https:\/\/uniformesludo.cl\/index.php\/producto\/cinta-chilena-ancho-10-mm\/","og_locale":"es_ES","og_type":"article","og_title":"Cinta Chilena (Ancho 10 mm.) - Uniformes Ludo","og_description":"Cinta de tela en dos colores con gancho para medalla. Cinta Chilena 10 mm.\u00a0 \u00a0 \u00a0 C\u00f3digo: 591080130 Bolsa de 100 Unidades Largo Cintas 80 cm. tricolor &nbsp;","og_url":"https:\/\/uniformesludo.cl\/index.php\/producto\/cinta-chilena-ancho-10-mm\/","og_site_name":"Uniformes Ludo","article_modified_time":"2024-09-04T16:22:11+00:00","og_image":[{"width":600,"height":600,"url":"https:\/\/uniformesludo.cl\/wp-content\/uploads\/2024\/09\/CHILENA-10-mm.jpg","type":"image\/jpeg"}],"twitter_card":"summary_large_image","schema":{"@context":"https:\/\/schema.org","@graph":[{"@type":"WebPage","@id":"https:\/\/uniformesludo.cl\/index.php\/producto\/cinta-chilena-ancho-10-mm\/","url":"https:\/\/uniformesludo.cl\/index.php\/producto\/cinta-chilena-ancho-10-mm\/","name":"Cinta Chilena (Ancho 10 mm.) - Uniformes Ludo","isPartOf":{"@id":"https:\/\/uniformesludo.cl\/#website"},"primaryImageOfPage":{"@id":"https:\/\/uniformesludo.cl\/index.php\/producto\/cinta-chilena-ancho-10-mm\/#primaryimage"},"image":{"@id":"https:\/\/uniformesludo.cl\/index.php\/producto\/cinta-chilena-ancho-10-mm\/#primaryimage"},"thumbnailUrl":"https:\/\/uniformesludo.cl\/wp-content\/uploads\/2024\/09\/CHILENA-10-mm.jpg","datePublished":"2024-09-04T16:20:30+00:00","dateModified":"2024-09-04T16:22:11+00:00","breadcrumb":{"@id":"https:\/\/uniformesludo.cl\/index.php\/producto\/cinta-chilena-ancho-10-mm\/#breadcrumb"},"inLanguage":"es","potentialAction":[{"@type":"ReadAction","target":["https:\/\/uniformesludo.cl\/index.php\/producto\/cinta-chilena-ancho-10-mm\/"]}]},{"@type":"ImageObject","inLanguage":"es","@id":"https:\/\/uniformesludo.cl\/index.php\/producto\/cinta-chilena-ancho-10-mm\/#primaryimage","url":"https:\/\/uniformesludo.cl\/wp-content\/uploads\/2024\/09\/CHILENA-10-mm.jpg","contentUrl":"https:\/\/uniformesludo.cl\/wp-content\/uploads\/2024\/09\/CHILENA-10-mm.jpg","width":600,"height":600},{"@type":"BreadcrumbList","@id":"https:\/\/uniformesludo.cl\/index.php\/producto\/cinta-chilena-ancho-10-mm\/#breadcrumb","itemListElement":[{"@type":"ListItem","position":1,"name":"Portada","item":"https:\/\/uniformesludo.cl\/"},{"@type":"ListItem","position":2,"name":"Tienda","item":"https:\/\/uniformesludo.cl\/index.php\/tienda\/"},{"@type":"ListItem","position":3,"name":"Cinta Chilena (Ancho 10 mm.)"}]},{"@type":"WebSite","@id":"https:\/\/uniformesludo.cl\/#website","url":"https:\/\/uniformesludo.cl\/","name":"Uniformes Ludo","description":"Es una de las empresas comercializadoras de Ropa de trabajo, confecci\u00f3n, productos de protecci\u00f3n, prevenci\u00f3n y seguridad una de las m\u00e1s importantes de nuestro pa\u00eds, reconocida a nivel Nacional, con numerosos clientes a lo largo de Chile que avalan su compromiso de calidad. De igual forma, existe una permanente preocupaci\u00f3n por mantener un servicio integral de excelencia que permita identificarnos como \u201cel mejor equipo, la mejor empresa e inversi\u00f3n\u201d.","potentialAction":[{"@type":"SearchAction","target":{"@type":"EntryPoint","urlTemplate":"https:\/\/uniformesludo.cl\/?s={search_term_string}"},"query-input":{"@type":"PropertyValueSpecification","valueRequired":true,"valueName":"search_term_string"}}],"inLanguage":"es"}]}},"_links":{"self":[{"href":"https:\/\/uniformesludo.cl\/index.php\/wp-json\/wp\/v2\/product\/10017515","targetHints":{"allow":["GET"]}}],"collection":[{"href":"https:\/\/uniformesludo.cl\/index.php\/wp-json\/wp\/v2\/product"}],"about":[{"href":"https:\/\/uniformesludo.cl\/index.php\/wp-json\/wp\/v2\/types\/product"}],"replies":[{"embeddable":true,"href":"https:\/\/uniformesludo.cl\/index.php\/wp-json\/wp\/v2\/comments?post=10017515"}],"wp:featuredmedia":[{"embeddable":true,"href":"https:\/\/uniformesludo.cl\/index.php\/wp-json\/wp\/v2\/media\/10017627"}],"wp:attachment":[{"href":"https:\/\/uniformesludo.cl\/index.php\/wp-json\/wp\/v2\/media?parent=10017515"}],"wp:term":[{"taxonomy":"product_brand","embeddable":true,"href":"https:\/\/uniformesludo.cl\/index.php\/wp-json\/wp\/v2\/product_brand?post=10017515"},{"taxonomy":"product_cat","embeddable":true,"href":"https:\/\/uniformesludo.cl\/index.php\/wp-json\/wp\/v2\/product_cat?post=10017515"},{"taxonomy":"product_tag","embeddable":true,"href":"https:\/\/uniformesludo.cl\/index.php\/wp-json\/wp\/v2\/product_tag?post=10017515"}],"curies":[{"name":"wp","href":"https:\/\/api.w.org\/{rel}","templated":true}]}}