{"id":10017502,"date":"2024-09-04T16:20:06","date_gmt":"2024-09-04T16:20:06","guid":{"rendered":"https:\/\/uniformesludo.cl\/?post_type=product&#038;p=10017502"},"modified":"2024-09-05T16:21:22","modified_gmt":"2024-09-05T16:21:22","slug":"pediluvio-goma-alto-trafico","status":"publish","type":"product","link":"https:\/\/uniformesludo.cl\/index.php\/producto\/pediluvio-goma-alto-trafico\/","title":{"rendered":"Pediluvio (Goma alto Tr\u00e1fico)"},"content":{"rendered":"<div style=\"width: 1170px;\" class=\"wp-video\"><!--[if lt IE 9]><script>document.createElement('video');<\/script><![endif]-->\n<video class=\"wp-video-shortcode\" id=\"video-10017502-1\" width=\"1170\" height=\"658\" preload=\"metadata\" controls=\"controls\"><source type=\"video\/mp4\" src=\"http:\/\/imblasco.cl\/regalos\/wp-content\/uploads\/2020\/09\/WhatsApp-Video-2020-09-17-at-10.36.08.mp4?_=1\" \/><a href=\"http:\/\/imblasco.cl\/regalos\/wp-content\/uploads\/2020\/09\/WhatsApp-Video-2020-09-17-at-10.36.08.mp4\">http:\/\/imblasco.cl\/regalos\/wp-content\/uploads\/2020\/09\/WhatsApp-Video-2020-09-17-at-10.36.08.mp4<\/a><\/video><\/div>\n<div style=\"width: 1170px;\" class=\"wp-video\"><video class=\"wp-video-shortcode\" id=\"video-10017502-2\" width=\"1170\" height=\"658\" preload=\"metadata\" controls=\"controls\"><source type=\"video\/mp4\" src=\"http:\/\/imblasco.cl\/regalos\/wp-content\/uploads\/2020\/09\/pediluvio-dos-sectores.mp4?_=2\" \/><a href=\"http:\/\/imblasco.cl\/regalos\/wp-content\/uploads\/2020\/09\/pediluvio-dos-sectores.mp4\">http:\/\/imblasco.cl\/regalos\/wp-content\/uploads\/2020\/09\/pediluvio-dos-sectores.mp4<\/a><\/video><\/div>\n","protected":false},"excerpt":{"rendered":"<p>Pediluvio Goma alto tr\u00e1fico<\/p>\n<p>Contiene dos sectores para la limpieza y desinfecci\u00f3n del calzado.<\/p>\n<p>Sector para sanitizar y sector para secado del zapato.<\/p>\n<p>Dimensiones: 49 cm. x 84 cm.<\/p>\n<p>Colores: Cafe &#8211; Azul &#8211; Verde &#8211; Rojo.<\/p>\n<p>C\u00f3digo: 6030200416<\/p>\n<p>&nbsp;<\/p>\n<p>&nbsp;<\/p>\n","protected":false},"featured_media":10022134,"comment_status":"closed","ping_status":"closed","template":"","meta":[],"product_brand":[],"product_cat":[834,664],"product_tag":[],"class_list":{"0":"post-10017502","1":"product","2":"type-product","3":"status-publish","4":"has-post-thumbnail","6":"product_cat-accesorios-articulos-covid","7":"product_cat-jabon-liquido-y-sanitizante","9":"first","10":"instock","11":"shipping-taxable","12":"product-type-simple"},"aioseo_notices":[],"yoast_head":"<!-- This site is optimized with the Yoast SEO plugin v26.5 - https:\/\/yoast.com\/wordpress\/plugins\/seo\/ -->\n<title>Pediluvio (Goma alto Tr\u00e1fico) - Uniformes Ludo<\/title>\n<meta name=\"robots\" content=\"index, follow, max-snippet:-1, max-image-preview:large, max-video-preview:-1\" \/>\n<link rel=\"canonical\" href=\"https:\/\/uniformesludo.cl\/index.php\/producto\/pediluvio-goma-alto-trafico\/\" \/>\n<meta property=\"og:locale\" content=\"es_ES\" \/>\n<meta property=\"og:type\" content=\"article\" \/>\n<meta property=\"og:title\" content=\"Pediluvio (Goma alto Tr\u00e1fico) - Uniformes Ludo\" \/>\n<meta property=\"og:description\" content=\"Pediluvio Goma alto tr\u00e1fico  Contiene dos sectores para la limpieza y desinfecci\u00f3n del calzado.  Sector para sanitizar y sector para secado del zapato.  Dimensiones: 49 cm. x 84 cm.  Colores: Cafe - Azul - Verde - Rojo.  C\u00f3digo: 6030200416  &nbsp;  &nbsp;\" \/>\n<meta property=\"og:url\" content=\"https:\/\/uniformesludo.cl\/index.php\/producto\/pediluvio-goma-alto-trafico\/\" \/>\n<meta property=\"og:site_name\" content=\"Uniformes Ludo\" \/>\n<meta property=\"article:modified_time\" content=\"2024-09-05T16:21:22+00:00\" \/>\n<meta property=\"og:image\" content=\"https:\/\/uniformesludo.cl\/wp-content\/uploads\/2024\/09\/Pediluvio-goma-alto-trafico-CP-1-1.jpg\" \/>\n\t<meta property=\"og:image:width\" content=\"542\" \/>\n\t<meta property=\"og:image:height\" content=\"542\" \/>\n\t<meta property=\"og:image:type\" content=\"image\/jpeg\" \/>\n<meta name=\"twitter:card\" content=\"summary_large_image\" \/>\n<script type=\"application\/ld+json\" class=\"yoast-schema-graph\">{\"@context\":\"https:\/\/schema.org\",\"@graph\":[{\"@type\":\"WebPage\",\"@id\":\"https:\/\/uniformesludo.cl\/index.php\/producto\/pediluvio-goma-alto-trafico\/\",\"url\":\"https:\/\/uniformesludo.cl\/index.php\/producto\/pediluvio-goma-alto-trafico\/\",\"name\":\"Pediluvio (Goma alto Tr\u00e1fico) - Uniformes Ludo\",\"isPartOf\":{\"@id\":\"https:\/\/uniformesludo.cl\/#website\"},\"primaryImageOfPage\":{\"@id\":\"https:\/\/uniformesludo.cl\/index.php\/producto\/pediluvio-goma-alto-trafico\/#primaryimage\"},\"image\":{\"@id\":\"https:\/\/uniformesludo.cl\/index.php\/producto\/pediluvio-goma-alto-trafico\/#primaryimage\"},\"thumbnailUrl\":\"https:\/\/uniformesludo.cl\/wp-content\/uploads\/2024\/09\/Pediluvio-goma-alto-trafico-CP-1-1.jpg\",\"datePublished\":\"2024-09-04T16:20:06+00:00\",\"dateModified\":\"2024-09-05T16:21:22+00:00\",\"breadcrumb\":{\"@id\":\"https:\/\/uniformesludo.cl\/index.php\/producto\/pediluvio-goma-alto-trafico\/#breadcrumb\"},\"inLanguage\":\"es\",\"potentialAction\":[{\"@type\":\"ReadAction\",\"target\":[\"https:\/\/uniformesludo.cl\/index.php\/producto\/pediluvio-goma-alto-trafico\/\"]}]},{\"@type\":\"ImageObject\",\"inLanguage\":\"es\",\"@id\":\"https:\/\/uniformesludo.cl\/index.php\/producto\/pediluvio-goma-alto-trafico\/#primaryimage\",\"url\":\"https:\/\/uniformesludo.cl\/wp-content\/uploads\/2024\/09\/Pediluvio-goma-alto-trafico-CP-1-1.jpg\",\"contentUrl\":\"https:\/\/uniformesludo.cl\/wp-content\/uploads\/2024\/09\/Pediluvio-goma-alto-trafico-CP-1-1.jpg\",\"width\":542,\"height\":542},{\"@type\":\"BreadcrumbList\",\"@id\":\"https:\/\/uniformesludo.cl\/index.php\/producto\/pediluvio-goma-alto-trafico\/#breadcrumb\",\"itemListElement\":[{\"@type\":\"ListItem\",\"position\":1,\"name\":\"Portada\",\"item\":\"https:\/\/uniformesludo.cl\/\"},{\"@type\":\"ListItem\",\"position\":2,\"name\":\"Tienda\",\"item\":\"https:\/\/uniformesludo.cl\/index.php\/tienda\/\"},{\"@type\":\"ListItem\",\"position\":3,\"name\":\"Pediluvio (Goma alto Tr\u00e1fico)\"}]},{\"@type\":\"WebSite\",\"@id\":\"https:\/\/uniformesludo.cl\/#website\",\"url\":\"https:\/\/uniformesludo.cl\/\",\"name\":\"Uniformes Ludo\",\"description\":\"Es una de las empresas comercializadoras de Ropa de trabajo, confecci\u00f3n, productos de protecci\u00f3n, prevenci\u00f3n y seguridad una de las m\u00e1s importantes de nuestro pa\u00eds, reconocida a nivel Nacional, con numerosos clientes a lo largo de Chile que avalan su compromiso de calidad. De igual forma, existe una permanente preocupaci\u00f3n por mantener un servicio integral de excelencia que permita identificarnos como \u201cel mejor equipo, la mejor empresa e inversi\u00f3n\u201d.\",\"potentialAction\":[{\"@type\":\"SearchAction\",\"target\":{\"@type\":\"EntryPoint\",\"urlTemplate\":\"https:\/\/uniformesludo.cl\/?s={search_term_string}\"},\"query-input\":{\"@type\":\"PropertyValueSpecification\",\"valueRequired\":true,\"valueName\":\"search_term_string\"}}],\"inLanguage\":\"es\"}]}<\/script>\n<!-- \/ Yoast SEO plugin. -->","yoast_head_json":{"title":"Pediluvio (Goma alto Tr\u00e1fico) - Uniformes Ludo","robots":{"index":"index","follow":"follow","max-snippet":"max-snippet:-1","max-image-preview":"max-image-preview:large","max-video-preview":"max-video-preview:-1"},"canonical":"https:\/\/uniformesludo.cl\/index.php\/producto\/pediluvio-goma-alto-trafico\/","og_locale":"es_ES","og_type":"article","og_title":"Pediluvio (Goma alto Tr\u00e1fico) - Uniformes Ludo","og_description":"Pediluvio Goma alto tr\u00e1fico  Contiene dos sectores para la limpieza y desinfecci\u00f3n del calzado.  Sector para sanitizar y sector para secado del zapato.  Dimensiones: 49 cm. x 84 cm.  Colores: Cafe - Azul - Verde - Rojo.  C\u00f3digo: 6030200416  &nbsp;  &nbsp;","og_url":"https:\/\/uniformesludo.cl\/index.php\/producto\/pediluvio-goma-alto-trafico\/","og_site_name":"Uniformes Ludo","article_modified_time":"2024-09-05T16:21:22+00:00","og_image":[{"width":542,"height":542,"url":"https:\/\/uniformesludo.cl\/wp-content\/uploads\/2024\/09\/Pediluvio-goma-alto-trafico-CP-1-1.jpg","type":"image\/jpeg"}],"twitter_card":"summary_large_image","schema":{"@context":"https:\/\/schema.org","@graph":[{"@type":"WebPage","@id":"https:\/\/uniformesludo.cl\/index.php\/producto\/pediluvio-goma-alto-trafico\/","url":"https:\/\/uniformesludo.cl\/index.php\/producto\/pediluvio-goma-alto-trafico\/","name":"Pediluvio (Goma alto Tr\u00e1fico) - Uniformes Ludo","isPartOf":{"@id":"https:\/\/uniformesludo.cl\/#website"},"primaryImageOfPage":{"@id":"https:\/\/uniformesludo.cl\/index.php\/producto\/pediluvio-goma-alto-trafico\/#primaryimage"},"image":{"@id":"https:\/\/uniformesludo.cl\/index.php\/producto\/pediluvio-goma-alto-trafico\/#primaryimage"},"thumbnailUrl":"https:\/\/uniformesludo.cl\/wp-content\/uploads\/2024\/09\/Pediluvio-goma-alto-trafico-CP-1-1.jpg","datePublished":"2024-09-04T16:20:06+00:00","dateModified":"2024-09-05T16:21:22+00:00","breadcrumb":{"@id":"https:\/\/uniformesludo.cl\/index.php\/producto\/pediluvio-goma-alto-trafico\/#breadcrumb"},"inLanguage":"es","potentialAction":[{"@type":"ReadAction","target":["https:\/\/uniformesludo.cl\/index.php\/producto\/pediluvio-goma-alto-trafico\/"]}]},{"@type":"ImageObject","inLanguage":"es","@id":"https:\/\/uniformesludo.cl\/index.php\/producto\/pediluvio-goma-alto-trafico\/#primaryimage","url":"https:\/\/uniformesludo.cl\/wp-content\/uploads\/2024\/09\/Pediluvio-goma-alto-trafico-CP-1-1.jpg","contentUrl":"https:\/\/uniformesludo.cl\/wp-content\/uploads\/2024\/09\/Pediluvio-goma-alto-trafico-CP-1-1.jpg","width":542,"height":542},{"@type":"BreadcrumbList","@id":"https:\/\/uniformesludo.cl\/index.php\/producto\/pediluvio-goma-alto-trafico\/#breadcrumb","itemListElement":[{"@type":"ListItem","position":1,"name":"Portada","item":"https:\/\/uniformesludo.cl\/"},{"@type":"ListItem","position":2,"name":"Tienda","item":"https:\/\/uniformesludo.cl\/index.php\/tienda\/"},{"@type":"ListItem","position":3,"name":"Pediluvio (Goma alto Tr\u00e1fico)"}]},{"@type":"WebSite","@id":"https:\/\/uniformesludo.cl\/#website","url":"https:\/\/uniformesludo.cl\/","name":"Uniformes Ludo","description":"Es una de las empresas comercializadoras de Ropa de trabajo, confecci\u00f3n, productos de protecci\u00f3n, prevenci\u00f3n y seguridad una de las m\u00e1s importantes de nuestro pa\u00eds, reconocida a nivel Nacional, con numerosos clientes a lo largo de Chile que avalan su compromiso de calidad. De igual forma, existe una permanente preocupaci\u00f3n por mantener un servicio integral de excelencia que permita identificarnos como \u201cel mejor equipo, la mejor empresa e inversi\u00f3n\u201d.","potentialAction":[{"@type":"SearchAction","target":{"@type":"EntryPoint","urlTemplate":"https:\/\/uniformesludo.cl\/?s={search_term_string}"},"query-input":{"@type":"PropertyValueSpecification","valueRequired":true,"valueName":"search_term_string"}}],"inLanguage":"es"}]}},"_links":{"self":[{"href":"https:\/\/uniformesludo.cl\/index.php\/wp-json\/wp\/v2\/product\/10017502","targetHints":{"allow":["GET"]}}],"collection":[{"href":"https:\/\/uniformesludo.cl\/index.php\/wp-json\/wp\/v2\/product"}],"about":[{"href":"https:\/\/uniformesludo.cl\/index.php\/wp-json\/wp\/v2\/types\/product"}],"replies":[{"embeddable":true,"href":"https:\/\/uniformesludo.cl\/index.php\/wp-json\/wp\/v2\/comments?post=10017502"}],"wp:featuredmedia":[{"embeddable":true,"href":"https:\/\/uniformesludo.cl\/index.php\/wp-json\/wp\/v2\/media\/10022134"}],"wp:attachment":[{"href":"https:\/\/uniformesludo.cl\/index.php\/wp-json\/wp\/v2\/media?parent=10017502"}],"wp:term":[{"taxonomy":"product_brand","embeddable":true,"href":"https:\/\/uniformesludo.cl\/index.php\/wp-json\/wp\/v2\/product_brand?post=10017502"},{"taxonomy":"product_cat","embeddable":true,"href":"https:\/\/uniformesludo.cl\/index.php\/wp-json\/wp\/v2\/product_cat?post=10017502"},{"taxonomy":"product_tag","embeddable":true,"href":"https:\/\/uniformesludo.cl\/index.php\/wp-json\/wp\/v2\/product_tag?post=10017502"}],"curies":[{"name":"wp","href":"https:\/\/api.w.org\/{rel}","templated":true}]}}