{"id":10017464,"date":"2024-09-04T16:19:39","date_gmt":"2024-09-04T16:19:39","guid":{"rendered":"https:\/\/uniformesludo.cl\/?post_type=product&#038;p=10017464"},"modified":"2024-09-05T16:09:27","modified_gmt":"2024-09-05T16:09:27","slug":"boligrafo-anti-bacterial-destacador-co30","status":"publish","type":"product","link":"https:\/\/uniformesludo.cl\/index.php\/producto\/boligrafo-anti-bacterial-destacador-co30\/","title":{"rendered":"Bol\u00edgrafo Anti-Bacterial Destacador CO30"},"content":{"rendered":"","protected":false},"excerpt":{"rendered":"<p><span style=\"color: #000080;\"><strong>CO30<\/strong><\/span><\/p>\n<ul>\n<li><em>Bol\u00edgrafo fabricado en ABS y\u00a0<strong>tratado con iones de plata<\/strong>\u00a0para inhibir y evitar el proliferamiento de bacterias en su cuerpo.<\/em><\/li>\n<li><em>Con destacador y tapa en el otro extremo del l\u00e1piz<\/em><\/li>\n<li><em>Mecanismo de giro para sacar y esconder la punta del bol\u00edgrafo.<\/em><\/li>\n<li><em>Clip troquelado y empu\u00f1adura ergon\u00f3mica para mejor agarre.<\/em><\/li>\n<li><em>Escritura azul.<\/em><\/li>\n<li><em>Est\u00e1ndar ISO 22196:2011, sobre la medida de la actividad antibacteriana en pl\u00e1sticos y otras superficies no porosas.<\/em><\/li>\n<\/ul>\n<p>Caja de 50 unidades.<\/p>\n<p><img loading=\"lazy\" decoding=\"async\" class=\"alignnone size-full wp-image-513\" src=\"http:\/\/imblasco.cl\/regalos\/wp-content\/uploads\/2019\/06\/tampografia.png\" alt=\"\" width=\"71\" height=\"71\" \/><\/p>\n","protected":false},"featured_media":10017535,"comment_status":"closed","ping_status":"closed","template":"","meta":[],"product_brand":[],"product_cat":[834,560,561],"product_tag":[],"class_list":{"0":"post-10017464","1":"product","2":"type-product","3":"status-publish","4":"has-post-thumbnail","6":"product_cat-accesorios-articulos-covid","7":"product_cat-boligrafos-lapices-estuches","8":"product_cat-plasticos","10":"first","11":"instock","12":"shipping-taxable","13":"purchasable","14":"product-type-variable"},"aioseo_notices":[],"yoast_head":"<!-- This site is optimized with the Yoast SEO plugin v26.5 - https:\/\/yoast.com\/wordpress\/plugins\/seo\/ -->\n<title>Bol\u00edgrafo Anti-Bacterial Destacador CO30 - Uniformes Ludo<\/title>\n<meta name=\"robots\" content=\"index, follow, max-snippet:-1, max-image-preview:large, max-video-preview:-1\" \/>\n<link rel=\"canonical\" href=\"https:\/\/uniformesludo.cl\/index.php\/producto\/boligrafo-anti-bacterial-destacador-co30\/\" \/>\n<meta property=\"og:locale\" content=\"es_ES\" \/>\n<meta property=\"og:type\" content=\"article\" \/>\n<meta property=\"og:title\" content=\"Bol\u00edgrafo Anti-Bacterial Destacador CO30 - Uniformes Ludo\" \/>\n<meta property=\"og:description\" content=\"CO30   Bol\u00edgrafo fabricado en ABS y\u00a0tratado con iones de plata\u00a0para inhibir y evitar el proliferamiento de bacterias en su cuerpo.  Con destacador y tapa en el otro extremo del l\u00e1piz  Mecanismo de giro para sacar y esconder la punta del bol\u00edgrafo.  Clip troquelado y empu\u00f1adura ergon\u00f3mica para mejor agarre.  Escritura azul.  Est\u00e1ndar ISO 22196:2011, sobre la medida de la actividad antibacteriana en pl\u00e1sticos y otras superficies no porosas.  Caja de 50 unidades.\" \/>\n<meta property=\"og:url\" content=\"https:\/\/uniformesludo.cl\/index.php\/producto\/boligrafo-anti-bacterial-destacador-co30\/\" \/>\n<meta property=\"og:site_name\" content=\"Uniformes Ludo\" \/>\n<meta property=\"article:modified_time\" content=\"2024-09-05T16:09:27+00:00\" \/>\n<meta property=\"og:image\" content=\"https:\/\/uniformesludo.cl\/wp-content\/uploads\/2024\/09\/CO30-nuevo-stock-scaled-1.jpg\" \/>\n\t<meta property=\"og:image:width\" content=\"2560\" \/>\n\t<meta property=\"og:image:height\" content=\"2560\" \/>\n\t<meta property=\"og:image:type\" content=\"image\/jpeg\" \/>\n<meta name=\"twitter:card\" content=\"summary_large_image\" \/>\n<script type=\"application\/ld+json\" class=\"yoast-schema-graph\">{\"@context\":\"https:\/\/schema.org\",\"@graph\":[{\"@type\":\"WebPage\",\"@id\":\"https:\/\/uniformesludo.cl\/index.php\/producto\/boligrafo-anti-bacterial-destacador-co30\/\",\"url\":\"https:\/\/uniformesludo.cl\/index.php\/producto\/boligrafo-anti-bacterial-destacador-co30\/\",\"name\":\"Bol\u00edgrafo Anti-Bacterial Destacador CO30 - Uniformes Ludo\",\"isPartOf\":{\"@id\":\"https:\/\/uniformesludo.cl\/#website\"},\"primaryImageOfPage\":{\"@id\":\"https:\/\/uniformesludo.cl\/index.php\/producto\/boligrafo-anti-bacterial-destacador-co30\/#primaryimage\"},\"image\":{\"@id\":\"https:\/\/uniformesludo.cl\/index.php\/producto\/boligrafo-anti-bacterial-destacador-co30\/#primaryimage\"},\"thumbnailUrl\":\"https:\/\/uniformesludo.cl\/wp-content\/uploads\/2024\/09\/CO30-nuevo-stock-scaled-1.jpg\",\"datePublished\":\"2024-09-04T16:19:39+00:00\",\"dateModified\":\"2024-09-05T16:09:27+00:00\",\"breadcrumb\":{\"@id\":\"https:\/\/uniformesludo.cl\/index.php\/producto\/boligrafo-anti-bacterial-destacador-co30\/#breadcrumb\"},\"inLanguage\":\"es\",\"potentialAction\":[{\"@type\":\"ReadAction\",\"target\":[\"https:\/\/uniformesludo.cl\/index.php\/producto\/boligrafo-anti-bacterial-destacador-co30\/\"]}]},{\"@type\":\"ImageObject\",\"inLanguage\":\"es\",\"@id\":\"https:\/\/uniformesludo.cl\/index.php\/producto\/boligrafo-anti-bacterial-destacador-co30\/#primaryimage\",\"url\":\"https:\/\/uniformesludo.cl\/wp-content\/uploads\/2024\/09\/CO30-nuevo-stock-scaled-1.jpg\",\"contentUrl\":\"https:\/\/uniformesludo.cl\/wp-content\/uploads\/2024\/09\/CO30-nuevo-stock-scaled-1.jpg\",\"width\":2560,\"height\":2560},{\"@type\":\"BreadcrumbList\",\"@id\":\"https:\/\/uniformesludo.cl\/index.php\/producto\/boligrafo-anti-bacterial-destacador-co30\/#breadcrumb\",\"itemListElement\":[{\"@type\":\"ListItem\",\"position\":1,\"name\":\"Portada\",\"item\":\"https:\/\/uniformesludo.cl\/\"},{\"@type\":\"ListItem\",\"position\":2,\"name\":\"Tienda\",\"item\":\"https:\/\/uniformesludo.cl\/index.php\/tienda\/\"},{\"@type\":\"ListItem\",\"position\":3,\"name\":\"Bol\u00edgrafo Anti-Bacterial Destacador CO30\"}]},{\"@type\":\"WebSite\",\"@id\":\"https:\/\/uniformesludo.cl\/#website\",\"url\":\"https:\/\/uniformesludo.cl\/\",\"name\":\"Uniformes Ludo\",\"description\":\"Es una de las empresas comercializadoras de Ropa de trabajo, confecci\u00f3n, productos de protecci\u00f3n, prevenci\u00f3n y seguridad una de las m\u00e1s importantes de nuestro pa\u00eds, reconocida a nivel Nacional, con numerosos clientes a lo largo de Chile que avalan su compromiso de calidad. De igual forma, existe una permanente preocupaci\u00f3n por mantener un servicio integral de excelencia que permita identificarnos como \u201cel mejor equipo, la mejor empresa e inversi\u00f3n\u201d.\",\"potentialAction\":[{\"@type\":\"SearchAction\",\"target\":{\"@type\":\"EntryPoint\",\"urlTemplate\":\"https:\/\/uniformesludo.cl\/?s={search_term_string}\"},\"query-input\":{\"@type\":\"PropertyValueSpecification\",\"valueRequired\":true,\"valueName\":\"search_term_string\"}}],\"inLanguage\":\"es\"}]}<\/script>\n<!-- \/ Yoast SEO plugin. -->","yoast_head_json":{"title":"Bol\u00edgrafo Anti-Bacterial Destacador CO30 - Uniformes Ludo","robots":{"index":"index","follow":"follow","max-snippet":"max-snippet:-1","max-image-preview":"max-image-preview:large","max-video-preview":"max-video-preview:-1"},"canonical":"https:\/\/uniformesludo.cl\/index.php\/producto\/boligrafo-anti-bacterial-destacador-co30\/","og_locale":"es_ES","og_type":"article","og_title":"Bol\u00edgrafo Anti-Bacterial Destacador CO30 - Uniformes Ludo","og_description":"CO30   Bol\u00edgrafo fabricado en ABS y\u00a0tratado con iones de plata\u00a0para inhibir y evitar el proliferamiento de bacterias en su cuerpo.  Con destacador y tapa en el otro extremo del l\u00e1piz  Mecanismo de giro para sacar y esconder la punta del bol\u00edgrafo.  Clip troquelado y empu\u00f1adura ergon\u00f3mica para mejor agarre.  Escritura azul.  Est\u00e1ndar ISO 22196:2011, sobre la medida de la actividad antibacteriana en pl\u00e1sticos y otras superficies no porosas.  Caja de 50 unidades.","og_url":"https:\/\/uniformesludo.cl\/index.php\/producto\/boligrafo-anti-bacterial-destacador-co30\/","og_site_name":"Uniformes Ludo","article_modified_time":"2024-09-05T16:09:27+00:00","og_image":[{"width":2560,"height":2560,"url":"https:\/\/uniformesludo.cl\/wp-content\/uploads\/2024\/09\/CO30-nuevo-stock-scaled-1.jpg","type":"image\/jpeg"}],"twitter_card":"summary_large_image","schema":{"@context":"https:\/\/schema.org","@graph":[{"@type":"WebPage","@id":"https:\/\/uniformesludo.cl\/index.php\/producto\/boligrafo-anti-bacterial-destacador-co30\/","url":"https:\/\/uniformesludo.cl\/index.php\/producto\/boligrafo-anti-bacterial-destacador-co30\/","name":"Bol\u00edgrafo Anti-Bacterial Destacador CO30 - Uniformes Ludo","isPartOf":{"@id":"https:\/\/uniformesludo.cl\/#website"},"primaryImageOfPage":{"@id":"https:\/\/uniformesludo.cl\/index.php\/producto\/boligrafo-anti-bacterial-destacador-co30\/#primaryimage"},"image":{"@id":"https:\/\/uniformesludo.cl\/index.php\/producto\/boligrafo-anti-bacterial-destacador-co30\/#primaryimage"},"thumbnailUrl":"https:\/\/uniformesludo.cl\/wp-content\/uploads\/2024\/09\/CO30-nuevo-stock-scaled-1.jpg","datePublished":"2024-09-04T16:19:39+00:00","dateModified":"2024-09-05T16:09:27+00:00","breadcrumb":{"@id":"https:\/\/uniformesludo.cl\/index.php\/producto\/boligrafo-anti-bacterial-destacador-co30\/#breadcrumb"},"inLanguage":"es","potentialAction":[{"@type":"ReadAction","target":["https:\/\/uniformesludo.cl\/index.php\/producto\/boligrafo-anti-bacterial-destacador-co30\/"]}]},{"@type":"ImageObject","inLanguage":"es","@id":"https:\/\/uniformesludo.cl\/index.php\/producto\/boligrafo-anti-bacterial-destacador-co30\/#primaryimage","url":"https:\/\/uniformesludo.cl\/wp-content\/uploads\/2024\/09\/CO30-nuevo-stock-scaled-1.jpg","contentUrl":"https:\/\/uniformesludo.cl\/wp-content\/uploads\/2024\/09\/CO30-nuevo-stock-scaled-1.jpg","width":2560,"height":2560},{"@type":"BreadcrumbList","@id":"https:\/\/uniformesludo.cl\/index.php\/producto\/boligrafo-anti-bacterial-destacador-co30\/#breadcrumb","itemListElement":[{"@type":"ListItem","position":1,"name":"Portada","item":"https:\/\/uniformesludo.cl\/"},{"@type":"ListItem","position":2,"name":"Tienda","item":"https:\/\/uniformesludo.cl\/index.php\/tienda\/"},{"@type":"ListItem","position":3,"name":"Bol\u00edgrafo Anti-Bacterial Destacador CO30"}]},{"@type":"WebSite","@id":"https:\/\/uniformesludo.cl\/#website","url":"https:\/\/uniformesludo.cl\/","name":"Uniformes Ludo","description":"Es una de las empresas comercializadoras de Ropa de trabajo, confecci\u00f3n, productos de protecci\u00f3n, prevenci\u00f3n y seguridad una de las m\u00e1s importantes de nuestro pa\u00eds, reconocida a nivel Nacional, con numerosos clientes a lo largo de Chile que avalan su compromiso de calidad. De igual forma, existe una permanente preocupaci\u00f3n por mantener un servicio integral de excelencia que permita identificarnos como \u201cel mejor equipo, la mejor empresa e inversi\u00f3n\u201d.","potentialAction":[{"@type":"SearchAction","target":{"@type":"EntryPoint","urlTemplate":"https:\/\/uniformesludo.cl\/?s={search_term_string}"},"query-input":{"@type":"PropertyValueSpecification","valueRequired":true,"valueName":"search_term_string"}}],"inLanguage":"es"}]}},"_links":{"self":[{"href":"https:\/\/uniformesludo.cl\/index.php\/wp-json\/wp\/v2\/product\/10017464","targetHints":{"allow":["GET"]}}],"collection":[{"href":"https:\/\/uniformesludo.cl\/index.php\/wp-json\/wp\/v2\/product"}],"about":[{"href":"https:\/\/uniformesludo.cl\/index.php\/wp-json\/wp\/v2\/types\/product"}],"replies":[{"embeddable":true,"href":"https:\/\/uniformesludo.cl\/index.php\/wp-json\/wp\/v2\/comments?post=10017464"}],"wp:featuredmedia":[{"embeddable":true,"href":"https:\/\/uniformesludo.cl\/index.php\/wp-json\/wp\/v2\/media\/10017535"}],"wp:attachment":[{"href":"https:\/\/uniformesludo.cl\/index.php\/wp-json\/wp\/v2\/media?parent=10017464"}],"wp:term":[{"taxonomy":"product_brand","embeddable":true,"href":"https:\/\/uniformesludo.cl\/index.php\/wp-json\/wp\/v2\/product_brand?post=10017464"},{"taxonomy":"product_cat","embeddable":true,"href":"https:\/\/uniformesludo.cl\/index.php\/wp-json\/wp\/v2\/product_cat?post=10017464"},{"taxonomy":"product_tag","embeddable":true,"href":"https:\/\/uniformesludo.cl\/index.php\/wp-json\/wp\/v2\/product_tag?post=10017464"}],"curies":[{"name":"wp","href":"https:\/\/api.w.org\/{rel}","templated":true}]}}