{"id":10017385,"date":"2024-09-04T16:18:48","date_gmt":"2024-09-04T16:18:48","guid":{"rendered":"https:\/\/uniformesludo.cl\/?post_type=product&#038;p=10017385"},"modified":"2024-09-05T17:17:20","modified_gmt":"2024-09-05T17:17:20","slug":"domo-rectangular","status":"publish","type":"product","link":"https:\/\/uniformesludo.cl\/index.php\/producto\/domo-rectangular\/","title":{"rendered":"Domo Rectangular"},"content":{"rendered":"","protected":false},"excerpt":{"rendered":"<p><span style=\"color: #000080;\"><strong>DOME RECTANGULAR<\/strong><\/span><\/p>\n<p>20 x 50 mm.\u00a0 \u00a0Venta por 12 Pcs.\u00a0 \u00a0C\u00f3digo: 591080121<\/p>\n<p>20 x 60 mm.\u00a0 \u00a0Venta por 16 Pcs.\u00a0 \u00a0C\u00f3digo: 591080122<\/p>\n<p>20 x 70 mm.\u00a0 \u00a0Venta por 16 Pcs.\u00a0 \u00a0C\u00f3digo: 591080123<\/p>\n<p>25 x 60 mm.\u00a0 \u00a0Venta por 24 Pcs.\u00a0 \u00a0C\u00f3digo: 591080131<\/p>\n<p>25 x 70 mm.\u00a0 \u00a0Venta por 16 Pcs.\u00a0 \u00a0C\u00f3digo: 591080132<\/p>\n<p>25 x 75 mm.\u00a0 \u00a0Venta por 10 Pcs.\u00a0 \u00a0C\u00f3digo: 591080134<\/p>\n<p>25 x 80 mm.\u00a0 \u00a0Venta por 16 Pcs.\u00a0 \u00a0C\u00f3digo: 591080133<\/p>\n<p>&nbsp;<\/p>\n","protected":false},"featured_media":10017435,"comment_status":"closed","ping_status":"closed","template":"","meta":[],"product_brand":[],"product_cat":[578,682],"product_tag":[],"class_list":{"0":"post-10017385","1":"product","2":"type-product","3":"status-publish","4":"has-post-thumbnail","6":"product_cat-accesorios-herramientas","7":"product_cat-insumos","9":"first","10":"instock","11":"shipping-taxable","12":"purchasable","13":"product-type-variable"},"aioseo_notices":[],"yoast_head":"<!-- This site is optimized with the Yoast SEO plugin v26.5 - https:\/\/yoast.com\/wordpress\/plugins\/seo\/ -->\n<title>Domo Rectangular - Uniformes Ludo<\/title>\n<meta name=\"robots\" content=\"index, follow, max-snippet:-1, max-image-preview:large, max-video-preview:-1\" \/>\n<link rel=\"canonical\" href=\"https:\/\/uniformesludo.cl\/index.php\/producto\/domo-rectangular\/\" \/>\n<meta property=\"og:locale\" content=\"es_ES\" \/>\n<meta property=\"og:type\" content=\"article\" \/>\n<meta property=\"og:title\" content=\"Domo Rectangular - Uniformes Ludo\" \/>\n<meta property=\"og:description\" content=\"DOME RECTANGULAR  20 x 50 mm.\u00a0 \u00a0Venta por 12 Pcs.\u00a0 \u00a0C\u00f3digo: 591080121  20 x 60 mm.\u00a0 \u00a0Venta por 16 Pcs.\u00a0 \u00a0C\u00f3digo: 591080122  20 x 70 mm.\u00a0 \u00a0Venta por 16 Pcs.\u00a0 \u00a0C\u00f3digo: 591080123  25 x 60 mm.\u00a0 \u00a0Venta por 24 Pcs.\u00a0 \u00a0C\u00f3digo: 591080131  25 x 70 mm.\u00a0 \u00a0Venta por 16 Pcs.\u00a0 \u00a0C\u00f3digo: 591080132  25 x 75 mm.\u00a0 \u00a0Venta por 10 Pcs.\u00a0 \u00a0C\u00f3digo: 591080134  25 x 80 mm.\u00a0 \u00a0Venta por 16 Pcs.\u00a0 \u00a0C\u00f3digo: 591080133  &nbsp;\" \/>\n<meta property=\"og:url\" content=\"https:\/\/uniformesludo.cl\/index.php\/producto\/domo-rectangular\/\" \/>\n<meta property=\"og:site_name\" content=\"Uniformes Ludo\" \/>\n<meta property=\"article:modified_time\" content=\"2024-09-05T17:17:20+00:00\" \/>\n<meta property=\"og:image\" content=\"https:\/\/uniformesludo.cl\/wp-content\/uploads\/2024\/09\/Domo-Rectangular.jpg\" \/>\n\t<meta property=\"og:image:width\" content=\"600\" \/>\n\t<meta property=\"og:image:height\" content=\"600\" \/>\n\t<meta property=\"og:image:type\" content=\"image\/jpeg\" \/>\n<meta name=\"twitter:card\" content=\"summary_large_image\" \/>\n<script type=\"application\/ld+json\" class=\"yoast-schema-graph\">{\"@context\":\"https:\/\/schema.org\",\"@graph\":[{\"@type\":\"WebPage\",\"@id\":\"https:\/\/uniformesludo.cl\/index.php\/producto\/domo-rectangular\/\",\"url\":\"https:\/\/uniformesludo.cl\/index.php\/producto\/domo-rectangular\/\",\"name\":\"Domo Rectangular - Uniformes Ludo\",\"isPartOf\":{\"@id\":\"https:\/\/uniformesludo.cl\/#website\"},\"primaryImageOfPage\":{\"@id\":\"https:\/\/uniformesludo.cl\/index.php\/producto\/domo-rectangular\/#primaryimage\"},\"image\":{\"@id\":\"https:\/\/uniformesludo.cl\/index.php\/producto\/domo-rectangular\/#primaryimage\"},\"thumbnailUrl\":\"https:\/\/uniformesludo.cl\/wp-content\/uploads\/2024\/09\/Domo-Rectangular.jpg\",\"datePublished\":\"2024-09-04T16:18:48+00:00\",\"dateModified\":\"2024-09-05T17:17:20+00:00\",\"breadcrumb\":{\"@id\":\"https:\/\/uniformesludo.cl\/index.php\/producto\/domo-rectangular\/#breadcrumb\"},\"inLanguage\":\"es\",\"potentialAction\":[{\"@type\":\"ReadAction\",\"target\":[\"https:\/\/uniformesludo.cl\/index.php\/producto\/domo-rectangular\/\"]}]},{\"@type\":\"ImageObject\",\"inLanguage\":\"es\",\"@id\":\"https:\/\/uniformesludo.cl\/index.php\/producto\/domo-rectangular\/#primaryimage\",\"url\":\"https:\/\/uniformesludo.cl\/wp-content\/uploads\/2024\/09\/Domo-Rectangular.jpg\",\"contentUrl\":\"https:\/\/uniformesludo.cl\/wp-content\/uploads\/2024\/09\/Domo-Rectangular.jpg\",\"width\":600,\"height\":600},{\"@type\":\"BreadcrumbList\",\"@id\":\"https:\/\/uniformesludo.cl\/index.php\/producto\/domo-rectangular\/#breadcrumb\",\"itemListElement\":[{\"@type\":\"ListItem\",\"position\":1,\"name\":\"Portada\",\"item\":\"https:\/\/uniformesludo.cl\/\"},{\"@type\":\"ListItem\",\"position\":2,\"name\":\"Tienda\",\"item\":\"https:\/\/uniformesludo.cl\/index.php\/tienda\/\"},{\"@type\":\"ListItem\",\"position\":3,\"name\":\"Domo Rectangular\"}]},{\"@type\":\"WebSite\",\"@id\":\"https:\/\/uniformesludo.cl\/#website\",\"url\":\"https:\/\/uniformesludo.cl\/\",\"name\":\"Uniformes Ludo\",\"description\":\"Es una de las empresas comercializadoras de Ropa de trabajo, confecci\u00f3n, productos de protecci\u00f3n, prevenci\u00f3n y seguridad una de las m\u00e1s importantes de nuestro pa\u00eds, reconocida a nivel Nacional, con numerosos clientes a lo largo de Chile que avalan su compromiso de calidad. De igual forma, existe una permanente preocupaci\u00f3n por mantener un servicio integral de excelencia que permita identificarnos como \u201cel mejor equipo, la mejor empresa e inversi\u00f3n\u201d.\",\"potentialAction\":[{\"@type\":\"SearchAction\",\"target\":{\"@type\":\"EntryPoint\",\"urlTemplate\":\"https:\/\/uniformesludo.cl\/?s={search_term_string}\"},\"query-input\":{\"@type\":\"PropertyValueSpecification\",\"valueRequired\":true,\"valueName\":\"search_term_string\"}}],\"inLanguage\":\"es\"}]}<\/script>\n<!-- \/ Yoast SEO plugin. -->","yoast_head_json":{"title":"Domo Rectangular - Uniformes Ludo","robots":{"index":"index","follow":"follow","max-snippet":"max-snippet:-1","max-image-preview":"max-image-preview:large","max-video-preview":"max-video-preview:-1"},"canonical":"https:\/\/uniformesludo.cl\/index.php\/producto\/domo-rectangular\/","og_locale":"es_ES","og_type":"article","og_title":"Domo Rectangular - Uniformes Ludo","og_description":"DOME RECTANGULAR  20 x 50 mm.\u00a0 \u00a0Venta por 12 Pcs.\u00a0 \u00a0C\u00f3digo: 591080121  20 x 60 mm.\u00a0 \u00a0Venta por 16 Pcs.\u00a0 \u00a0C\u00f3digo: 591080122  20 x 70 mm.\u00a0 \u00a0Venta por 16 Pcs.\u00a0 \u00a0C\u00f3digo: 591080123  25 x 60 mm.\u00a0 \u00a0Venta por 24 Pcs.\u00a0 \u00a0C\u00f3digo: 591080131  25 x 70 mm.\u00a0 \u00a0Venta por 16 Pcs.\u00a0 \u00a0C\u00f3digo: 591080132  25 x 75 mm.\u00a0 \u00a0Venta por 10 Pcs.\u00a0 \u00a0C\u00f3digo: 591080134  25 x 80 mm.\u00a0 \u00a0Venta por 16 Pcs.\u00a0 \u00a0C\u00f3digo: 591080133  &nbsp;","og_url":"https:\/\/uniformesludo.cl\/index.php\/producto\/domo-rectangular\/","og_site_name":"Uniformes Ludo","article_modified_time":"2024-09-05T17:17:20+00:00","og_image":[{"width":600,"height":600,"url":"https:\/\/uniformesludo.cl\/wp-content\/uploads\/2024\/09\/Domo-Rectangular.jpg","type":"image\/jpeg"}],"twitter_card":"summary_large_image","schema":{"@context":"https:\/\/schema.org","@graph":[{"@type":"WebPage","@id":"https:\/\/uniformesludo.cl\/index.php\/producto\/domo-rectangular\/","url":"https:\/\/uniformesludo.cl\/index.php\/producto\/domo-rectangular\/","name":"Domo Rectangular - Uniformes Ludo","isPartOf":{"@id":"https:\/\/uniformesludo.cl\/#website"},"primaryImageOfPage":{"@id":"https:\/\/uniformesludo.cl\/index.php\/producto\/domo-rectangular\/#primaryimage"},"image":{"@id":"https:\/\/uniformesludo.cl\/index.php\/producto\/domo-rectangular\/#primaryimage"},"thumbnailUrl":"https:\/\/uniformesludo.cl\/wp-content\/uploads\/2024\/09\/Domo-Rectangular.jpg","datePublished":"2024-09-04T16:18:48+00:00","dateModified":"2024-09-05T17:17:20+00:00","breadcrumb":{"@id":"https:\/\/uniformesludo.cl\/index.php\/producto\/domo-rectangular\/#breadcrumb"},"inLanguage":"es","potentialAction":[{"@type":"ReadAction","target":["https:\/\/uniformesludo.cl\/index.php\/producto\/domo-rectangular\/"]}]},{"@type":"ImageObject","inLanguage":"es","@id":"https:\/\/uniformesludo.cl\/index.php\/producto\/domo-rectangular\/#primaryimage","url":"https:\/\/uniformesludo.cl\/wp-content\/uploads\/2024\/09\/Domo-Rectangular.jpg","contentUrl":"https:\/\/uniformesludo.cl\/wp-content\/uploads\/2024\/09\/Domo-Rectangular.jpg","width":600,"height":600},{"@type":"BreadcrumbList","@id":"https:\/\/uniformesludo.cl\/index.php\/producto\/domo-rectangular\/#breadcrumb","itemListElement":[{"@type":"ListItem","position":1,"name":"Portada","item":"https:\/\/uniformesludo.cl\/"},{"@type":"ListItem","position":2,"name":"Tienda","item":"https:\/\/uniformesludo.cl\/index.php\/tienda\/"},{"@type":"ListItem","position":3,"name":"Domo Rectangular"}]},{"@type":"WebSite","@id":"https:\/\/uniformesludo.cl\/#website","url":"https:\/\/uniformesludo.cl\/","name":"Uniformes Ludo","description":"Es una de las empresas comercializadoras de Ropa de trabajo, confecci\u00f3n, productos de protecci\u00f3n, prevenci\u00f3n y seguridad una de las m\u00e1s importantes de nuestro pa\u00eds, reconocida a nivel Nacional, con numerosos clientes a lo largo de Chile que avalan su compromiso de calidad. De igual forma, existe una permanente preocupaci\u00f3n por mantener un servicio integral de excelencia que permita identificarnos como \u201cel mejor equipo, la mejor empresa e inversi\u00f3n\u201d.","potentialAction":[{"@type":"SearchAction","target":{"@type":"EntryPoint","urlTemplate":"https:\/\/uniformesludo.cl\/?s={search_term_string}"},"query-input":{"@type":"PropertyValueSpecification","valueRequired":true,"valueName":"search_term_string"}}],"inLanguage":"es"}]}},"_links":{"self":[{"href":"https:\/\/uniformesludo.cl\/index.php\/wp-json\/wp\/v2\/product\/10017385","targetHints":{"allow":["GET"]}}],"collection":[{"href":"https:\/\/uniformesludo.cl\/index.php\/wp-json\/wp\/v2\/product"}],"about":[{"href":"https:\/\/uniformesludo.cl\/index.php\/wp-json\/wp\/v2\/types\/product"}],"replies":[{"embeddable":true,"href":"https:\/\/uniformesludo.cl\/index.php\/wp-json\/wp\/v2\/comments?post=10017385"}],"wp:featuredmedia":[{"embeddable":true,"href":"https:\/\/uniformesludo.cl\/index.php\/wp-json\/wp\/v2\/media\/10017435"}],"wp:attachment":[{"href":"https:\/\/uniformesludo.cl\/index.php\/wp-json\/wp\/v2\/media?parent=10017385"}],"wp:term":[{"taxonomy":"product_brand","embeddable":true,"href":"https:\/\/uniformesludo.cl\/index.php\/wp-json\/wp\/v2\/product_brand?post=10017385"},{"taxonomy":"product_cat","embeddable":true,"href":"https:\/\/uniformesludo.cl\/index.php\/wp-json\/wp\/v2\/product_cat?post=10017385"},{"taxonomy":"product_tag","embeddable":true,"href":"https:\/\/uniformesludo.cl\/index.php\/wp-json\/wp\/v2\/product_tag?post=10017385"}],"curies":[{"name":"wp","href":"https:\/\/api.w.org\/{rel}","templated":true}]}}