{"id":10017334,"date":"2024-09-04T16:17:58","date_gmt":"2024-09-04T16:17:58","guid":{"rendered":"https:\/\/uniformesludo.cl\/?post_type=product&#038;p=10017334"},"modified":"2024-09-05T17:15:40","modified_gmt":"2024-09-05T17:15:40","slug":"placas-de-sublimacion","status":"publish","type":"product","link":"https:\/\/uniformesludo.cl\/index.php\/producto\/placas-de-sublimacion\/","title":{"rendered":"Placas de Sublimaci\u00f3n"},"content":{"rendered":"","protected":false},"excerpt":{"rendered":"<p>Sugerencia de sublimaci\u00f3n : 195\u00b0 Celsius con 90 Segundos.<\/p>\n<table style=\"height: 152px;\" width=\"373\">\n<tbody>\n<tr>\n<td width=\"102\">Tama\u00f1o<\/td>\n<td width=\"101\">C\u00f3digo Dorado<\/td>\n<td width=\"106\">C\u00f3digo Plateada<\/td>\n<td width=\"106\">C\u00f3digo Blanca<\/td>\n<\/tr>\n<tr>\n<td>160 x 110 mm.<\/td>\n<td>591095580<\/td>\n<td>591095583<\/td>\n<\/tr>\n<tr>\n<td>210 x 160 mm.<\/td>\n<td>591095581<\/td>\n<td>591095584<\/td>\n<\/tr>\n<tr>\n<td>240 x 180 mm.<\/td>\n<td>591095582<\/td>\n<td>591095585<\/td>\n<\/tr>\n<tr>\n<td>300 x 600 mm.<\/td>\n<td>591095578<\/td>\n<td>591095579<\/td>\n<td>591095508<\/td>\n<\/tr>\n<\/tbody>\n<\/table>\n<p>*Placas menores a 30&#215;60 venta en m\u00faltiplos de 10 unidades.<\/p>\n<p><img decoding=\"async\" src=\"https:\/\/imblasco.cl\/regalos\/wp-content\/uploads\/2019\/06\/sublimacion.png\" \/><\/p>\n","protected":false},"featured_media":10017379,"comment_status":"closed","ping_status":"closed","template":"","meta":[],"product_brand":[],"product_cat":[682,576,690,691,557],"product_tag":[],"class_list":{"0":"post-10017334","1":"product","2":"type-product","3":"status-publish","4":"has-post-thumbnail","6":"product_cat-insumos","7":"product_cat-novedades","8":"product_cat-novedades-trofeos-y-premios","9":"product_cat-placas","10":"product_cat-productos-para-sublimacion","12":"first","13":"instock","14":"shipping-taxable","15":"purchasable","16":"product-type-variable"},"aioseo_notices":[],"yoast_head":"<!-- This site is optimized with the Yoast SEO plugin v26.5 - https:\/\/yoast.com\/wordpress\/plugins\/seo\/ -->\n<title>Placas de Sublimaci\u00f3n - Uniformes Ludo<\/title>\n<meta name=\"robots\" content=\"index, follow, max-snippet:-1, max-image-preview:large, max-video-preview:-1\" \/>\n<link rel=\"canonical\" href=\"https:\/\/uniformesludo.cl\/index.php\/producto\/placas-de-sublimacion\/\" \/>\n<meta property=\"og:locale\" content=\"es_ES\" \/>\n<meta property=\"og:type\" content=\"article\" \/>\n<meta property=\"og:title\" content=\"Placas de Sublimaci\u00f3n - Uniformes Ludo\" \/>\n<meta property=\"og:description\" content=\"Sugerencia de sublimaci\u00f3n : 195\u00b0 Celsius con 90 Segundos.    Tama\u00f1o C\u00f3digo Dorado C\u00f3digo Plateada C\u00f3digo Blanca   160 x 110 mm. 591095580 591095583   210 x 160 mm. 591095581 591095584   240 x 180 mm. 591095582 591095585   300 x 600 mm. 591095578 591095579 591095508    *Placas menores a 30x60 venta en m\u00faltiplos de 10 unidades.\" \/>\n<meta property=\"og:url\" content=\"https:\/\/uniformesludo.cl\/index.php\/producto\/placas-de-sublimacion\/\" \/>\n<meta property=\"og:site_name\" content=\"Uniformes Ludo\" \/>\n<meta property=\"article:modified_time\" content=\"2024-09-05T17:15:40+00:00\" \/>\n<meta property=\"og:image\" content=\"https:\/\/uniformesludo.cl\/wp-content\/uploads\/2024\/09\/placa-sublimacion.jpg\" \/>\n\t<meta property=\"og:image:width\" content=\"1500\" \/>\n\t<meta property=\"og:image:height\" content=\"1500\" \/>\n\t<meta property=\"og:image:type\" content=\"image\/jpeg\" \/>\n<meta name=\"twitter:card\" content=\"summary_large_image\" \/>\n<script type=\"application\/ld+json\" class=\"yoast-schema-graph\">{\"@context\":\"https:\/\/schema.org\",\"@graph\":[{\"@type\":\"WebPage\",\"@id\":\"https:\/\/uniformesludo.cl\/index.php\/producto\/placas-de-sublimacion\/\",\"url\":\"https:\/\/uniformesludo.cl\/index.php\/producto\/placas-de-sublimacion\/\",\"name\":\"Placas de Sublimaci\u00f3n - Uniformes Ludo\",\"isPartOf\":{\"@id\":\"https:\/\/uniformesludo.cl\/#website\"},\"primaryImageOfPage\":{\"@id\":\"https:\/\/uniformesludo.cl\/index.php\/producto\/placas-de-sublimacion\/#primaryimage\"},\"image\":{\"@id\":\"https:\/\/uniformesludo.cl\/index.php\/producto\/placas-de-sublimacion\/#primaryimage\"},\"thumbnailUrl\":\"https:\/\/uniformesludo.cl\/wp-content\/uploads\/2024\/09\/placa-sublimacion.jpg\",\"datePublished\":\"2024-09-04T16:17:58+00:00\",\"dateModified\":\"2024-09-05T17:15:40+00:00\",\"breadcrumb\":{\"@id\":\"https:\/\/uniformesludo.cl\/index.php\/producto\/placas-de-sublimacion\/#breadcrumb\"},\"inLanguage\":\"es\",\"potentialAction\":[{\"@type\":\"ReadAction\",\"target\":[\"https:\/\/uniformesludo.cl\/index.php\/producto\/placas-de-sublimacion\/\"]}]},{\"@type\":\"ImageObject\",\"inLanguage\":\"es\",\"@id\":\"https:\/\/uniformesludo.cl\/index.php\/producto\/placas-de-sublimacion\/#primaryimage\",\"url\":\"https:\/\/uniformesludo.cl\/wp-content\/uploads\/2024\/09\/placa-sublimacion.jpg\",\"contentUrl\":\"https:\/\/uniformesludo.cl\/wp-content\/uploads\/2024\/09\/placa-sublimacion.jpg\",\"width\":1500,\"height\":1500},{\"@type\":\"BreadcrumbList\",\"@id\":\"https:\/\/uniformesludo.cl\/index.php\/producto\/placas-de-sublimacion\/#breadcrumb\",\"itemListElement\":[{\"@type\":\"ListItem\",\"position\":1,\"name\":\"Portada\",\"item\":\"https:\/\/uniformesludo.cl\/\"},{\"@type\":\"ListItem\",\"position\":2,\"name\":\"Tienda\",\"item\":\"https:\/\/uniformesludo.cl\/index.php\/tienda\/\"},{\"@type\":\"ListItem\",\"position\":3,\"name\":\"Placas de Sublimaci\u00f3n\"}]},{\"@type\":\"WebSite\",\"@id\":\"https:\/\/uniformesludo.cl\/#website\",\"url\":\"https:\/\/uniformesludo.cl\/\",\"name\":\"Uniformes Ludo\",\"description\":\"Es una de las empresas comercializadoras de Ropa de trabajo, confecci\u00f3n, productos de protecci\u00f3n, prevenci\u00f3n y seguridad una de las m\u00e1s importantes de nuestro pa\u00eds, reconocida a nivel Nacional, con numerosos clientes a lo largo de Chile que avalan su compromiso de calidad. De igual forma, existe una permanente preocupaci\u00f3n por mantener un servicio integral de excelencia que permita identificarnos como \u201cel mejor equipo, la mejor empresa e inversi\u00f3n\u201d.\",\"potentialAction\":[{\"@type\":\"SearchAction\",\"target\":{\"@type\":\"EntryPoint\",\"urlTemplate\":\"https:\/\/uniformesludo.cl\/?s={search_term_string}\"},\"query-input\":{\"@type\":\"PropertyValueSpecification\",\"valueRequired\":true,\"valueName\":\"search_term_string\"}}],\"inLanguage\":\"es\"}]}<\/script>\n<!-- \/ Yoast SEO plugin. -->","yoast_head_json":{"title":"Placas de Sublimaci\u00f3n - Uniformes Ludo","robots":{"index":"index","follow":"follow","max-snippet":"max-snippet:-1","max-image-preview":"max-image-preview:large","max-video-preview":"max-video-preview:-1"},"canonical":"https:\/\/uniformesludo.cl\/index.php\/producto\/placas-de-sublimacion\/","og_locale":"es_ES","og_type":"article","og_title":"Placas de Sublimaci\u00f3n - Uniformes Ludo","og_description":"Sugerencia de sublimaci\u00f3n : 195\u00b0 Celsius con 90 Segundos.    Tama\u00f1o C\u00f3digo Dorado C\u00f3digo Plateada C\u00f3digo Blanca   160 x 110 mm. 591095580 591095583   210 x 160 mm. 591095581 591095584   240 x 180 mm. 591095582 591095585   300 x 600 mm. 591095578 591095579 591095508    *Placas menores a 30x60 venta en m\u00faltiplos de 10 unidades.","og_url":"https:\/\/uniformesludo.cl\/index.php\/producto\/placas-de-sublimacion\/","og_site_name":"Uniformes Ludo","article_modified_time":"2024-09-05T17:15:40+00:00","og_image":[{"width":1500,"height":1500,"url":"https:\/\/uniformesludo.cl\/wp-content\/uploads\/2024\/09\/placa-sublimacion.jpg","type":"image\/jpeg"}],"twitter_card":"summary_large_image","schema":{"@context":"https:\/\/schema.org","@graph":[{"@type":"WebPage","@id":"https:\/\/uniformesludo.cl\/index.php\/producto\/placas-de-sublimacion\/","url":"https:\/\/uniformesludo.cl\/index.php\/producto\/placas-de-sublimacion\/","name":"Placas de Sublimaci\u00f3n - Uniformes Ludo","isPartOf":{"@id":"https:\/\/uniformesludo.cl\/#website"},"primaryImageOfPage":{"@id":"https:\/\/uniformesludo.cl\/index.php\/producto\/placas-de-sublimacion\/#primaryimage"},"image":{"@id":"https:\/\/uniformesludo.cl\/index.php\/producto\/placas-de-sublimacion\/#primaryimage"},"thumbnailUrl":"https:\/\/uniformesludo.cl\/wp-content\/uploads\/2024\/09\/placa-sublimacion.jpg","datePublished":"2024-09-04T16:17:58+00:00","dateModified":"2024-09-05T17:15:40+00:00","breadcrumb":{"@id":"https:\/\/uniformesludo.cl\/index.php\/producto\/placas-de-sublimacion\/#breadcrumb"},"inLanguage":"es","potentialAction":[{"@type":"ReadAction","target":["https:\/\/uniformesludo.cl\/index.php\/producto\/placas-de-sublimacion\/"]}]},{"@type":"ImageObject","inLanguage":"es","@id":"https:\/\/uniformesludo.cl\/index.php\/producto\/placas-de-sublimacion\/#primaryimage","url":"https:\/\/uniformesludo.cl\/wp-content\/uploads\/2024\/09\/placa-sublimacion.jpg","contentUrl":"https:\/\/uniformesludo.cl\/wp-content\/uploads\/2024\/09\/placa-sublimacion.jpg","width":1500,"height":1500},{"@type":"BreadcrumbList","@id":"https:\/\/uniformesludo.cl\/index.php\/producto\/placas-de-sublimacion\/#breadcrumb","itemListElement":[{"@type":"ListItem","position":1,"name":"Portada","item":"https:\/\/uniformesludo.cl\/"},{"@type":"ListItem","position":2,"name":"Tienda","item":"https:\/\/uniformesludo.cl\/index.php\/tienda\/"},{"@type":"ListItem","position":3,"name":"Placas de Sublimaci\u00f3n"}]},{"@type":"WebSite","@id":"https:\/\/uniformesludo.cl\/#website","url":"https:\/\/uniformesludo.cl\/","name":"Uniformes Ludo","description":"Es una de las empresas comercializadoras de Ropa de trabajo, confecci\u00f3n, productos de protecci\u00f3n, prevenci\u00f3n y seguridad una de las m\u00e1s importantes de nuestro pa\u00eds, reconocida a nivel Nacional, con numerosos clientes a lo largo de Chile que avalan su compromiso de calidad. De igual forma, existe una permanente preocupaci\u00f3n por mantener un servicio integral de excelencia que permita identificarnos como \u201cel mejor equipo, la mejor empresa e inversi\u00f3n\u201d.","potentialAction":[{"@type":"SearchAction","target":{"@type":"EntryPoint","urlTemplate":"https:\/\/uniformesludo.cl\/?s={search_term_string}"},"query-input":{"@type":"PropertyValueSpecification","valueRequired":true,"valueName":"search_term_string"}}],"inLanguage":"es"}]}},"_links":{"self":[{"href":"https:\/\/uniformesludo.cl\/index.php\/wp-json\/wp\/v2\/product\/10017334","targetHints":{"allow":["GET"]}}],"collection":[{"href":"https:\/\/uniformesludo.cl\/index.php\/wp-json\/wp\/v2\/product"}],"about":[{"href":"https:\/\/uniformesludo.cl\/index.php\/wp-json\/wp\/v2\/types\/product"}],"replies":[{"embeddable":true,"href":"https:\/\/uniformesludo.cl\/index.php\/wp-json\/wp\/v2\/comments?post=10017334"}],"wp:featuredmedia":[{"embeddable":true,"href":"https:\/\/uniformesludo.cl\/index.php\/wp-json\/wp\/v2\/media\/10017379"}],"wp:attachment":[{"href":"https:\/\/uniformesludo.cl\/index.php\/wp-json\/wp\/v2\/media?parent=10017334"}],"wp:term":[{"taxonomy":"product_brand","embeddable":true,"href":"https:\/\/uniformesludo.cl\/index.php\/wp-json\/wp\/v2\/product_brand?post=10017334"},{"taxonomy":"product_cat","embeddable":true,"href":"https:\/\/uniformesludo.cl\/index.php\/wp-json\/wp\/v2\/product_cat?post=10017334"},{"taxonomy":"product_tag","embeddable":true,"href":"https:\/\/uniformesludo.cl\/index.php\/wp-json\/wp\/v2\/product_tag?post=10017334"}],"curies":[{"name":"wp","href":"https:\/\/api.w.org\/{rel}","templated":true}]}}