{"id":10017305,"date":"2024-09-04T16:17:34","date_gmt":"2024-09-04T16:17:34","guid":{"rendered":"https:\/\/uniformesludo.cl\/?post_type=product&#038;p=10017305"},"modified":"2024-09-05T17:17:48","modified_gmt":"2024-09-05T17:17:48","slug":"placa-aluminio-dorada","status":"publish","type":"product","link":"https:\/\/uniformesludo.cl\/index.php\/producto\/placa-aluminio-dorada\/","title":{"rendered":"Placa Aluminio Dorada"},"content":{"rendered":"","protected":false},"excerpt":{"rendered":"<table style=\"height: 304px;\" width=\"344\">\n<tbody>\n<tr>\n<td width=\"63\"><strong>Modelo<\/strong><\/td>\n<td width=\"102\"><strong>Tama\u00f1o<\/strong><\/td>\n<td width=\"49\"><strong>Pak.<\/strong><\/td>\n<td width=\"80\"><strong>C\u00f3digo<\/strong><\/td>\n<\/tr>\n<tr>\n<td>50 x 25<\/td>\n<td>50 x 25 mm.<\/td>\n<td>50<\/td>\n<td>591080472<\/td>\n<\/tr>\n<tr>\n<td>62 x 25<\/td>\n<td>62 x 25 mm.<\/td>\n<td>50<\/td>\n<td>591080480<\/td>\n<\/tr>\n<tr>\n<td>65x 25<\/td>\n<td>65 x 25 mm.<\/td>\n<td>50<\/td>\n<td>591080473<\/td>\n<\/tr>\n<tr>\n<td>70 x 35<\/td>\n<td>70 x 35 mm.<\/td>\n<td>50<\/td>\n<td>591080474<\/td>\n<\/tr>\n<tr>\n<td>73 x 27<\/td>\n<td>73 x 27 mm.<\/td>\n<td>50<\/td>\n<td>591080490<\/td>\n<\/tr>\n<tr>\n<td>90 x 25<\/td>\n<td>90 x 25 mm.<\/td>\n<td>50<\/td>\n<td>591080476<\/td>\n<\/tr>\n<tr>\n<td>90 x 35<\/td>\n<td>90 x 35 mm.<\/td>\n<td>50<\/td>\n<td>591080477<\/td>\n<\/tr>\n<tr>\n<td>100 x 50<\/td>\n<td>100 x 50 mm.<\/td>\n<td>50<\/td>\n<td>591080466<\/td>\n<\/tr>\n<tr>\n<td>100 x 70<\/td>\n<td>100 x 70 mm.<\/td>\n<td>50<\/td>\n<td>591080470<\/td>\n<\/tr>\n<tr>\n<td>120 x 60<\/td>\n<td>120 x 60 mm.<\/td>\n<td>50<\/td>\n<td>591080467<\/td>\n<\/tr>\n<\/tbody>\n<\/table>\n<p>Dependiendo del tama\u00f1o, algunas placas son de tipo liso y otras con bisel. Consultar si necesita alguna en espec\u00edfico.<\/p>\n","protected":false},"featured_media":10017368,"comment_status":"closed","ping_status":"closed","template":"","meta":[],"product_brand":[],"product_cat":[682,691],"product_tag":[],"class_list":{"0":"post-10017305","1":"product","2":"type-product","3":"status-publish","4":"has-post-thumbnail","6":"product_cat-insumos","7":"product_cat-placas","9":"first","10":"instock","11":"shipping-taxable","12":"purchasable","13":"product-type-variable"},"aioseo_notices":[],"yoast_head":"<!-- This site is optimized with the Yoast SEO plugin v26.5 - https:\/\/yoast.com\/wordpress\/plugins\/seo\/ -->\n<title>Placa Aluminio Dorada - Uniformes Ludo<\/title>\n<meta name=\"robots\" content=\"index, follow, max-snippet:-1, max-image-preview:large, max-video-preview:-1\" \/>\n<link rel=\"canonical\" href=\"https:\/\/uniformesludo.cl\/index.php\/producto\/placa-aluminio-dorada\/\" \/>\n<meta property=\"og:locale\" content=\"es_ES\" \/>\n<meta property=\"og:type\" content=\"article\" \/>\n<meta property=\"og:title\" content=\"Placa Aluminio Dorada - Uniformes Ludo\" \/>\n<meta property=\"og:description\" content=\"Modelo Tama\u00f1o Pak. C\u00f3digo   50 x 25 50 x 25 mm. 50 591080472   62 x 25 62 x 25 mm. 50 591080480   65x 25 65 x 25 mm. 50 591080473   70 x 35 70 x 35 mm. 50 591080474   73 x 27 73 x 27 mm. 50 591080490   90 x 25 90 x 25 mm. 50 591080476   90 x 35 90 x 35 mm. 50 591080477   100 x 50 100 x 50 mm. 50 591080466   100 x 70 100 x 70 mm. 50 591080470   120 x 60 120 x 60 mm. 50 591080467    Dependiendo del tama\u00f1o, algunas placas son de tipo liso y otras con bisel. Consultar si necesita alguna en espec\u00edfico.\" \/>\n<meta property=\"og:url\" content=\"https:\/\/uniformesludo.cl\/index.php\/producto\/placa-aluminio-dorada\/\" \/>\n<meta property=\"og:site_name\" content=\"Uniformes Ludo\" \/>\n<meta property=\"article:modified_time\" content=\"2024-09-05T17:17:48+00:00\" \/>\n<meta property=\"og:image\" content=\"https:\/\/uniformesludo.cl\/wp-content\/uploads\/2024\/09\/00_0006_placa.jpg\" \/>\n\t<meta property=\"og:image:width\" content=\"600\" \/>\n\t<meta property=\"og:image:height\" content=\"600\" \/>\n\t<meta property=\"og:image:type\" content=\"image\/jpeg\" \/>\n<meta name=\"twitter:card\" content=\"summary_large_image\" \/>\n<script type=\"application\/ld+json\" class=\"yoast-schema-graph\">{\"@context\":\"https:\/\/schema.org\",\"@graph\":[{\"@type\":\"WebPage\",\"@id\":\"https:\/\/uniformesludo.cl\/index.php\/producto\/placa-aluminio-dorada\/\",\"url\":\"https:\/\/uniformesludo.cl\/index.php\/producto\/placa-aluminio-dorada\/\",\"name\":\"Placa Aluminio Dorada - Uniformes Ludo\",\"isPartOf\":{\"@id\":\"https:\/\/uniformesludo.cl\/#website\"},\"primaryImageOfPage\":{\"@id\":\"https:\/\/uniformesludo.cl\/index.php\/producto\/placa-aluminio-dorada\/#primaryimage\"},\"image\":{\"@id\":\"https:\/\/uniformesludo.cl\/index.php\/producto\/placa-aluminio-dorada\/#primaryimage\"},\"thumbnailUrl\":\"https:\/\/uniformesludo.cl\/wp-content\/uploads\/2024\/09\/00_0006_placa.jpg\",\"datePublished\":\"2024-09-04T16:17:34+00:00\",\"dateModified\":\"2024-09-05T17:17:48+00:00\",\"breadcrumb\":{\"@id\":\"https:\/\/uniformesludo.cl\/index.php\/producto\/placa-aluminio-dorada\/#breadcrumb\"},\"inLanguage\":\"es\",\"potentialAction\":[{\"@type\":\"ReadAction\",\"target\":[\"https:\/\/uniformesludo.cl\/index.php\/producto\/placa-aluminio-dorada\/\"]}]},{\"@type\":\"ImageObject\",\"inLanguage\":\"es\",\"@id\":\"https:\/\/uniformesludo.cl\/index.php\/producto\/placa-aluminio-dorada\/#primaryimage\",\"url\":\"https:\/\/uniformesludo.cl\/wp-content\/uploads\/2024\/09\/00_0006_placa.jpg\",\"contentUrl\":\"https:\/\/uniformesludo.cl\/wp-content\/uploads\/2024\/09\/00_0006_placa.jpg\",\"width\":600,\"height\":600},{\"@type\":\"BreadcrumbList\",\"@id\":\"https:\/\/uniformesludo.cl\/index.php\/producto\/placa-aluminio-dorada\/#breadcrumb\",\"itemListElement\":[{\"@type\":\"ListItem\",\"position\":1,\"name\":\"Portada\",\"item\":\"https:\/\/uniformesludo.cl\/\"},{\"@type\":\"ListItem\",\"position\":2,\"name\":\"Tienda\",\"item\":\"https:\/\/uniformesludo.cl\/index.php\/tienda\/\"},{\"@type\":\"ListItem\",\"position\":3,\"name\":\"Placa Aluminio Dorada\"}]},{\"@type\":\"WebSite\",\"@id\":\"https:\/\/uniformesludo.cl\/#website\",\"url\":\"https:\/\/uniformesludo.cl\/\",\"name\":\"Uniformes Ludo\",\"description\":\"Es una de las empresas comercializadoras de Ropa de trabajo, confecci\u00f3n, productos de protecci\u00f3n, prevenci\u00f3n y seguridad una de las m\u00e1s importantes de nuestro pa\u00eds, reconocida a nivel Nacional, con numerosos clientes a lo largo de Chile que avalan su compromiso de calidad. De igual forma, existe una permanente preocupaci\u00f3n por mantener un servicio integral de excelencia que permita identificarnos como \u201cel mejor equipo, la mejor empresa e inversi\u00f3n\u201d.\",\"potentialAction\":[{\"@type\":\"SearchAction\",\"target\":{\"@type\":\"EntryPoint\",\"urlTemplate\":\"https:\/\/uniformesludo.cl\/?s={search_term_string}\"},\"query-input\":{\"@type\":\"PropertyValueSpecification\",\"valueRequired\":true,\"valueName\":\"search_term_string\"}}],\"inLanguage\":\"es\"}]}<\/script>\n<!-- \/ Yoast SEO plugin. -->","yoast_head_json":{"title":"Placa Aluminio Dorada - Uniformes Ludo","robots":{"index":"index","follow":"follow","max-snippet":"max-snippet:-1","max-image-preview":"max-image-preview:large","max-video-preview":"max-video-preview:-1"},"canonical":"https:\/\/uniformesludo.cl\/index.php\/producto\/placa-aluminio-dorada\/","og_locale":"es_ES","og_type":"article","og_title":"Placa Aluminio Dorada - Uniformes Ludo","og_description":"Modelo Tama\u00f1o Pak. C\u00f3digo   50 x 25 50 x 25 mm. 50 591080472   62 x 25 62 x 25 mm. 50 591080480   65x 25 65 x 25 mm. 50 591080473   70 x 35 70 x 35 mm. 50 591080474   73 x 27 73 x 27 mm. 50 591080490   90 x 25 90 x 25 mm. 50 591080476   90 x 35 90 x 35 mm. 50 591080477   100 x 50 100 x 50 mm. 50 591080466   100 x 70 100 x 70 mm. 50 591080470   120 x 60 120 x 60 mm. 50 591080467    Dependiendo del tama\u00f1o, algunas placas son de tipo liso y otras con bisel. Consultar si necesita alguna en espec\u00edfico.","og_url":"https:\/\/uniformesludo.cl\/index.php\/producto\/placa-aluminio-dorada\/","og_site_name":"Uniformes Ludo","article_modified_time":"2024-09-05T17:17:48+00:00","og_image":[{"width":600,"height":600,"url":"https:\/\/uniformesludo.cl\/wp-content\/uploads\/2024\/09\/00_0006_placa.jpg","type":"image\/jpeg"}],"twitter_card":"summary_large_image","schema":{"@context":"https:\/\/schema.org","@graph":[{"@type":"WebPage","@id":"https:\/\/uniformesludo.cl\/index.php\/producto\/placa-aluminio-dorada\/","url":"https:\/\/uniformesludo.cl\/index.php\/producto\/placa-aluminio-dorada\/","name":"Placa Aluminio Dorada - Uniformes Ludo","isPartOf":{"@id":"https:\/\/uniformesludo.cl\/#website"},"primaryImageOfPage":{"@id":"https:\/\/uniformesludo.cl\/index.php\/producto\/placa-aluminio-dorada\/#primaryimage"},"image":{"@id":"https:\/\/uniformesludo.cl\/index.php\/producto\/placa-aluminio-dorada\/#primaryimage"},"thumbnailUrl":"https:\/\/uniformesludo.cl\/wp-content\/uploads\/2024\/09\/00_0006_placa.jpg","datePublished":"2024-09-04T16:17:34+00:00","dateModified":"2024-09-05T17:17:48+00:00","breadcrumb":{"@id":"https:\/\/uniformesludo.cl\/index.php\/producto\/placa-aluminio-dorada\/#breadcrumb"},"inLanguage":"es","potentialAction":[{"@type":"ReadAction","target":["https:\/\/uniformesludo.cl\/index.php\/producto\/placa-aluminio-dorada\/"]}]},{"@type":"ImageObject","inLanguage":"es","@id":"https:\/\/uniformesludo.cl\/index.php\/producto\/placa-aluminio-dorada\/#primaryimage","url":"https:\/\/uniformesludo.cl\/wp-content\/uploads\/2024\/09\/00_0006_placa.jpg","contentUrl":"https:\/\/uniformesludo.cl\/wp-content\/uploads\/2024\/09\/00_0006_placa.jpg","width":600,"height":600},{"@type":"BreadcrumbList","@id":"https:\/\/uniformesludo.cl\/index.php\/producto\/placa-aluminio-dorada\/#breadcrumb","itemListElement":[{"@type":"ListItem","position":1,"name":"Portada","item":"https:\/\/uniformesludo.cl\/"},{"@type":"ListItem","position":2,"name":"Tienda","item":"https:\/\/uniformesludo.cl\/index.php\/tienda\/"},{"@type":"ListItem","position":3,"name":"Placa Aluminio Dorada"}]},{"@type":"WebSite","@id":"https:\/\/uniformesludo.cl\/#website","url":"https:\/\/uniformesludo.cl\/","name":"Uniformes Ludo","description":"Es una de las empresas comercializadoras de Ropa de trabajo, confecci\u00f3n, productos de protecci\u00f3n, prevenci\u00f3n y seguridad una de las m\u00e1s importantes de nuestro pa\u00eds, reconocida a nivel Nacional, con numerosos clientes a lo largo de Chile que avalan su compromiso de calidad. De igual forma, existe una permanente preocupaci\u00f3n por mantener un servicio integral de excelencia que permita identificarnos como \u201cel mejor equipo, la mejor empresa e inversi\u00f3n\u201d.","potentialAction":[{"@type":"SearchAction","target":{"@type":"EntryPoint","urlTemplate":"https:\/\/uniformesludo.cl\/?s={search_term_string}"},"query-input":{"@type":"PropertyValueSpecification","valueRequired":true,"valueName":"search_term_string"}}],"inLanguage":"es"}]}},"_links":{"self":[{"href":"https:\/\/uniformesludo.cl\/index.php\/wp-json\/wp\/v2\/product\/10017305","targetHints":{"allow":["GET"]}}],"collection":[{"href":"https:\/\/uniformesludo.cl\/index.php\/wp-json\/wp\/v2\/product"}],"about":[{"href":"https:\/\/uniformesludo.cl\/index.php\/wp-json\/wp\/v2\/types\/product"}],"replies":[{"embeddable":true,"href":"https:\/\/uniformesludo.cl\/index.php\/wp-json\/wp\/v2\/comments?post=10017305"}],"wp:featuredmedia":[{"embeddable":true,"href":"https:\/\/uniformesludo.cl\/index.php\/wp-json\/wp\/v2\/media\/10017368"}],"wp:attachment":[{"href":"https:\/\/uniformesludo.cl\/index.php\/wp-json\/wp\/v2\/media?parent=10017305"}],"wp:term":[{"taxonomy":"product_brand","embeddable":true,"href":"https:\/\/uniformesludo.cl\/index.php\/wp-json\/wp\/v2\/product_brand?post=10017305"},{"taxonomy":"product_cat","embeddable":true,"href":"https:\/\/uniformesludo.cl\/index.php\/wp-json\/wp\/v2\/product_cat?post=10017305"},{"taxonomy":"product_tag","embeddable":true,"href":"https:\/\/uniformesludo.cl\/index.php\/wp-json\/wp\/v2\/product_tag?post=10017305"}],"curies":[{"name":"wp","href":"https:\/\/api.w.org\/{rel}","templated":true}]}}